  {"id":6698,"date":"2016-08-02T19:58:14","date_gmt":"2016-08-02T19:58:14","guid":{"rendered":"https:\/\/www.un.org\/unispal\/?page_id=6698"},"modified":"2021-05-25T14:26:15","modified_gmt":"2021-05-25T18:26:15","slug":"international-conferences","status":"publish","type":"page","link":"https:\/\/www.un.org\/unispal\/fr\/events\/international-conferences\/","title":{"rendered":"Conf\u00e9rences internationales"},"content":{"rendered":"<div class=\"fusion-fullwidth fullwidth-box fusion-builder-row-1 fusion-flex-container hundred-percent-fullwidth non-hundred-percent-height-scrolling\" style=\"--awb-border-radius-top-left:0px;--awb-border-radius-top-right:0px;--awb-border-radius-bottom-right:0px;--awb-border-radius-bottom-left:0px;--awb-overflow:visible;--awb-flex-wrap:wrap;\" ><div class=\"fusion-builder-row fusion-row fusion-flex-align-items-flex-start fusion-flex-content-wrap\" style=\"width:104% !important;max-width:104% !important;margin-left: calc(-4% \/ 2 );margin-right: calc(-4% \/ 2 );\"><div class=\"fusion-layout-column fusion_builder_column fusion-builder-column-0 fusion_builder_column_1_1 1_1 fusion-flex-column fusion-flex-align-self-flex-start fusion-column-no-min-height\" style=\"--awb-bg-size:cover;--awb-width-large:100%;--awb-margin-top-large:0px;--awb-spacing-right-large:1.92%;--awb-margin-bottom-large:0px;--awb-spacing-left-large:1.92%;--awb-width-medium:100%;--awb-spacing-right-medium:1.92%;--awb-spacing-left-medium:1.92%;--awb-width-small:100%;--awb-spacing-right-small:1.92%;--awb-spacing-left-small:1.92%;\"><div class=\"fusion-column-wrapper fusion-flex-justify-content-flex-start fusion-content-layout-column\"><div class=\"fusion-text fusion-text-1\"><p>Avec le concours de la Division des droits des Palestiniens, le Comit\u00e9 pour l&rsquo;exercice des droits inali\u00e9nables du peuple palestinien organise des conf\u00e9rences et r\u00e9unions internationales dans diff\u00e9rentes r\u00e9gions et encourage tous les secteurs de la communaut\u00e9 internationale \u00e0 y participer. Ces manifestations sont organis\u00e9es en vue de favoriser une analyse et des d\u00e9bats constructifs concernant les divers aspects de la question de Palestine et de mobiliser, \u00e0 l\u2019\u00e9chelon international, une aide et un appui en faveur du peuple palestinien.<\/p>\n<p>Ces derni\u00e8res ann\u00e9es, on s\u2019est particuli\u00e8rement attach\u00e9, dans le cadre du programme des conf\u00e9rences et r\u00e9unions internationales, \u00e0 encourager le peuple palestinien \u00e0 exercer ses droits inali\u00e9nables, \u00e0 fournir un appui au processus politique et \u00e0 promouvoir une action internationale en faveur d&rsquo;un r\u00e8glement pacifique du conflit.<\/p>\n<p>Depuis 1993, le Comit\u00e9 tient chaque ann\u00e9e, en Europe ou au Moyen-Orient, un s\u00e9minaire sur l&rsquo;assistance au peuple palestinien, dont l&rsquo;objectif est d&rsquo;examiner les diff\u00e9rents aspects de la situation socio\u00e9conomique et humanitaire dans le Territoire palestinien occup\u00e9, y compris J\u00e9rusalem-Est, et d&rsquo;encourager la communaut\u00e9 internationale \u00e0 soutenir largement l&rsquo;\u00e9conomie et le d\u00e9veloppement palestiniens.<\/p>\n<p>Pour de plus amples renseignements sur les diverses manifestations organis\u00e9es par le Comit\u00e9, veuillez consulter la page suivante (en anglais):<\/p>\n<p><a href=\"https:\/\/www.un.org\/unispal\/events\/international-conferences\/\">https:\/\/www.un.org\/unispal\/events\/international-conferences\/<\/a><\/p>\n<\/div><\/div><\/div><div class=\"fusion-layout-column fusion_builder_column fusion-builder-column-1 fusion_builder_column_1_1 1_1 fusion-flex-column fusion-flex-align-self-flex-start fusion-column-no-min-height\" style=\"--awb-bg-size:cover;--awb-width-large:100%;--awb-margin-top-large:0px;--awb-spacing-right-large:1.92%;--awb-margin-bottom-large:0px;--awb-spacing-left-large:1.92%;--awb-width-medium:100%;--awb-spacing-right-medium:1.92%;--awb-spacing-left-medium:1.92%;--awb-width-small:100%;--awb-spacing-right-small:1.92%;--awb-spacing-left-small:1.92%;\"><div class=\"fusion-column-wrapper fusion-flex-justify-content-flex-start fusion-content-layout-column\"><\/div><\/div><div class=\"fusion-layout-column fusion_builder_column fusion-builder-column-2 fusion_builder_column_1_1 1_1 fusion-flex-column fusion-flex-align-self-flex-start fusion-column-no-min-height\" style=\"--awb-bg-size:cover;--awb-width-large:100%;--awb-margin-top-large:0px;--awb-spacing-right-large:1.92%;--awb-margin-bottom-large:0px;--awb-spacing-left-large:1.92%;--awb-width-medium:100%;--awb-spacing-right-medium:1.92%;--awb-spacing-left-medium:1.92%;--awb-width-small:100%;--awb-spacing-right-small:1.92%;--awb-spacing-left-small:1.92%;\"><div class=\"fusion-column-wrapper fusion-flex-justify-content-flex-start fusion-content-layout-column\"><\/div><\/div><\/div><\/div>\n","protected":false},"excerpt":{"rendered":"","protected":false},"author":3,"featured_media":0,"parent":171,"menu_order":0,"comment_status":"closed","ping_status":"closed","template":"","meta":{"footnotes":""},"class_list":["post-6698","page","type-page","status-publish","hentry"],"_links":{"self":[{"href":"https:\/\/www.un.org\/unispal\/fr\/wp-json\/wp\/v2\/pages\/6698","targetHints":{"allow":["GET"]}}],"collection":[{"href":"https:\/\/www.un.org\/unispal\/fr\/wp-json\/wp\/v2\/pages"}],"about":[{"href":"https:\/\/www.un.org\/unispal\/fr\/wp-json\/wp\/v2\/types\/page"}],"author":[{"embeddable":true,"href":"https:\/\/www.un.org\/unispal\/fr\/wp-json\/wp\/v2\/users\/3"}],"replies":[{"embeddable":true,"href":"https:\/\/www.un.org\/unispal\/fr\/wp-json\/wp\/v2\/comments?post=6698"}],"version-history":[{"count":0,"href":"https:\/\/www.un.org\/unispal\/fr\/wp-json\/wp\/v2\/pages\/6698\/revisions"}],"up":[{"embeddable":true,"href":"https:\/\/www.un.org\/unispal\/fr\/wp-json\/wp\/v2\/pages\/171"}],"wp:attachment":[{"href":"https:\/\/www.un.org\/unispal\/fr\/wp-json\/wp\/v2\/media?parent=6698"}],"curies":[{"name":"wp","href":"https:\/\/api.w.org\/{rel}","templated":true}]}}