  {"id":6572,"date":"2016-08-01T20:06:14","date_gmt":"2016-08-01T20:06:14","guid":{"rendered":"https:\/\/www.un.org\/unispal\/?page_id=6572"},"modified":"2021-06-15T13:06:06","modified_gmt":"2021-06-15T17:06:06","slug":"the-quartet","status":"publish","type":"page","link":"https:\/\/www.un.org\/unispal\/fr\/un-system\/un-system-partners\/the-quartet\/","title":{"rendered":"Le Quatuor"},"content":{"rendered":"<div class=\"fusion-fullwidth fullwidth-box fusion-builder-row-1 fusion-flex-container nonhundred-percent-fullwidth non-hundred-percent-height-scrolling\" style=\"--awb-border-radius-top-left:0px;--awb-border-radius-top-right:0px;--awb-border-radius-bottom-right:0px;--awb-border-radius-bottom-left:0px;--awb-flex-wrap:wrap;\" ><div class=\"fusion-builder-row fusion-row fusion-flex-align-items-flex-start fusion-flex-content-wrap\" style=\"max-width:1372.8px;margin-left: calc(-4% \/ 2 );margin-right: calc(-4% \/ 2 );\"><div class=\"fusion-layout-column fusion_builder_column fusion-builder-column-0 fusion_builder_column_1_1 1_1 fusion-flex-column\" style=\"--awb-bg-size:cover;--awb-width-large:100%;--awb-margin-top-large:0px;--awb-spacing-right-large:1.92%;--awb-margin-bottom-large:0px;--awb-spacing-left-large:1.92%;--awb-width-medium:100%;--awb-spacing-right-medium:1.92%;--awb-spacing-left-medium:1.92%;--awb-width-small:100%;--awb-spacing-right-small:1.92%;--awb-spacing-left-small:1.92%;\"><div class=\"fusion-column-wrapper fusion-flex-justify-content-flex-start fusion-content-layout-column\"><div class=\"fusion-text fusion-text-1\"><p>Le <a href=\"http:\/\/www.quartetoffice.org\/index.php\">Quatuor<\/a>, compos\u00e9 de l&rsquo;Union europ\u00e9enne, de la F\u00e9d\u00e9ration de Russie, des \u00c9tats-Unis et de l&rsquo;Organisation des Nations Unies, a \u00e9t\u00e9 cr\u00e9\u00e9 en 2002 pour faciliter les n\u00e9gociations relatives au processus de paix au Moyen-Orient. Les efforts d\u00e9ploy\u00e9s par le Quatuor ont \u00e9t\u00e9 salu\u00e9s dans la <a href=\"http:\/\/undocs.org\/fr\/S\/RES\/1397(2002)\">r\u00e9solution 1397 (2002)<\/a> du Conseil de s\u00e9curit\u00e9 \u00e0 la suite de la deuxi\u00e8me Intifada. Les repr\u00e9sentants du Quatuor, \u00e0 savoir le Haut Repr\u00e9sentant de l\u2019Union europ\u00e9enne pour la politique \u00e9trang\u00e8re et de s\u00e9curit\u00e9 commune, le Ministre russe des affaires \u00e9trang\u00e8res, le Secr\u00e9taire g\u00e9n\u00e9ral de l&rsquo;ONU, et le Secr\u00e9taire d&rsquo;\u00c9tat des \u00c9tats-Unis se sont r\u00e9unis 54 fois depuis 2002 en application de la <a href=\"https:\/\/undocs.org\/fr\/S\/2003\/529\">feuille de route<\/a> ax\u00e9e sur les r\u00e9sultats en vue d&rsquo;un r\u00e8glement permanent pr\u00e9voyant deux \u00c9tats. La feuille de route, approuv\u00e9e par la <a href=\"http:\/\/undocs.org\/fr\/S\/RES\/1515(2003)\">r\u00e9solution 1515 (2003)<\/a> du Conseil de s\u00e9curit\u00e9, pr\u00f4nait une strat\u00e9gie ax\u00e9e sur des r\u00e9sultats, compos\u00e9e de trois phases, afin de faire progresser le processus de paix vers un r\u00e8glement d\u00e9finitif du conflit. Dans ses efforts pour faire avancer le processus de paix, le Quatuor est guid\u00e9 par trois <a href=\"https:\/\/unispal.un.org\/UNISPAL.NSF\/0\/354568CCE5E38E5585257106007A0834\">principes<\/a> fondamentaux :, la non-violence, la reconnaissance d&rsquo;Isra\u00ebl et le respect des accords pr\u00e9c\u00e9demment conclus. Son premier <a href=\"https:\/\/undocs.org\/fr\/S\/2016\/595\">rapport<\/a>, qui est consacr\u00e9 aux principales menaces au processus de paix et contient des recommandations visant \u00e0 promouvoir la solution des deux \u00c9tats, a \u00e9t\u00e9 publi\u00e9 en juillet 2016.<\/p>\n<\/div><\/div><\/div><\/div><\/div>\n","protected":false},"excerpt":{"rendered":"","protected":false},"author":3,"featured_media":0,"parent":6527,"menu_order":0,"comment_status":"closed","ping_status":"closed","template":"","meta":{"footnotes":""},"class_list":["post-6572","page","type-page","status-publish","hentry"],"_links":{"self":[{"href":"https:\/\/www.un.org\/unispal\/fr\/wp-json\/wp\/v2\/pages\/6572","targetHints":{"allow":["GET"]}}],"collection":[{"href":"https:\/\/www.un.org\/unispal\/fr\/wp-json\/wp\/v2\/pages"}],"about":[{"href":"https:\/\/www.un.org\/unispal\/fr\/wp-json\/wp\/v2\/types\/page"}],"author":[{"embeddable":true,"href":"https:\/\/www.un.org\/unispal\/fr\/wp-json\/wp\/v2\/users\/3"}],"replies":[{"embeddable":true,"href":"https:\/\/www.un.org\/unispal\/fr\/wp-json\/wp\/v2\/comments?post=6572"}],"version-history":[{"count":0,"href":"https:\/\/www.un.org\/unispal\/fr\/wp-json\/wp\/v2\/pages\/6572\/revisions"}],"up":[{"embeddable":true,"href":"https:\/\/www.un.org\/unispal\/fr\/wp-json\/wp\/v2\/pages\/6527"}],"wp:attachment":[{"href":"https:\/\/www.un.org\/unispal\/fr\/wp-json\/wp\/v2\/media?parent=6572"}],"curies":[{"name":"wp","href":"https:\/\/api.w.org\/{rel}","templated":true}]}}