  {"id":6368,"date":"2016-07-19T15:03:24","date_gmt":"2016-07-19T15:03:24","guid":{"rendered":"https:\/\/www.un.org\/unispal\/?page_id=6368"},"modified":"2021-05-03T11:21:43","modified_gmt":"2021-05-03T15:21:43","slug":"cspartner-accreditation-form","status":"publish","type":"page","link":"https:\/\/www.un.org\/unispal\/fr\/data-collection\/civil-society\/cspartner-accreditation-form\/","title":{"rendered":"Obtenir l&rsquo;accr\u00e9ditation"},"content":{"rendered":"<div class=\"fusion-fullwidth fullwidth-box fusion-builder-row-1 fusion-flex-container nonhundred-percent-fullwidth non-hundred-percent-height-scrolling\" style=\"--awb-background-position:left top;--awb-border-sizes-top:0px;--awb-border-sizes-bottom:0px;--awb-border-sizes-left:0px;--awb-border-sizes-right:0px;--awb-border-radius-top-left:0px;--awb-border-radius-top-right:0px;--awb-border-radius-bottom-right:0px;--awb-border-radius-bottom-left:0px;--awb-padding-top:20px;--awb-padding-bottom:20px;--awb-flex-wrap:wrap;\" ><div class=\"fusion-builder-row fusion-row fusion-flex-align-items-flex-start fusion-flex-content-wrap\" style=\"max-width:1372.8px;margin-left: calc(-4% \/ 2 );margin-right: calc(-4% \/ 2 );\"><div class=\"fusion-layout-column fusion_builder_column fusion-builder-column-0 fusion_builder_column_2_3 2_3 fusion-flex-column\" style=\"--awb-bg-size:cover;--awb-width-large:66.666666666667%;--awb-margin-top-large:0px;--awb-spacing-right-large:3.84%;--awb-margin-bottom-large:20px;--awb-spacing-left-large:2.88%;--awb-width-medium:66.666666666667%;--awb-spacing-right-medium:3.84%;--awb-spacing-left-medium:2.88%;--awb-width-small:100%;--awb-spacing-right-small:1.92%;--awb-spacing-left-small:1.92%;\"><div class=\"fusion-column-wrapper fusion-flex-justify-content-flex-start fusion-content-layout-column\"><div class=\"fusion-text fusion-text-1\"><p>Toute organisation de la soci\u00e9t\u00e9 civile souhaitant participer aux activit\u00e9s et r\u00e9unions organis\u00e9es sous l&rsquo;\u00e9gide du Comit\u00e9 pour l&rsquo;exercice des droits inali\u00e9nables du peuple palestinien doit :<\/p>\n<ul>\n<li>\u00catre reconnue comme organisation locale, nationale ou internationale sans but lucratif ;<\/li>\n<li>Souscrire \u00e0 la <a href=\"http:\/\/www.un.org\/fr\/charter-united-nations\/\">Charte des Nations Unies<\/a> et aux principes du droit international, et appuyer la r\u00e9alisation des droits inali\u00e9nables du peuple palestinien, en particulier son droit \u00e0 l\u2019autod\u00e9termination ;<\/li>\n<li>D\u00e9montrer qu\u2019elle applique des programmes concrets ou entend s\u00e9rieusement appliquer de tels programmes \u00e0 l\u2019appui de la r\u00e9alisation des droits inali\u00e9nables du peuple palestinien.<\/li>\n<li>Les organisations non gouvernementales (ONG) qui ne sont pas habilit\u00e9es \u00e0 d\u00e9fendre une cause mais dont les travaux rev\u00eatent un caract\u00e8re humanitaire et comprennent des programmes de d\u00e9veloppement en faveur du peuple palestinien, sont les bienvenues.<\/li>\n<\/ul>\n<p>Les ONG qui, pour une raison ou une autre, estiment qu&rsquo;elles ne peuvent r\u00e9pondre aux crit\u00e8res d&rsquo;accr\u00e9ditation susmentionn\u00e9s mais s&rsquo;int\u00e9ressent \u00e0 la question de Palestine peuvent demander \u00e0 recevoir la lettre l&rsquo;information de la Division des droits des Palestiniens et \u00e0 assister aux r\u00e9unions des ONG en qualit\u00e9 d&rsquo;observateur.<\/p>\n<p>Les organisations qui souhaitent demander leur accr\u00e9ditation sont invit\u00e9es \u00e0 remplir et \u00e0 retourner <a href=\"https:\/\/www.un.org\/unispal\/ngo-accreditation-form\/\">le formulaire<\/a> ci-apr\u00e8s.<\/p>\n<p>N&rsquo;h\u00e9sitez pas \u00e0 nous contacter par <a href=\"https:\/\/www.un.org\/unispal\/contact-us\/\">courriel<\/a> pour tout compl\u00e9ment d&rsquo;information.<\/p>\n<\/div><\/div><\/div><div class=\"fusion-layout-column fusion_builder_column fusion-builder-column-1 fusion_builder_column_1_3 1_3 fusion-flex-column\" style=\"--awb-bg-size:cover;--awb-width-large:33.333333333333%;--awb-margin-top-large:0px;--awb-spacing-right-large:5.76%;--awb-margin-bottom-large:20px;--awb-spacing-left-large:3.84%;--awb-width-medium:33.333333333333%;--awb-spacing-right-medium:5.76%;--awb-spacing-left-medium:3.84%;--awb-width-small:100%;--awb-spacing-right-small:1.92%;--awb-spacing-left-small:1.92%;\"><div class=\"fusion-column-wrapper fusion-flex-justify-content-flex-start fusion-content-layout-column\"><div class=\"fusion-widget-area awb-widget-area-element fusion-widget-area-1 fusion-content-widget-area\" style=\"--awb-title-size:13px;--awb-title-color:#333333;--awb-padding:0px 0px 0px 0px;\"><div id=\"wp_views-2\" class=\"widget widget_wp_views\">\n\n\n<div id=\"wpv-view-layout-9905-TCPID6368\" class=\"js-wpv-view-layout js-wpv-layout-responsive js-wpv-view-layout-9905-TCPID6368\" data-viewnumber=\"9905-TCPID6368\" data-pagination=\"{&quot;id&quot;:&quot;9905&quot;,&quot;query&quot;:&quot;normal&quot;,&quot;type&quot;:&quot;disabled&quot;,&quot;effect&quot;:&quot;fade&quot;,&quot;duration&quot;:500,&quot;speed&quot;:5,&quot;pause_on_hover&quot;:&quot;disabled&quot;,&quot;stop_rollover&quot;:&quot;false&quot;,&quot;cache_pages&quot;:&quot;enabled&quot;,&quot;preload_images&quot;:&quot;enabled&quot;,&quot;preload_pages&quot;:&quot;enabled&quot;,&quot;preload_reach&quot;:1,&quot;spinner&quot;:&quot;builtin&quot;,&quot;spinner_image&quot;:&quot;https:\/\/www.un.org\/unispal\/fr\/wp-content\/plugins\/wp-views\/embedded\/res\/img\/ajax-loader.gif&quot;,&quot;callback_next&quot;:&quot;&quot;,&quot;manage_history&quot;:&quot;enabled&quot;,&quot;has_controls_in_form&quot;:&quot;disabled&quot;,&quot;infinite_tolerance&quot;:0,&quot;max_pages&quot;:0,&quot;page&quot;:1,&quot;base_permalink&quot;:&quot;\/unispal\/fr\/wp-json\/wp\/v2\/pages\/6368?wpv_view_count=9905-TCPID6368&amp;wpv_paged=WPV_PAGE_NUM&quot;,&quot;loop&quot;:{&quot;type&quot;:&quot;&quot;,&quot;name&quot;:&quot;&quot;,&quot;data&quot;:[],&quot;id&quot;:0}}\" data-permalink=\"\/unispal\/fr\/wp-json\/wp\/v2\/pages\/6368?wpv_view_count=9905-TCPID6368\">\n\n\t\n\t<!-- wpv-loop-start -->\n<div ID=\"side-list\">\n\t<ul class=\"wpv-loop js-wpv-loop\">\n      <li>\n        <a href=\"\/unispal\/fr\/civil-society\/\">Overview<\/a>\t\n      <\/li>\n\t\t\n\t\t\t<li>\n\t\t\t\t<a href=\"https:\/\/www.un.org\/unispal\/fr\/data-collection\/civil-society\/list-of-intl-civil-society-partners\/\">Liste des organisations de la soci\u00e9t\u00e9 civile partenaires du Comit\u00e9<\/a>\n\t\t\t<\/li>\n          \n\t\t\t<li>\n\t\t\t\t<a href=\"https:\/\/www.un.org\/unispal\/fr\/data-collection\/civil-society\/benefits-of-accreditation\/\">Avantages li\u00e9s \u00e0 l&rsquo;accr\u00e9ditation<\/a>\n\t\t\t<\/li>\n          \n\t\t\t<li>\n\t\t\t\t<a href=\"https:\/\/www.un.org\/unispal\/fr\/data-collection\/civil-society\/civil-society-partners-responsibilities\/\">Responsabilit\u00e9s des partenaires de la soci\u00e9t\u00e9 civile<\/a>\n\t\t\t<\/li>\n          \n\t\t\t<li>\n\t\t\t\t<a href=\"https:\/\/www.un.org\/unispal\/fr\/data-collection\/civil-society\/ngo-action-news\/\">Bulletin<\/a>\n\t\t\t<\/li>\n          \n\t<\/ul>\n<\/div>\n\t<!-- wpv-loop-end -->\n<!--MO-->\n\t\n\t\n<\/div>\n<\/div><div class=\"fusion-additional-widget-content\"><\/div><\/div><\/div><\/div><\/div><\/div>\n","protected":false},"excerpt":{"rendered":"","protected":false},"author":3,"featured_media":0,"parent":4347,"menu_order":4,"comment_status":"closed","ping_status":"closed","template":"","meta":{"footnotes":""},"class_list":["post-6368","page","type-page","status-publish","hentry"],"_links":{"self":[{"href":"https:\/\/www.un.org\/unispal\/fr\/wp-json\/wp\/v2\/pages\/6368","targetHints":{"allow":["GET"]}}],"collection":[{"href":"https:\/\/www.un.org\/unispal\/fr\/wp-json\/wp\/v2\/pages"}],"about":[{"href":"https:\/\/www.un.org\/unispal\/fr\/wp-json\/wp\/v2\/types\/page"}],"author":[{"embeddable":true,"href":"https:\/\/www.un.org\/unispal\/fr\/wp-json\/wp\/v2\/users\/3"}],"replies":[{"embeddable":true,"href":"https:\/\/www.un.org\/unispal\/fr\/wp-json\/wp\/v2\/comments?post=6368"}],"version-history":[{"count":0,"href":"https:\/\/www.un.org\/unispal\/fr\/wp-json\/wp\/v2\/pages\/6368\/revisions"}],"up":[{"embeddable":true,"href":"https:\/\/www.un.org\/unispal\/fr\/wp-json\/wp\/v2\/pages\/4347"}],"wp:attachment":[{"href":"https:\/\/www.un.org\/unispal\/fr\/wp-json\/wp\/v2\/media?parent=6368"}],"curies":[{"name":"wp","href":"https:\/\/api.w.org\/{rel}","templated":true}]}}