  {"id":5166,"date":"2016-06-27T16:18:36","date_gmt":"2016-06-27T16:18:36","guid":{"rendered":"https:\/\/www.un.org\/unispal\/?page_id=5166"},"modified":"2024-04-01T06:33:20","modified_gmt":"2024-04-01T10:33:20","slug":"data-collection","status":"publish","type":"page","link":"https:\/\/www.un.org\/unispal\/fr\/data-collection\/","title":{"rendered":"Syst\u00e8me d&rsquo;information des Nations Unies sur la question de Palestine"},"content":{"rendered":"<div class=\"fusion-fullwidth fullwidth-box fusion-builder-row-1 fusion-flex-container hundred-percent-fullwidth non-hundred-percent-height-scrolling\" style=\"--awb-border-radius-top-left:0px;--awb-border-radius-top-right:0px;--awb-border-radius-bottom-right:0px;--awb-border-radius-bottom-left:0px;--awb-overflow:visible;--awb-flex-wrap:wrap;\" ><div class=\"fusion-builder-row fusion-row fusion-flex-align-items-flex-start fusion-flex-content-wrap\" style=\"width:104% !important;max-width:104% !important;margin-left: calc(-4% \/ 2 );margin-right: calc(-4% \/ 2 );\"><div class=\"fusion-layout-column fusion_builder_column fusion-builder-column-0 fusion_builder_column_1_1 1_1 fusion-flex-column fusion-flex-align-self-flex-start fusion-column-no-min-height\" style=\"--awb-bg-size:cover;--awb-width-large:100%;--awb-margin-top-large:0px;--awb-spacing-right-large:1.92%;--awb-margin-bottom-large:0px;--awb-spacing-left-large:1.92%;--awb-width-medium:100%;--awb-spacing-right-medium:1.92%;--awb-spacing-left-medium:1.92%;--awb-width-small:100%;--awb-spacing-right-small:1.92%;--awb-spacing-left-small:1.92%;\"><div class=\"fusion-column-wrapper fusion-flex-justify-content-flex-start fusion-content-layout-column\"><div class=\"fusion-text fusion-text-1\"><\/div><\/div><\/div><div class=\"fusion-layout-column fusion_builder_column fusion-builder-column-1 fusion_builder_column_1_1 1_1 fusion-flex-column special-list\" style=\"--awb-bg-size:cover;--awb-width-large:100%;--awb-margin-top-large:0px;--awb-spacing-right-large:1.92%;--awb-margin-bottom-large:20px;--awb-spacing-left-large:1.92%;--awb-width-medium:100%;--awb-spacing-right-medium:1.92%;--awb-spacing-left-medium:1.92%;--awb-width-small:100%;--awb-spacing-right-small:1.92%;--awb-spacing-left-small:1.92%;\"><div class=\"fusion-column-wrapper fusion-flex-justify-content-flex-start fusion-content-layout-column\"><div class=\"fusion-text fusion-text-2\"><p class=\"lead\"><strong>Le Syst\u00e8me d&rsquo;information des Nations Unies sur la question de Palestine (UNISPAL) <\/strong>a \u00e9t\u00e9 cr\u00e9\u00e9 par la Division des droits des Palestiniens, qui continue de le d\u00e9velopper, conform\u00e9ment aux mandats successifs que lui a confi\u00e9s l&rsquo;Assembl\u00e9e g\u00e9n\u00e9rale. La collection principale comprend les textes des documents actuels et anciens de l&rsquo;ONU portant sur la question de Palestine et d&rsquo;autres questions li\u00e9es \u00e0 la situation au Moyen-Orient et \u00e0 la recherche de la paix. Les textes de l&rsquo;UNISPAL sont disponibles en anglais et, de plus en plus, dans les autres langues officielles de l&rsquo;ONU.<\/p>\n<\/div><div class=\"fusion-flip-boxes flip-boxes row fusion-columns-4 flip-effect-classic equal-heights\" id=\"flip-boxes-icons\"><div class=\"fusion-flip-box-wrapper fusion-column col-lg-3 col-md-3 col-sm-3\"><div class=\"fusion-flip-box flip-right\" tabindex=\"0\"><div class=\"flip-box-inner-wrapper\"><div class=\"flip-box-front\" style=\"--awb-icon-color:#ffffff;--awb-border-size:1px;--awb-border-radius:4px;\"><div class=\"flip-box-front-inner\"><div class=\"flip-box-grafix flip-box-image\"><img decoding=\"async\" src=\"https:\/\/www.un.org\/unispal\/wp-content\/uploads\/2016\/06\/search-e1471467493881.png\" width=\"35\" height=\"35\" alt=\"\" \/><\/div><h2 class=\"flip-box-heading without-text\">Recherche de documents<\/h2><\/div><\/div><div class=\"flip-box-back\" style=\"--awb-icon-color:#ffffff;--awb-border-size:1px;--awb-border-radius:4px;--awb-background-color-back:#1d8fce;\"><div class=\"flip-box-back-inner\"><h3 class=\"flip-box-heading-back\">Documents UNISPAL<\/h3><span style=\"color: #ffffff;\"><a style=\"color: #ffffff;\" href=\"https:\/\/www.un.org\/unispal\/documents\/\">Acc\u00e9dez \u00e0 plus de 30 000 documents dans notre base de donn\u00e9es<\/a><\/span><\/div><\/div><\/div><\/div><\/div><div class=\"fusion-flip-box-wrapper fusion-column col-lg-3 col-md-3 col-sm-3\"><div class=\"fusion-flip-box flip-right\" tabindex=\"0\"><div class=\"flip-box-inner-wrapper\"><div class=\"flip-box-front\" style=\"--awb-border-size:1px;--awb-border-radius:4px;\"><div class=\"flip-box-front-inner\"><div class=\"flip-box-grafix flip-box-image\"><img decoding=\"async\" src=\"https:\/\/www.un.org\/unispal\/wp-content\/uploads\/2016\/06\/planet-earth.png\" width=\"35\" height=\"35\" alt=\"\" \/><\/div><h2 class=\"flip-box-heading without-text\">Collection de cartes<\/h2><\/div><\/div><div class=\"flip-box-back\" style=\"--awb-border-size:1px;--awb-border-radius:4px;--awb-background-color-back:#1d8fce;\"><div class=\"flip-box-back-inner\"><h3 class=\"flip-box-heading-back\">Collection de cartes de l'UNISPAL <\/h3>\n<p><span style=\"color: #ffffff;\"><a style=\"color: #ffffff;\" href=\"https:\/\/www.un.org\/unispal\/map-collection\/\">Acc\u00e9dez \u00e0 une large s\u00e9lection de cartes sur de nombreux sujets<\/a><\/span><\/p>\n<\/div><\/div><\/div><\/div><\/div><div class=\"fusion-flip-box-wrapper fusion-column col-lg-3 col-md-3 col-sm-3\"><div class=\"fusion-flip-box flip-right\" tabindex=\"0\"><div class=\"flip-box-inner-wrapper\"><div class=\"flip-box-front\" style=\"--awb-border-size:1px;--awb-border-radius:4px;\"><div class=\"flip-box-front-inner\"><div class=\"flip-box-grafix flip-box-image\"><img decoding=\"async\" src=\"https:\/\/www.un.org\/unispal\/wp-content\/uploads\/2016\/06\/paper.png\" width=\"35\" height=\"35\" alt=\"\" \/><\/div><h2 class=\"flip-box-heading without-text\">Suppl\u00e9ments<\/h2><\/div><\/div><div class=\"flip-box-back\" style=\"--awb-border-size:1px;--awb-border-radius:4px;--awb-background-color-back:#1d8fce;\"><div class=\"flip-box-back-inner\"><h3 class=\"flip-box-heading-back\">Autres documents<\/h3><span style=\"color: #ffffff;\"><a style=\"color: #ffffff;\" href=\"https:\/\/www.un.org\/unispal\/documents\/?wpv_view_count=4164&amp;wpv_post_search=&amp;wpv-entity=non-governmental-organization&amp;wpv-document-source=0&amp;wpv-document-category=0&amp;wpv-document-subject=0\">Autres documents (n&rsquo;appartenant pas l&rsquo;ONU) sur la question des efforts de paix en Palestine et au Moyen-Orient<\/a><\/span><\/div><\/div><\/div><\/div><\/div><div class=\"fusion-flip-box-wrapper fusion-column col-lg-3 col-md-3 col-sm-3\"><div class=\"fusion-flip-box flip-right\" tabindex=\"0\"><div class=\"flip-box-inner-wrapper\"><div class=\"flip-box-front\" style=\"--awb-border-size:1px;--awb-border-radius:4px;\"><div class=\"flip-box-front-inner\"><div class=\"flip-box-grafix flip-box-image\"><img decoding=\"async\" src=\"https:\/\/www.un.org\/unispal\/wp-content\/uploads\/2016\/06\/clock-event-history-schedule-time-icon-19-300x300.png\" width=\"35\" height=\"35\" alt=\"\" \/><\/div><h2 class=\"flip-box-heading without-text\">Histoire de la Question de Palestine<\/h2><\/div><\/div><div class=\"flip-box-back\" style=\"--awb-border-size:1px;--awb-border-radius:4px;--awb-background-color-back:#1d8fce;--awb-text-back-color:#ffffff;\"><div class=\"flip-box-back-inner\"><h3 class=\"flip-box-heading-back\">Histoire de la Question de Palestine<\/h3>\n<p><span style=\"color: #ffffff;\"><a style=\"color: #ffffff;\" href=\"https:\/\/www.un.org\/unispal\/fr\/histoire-de-la-question-de-palestine\/\">Retour sur la Question de Palestine et l&rsquo;implication des Nations Unies<\/a><\/span><\/p>\n<\/div><\/div><\/div><\/div><\/div><\/div><div class=\"fusion-title title fusion-title-1 fusion-title-text fusion-title-size-two\"><div class=\"title-sep-container title-sep-container-left fusion-no-large-visibility fusion-no-medium-visibility fusion-no-small-visibility\"><div class=\"title-sep sep-double sep-solid\" style=\"border-color:#e0dede;\"><\/div><\/div><span class=\"awb-title-spacer fusion-no-large-visibility fusion-no-medium-visibility fusion-no-small-visibility\"><\/span><h2 class=\"fusion-title-heading title-heading-left fusion-responsive-typography-calculated\" style=\"margin:0;--fontSize:18;--minFontSize:18;line-height:1.5;\">En savoir plus<\/h2><span class=\"awb-title-spacer\"><\/span><div class=\"title-sep-container title-sep-container-right\"><div class=\"title-sep sep-double sep-solid\" style=\"border-color:#e0dede;\"><\/div><\/div><\/div><div class=\"accordian fusion-accordian\" style=\"--awb-border-size:1px;--awb-icon-size:13px;--awb-content-font-size:14px;--awb-icon-alignment:left;--awb-hover-color:#f9f9f9;--awb-border-color:#cccccc;--awb-background-color:#ffffff;--awb-divider-color:#e0dede;--awb-divider-hover-color:#e0dede;--awb-icon-color:#ffffff;--awb-title-color:#03a9f4;--awb-content-color:#000000;--awb-icon-box-color:#333333;--awb-toggle-hover-accent-color:#008fd5;--awb-title-font-family:&quot;Roboto&quot;;--awb-title-font-weight:400;--awb-title-font-style:normal;--awb-title-font-size:13px;--awb-content-font-family:&quot;Roboto&quot;;--awb-content-font-style:normal;--awb-content-font-weight:400;\"><div class=\"panel-group fusion-toggle-icon-boxed\" id=\"accordion-5166-1\"><div class=\"fusion-panel panel-default panel-8d48cc78776b0181e fusion-toggle-has-divider\"><div class=\"panel-heading\"><h4 class=\"panel-title toggle\" id=\"toggle_8d48cc78776b0181e\"><a aria-expanded=\"false\" aria-controls=\"8d48cc78776b0181e\" role=\"button\" data-toggle=\"collapse\" data-parent=\"#accordion-5166-1\" data-target=\"#8d48cc78776b0181e\" href=\"#8d48cc78776b0181e\"><span class=\"fusion-toggle-icon-wrapper\" aria-hidden=\"true\"><i class=\"fa-fusion-box active-icon awb-icon-minus\" aria-hidden=\"true\"><\/i><i class=\"fa-fusion-box inactive-icon awb-icon-plus\" aria-hidden=\"true\"><\/i><\/span><span class=\"fusion-toggle-heading\">R\u00e9solutions sur la question de Palestine<\/span><\/a><\/h4><\/div><div id=\"8d48cc78776b0181e\" class=\"panel-collapse collapse \" aria-labelledby=\"toggle_8d48cc78776b0181e\"><div class=\"panel-body toggle-content fusion-clearfix\">\n<ul>\n<li><img decoding=\"async\" src=\"https:\/\/www.un.org\/unispal\/wp-content\/uploads\/2016\/07\/general-assembly-small.jpg\" \/><br \/>\n<h3><a href=\"https:\/\/www.un.org\/unispal\/fr\/data-collection\/general-assembly\/\">Assembl\u00e9e g\u00e9n\u00e9rale<\/a><\/h3>\n<p>Principal organe d\u00e9lib\u00e9rant de l&rsquo;ONU, l&rsquo;Assembl\u00e9e g\u00e9n\u00e9rale se compose de repr\u00e9sentants de tous les \u00c9tats Membres. Elle a \u00e9t\u00e9 saisie de la question de Palestine pour la premi\u00e8re fois en 1947. Par sa <a href=\"https:\/\/www.un.org\/unispal\/wp-content\/uploads\/2016\/04\/ARES181II.pdf\">r\u00e9solution 181 (II)<\/a>, l&rsquo;Assembl\u00e9e a d\u00e9cid\u00e9 de partager la Palestine en deux \u00c9tats, un \u00c9tat arabe et un \u00c9tat juif, et de placer J\u00e9rusalem sous un r\u00e9gime international sp\u00e9cial. Apr\u00e8s la guerre de 1948, elle a adopt\u00e9 sa <a href=\"https:\/\/www.un.org\/unispal\/wp-content\/uploads\/2016\/06\/ARES194III.pdf\">r\u00e9solution 194 (III)<\/a> de 1949 portant cr\u00e9ation de la Commission de conciliation des Nations Unies pour la Palestine afin d&rsquo;aider les parties \u00e0 parvenir \u00e0 un r\u00e8glement d\u00e9finitif, et r\u00e9affirm\u00e9 le droit des r\u00e9fugi\u00e9s palestiniens de rentrer dans leur foyer et de recouvrer leurs biens. La m\u00eame ann\u00e9e, l&rsquo;Assembl\u00e9e a cr\u00e9\u00e9 l&rsquo;Office de secours et de travaux des Nations Unies pour les r\u00e9fugi\u00e9s de Palestine dans le Proche-Orient (<a href=\"https:\/\/www.unrwa.org\/\">UNRWA<\/a>), organisme charg\u00e9 de la question des r\u00e9fugi\u00e9s palestiniens.<\/li>\n<li><img decoding=\"async\" src=\"https:\/\/www.un.org\/unispal\/wp-content\/uploads\/2016\/07\/security-council-small.jpg\" \/><br \/>\n<h3><a href=\"https:\/\/www.un.org\/unispal\/fr\/data-collection\/security-council\/\">Conseil de s\u00e9curit\u00e9<\/a><\/h3>\n<p>Aux termes de la <a href=\"https:\/\/www.un.org\/fr\/about-us\/un-charter\">Charte des Nations Unies<\/a>, le Conseil de s\u00e9curit\u00e9 a la responsabilit\u00e9 principale du maintien de la paix et de la s\u00e9curit\u00e9 internationales. Depuis 1948, il a examin\u00e9 la question de la situation au Moyen-Orient et la question de palestinienne \u00e0 de nombreuses reprises. Lorsque des conflits ont \u00e9clat\u00e9, le Conseil a <a href=\"https:\/\/documents-dds-ny.un.org\/doc\/UNDOC\/GEN\/N09\/204\/33\/pdf\/N0920433.pdf?OpenElement\">demand\u00e9<\/a> ou exig\u00e9 que les parties observent un cessez-le-feu.<\/li>\n<li><img decoding=\"async\" src=\"https:\/\/www.un.org\/unispal\/wp-content\/uploads\/2016\/07\/human_right_council-small.jpg\" \/><br \/>\n<h3><a href=\"https:\/\/www.un.org\/unispal\/fr\/human-rights-council-resolutions\/\">Conseil des droits de l&rsquo;homme<\/a><\/h3>\n<p>Le Conseil des droits de l&rsquo;homme est un organe intergouvernemental du syst\u00e8me des Nations Unies compos\u00e9 de 47 \u00c9tats et charg\u00e9 de promouvoir et de prot\u00e9ger tous les droits de l&rsquo;homme partout dans le monde. En particulier, il nomme le <a href=\"https:\/\/www.ohchr.org\/FR\/HRBodies\/SP\/CountriesMandates\/PS\/Pages\/SRPalestine.aspx\">Rapporteur sp\u00e9cial sur la situation des droits de l&rsquo;homme dans les territoires palestiniens occup\u00e9s depuis 1967<\/a>, qui a pour mission d&rsquo;\u00e9valuer la situation, d\u2019en rendre publiquement compte et de collaborer notamment avec les gouvernements et la soci\u00e9t\u00e9 civile. La situation des droits de l&rsquo;homme en Palestine est aussi \u00e9valu\u00e9e dans le cadre de <a href=\"https:\/\/www.ohchr.org\/FR\/HRBodies\/UPR\/Pages\/UPRMain.aspx\">l&rsquo;Examen p\u00e9riodique universel<\/a>. Le Conseil a mis sur pied des missions d&rsquo;\u00e9tablissement des faits pour enqu\u00eater sur les violations des droits de l&rsquo;homme, par exemple la Mission d&rsquo;\u00e9tablissement des faits de l&rsquo;Organisation des Nations Unies sur le conflit de Gaza (2009), la Mission internationale d&rsquo;\u00e9tablissement des faits sur l&rsquo;incident de la flottille de Gaza (2010), et la Mission internationale d&rsquo;\u00e9tablissement des faits sur les colonies de peuplement isra\u00e9liennes (2012).<\/p>\n<p>La situation des droits de l\u2019homme en Palestine et dans les autres territoires arabes occup\u00e9s est une question inscrite en permanence \u00e0 l\u2019ordre du jour du Conseil (point 7).En mars 2016, ce dernier a d\u00e9cid\u00e9 de cr\u00e9er une <a href=\"https:\/\/documents-dds-ny.un.org\/doc\/UNDOC\/LTD\/G16\/057\/72\/pdf\/G1605772.pdf?OpenElement\">base de donn\u00e9es<\/a> o\u00f9 sont recens\u00e9es toutes les entreprises ayant des activit\u00e9s dans les zones de peuplement isra\u00e9liennes ou des activit\u00e9s li\u00e9es \u00e0 ces zones.<\/li>\n<li><img decoding=\"async\" src=\"https:\/\/www.un.org\/unispal\/wp-content\/uploads\/2016\/07\/ecosoc-small.jpg\" \/><br \/>\n<h3><a href=\"https:\/\/www.un.org\/unispal\/fr\/data-collection\/the-united-nations-economic-and-social-council\/\">Conseil \u00e9conomique et social<\/a><\/h3>\n<p>Plac\u00e9 au c\u0153ur m\u00eame du syst\u00e8me des Nations Unies, le <a href=\"https:\/\/www.un.org\/ecosoc\/en\">Conseil \u00e9conomique et social<\/a> a pour mission de promouvoir les trois dimensions- \u00e9conomique, sociale et environnementale -du d\u00e9veloppement durable. Il a aussi pour fonction d\u2019assurer le suivi des grandes conf\u00e9rences et r\u00e9unions au sommet des Nations Unies. Il offre une passerelle pour les partenariats des Nations Unies et la participation de la soci\u00e9t\u00e9 civile.<\/p>\n<p>Au cours des derni\u00e8res ann\u00e9es, le Conseil a adopt\u00e9 une <a href=\"https:\/\/unispal.un.org\/DPA\/DPR\/unispal.nsf\/vECOSOCRes?OpenView\">s\u00e9rie de r\u00e9solutions<\/a> ayant trait aux r\u00e9percussions \u00e9conomiques et sociales de l&rsquo;occupation isra\u00e9lienne sur les conditions de vie de la population palestinienne, \u00e0 la situation des femmes palestiniennes et \u00e0 l&rsquo;aide qu&rsquo;il convient de leur fournir, ainsi qu&rsquo;au droit du peuple palestinien \u00e0 l&rsquo;autod\u00e9termination.<\/li>\n<\/ul>\n<\/div><\/div><\/div><div class=\"fusion-panel panel-default panel-6edb98a44eaec3a05 fusion-toggle-has-divider\"><div class=\"panel-heading\"><h4 class=\"panel-title toggle\" id=\"toggle_6edb98a44eaec3a05\"><a aria-expanded=\"false\" aria-controls=\"6edb98a44eaec3a05\" role=\"button\" data-toggle=\"collapse\" data-parent=\"#accordion-5166-1\" data-target=\"#6edb98a44eaec3a05\" href=\"#6edb98a44eaec3a05\"><span class=\"fusion-toggle-icon-wrapper\" aria-hidden=\"true\"><i class=\"fa-fusion-box active-icon awb-icon-minus\" aria-hidden=\"true\"><\/i><i class=\"fa-fusion-box inactive-icon awb-icon-plus\" aria-hidden=\"true\"><\/i><\/span><span class=\"fusion-toggle-heading\">Publications sur la question de Palestine<\/span><\/a><\/h4><\/div><div id=\"6edb98a44eaec3a05\" class=\"panel-collapse collapse \" aria-labelledby=\"toggle_6edb98a44eaec3a05\"><div class=\"panel-body toggle-content fusion-clearfix\">\n<ul>\n<li><img decoding=\"async\" src=\"https:\/\/www.un.org\/unispal\/wp-content\/uploads\/2016\/07\/monthly-bulletin.jpg\" \/><br \/>\n<h3><a href=\"https:\/\/www.un.org\/unispal\/data-collection\/monthly-bulletin\/\">Bulletin mensuel<\/a><\/h3>\n<p>Compilation mensuelle des d\u00e9cisions et d\u00e9clarations des entit\u00e9s du syst\u00e8me des Nations Unies sur la question de Palestine<\/li>\n<li>\n<h3><\/h3>\n<p><img decoding=\"async\" src=\"https:\/\/www.un.org\/unispal\/wp-content\/uploads\/2016\/07\/status-jerusalem.jpg\" \/><\/p>\n<h3><a href=\"https:\/\/unispal.un.org\/pdfs\/97-24262f.pdf\">Le statut de J\u00e9rusalem<\/a><\/h3>\n<\/li>\n<li><img decoding=\"async\" src=\"https:\/\/www.un.org\/unispal\/wp-content\/uploads\/2016\/07\/developments_related_middle_east_peace_process.jpg\" \/><br \/>\n<h3><a href=\"https:\/\/www.un.org\/unispal\/developments-related-to-the-middle-east-peace-process\/\">D\u00e9veloppements li\u00e9s au processus de paix au Moyen-Orient<\/a><\/h3>\n<\/li>\n<li><img decoding=\"async\" src=\"https:\/\/www.un.org\/unispal\/wp-content\/uploads\/2016\/07\/origin_evolution.jpg\" \/><br \/>\n<h3><a href=\"https:\/\/www.un.org\/unispal\/fr\/history\/origins-and-evolution-of-the-palestine-problem\/\">Origine et \u00e9volution de la question palestinienne<\/a><\/h3>\n<p>Cette \u00e9tude replace le probl\u00e8me dans son contexte historique en mettant en relief l&rsquo;identit\u00e9 nationale et les droits du peuple palestinien, analyse son \u00e9volution pendant la p\u00e9riode du mandat de la Soci\u00e9t\u00e9 des Nations et montre qu&rsquo;il est ant\u00e9rieur \u00e0 la cr\u00e9ation de l&rsquo;ONU. Elle couvre \u00e9galement la p\u00e9riode au cours de laquelle l&rsquo;Organisation s&rsquo;est occup\u00e9e de cette question.<\/li>\n<\/ul>\n<\/div><\/div><\/div><\/div><\/div><\/div><\/div><div class=\"fusion-layout-column fusion_builder_column fusion-builder-column-2 fusion_builder_column_1_1 1_1 fusion-flex-column fusion-flex-align-self-flex-start fusion-column-no-min-height\" style=\"--awb-bg-size:cover;--awb-width-large:100%;--awb-margin-top-large:0px;--awb-spacing-right-large:1.92%;--awb-margin-bottom-large:0px;--awb-spacing-left-large:1.92%;--awb-width-medium:100%;--awb-spacing-right-medium:1.92%;--awb-spacing-left-medium:1.92%;--awb-width-small:100%;--awb-spacing-right-small:1.92%;--awb-spacing-left-small:1.92%;\"><div class=\"fusion-column-wrapper fusion-flex-justify-content-flex-start fusion-content-layout-column\"><div class=\"fusion-text fusion-text-3\"><\/div><\/div><\/div><\/div><\/div>\n","protected":false},"excerpt":{"rendered":"","protected":false},"author":3,"featured_media":0,"parent":0,"menu_order":0,"comment_status":"closed","ping_status":"closed","template":"","meta":{"footnotes":""},"class_list":["post-5166","page","type-page","status-publish","hentry"],"_links":{"self":[{"href":"https:\/\/www.un.org\/unispal\/fr\/wp-json\/wp\/v2\/pages\/5166","targetHints":{"allow":["GET"]}}],"collection":[{"href":"https:\/\/www.un.org\/unispal\/fr\/wp-json\/wp\/v2\/pages"}],"about":[{"href":"https:\/\/www.un.org\/unispal\/fr\/wp-json\/wp\/v2\/types\/page"}],"author":[{"embeddable":true,"href":"https:\/\/www.un.org\/unispal\/fr\/wp-json\/wp\/v2\/users\/3"}],"replies":[{"embeddable":true,"href":"https:\/\/www.un.org\/unispal\/fr\/wp-json\/wp\/v2\/comments?post=5166"}],"version-history":[{"count":1,"href":"https:\/\/www.un.org\/unispal\/fr\/wp-json\/wp\/v2\/pages\/5166\/revisions"}],"predecessor-version":[{"id":37712,"href":"https:\/\/www.un.org\/unispal\/fr\/wp-json\/wp\/v2\/pages\/5166\/revisions\/37712"}],"wp:attachment":[{"href":"https:\/\/www.un.org\/unispal\/fr\/wp-json\/wp\/v2\/media?parent=5166"}],"curies":[{"name":"wp","href":"https:\/\/api.w.org\/{rel}","templated":true}]}}