  {"id":4806,"date":"2016-06-20T15:02:19","date_gmt":"2016-06-20T15:02:19","guid":{"rendered":"https:\/\/www.un.org\/unispal\/?page_id=4806"},"modified":"2021-06-24T09:57:10","modified_gmt":"2021-06-24T13:57:10","slug":"human-rights-council-resolutions","status":"publish","type":"page","link":"https:\/\/www.un.org\/unispal\/fr\/human-rights-council-resolutions\/","title":{"rendered":"R\u00e9solutions du Conseil des droits de l&rsquo;homme"},"content":{"rendered":"<p><div class=\"fusion-fullwidth fullwidth-box fusion-builder-row-1 fusion-flex-container nonhundred-percent-fullwidth non-hundred-percent-height-scrolling\" style=\"--awb-background-position:left top;--awb-border-sizes-top:0px;--awb-border-sizes-bottom:0px;--awb-border-sizes-left:0px;--awb-border-sizes-right:0px;--awb-border-radius-top-left:0px;--awb-border-radius-top-right:0px;--awb-border-radius-bottom-right:0px;--awb-border-radius-bottom-left:0px;--awb-padding-top:20px;--awb-padding-bottom:20px;--awb-flex-wrap:wrap;\" ><div class=\"fusion-builder-row fusion-row fusion-flex-align-items-flex-start fusion-flex-content-wrap\" style=\"max-width:1372.8px;margin-left: calc(-4% \/ 2 );margin-right: calc(-4% \/ 2 );\"><div class=\"fusion-layout-column fusion_builder_column fusion-builder-column-0 fusion_builder_column_1_3 1_3 fusion-flex-column\" style=\"--awb-bg-size:cover;--awb-width-large:33.333333333333%;--awb-margin-top-large:0px;--awb-spacing-right-large:3.84%;--awb-margin-bottom-large:20px;--awb-spacing-left-large:5.76%;--awb-width-medium:33.333333333333%;--awb-spacing-right-medium:3.84%;--awb-spacing-left-medium:5.76%;--awb-width-small:100%;--awb-spacing-right-small:1.92%;--awb-spacing-left-small:1.92%;\"><div class=\"fusion-column-wrapper fusion-flex-justify-content-flex-start fusion-content-layout-column\"><div class=\"fusion-image-element \" style=\"--awb-caption-title-font-family:var(--h2_typography-font-family);--awb-caption-title-font-weight:var(--h2_typography-font-weight);--awb-caption-title-font-style:var(--h2_typography-font-style);--awb-caption-title-size:var(--h2_typography-font-size);--awb-caption-title-transform:var(--h2_typography-text-transform);--awb-caption-title-line-height:var(--h2_typography-line-height);--awb-caption-title-letter-spacing:var(--h2_typography-letter-spacing);\"><span class=\" fusion-imageframe imageframe-none imageframe-1 hover-type-none\"><img decoding=\"async\" alt=\"26th session of the UN Human Rights Council\" src=\"https:\/\/www.un.org\/unispal\/wp-content\/uploads\/2017\/04\/UN-Human-Rights-Council.jpg\" class=\"img-responsive\"\/><\/span><\/div><div class=\"fusion-text fusion-text-1\"><p>26e session du Conseil des droits de l&rsquo;homme<br \/>\nPhoto ONU\/ Jean-Marc Ferr\u00e9<\/p>\n<\/div><\/div><\/div><div class=\"fusion-layout-column fusion_builder_column fusion-builder-column-1 fusion_builder_column_2_3 2_3 fusion-flex-column\" style=\"--awb-bg-size:cover;--awb-width-large:66.666666666667%;--awb-margin-top-large:0px;--awb-spacing-right-large:2.88%;--awb-margin-bottom-large:20px;--awb-spacing-left-large:3.84%;--awb-width-medium:66.666666666667%;--awb-spacing-right-medium:2.88%;--awb-spacing-left-medium:3.84%;--awb-width-small:100%;--awb-spacing-right-small:1.92%;--awb-spacing-left-small:1.92%;\"><div class=\"fusion-column-wrapper fusion-flex-justify-content-flex-start fusion-content-layout-column\"><div class=\"fusion-text fusion-text-2\"><p>Le <a href=\"https:\/\/www.ohchr.org\/FR\/HRBodies\/HRC\/Pages\/Home.aspx\">Conseil des droits de l&rsquo;homme<\/a> est un organe intergouvernemental du syst\u00e8me des Nations Unies compos\u00e9 de 47 \u00c9tats et charg\u00e9 de promouvoir et de prot\u00e9ger tous les droits de l&rsquo;homme partout dans le monde. En particulier, il nomme le <a href=\"https:\/\/www.ohchr.org\/FR\/HRBodies\/SP\/CountriesMandates\/PS\/Pages\/SRPalestine.aspx\">Rapporteur sp\u00e9cial sur la situation des droits de l&rsquo;homme dans les territoires palestiniens occup\u00e9s depuis 1967<\/a>, qui a pour mission d&rsquo;\u00e9valuer la situation, d&rsquo;en rendre publiquement compte et de collaborer notamment avec les gouvernements et la soci\u00e9t\u00e9 civile. La situation des droits de l&rsquo;homme en Palestine est aussi \u00e9valu\u00e9e dans le cadre de <a href=\"https:\/\/www.ohchr.org\/FR\/HRBodies\/UPR\/Pages\/UPRMain.aspx\">l&rsquo;Examen p\u00e9riodique universel<\/a>. Le Conseil a mis sur pied des missions d&rsquo;\u00e9tablissement des faits pour enqu\u00eater sur les violations des droits de l&rsquo;homme, par exemple la Mission d&rsquo;\u00e9tablissement des faits de l&rsquo;Organisation des Nations Unies sur le conflit de Gaza (2009), la Mission internationale d&rsquo;\u00e9tablissement des faits sur l&rsquo;incident de la flottille de Gaza (2010), et la Mission internationale d&rsquo;\u00e9tablissement des faits sur les colonies de peuplement isra\u00e9liennes (2012).<\/p>\n<p>La situation des droits de l\u2019homme en Palestine et dans les autres territoires arabes occup\u00e9s est une question inscrite en permanence \u00e0 l\u2019ordre du jour du Conseil (point 7). En mars 2016, ce dernier a d\u00e9cid\u00e9 de cr\u00e9er une <a href=\"https:\/\/www.un.org\/ga\/search\/view_doc.asp?symbol=A\/HRC\/31\/L.39&amp;Lang=F\">base de donn\u00e9es<\/a> o\u00f9 sont recens\u00e9es toutes les entreprises ayant des activit\u00e9s dans les zones de peuplement isra\u00e9liennes ou des activit\u00e9s li\u00e9es \u00e0 ces zones.<\/p>\n<p><a href=\"https:\/\/www.un.org\/unispal\/document-source\/human-rights-council\/\">Acc\u00e9dez aux r\u00e9solutions<\/a><\/p>\n<\/div><\/div><\/div><\/div><\/div><div class=\"fusion-fullwidth fullwidth-box fusion-builder-row-2 fusion-flex-container nonhundred-percent-fullwidth non-hundred-percent-height-scrolling\" style=\"--awb-background-position:left top;--awb-border-sizes-top:0px;--awb-border-sizes-bottom:0px;--awb-border-sizes-left:0px;--awb-border-sizes-right:0px;--awb-border-radius-top-left:0px;--awb-border-radius-top-right:0px;--awb-border-radius-bottom-right:0px;--awb-border-radius-bottom-left:0px;--awb-padding-top:20px;--awb-padding-bottom:20px;--awb-flex-wrap:wrap;\" ><div class=\"fusion-builder-row fusion-row fusion-flex-align-items-flex-start fusion-flex-content-wrap\" style=\"max-width:1372.8px;margin-left: calc(-4% \/ 2 );margin-right: calc(-4% \/ 2 );\"><div class=\"fusion-layout-column fusion_builder_column fusion-builder-column-2 fusion_builder_column_1_1 1_1 fusion-flex-column fusion-flex-align-self-flex-start fusion-column-no-min-height\" style=\"--awb-bg-size:cover;--awb-width-large:100%;--awb-margin-top-large:0px;--awb-spacing-right-large:1.92%;--awb-margin-bottom-large:0px;--awb-spacing-left-large:1.92%;--awb-width-medium:100%;--awb-spacing-right-medium:1.92%;--awb-spacing-left-medium:1.92%;--awb-width-small:100%;--awb-spacing-right-small:1.92%;--awb-spacing-left-small:1.92%;\"><div class=\"fusion-column-wrapper fusion-flex-justify-content-flex-start fusion-content-layout-column\"><\/div><\/div><\/div><\/div><\/p>\n","protected":false},"excerpt":{"rendered":"","protected":false},"author":3,"featured_media":0,"parent":0,"menu_order":0,"comment_status":"closed","ping_status":"closed","template":"","meta":{"footnotes":""},"class_list":["post-4806","page","type-page","status-publish","hentry"],"_links":{"self":[{"href":"https:\/\/www.un.org\/unispal\/fr\/wp-json\/wp\/v2\/pages\/4806","targetHints":{"allow":["GET"]}}],"collection":[{"href":"https:\/\/www.un.org\/unispal\/fr\/wp-json\/wp\/v2\/pages"}],"about":[{"href":"https:\/\/www.un.org\/unispal\/fr\/wp-json\/wp\/v2\/types\/page"}],"author":[{"embeddable":true,"href":"https:\/\/www.un.org\/unispal\/fr\/wp-json\/wp\/v2\/users\/3"}],"replies":[{"embeddable":true,"href":"https:\/\/www.un.org\/unispal\/fr\/wp-json\/wp\/v2\/comments?post=4806"}],"version-history":[{"count":0,"href":"https:\/\/www.un.org\/unispal\/fr\/wp-json\/wp\/v2\/pages\/4806\/revisions"}],"wp:attachment":[{"href":"https:\/\/www.un.org\/unispal\/fr\/wp-json\/wp\/v2\/media?parent=4806"}],"curies":[{"name":"wp","href":"https:\/\/api.w.org\/{rel}","templated":true}]}}