  {"id":4356,"date":"2016-06-13T21:59:03","date_gmt":"2016-06-13T21:59:03","guid":{"rendered":"https:\/\/www.un.org\/unispal\/?page_id=4356"},"modified":"2017-08-22T19:14:24","modified_gmt":"2017-08-22T19:14:24","slug":"benefits-of-accreditation","status":"publish","type":"page","link":"https:\/\/www.un.org\/unispal\/fr\/data-collection\/civil-society\/benefits-of-accreditation\/","title":{"rendered":"Avantages li\u00e9s \u00e0 l&rsquo;accr\u00e9ditation"},"content":{"rendered":"<div class=\"fusion-fullwidth fullwidth-box fusion-builder-row-1 fusion-flex-container hundred-percent-fullwidth non-hundred-percent-height-scrolling\" style=\"--awb-border-radius-top-left:0px;--awb-border-radius-top-right:0px;--awb-border-radius-bottom-right:0px;--awb-border-radius-bottom-left:0px;--awb-overflow:visible;--awb-flex-wrap:wrap;\" ><div class=\"fusion-builder-row fusion-row fusion-flex-align-items-flex-start fusion-flex-content-wrap\" style=\"width:104% !important;max-width:104% !important;margin-left: calc(-4% \/ 2 );margin-right: calc(-4% \/ 2 );\"><div class=\"fusion-layout-column fusion_builder_column fusion-builder-column-0 fusion_builder_column_2_3 2_3 fusion-flex-column\" style=\"--awb-bg-size:cover;--awb-width-large:66.666666666667%;--awb-margin-top-large:0px;--awb-spacing-right-large:3.84%;--awb-margin-bottom-large:20px;--awb-spacing-left-large:2.88%;--awb-width-medium:66.666666666667%;--awb-spacing-right-medium:3.84%;--awb-spacing-left-medium:2.88%;--awb-width-small:100%;--awb-spacing-right-small:1.92%;--awb-spacing-left-small:1.92%;\"><div class=\"fusion-column-wrapper fusion-flex-justify-content-flex-start fusion-content-layout-column\"><div class=\"fusion-text fusion-text-1\"><div class=\"fusion-page-title-wrapper\">\n<div class=\"fusion-page-title-captions\">\n<div id=\"attachment_8756\" style=\"width: 510px\" class=\"wp-caption aligncenter\"><a href=\"https:\/\/www.un.org\/unispal\/wp-content\/uploads\/2016\/06\/IMG_20170204_103040.png\"><img decoding=\"async\" aria-describedby=\"caption-attachment-8756\" class=\"wp-image-8756 size-full\" src=\"https:\/\/www.un.org\/unispal\/wp-content\/uploads\/2016\/06\/IMG_20170204_103040.png\" alt=\"\" width=\"500\" height=\"281\" \/><\/a><p id=\"caption-attachment-8756\" class=\"wp-caption-text\">Table ronde aux Nations Unies sur la Question de Palestine, \u00ab\u00a0Jeter des ponts avec la diaspora palestinienne\u00a0\u00bb 4 f\u00e9vrier 2017, Managua, Nicaragua<\/p><\/div><\/p>\n<h1 class=\"entry-title\">Avantages du statut d&rsquo;organisation accr\u00e9dit\u00e9e<\/h1>\n<\/div>\n<\/div>\n<p>Les organisations de la soci\u00e9t\u00e9 civile accr\u00e9dit\u00e9es seront invit\u00e9es \u00e0 toutes les r\u00e9unions et conf\u00e9rences internationales sur la question de Palestine organis\u00e9es sous les auspices du Comit\u00e9, participeront aux d\u00e9bats et pourront faire des d\u00e9clarations sous forme orale ou \u00e9crite. Elles pourront pr\u00e9senter des rapports, des d\u00e9clarations \u00e9crites et d\u2019autres documents qui seront distribu\u00e9s aux membres du Comit\u00e9 et aux observateurs. Lors de ces r\u00e9unions, elles auront la possibilit\u00e9 d\u2019exposer leurs propres publications, qui auront \u00e9t\u00e9 au pr\u00e9alable examin\u00e9es par le secr\u00e9tariat. Les organisations accr\u00e9dit\u00e9es pourront \u00e9galement faire des propositions concernant les pr\u00e9paratifs et la tenue de manifestations impliquant la soci\u00e9t\u00e9 civile organis\u00e9es sous les auspices du Comit\u00e9.<\/p>\n<p>Les organisations de la soci\u00e9t\u00e9 civile accr\u00e9dit\u00e9es pourront saisir l&rsquo;occasion offerte par les r\u00e9unions internationales pour \u00e9voquer leurs propres initiatives, leurs campagnes, leurs vues et leurs id\u00e9es, dialoguer entre elles pour coordonner leur action, et rencontrer des repr\u00e9sentants de gouvernements et d\u2019organisations intergouvernementales. Elles seront invit\u00e9es \u00e0 assister \u00e0 des tables rondes au cours desquelles des sp\u00e9cialistes venus du monde entier, y compris du Territoire palestinien occup\u00e9 et d&rsquo;Isra\u00ebl, pr\u00e9senteront des informations et des analyses portant sur leurs activit\u00e9s et sur l&rsquo;actualit\u00e9 politique et la situation humanitaire.<\/p>\n<p>Les rapports concernant les r\u00e9unions et conf\u00e9rences internationales sont diffus\u00e9s en tant que publications de la Division. Ils le sont largement, non seulement aupr\u00e8s des membres du r\u00e9seau des organisations de la soci\u00e9t\u00e9 civile accr\u00e9dit\u00e9es, mais aussi aupr\u00e8s des gouvernements, des organisations intergouvernementales et des organismes des Nations Unies, des sp\u00e9cialistes ayant particip\u00e9 \u00e0 ces manifestations et aux autres parties int\u00e9ress\u00e9es. Ils sont par ailleurs publi\u00e9s sur le site Web \u00ab\u00a0Question de Palestine\u00a0\u00bb administr\u00e9 par la Division.<\/p>\n<p>Le cas \u00e9ch\u00e9ant, les membres du Comit\u00e9 et le personnel de la Division consulteront les organisations de la soci\u00e9t\u00e9 civile accr\u00e9dit\u00e9es au sujet de certains probl\u00e8mes li\u00e9s \u00e0 la question de Palestine. Toutes les publications de la Division et toute autre information utile diffus\u00e9e par le Secr\u00e9tariat leur seront communiqu\u00e9es.<\/p>\n<\/div><\/div><\/div><div class=\"fusion-layout-column fusion_builder_column fusion-builder-column-1 fusion_builder_column_1_3 1_3 fusion-flex-column side-menu\" style=\"--awb-bg-size:cover;--awb-width-large:33.333333333333%;--awb-margin-top-large:0px;--awb-spacing-right-large:5.76%;--awb-margin-bottom-large:20px;--awb-spacing-left-large:3.8399999999999%;--awb-width-medium:33.333333333333%;--awb-spacing-right-medium:5.76%;--awb-spacing-left-medium:3.8399999999999%;--awb-width-small:100%;--awb-spacing-right-small:1.92%;--awb-spacing-left-small:1.92%;\"><div class=\"fusion-column-wrapper fusion-flex-justify-content-flex-start fusion-content-layout-column\"><div class=\"fusion-text fusion-text-2\"><ul>\n<li><a href=\"https:\/\/www.un.org\/unispal\/civil-society\/\">Vue d&rsquo;ensemble<\/a><\/li>\n<li><a href=\"https:\/\/www.un.org\/unispal\/civil-society\/benefits-of-accreditation\/\">Avantages li\u00e9s \u00e0 l&rsquo;accr\u00e9ditation<\/a><\/li>\n<li><a href=\"https:\/\/www.un.org\/unispal\/civil-society\/civil-society-partners-responsibilities\/\">Responsibilities of Civil Society Partners<\/a><\/li>\n<li><a href=\"https:\/\/www.un.org\/unispal\/civil-society\/ngo-action-news\/\">NGO Action News<\/a><\/li>\n<li><a href=\"https:\/\/www.un.org\/unispal\/civil-society\/cspartner-accreditation-form\/\">Get accredited<\/a><\/li>\n<li><a href=\"https:\/\/www.un.org\/unispal\/civil-society\/list-of-intl-civil-society-partners\/\">Organisations de la soci\u00e9t\u00e9 civile partenaires<\/a><\/li>\n<li><a href=\"https:\/\/www.un.org\/unispal\/committee\/working-group\/\">Working Group<\/a><\/li>\n<\/ul>\n<\/div><\/div><\/div><\/div><\/div>\n","protected":false},"excerpt":{"rendered":"","protected":false},"author":3,"featured_media":0,"parent":4347,"menu_order":5,"comment_status":"closed","ping_status":"closed","template":"","meta":{"footnotes":""},"class_list":["post-4356","page","type-page","status-publish","hentry"],"_links":{"self":[{"href":"https:\/\/www.un.org\/unispal\/fr\/wp-json\/wp\/v2\/pages\/4356","targetHints":{"allow":["GET"]}}],"collection":[{"href":"https:\/\/www.un.org\/unispal\/fr\/wp-json\/wp\/v2\/pages"}],"about":[{"href":"https:\/\/www.un.org\/unispal\/fr\/wp-json\/wp\/v2\/types\/page"}],"author":[{"embeddable":true,"href":"https:\/\/www.un.org\/unispal\/fr\/wp-json\/wp\/v2\/users\/3"}],"replies":[{"embeddable":true,"href":"https:\/\/www.un.org\/unispal\/fr\/wp-json\/wp\/v2\/comments?post=4356"}],"version-history":[{"count":0,"href":"https:\/\/www.un.org\/unispal\/fr\/wp-json\/wp\/v2\/pages\/4356\/revisions"}],"up":[{"embeddable":true,"href":"https:\/\/www.un.org\/unispal\/fr\/wp-json\/wp\/v2\/pages\/4347"}],"wp:attachment":[{"href":"https:\/\/www.un.org\/unispal\/fr\/wp-json\/wp\/v2\/media?parent=4356"}],"curies":[{"name":"wp","href":"https:\/\/api.w.org\/{rel}","templated":true}]}}