  {"id":4347,"date":"2016-06-13T21:32:33","date_gmt":"2016-06-13T21:32:33","guid":{"rendered":"https:\/\/www.un.org\/unispal\/?page_id=4347"},"modified":"2021-06-29T12:42:35","modified_gmt":"2021-06-29T16:42:35","slug":"civil-society","status":"publish","type":"page","link":"https:\/\/www.un.org\/unispal\/fr\/data-collection\/civil-society\/","title":{"rendered":"La soci\u00e9t\u00e9 civile et la question de Palestine"},"content":{"rendered":"<div class=\"fusion-fullwidth fullwidth-box fusion-builder-row-1 fusion-flex-container nonhundred-percent-fullwidth non-hundred-percent-height-scrolling\" style=\"--awb-background-position:left top;--awb-border-sizes-top:0px;--awb-border-sizes-bottom:0px;--awb-border-sizes-left:0px;--awb-border-sizes-right:0px;--awb-border-radius-top-left:0px;--awb-border-radius-top-right:0px;--awb-border-radius-bottom-right:0px;--awb-border-radius-bottom-left:0px;--awb-padding-top:20px;--awb-padding-bottom:20px;--awb-flex-wrap:wrap;\" ><div class=\"fusion-builder-row fusion-row fusion-flex-align-items-flex-start fusion-flex-content-wrap\" style=\"max-width:1372.8px;margin-left: calc(-4% \/ 2 );margin-right: calc(-4% \/ 2 );\"><div class=\"fusion-layout-column fusion_builder_column fusion-builder-column-0 fusion_builder_column_2_3 2_3 fusion-flex-column\" style=\"--awb-bg-size:cover;--awb-width-large:66.666666666667%;--awb-margin-top-large:0px;--awb-spacing-right-large:3.84%;--awb-margin-bottom-large:20px;--awb-spacing-left-large:2.88%;--awb-width-medium:66.666666666667%;--awb-spacing-right-medium:3.84%;--awb-spacing-left-medium:2.88%;--awb-width-small:100%;--awb-spacing-right-small:1.92%;--awb-spacing-left-small:1.92%;\"><div class=\"fusion-column-wrapper fusion-flex-justify-content-flex-start fusion-content-layout-column\"><div class=\"fusion-image-element \" style=\"--awb-caption-title-font-family:var(--h2_typography-font-family);--awb-caption-title-font-weight:var(--h2_typography-font-weight);--awb-caption-title-font-style:var(--h2_typography-font-style);--awb-caption-title-size:var(--h2_typography-font-size);--awb-caption-title-transform:var(--h2_typography-text-transform);--awb-caption-title-line-height:var(--h2_typography-line-height);--awb-caption-title-letter-spacing:var(--h2_typography-letter-spacing);\"><span class=\" fusion-imageframe imageframe-none imageframe-1 hover-type-none\"><img decoding=\"async\" src=\"https:\/\/www.un.org\/unispal\/wp-content\/uploads\/2016\/06\/ngo-netowrk-hero-image.jpg\" alt class=\"img-responsive\"\/><\/span><\/div><p class=\"caption\">UN Photo\/PB<\/p><div class=\"fusion-title title fusion-title-1 fusion-title-text fusion-title-size-two\"><div class=\"title-sep-container title-sep-container-left fusion-no-large-visibility fusion-no-medium-visibility fusion-no-small-visibility\"><div class=\"title-sep sep-double sep-solid\" style=\"border-color:#e0dede;\"><\/div><\/div><span class=\"awb-title-spacer fusion-no-large-visibility fusion-no-medium-visibility fusion-no-small-visibility\"><\/span><h2 class=\"fusion-title-heading title-heading-left fusion-responsive-typography-calculated\" style=\"margin:0;--fontSize:18;--minFontSize:18;line-height:1.5;\">Aper\u00e7u<\/h2><span class=\"awb-title-spacer\"><\/span><div class=\"title-sep-container title-sep-container-right\"><div class=\"title-sep sep-double sep-solid\" style=\"border-color:#e0dede;\"><\/div><\/div><\/div><div class=\"fusion-text fusion-text-1\"><p>L&rsquo;Assembl\u00e9e g\u00e9n\u00e9rale des Nations Unies a charg\u00e9 le Comit\u00e9 pour l&rsquo;exercice des droits inali\u00e9nables du peuple palestinien \u00ab\u00a0<em>d&rsquo;apporter son concours et son soutien aux organisations de la soci\u00e9t\u00e9 civile palestiniennes et autres<\/em>\u00a0\u00bb. En application de ce mandat, un r\u00e9seau de plus d\u2019un millier d\u2019organisations de la soci\u00e9t\u00e9 civile ayant des activit\u00e9s li\u00e9es \u00e0 la question de Palestine dans toutes les r\u00e9gions du monde a \u00e9t\u00e9 constitu\u00e9 au fil des ans. Ce r\u00e9seau regroupe des organisations non gouvernementales (ONG) nationales et internationales, des organisations menant des activit\u00e9s politiques et humanitaires, des ONG s\u2019occupant de la d\u00e9fense des droits de l&rsquo;homme et de la promotion du d\u00e9veloppement \u00e9conomique et social, des associations caritatives, des associations de solidarit\u00e9 et d&rsquo;autres groupes apparent\u00e9s, des \u00e9glises, des \u00e9tablissements universitaires, des syndicats, des associations professionnelles ainsi que des organisations qui agissent en faveur des femmes, des enfants, des r\u00e9fugi\u00e9s et des d\u00e9tenus.<\/p>\n<\/div><div class=\"fusion-title title fusion-title-2 fusion-title-text fusion-title-size-two\" style=\"--awb-margin-top:20px;\"><div class=\"title-sep-container title-sep-container-left fusion-no-large-visibility fusion-no-medium-visibility fusion-no-small-visibility\"><div class=\"title-sep sep-double sep-solid\" style=\"border-color:#e0dede;\"><\/div><\/div><span class=\"awb-title-spacer fusion-no-large-visibility fusion-no-medium-visibility fusion-no-small-visibility\"><\/span><h2 class=\"fusion-title-heading title-heading-left fusion-responsive-typography-calculated\" style=\"margin:0;--fontSize:18;--minFontSize:18;line-height:1.5;\">Comment faire partie du r\u00e9seau<\/h2><span class=\"awb-title-spacer\"><\/span><div class=\"title-sep-container title-sep-container-right\"><div class=\"title-sep sep-double sep-solid\" style=\"border-color:#e0dede;\"><\/div><\/div><\/div><div class=\"fusion-text fusion-text-2\"><p>Pour faire partie du r\u00e9seau d\u2019organisations de la soci\u00e9t\u00e9 civile s\u2019occupant de la question de Palestine, les organisations doivent se faire accr\u00e9diter aupr\u00e8s du Comit\u00e9 pour l&rsquo;exercice des droits inali\u00e9nables du peuple palestinien. Les crit\u00e8res d&rsquo;accr\u00e9ditation sont les suivants:<\/p>\n<p>L&rsquo;organisation de la soci\u00e9t\u00e9 civile doit:<\/p>\n<ol>\n<li>\u00catre reconnue comme organisation locale, nationale ou internationale sans but lucratif;<\/li>\n<li>Souscrire \u00e0 la Charte des Nations Unies et aux principes du droit international et appuyer la r\u00e9alisation des droits inali\u00e9nables du peuple palestinien, en particulier son droit \u00e0 l\u2019autod\u00e9termination;<\/li>\n<li>D\u00e9montrer qu\u2019elle applique des programmes concrets ou entend s\u00e9rieusement appliquer de tels programmes aux fins de la r\u00e9alisation des droits inali\u00e9nables du peuple palestinien.<\/li>\n<\/ol>\n<p>Les organisations qui ne sont pas habilit\u00e9es \u00e0 mener des activit\u00e9s de sensibilisation mais dont les travaux \u00e0 caract\u00e8re humanitaire comprennent des programmes de d\u00e9veloppement en faveur du peuple palestinien, sont les bienvenues.<\/p>\n<p>Les organisations de la soci\u00e9t\u00e9 civile int\u00e9ress\u00e9es doivent adresser une <strong>demande d\u2019accr\u00e9ditation<\/strong> \u00e0 la Division des droits des Palestiniens du Secr\u00e9tariat de l&rsquo;ONU, qui la pr\u00e9sentera au Comit\u00e9 pour examen. Les organisations qui estiment, pour une raison ou pour une autre, ne pas r\u00e9pondre aux crit\u00e8res fix\u00e9s pour l\u2019accr\u00e9ditation mais qui ont manifest\u00e9 leur l\u2019int\u00e9r\u00eat pour les activit\u00e9s du Comit\u00e9 peuvent solliciter le statut d\u2019observateur. Les organisations de la soci\u00e9t\u00e9 civile dot\u00e9es du statut d\u2019observateur seront invit\u00e9es \u00e0 assister aux manifestations organis\u00e9es sous les auspices du Comit\u00e9. Elles pourront prendre la parole durant ces r\u00e9unions et conf\u00e9rences et seront inscrites sur la liste de distribution de la Division. Elles devront respecter les r\u00e8glements int\u00e9rieurs de l\u2019ONU, ainsi que les principes directeurs et les r\u00e8gles et pratiques \u00e9tablis par le Comit\u00e9, et rendre compte officieusement au Comit\u00e9, par l&rsquo;interm\u00e9diaire de la Division, des activit\u00e9s qu\u2019elles pr\u00e9voient ou entreprennent.<\/p>\n<\/div><\/div><\/div><div class=\"fusion-layout-column fusion_builder_column fusion-builder-column-1 fusion_builder_column_1_3 1_3 fusion-flex-column\" style=\"--awb-bg-size:cover;--awb-width-large:33.333333333333%;--awb-margin-top-large:0px;--awb-spacing-right-large:5.76%;--awb-margin-bottom-large:20px;--awb-spacing-left-large:3.84%;--awb-width-medium:33.333333333333%;--awb-spacing-right-medium:5.76%;--awb-spacing-left-medium:3.84%;--awb-width-small:100%;--awb-spacing-right-small:1.92%;--awb-spacing-left-small:1.92%;\"><div class=\"fusion-column-wrapper fusion-flex-justify-content-flex-start fusion-content-layout-column\"><div class=\"fusion-widget-area awb-widget-area-element fusion-widget-area-1 fusion-content-widget-area\" style=\"--awb-title-size:13px;--awb-title-color:#333333;--awb-padding:0px 0px 0px 0px;\"><div id=\"wp_views-2\" class=\"widget widget_wp_views\">\n\n\n<div id=\"wpv-view-layout-9905-TCPID4347\" class=\"js-wpv-view-layout js-wpv-layout-responsive js-wpv-view-layout-9905-TCPID4347\" data-viewnumber=\"9905-TCPID4347\" data-pagination=\"{&quot;id&quot;:&quot;9905&quot;,&quot;query&quot;:&quot;normal&quot;,&quot;type&quot;:&quot;disabled&quot;,&quot;effect&quot;:&quot;fade&quot;,&quot;duration&quot;:500,&quot;speed&quot;:5,&quot;pause_on_hover&quot;:&quot;disabled&quot;,&quot;stop_rollover&quot;:&quot;false&quot;,&quot;cache_pages&quot;:&quot;enabled&quot;,&quot;preload_images&quot;:&quot;enabled&quot;,&quot;preload_pages&quot;:&quot;enabled&quot;,&quot;preload_reach&quot;:1,&quot;spinner&quot;:&quot;builtin&quot;,&quot;spinner_image&quot;:&quot;https:\/\/www.un.org\/unispal\/fr\/wp-content\/plugins\/wp-views\/embedded\/res\/img\/ajax-loader.gif&quot;,&quot;callback_next&quot;:&quot;&quot;,&quot;manage_history&quot;:&quot;enabled&quot;,&quot;has_controls_in_form&quot;:&quot;disabled&quot;,&quot;infinite_tolerance&quot;:0,&quot;max_pages&quot;:0,&quot;page&quot;:1,&quot;base_permalink&quot;:&quot;\/unispal\/fr\/wp-json\/wp\/v2\/pages\/4347?wpv_view_count=9905-TCPID4347&amp;wpv_paged=WPV_PAGE_NUM&quot;,&quot;loop&quot;:{&quot;type&quot;:&quot;&quot;,&quot;name&quot;:&quot;&quot;,&quot;data&quot;:[],&quot;id&quot;:0}}\" data-permalink=\"\/unispal\/fr\/wp-json\/wp\/v2\/pages\/4347?wpv_view_count=9905-TCPID4347\">\n\n\t\n\t<!-- wpv-loop-start -->\n<div ID=\"side-list\">\n\t<ul class=\"wpv-loop js-wpv-loop\">\n      <li>\n        <a href=\"\/unispal\/fr\/civil-society\/\">Overview<\/a>\t\n      <\/li>\n\t\t\n\t\t\t<li>\n\t\t\t\t<a href=\"https:\/\/www.un.org\/unispal\/fr\/data-collection\/civil-society\/list-of-intl-civil-society-partners\/\">Liste des organisations de la soci\u00e9t\u00e9 civile partenaires du Comit\u00e9<\/a>\n\t\t\t<\/li>\n          \n\t\t\t<li>\n\t\t\t\t<a href=\"https:\/\/www.un.org\/unispal\/fr\/data-collection\/civil-society\/benefits-of-accreditation\/\">Avantages li\u00e9s \u00e0 l&rsquo;accr\u00e9ditation<\/a>\n\t\t\t<\/li>\n          \n\t\t\t<li>\n\t\t\t\t<a href=\"https:\/\/www.un.org\/unispal\/fr\/data-collection\/civil-society\/cspartner-accreditation-form\/\">Obtenir l&rsquo;accr\u00e9ditation<\/a>\n\t\t\t<\/li>\n          \n\t\t\t<li>\n\t\t\t\t<a href=\"https:\/\/www.un.org\/unispal\/fr\/data-collection\/civil-society\/civil-society-partners-responsibilities\/\">Responsabilit\u00e9s des partenaires de la soci\u00e9t\u00e9 civile<\/a>\n\t\t\t<\/li>\n          \n\t\t\t<li>\n\t\t\t\t<a href=\"https:\/\/www.un.org\/unispal\/fr\/data-collection\/civil-society\/ngo-action-news\/\">Bulletin<\/a>\n\t\t\t<\/li>\n          \n\t<\/ul>\n<\/div>\n\t<!-- wpv-loop-end -->\n<!--MO-->\n\t\n\t\n<\/div>\n<\/div><div class=\"fusion-additional-widget-content\"><\/div><\/div><\/div><\/div><\/div><\/div>\n","protected":false},"excerpt":{"rendered":"","protected":false},"author":3,"featured_media":0,"parent":5166,"menu_order":1,"comment_status":"closed","ping_status":"closed","template":"","meta":{"footnotes":""},"class_list":["post-4347","page","type-page","status-publish","hentry"],"_links":{"self":[{"href":"https:\/\/www.un.org\/unispal\/fr\/wp-json\/wp\/v2\/pages\/4347","targetHints":{"allow":["GET"]}}],"collection":[{"href":"https:\/\/www.un.org\/unispal\/fr\/wp-json\/wp\/v2\/pages"}],"about":[{"href":"https:\/\/www.un.org\/unispal\/fr\/wp-json\/wp\/v2\/types\/page"}],"author":[{"embeddable":true,"href":"https:\/\/www.un.org\/unispal\/fr\/wp-json\/wp\/v2\/users\/3"}],"replies":[{"embeddable":true,"href":"https:\/\/www.un.org\/unispal\/fr\/wp-json\/wp\/v2\/comments?post=4347"}],"version-history":[{"count":0,"href":"https:\/\/www.un.org\/unispal\/fr\/wp-json\/wp\/v2\/pages\/4347\/revisions"}],"up":[{"embeddable":true,"href":"https:\/\/www.un.org\/unispal\/fr\/wp-json\/wp\/v2\/pages\/5166"}],"wp:attachment":[{"href":"https:\/\/www.un.org\/unispal\/fr\/wp-json\/wp\/v2\/media?parent=4347"}],"curies":[{"name":"wp","href":"https:\/\/api.w.org\/{rel}","templated":true}]}}