  {"id":37735,"date":"2024-10-03T15:42:20","date_gmt":"2024-10-03T19:42:20","guid":{"rendered":"https:\/\/www.un.org\/unispal\/fr\/?page_id=37735"},"modified":"2024-10-03T17:24:27","modified_gmt":"2024-10-03T21:24:27","slug":"chronologie","status":"publish","type":"page","link":"https:\/\/www.un.org\/unispal\/fr\/chronologie\/","title":{"rendered":"Chronologie"},"content":{"rendered":"<p><span style=\"color: #00ccff\"><strong>La question de Palestine \u2013 Chronologie des \u00e9v\u00e9nements<\/strong><\/span><\/p>\n<p>&nbsp;<\/p>\n<p><strong>1885<\/strong> : Le terme \u00ab sionisme \u00bb est invent\u00e9 pour la premi\u00e8re fois par l\u2019\u00e9crivain viennois Nathan Birnbaum.<\/p>\n<p><strong>1896<\/strong> :\u00a0 Theodor Herzl, fondateur du mouvement sioniste, appelle \u00e0 la \u00abrestauration de l\u2019\u00c9tat juif\u00bb.<\/p>\n<p><strong>1897<\/strong> :\u00a0\u00a0 Le premier congr\u00e8s sioniste a lieu \u00e0 B\u00e2le, en Suisse, et la premi\u00e8re organisation sioniste est fond\u00e9e.<\/p>\n<p><strong>1907<\/strong> :\u00a0 Le leader sioniste Chaim Weizmann visite la Palestine.<\/p>\n<p><strong>1908<\/strong> :\u00a0 Le premier hebdomadaire palestinien antisioniste est publi\u00e9 par le chr\u00e9tien arabe Najib Nassar.<\/p>\n<p><strong>1915<\/strong> :\u00a0 Herbert Samuel, membre du cabinet britannique, appelle \u00e0 l&rsquo;annexion britannique de la Palestine dans un m\u00e9morandum \u00abL&rsquo;avenir de la Palestine\u00bb.<\/p>\n<p><strong>1916<\/strong> :\u00a0 Les puissances europ\u00e9ennes concluent un accord secret Sykes-Picot divisant les futures sph\u00e8res d&rsquo;influence sur les territoires de l&rsquo;Empire ottoman.<\/p>\n<p><strong>1917<\/strong> :\u00a0 La D\u00e9claration Balfour promet un \u00abfoyer national pour le peuple juif en Palestine\u00bb.<\/p>\n<p><strong>1919<\/strong> :\u00a0\u00a0 L&rsquo;\u00e9mir Fay\u00e7al pr\u00e9sente un m\u00e9morandum \u00e0 la Conf\u00e9rence de paix de Paris, exposant les arguments en faveur de l&rsquo;ind\u00e9pendance des pays arabes.<\/p>\n<p><strong>1922<\/strong> :\u00a0 La Soci\u00e9t\u00e9 des Nations accorde au Royaume-Uni un mandat sur l&rsquo;ancien territoire ottoman de la Palestine. Les dispositions reprennent les termes de la D\u00e9claration Balfour, notamment un \u00abfoyer national juif\u00bb.<\/p>\n<p><strong>1933<\/strong> :\u00a0 Emeute de Palestiniens face \u00e0 une augmentation soudaine de l\u2019immigration juive suite aux pers\u00e9cutions nazies en Allemagne.<\/p>\n<p><strong>1936-1939<\/strong> :\u00a0 R\u00e9bellion palestinienne contre le mandat britannique et l&rsquo;immigration juive.<\/p>\n<p><strong>1937<\/strong> :\u00a0 Le rapport de la Commission britannique Peel reconna\u00eet publiquement les termes irr\u00e9conciliables du conflit et recommande la partition de la Palestine.<\/p>\n<p><strong>1939<\/strong> :\u00a0 Le Royaume-Uni publie un Livre blanc limitant l\u2019immigration juive.<\/p>\n<p><strong>1942<\/strong> :\u00a0 Les sionistes am\u00e9ricains se r\u00e9unissent \u00e0 New York et adoptent le \u00abprogramme Biltmore\u00bb, appelant \u00e0 l\u2019\u00e9tablissement de la Palestine en tant que Commonwealth juif et \u00e0 une immigration illimit\u00e9e.<\/p>\n<p><strong>1947<\/strong> :\u00a0 En f\u00e9vrier, le Royaume-Uni propose de renoncer \u00e0 son r\u00f4le mandataire et soumet la question de Palestine \u00e0 l&rsquo;ONU.<\/p>\n<p>En septembre, le Comit\u00e9 sp\u00e9cial des Nations Unies sur la Palestine (UNSCOP) publie un rapport \u00e0 l&rsquo;Assembl\u00e9e g\u00e9n\u00e9rale contenant des projets de partition ou de cr\u00e9ation d&rsquo;un \u00c9tat f\u00e9d\u00e9ral en Palestine.<\/p>\n<p>En novembre, l\u2019Assembl\u00e9e g\u00e9n\u00e9rale des Nations Unies adopte la r\u00e9solution 181(II) qui appelle \u00e0 diviser la Palestine en un \u00ab \u00c9tat juif \u00bb sans nom et un \u00ab \u00c9tat arabe \u00bb sans nom, J\u00e9rusalem \u00e9tant sous tutelle de l\u2019ONU.<\/p>\n<p><strong>1948<\/strong> : En avril\u00a0: Massacre de Deir Yassin.Des groupes paramilitaires sionistes tuent des centaines d&rsquo;Arabes palestiniens \u00e0 Deir Yassin, un village proche de J\u00e9rusalem.<\/p>\n<p>Mai :\u00a0 La Grande-Bretagne met fin \u00e0 son mandat sur la Palestine et Isra\u00ebl d\u00e9clare son ind\u00e9pendance le 15 mai. Premier d\u00e9placement \u00e0 grande \u00e9chelle de r\u00e9fugi\u00e9s palestiniens. Le 15 mai devient une journ\u00e9e officielle pour marquer la Nakba (catastrophe ) palestinienne.<\/p>\n<p>La premi\u00e8re guerre isra\u00e9lo-arabe \u00e9clate lorsque cinq nations arabes \u2013 l\u2019\u00c9gypte, la Transjordanie (Jordanie), l\u2019Irak, la Syrie et le Liban \u2013envahissent pour la premi\u00e8re fois les zones du sud et de l\u2019est de la Palestine, non attribu\u00e9es \u00e0 l\u2019\u00c9tat juif par la partition de la Palestine par l\u2019ONU, et plus tard, J\u00e9rusalem-Est.<\/p>\n<p>Le comte Folke Bernadotte a \u00e9t\u00e9 nomm\u00e9 m\u00e9diateur de l&rsquo;ONU en Palestine par l&rsquo;Assembl\u00e9e g\u00e9n\u00e9rale de l&rsquo;ONU. Il est assassin\u00e9 quatre mois plus tard par un groupe militant sioniste.<\/p>\n<p>Le Conseil de s\u00e9curit\u00e9 cr\u00e9e un groupe d&rsquo;observateurs militaires pour superviser cette t\u00e2che, qui deviendra plus tard l&rsquo;ONUST.<\/p>\n<p>Novembre :\u00a0 L&rsquo;ONU cr\u00e9e un fonds sp\u00e9cial pour venir en aide \u00e0 plus de 500 000 r\u00e9fugi\u00e9s palestiniens.<\/p>\n<p>D\u00e9cembre\u00a0: \u00a0\u00a0L&rsquo;Assembl\u00e9e g\u00e9n\u00e9rale de l&rsquo;ONU adopte la r\u00e9solution 194 appelant au retour des r\u00e9fugi\u00e9s, \u00e0 J\u00e9rusalem sous r\u00e9gime international, et \u00e0 la Commission de conciliation de l&rsquo;ONU pour la Palestine (UNCCP) qui remplace le m\u00e9diateur de l&rsquo;ONU.<\/p>\n<p><strong>1949<\/strong>\u00a0: f\u00e9vrier-juillet:\u00a0 Isra\u00ebl signe des accords d&rsquo;armistice avec l&rsquo;\u00c9gypte , la Jordanie , le Liban et la Syrie.<\/p>\n<p>Avril :\u00a0 La Commission de conciliation de l&rsquo;ONU convoque la Conf\u00e9rence de Lausanne pour r\u00e9concilier les parties.<\/p>\n<p>Mai : L&rsquo;AGNU adopte la r\u00e9solution 273 (III) admettant Isra\u00ebl comme membre de l&rsquo;ONU.<\/p>\n<p>D\u00e9cembre :\u00a0\u00a0 L&rsquo;ONU cr\u00e9e l&rsquo;UNRWA pour remplacer l&rsquo;UNRPR (R\u00e9solution 302 (IV) de l&rsquo;Assembl\u00e9e g\u00e9n\u00e9rale).<\/p>\n<p><strong>1950<\/strong> :\u00a0 Isra\u00ebl d\u00e9place sa capitale de Tel Aviv vers la partie ouest de J\u00e9rusalem, au m\u00e9pris des r\u00e9solutions de l&rsquo;ONU, et la Cisjordanie est officiellement plac\u00e9e sous contr\u00f4le jordanien.<\/p>\n<p><strong>1964<\/strong> : L&rsquo;Organisation de lib\u00e9ration de la Palestine (OLP) est fond\u00e9e au Caire.<\/p>\n<p><strong>1967<\/strong> :\u00a0 Guerre des Six Jours : Isra\u00ebl occupe la Cisjordanie, y compris J\u00e9rusalem-Est, Gaza, le plateau du Golan et la p\u00e9ninsule du Sina\u00ef.<\/p>\n<p>En novembre, le Conseil de s\u00e9curit\u00e9 de l&rsquo;ONU adopte \u00e0 l&rsquo;unanimit\u00e9 la r\u00e9solution 242 (Terre contre paix).<\/p>\n<p><strong>1968<\/strong> :\u00a0 Cr\u00e9ation du Comit\u00e9 sp\u00e9cial des Nations Unies charg\u00e9 d&rsquo;enqu\u00eater sur les pratiques isra\u00e9liennes affectant les droits humains du peuple palestinien et des autres Arabes des territoires occup\u00e9s.<\/p>\n<p><strong>1973<\/strong> :\u00a0 Suite \u00e0 la guerre au Moyen-Orient d&rsquo;octobre, le Conseil de s\u00e9curit\u00e9 de l&rsquo;ONU adopte la r\u00e9solution 338 appelant au cessez-le-feu et \u00e0 la mise en \u0153uvre de la r\u00e9solution 242, et \u00e0 des n\u00e9gociations entre parties.<\/p>\n<p><strong>1974<\/strong> :\u00a0 L\u2019Assembl\u00e9e g\u00e9n\u00e9rale des Nations Unies et la Ligue arabe reconnaissent l&rsquo;OLP comme seul repr\u00e9sentant l\u00e9gitime du peuple palestinien.<\/p>\n<p>L&rsquo;Assembl\u00e9e g\u00e9n\u00e9rale r\u00e9affirme les droits inali\u00e9nables du peuple palestinien \u00e0 l&rsquo;autod\u00e9termination, \u00e0 l&rsquo;ind\u00e9pendance et \u00e0 la souverainet\u00e9, ainsi qu&rsquo;au retour des r\u00e9fugi\u00e9s (r\u00e9solution 3236 ).<\/p>\n<p><strong>1975<\/strong> :\u00a0 En 1975, le Comit\u00e9 pour l&rsquo;exercice des droits inali\u00e9nables du peuple palestinien (CEIRPP) est fond\u00e9 par la r\u00e9solution 3376 de l&rsquo;AGNU.<\/p>\n<p><strong>1976<\/strong> : Le CEIRPP soumet son programme au Conseil de s\u00e9curit\u00e9 et \u00e0 l&rsquo;Assembl\u00e9e g\u00e9n\u00e9rale pour permettre aux Palestiniens d&rsquo;exercer leurs droits inali\u00e9nables.<\/p>\n<p><strong>1977<\/strong> :\u00a0 Conform\u00e9ment \u00e0 la r\u00e9solution 32\/40 B de l&rsquo;AGNU, la Journ\u00e9e internationale de solidarit\u00e9 avec le peuple palestinien est c\u00e9l\u00e9br\u00e9e chaque ann\u00e9e le 29 novembre.<\/p>\n<p><strong>1978<\/strong> :\u00a0 Apr\u00e8s deux semaines de n\u00e9gociations secr\u00e8tes \u00e0 Camp David (\u00c9tats-Unis), le Pr\u00e9sident \u00e9gyptien et le Premier ministre isra\u00e9lien s&rsquo;accordent sur un cadre pour la paix au Moyen-Orient .<\/p>\n<p><strong>1979<\/strong> :\u00a0\u00a0 L&rsquo;AGNU red\u00e9signe l&rsquo;Unit\u00e9 sp\u00e9ciale sur les droits des Palestiniens en Division des droits des Palestiniens (R\u00e9solution 34\/65 D).<\/p>\n<p><strong>1980<\/strong> :\u00a0 la Knesset isra\u00e9lienne promulgue la \u00ab Loi fondamentale \u00bb sur J\u00e9rusalem, proclamant que \u00ab J\u00e9rusalem enti\u00e8re et unie \u00bb est la capitale d&rsquo;Isra\u00ebl; le Conseil de s\u00e9curit\u00e9 et la r\u00e9solution 35\/169 E de l&rsquo;Assembl\u00e9e g\u00e9n\u00e9rale censurent cette loi.<\/p>\n<p><strong>1981<\/strong> :\u00a0 L&rsquo;UNESCO ajoute la vieille ville de J\u00e9rusalem \u00e0 la liste du patrimoine mondial de l&rsquo;UNESCO.<\/p>\n<p>Le Conseil de s\u00e9curit\u00e9 de l&rsquo;ONU adopte la r\u00e9solution 497, appelant Isra\u00ebl \u00e0 annuler son action visant \u00e0 annexer le plateau du Golan.<\/p>\n<p><strong>1982<\/strong> :\u00a0 Isra\u00ebl envahit le Liban avec l&rsquo;intention d&rsquo;\u00e9liminer l&rsquo;OLP. Apr\u00e8s un cessez-le-feu, les forces de l&rsquo;OLP se retirent vers les pays voisins. Malgr\u00e9 les garanties de s\u00e9curit\u00e9 pour les r\u00e9fugi\u00e9s palestiniens rest\u00e9s sur place, des massacres ont lieu dans les camps de Sabra et Chatila.<\/p>\n<p><strong>1987<\/strong> :\u00a0 D\u00e9but de la premi\u00e8re \u00ab Intifada \u00bb dans le camp de r\u00e9fugi\u00e9s de Jabaliya, dans la bande de Gaza.<\/p>\n<p><strong>1988<\/strong> :\u00a0 En juillet, la Jordanie renonce \u00e0 ses revendications sur la Cisjordanie et reconna\u00eet l\u2019OLP comme \u00ab le seul repr\u00e9sentant l\u00e9gitime du peuple palestinien \u00bb.<\/p>\n<p>En novembre, \u00e0 Alger, le Conseil national palestinien adopte la d\u00e9claration d&rsquo;ind\u00e9pendance de l&rsquo;\u00c9tat de Palestine.<\/p>\n<p>En d\u00e9cembre, le pr\u00e9sident de l&rsquo;OLP, Yasser Arafat, s&rsquo;adresse \u00e0 l&rsquo;ONU \u00e0 Gen\u00e8ve. Il d\u00e9clare que le Conseil national palestinien accepte les r\u00e9solutions 242 et 338 du Conseil de s\u00e9curit\u00e9 des Nations Unies.<\/p>\n<p><strong>1991<\/strong> :\u00a0 La conf\u00e9rence de paix au Moyen-Orient \u00e0 Madrid rassemble toutes les parties au conflit isra\u00e9lo-arabe.<\/p>\n<p><strong>1993<\/strong> :\u00a0 Isra\u00ebl et l&rsquo;OLP signent la D\u00e9claration de principes sur les arrangements int\u00e9rimaires d&rsquo;autonomie gouvernementale, \u00e9galement connue sous le nom d&rsquo;accords d&rsquo;Oslo. Plusieurs questions relatives au \u00ab statut permanent \u00bb sont report\u00e9es \u00e0 de futures n\u00e9gociations.<\/p>\n<p><strong>1994<\/strong> :\u00a0\u00a0 Le Bureau du Coordonnateur sp\u00e9cial des Nations Unies dans les territoires occup\u00e9s (UNSCO) est cr\u00e9\u00e9 et Mr Terje Roed-Larsen, de la Norv\u00e8ge, est nomm\u00e9 premier Coordonnateur sp\u00e9cial des Nations Unies.<\/p>\n<p><strong>1995<\/strong> :\u00a0 Isra\u00ebl et l&rsquo;OLP signent l&rsquo;accord int\u00e9rimaire palestino-isra\u00e9lien sur la Cisjordanie et la bande de Gaza (\u00ab Oslo II) \u00bb.<\/p>\n<p><strong>1996<\/strong> :\u00a0 \u00e9lections g\u00e9n\u00e9rales palestiniennes.<\/p>\n<p><strong>1997<\/strong> :\u00a0 Isra\u00ebl et l&rsquo;OLP signent le Protocole d\u2019H\u00e9bron.<\/p>\n<p><strong>1998<\/strong> :\u00a0 Isra\u00ebl et l&rsquo;OLP signent le m\u00e9morandum de Wye River, qui comprend des mesures visant \u00e0 faciliter la mise en \u0153uvre des accords pr\u00e9c\u00e9dents.<\/p>\n<p><strong>2000<\/strong> :\u00a0 En juillet, le pr\u00e9sident am\u00e9ricain Clinton accepte le sommet de paix au Moyen-Orient \u00e0 Camp David qui se conclut sans accord.<\/p>\n<p>La visite d&rsquo;Ariel Sharon \u00e0 al-Haram al-Sharif en septembre 2000 d\u00e9clenche la deuxi\u00e8me Intifada palestinienne.<\/p>\n<p><strong>2001<\/strong> :\u00a0\u00a0 Le pr\u00e9sident am\u00e9ricain sortant Clinton propose les param\u00e8tres Clinton pour un accord sur le statut permanent afin de r\u00e9soudre le conflit isra\u00e9lo-palestinien.<\/p>\n<p>Peu de temps apr\u00e8s, le sommet de Taba se tient entre Isra\u00ebl et l&rsquo;Autorit\u00e9 palestinienne mais ne parvient pas \u00e0 r\u00e9soudre la question du \u00ab statut permanent \u00bb.<\/p>\n<p><strong>2002<\/strong> :\u00a0 Le Conseil de s\u00e9curit\u00e9 de l&rsquo;ONU adopte la r\u00e9solution 1397 affirmant la vision d&rsquo;une solution \u00e0 deux \u00c9tats au conflit. Le Quatuor, compos\u00e9 de l&rsquo;ONU, de l&rsquo;UE, des \u00c9tats-Unis et de la Russie, a pour mandat de contribuer \u00e0 la m\u00e9diation du conflit isra\u00e9lo-palestinien et de soutenir le d\u00e9veloppement \u00e9conomique et le renforcement des institutions palestiniennes.<\/p>\n<p>Lors d&rsquo;un sommet \u00e0 Beyrouth, la Ligue des \u00c9tats arabes a adopt\u00e9 l\u2019Initiative de paix arabe.<\/p>\n<p><strong>2003<\/strong> :\u00a0\u00a0 La Feuille de route pour la paix est publi\u00e9e par le Quatuor et est approuv\u00e9e par le Conseil de s\u00e9curit\u00e9 dans la r\u00e9solution 1515.<\/p>\n<p><strong>2004<\/strong> :\u00a0 La Cour internationale de Justice (CIJ) rend un avis consultatif sur la l\u00e9galit\u00e9 de la construction d&rsquo;un mur dans le Territoire palestinien occup\u00e9.<\/p>\n<p><strong>2006<\/strong> :\u00a0 En janvier, le Hamas remporte les \u00e9lections l\u00e9gislatives palestiniennes et forme le gouvernement de l\u2019Autorit\u00e9 palestinienne. Le Quatuor r\u00e9pond avec les Principes du Quatuor.<\/p>\n<p>En juillet, Isra\u00ebl entre en guerre contre le Hezbollah au Liban.<\/p>\n<p><strong>2007<\/strong> : Isra\u00ebl impose un blocus sur la bande de Gaza apr\u00e8s une prise de contr\u00f4le arm\u00e9e de Gaza par le Hamas.<\/p>\n<p>En novembre, la Conf\u00e9rence d&rsquo;Annapolis se termine avec la publication d&rsquo;une d\u00e9claration commune par les parties s&rsquo;engageant \u00e0 mettre imm\u00e9diatement en \u0153uvre leurs obligations respectives au titre de la Feuille de route et \u00e0 \u0153uvrer en faveur d&rsquo;un trait\u00e9 de paix d&rsquo;ici la fin de 2008.<\/p>\n<p><strong>2008<\/strong> :\u00a0 Isra\u00ebl \u00e9tend ses sanctions et boucle compl\u00e8tement la bande de Gaza.<\/p>\n<p>Plus tard dans l\u2019ann\u00e9e, Isra\u00ebl lance \u00ab l\u2019Op\u00e9ration Plomb Durci \u00bb, une attaque militaire de 22 jours sur la bande de Gaza.<\/p>\n<p><strong>2009<\/strong> :\u00a0 Le Conseil de s\u00e9curit\u00e9 adopte la r\u00e9solution 1860 appelant \u00e0 un cessez-le-feu \u00e0 Gaza. Le CDH cr\u00e9e la Mission d&rsquo;enqu\u00eate des Nations Unies sur le conflit de Gaza pour enqu\u00eater sur les violations du droit international humanitaire et des droits de l&rsquo;homme. Leurs conclusions sont publi\u00e9es dans le \u00ab Rapport Goldstone \u00bb.<\/p>\n<p><strong>2012<\/strong> :\u00a0 En novembre, Isra\u00ebl lance \u00ab Pilier de d\u00e9fense \u00bb, une op\u00e9ration militaire de 8 jours contre la bande de Gaza.<\/p>\n<p>Plus tard dans le mois, l&rsquo;Assembl\u00e9e g\u00e9n\u00e9rale adopte la r\u00e9solution 67\/19 accordant \u00e0 la Palestine le statut d&rsquo;\u00c9tat observateur non-membre aupr\u00e8s de l&rsquo;ONU.<\/p>\n<p><strong>2013<\/strong> :\u00a0 Des n\u00e9gociations directes entre Isra\u00ebl et la Palestine ont lieu \u00e0 la suite d&rsquo;une initiative du secr\u00e9taire d&rsquo;\u00c9tat am\u00e9ricain John Kerry visant \u00e0 relancer le processus de paix.<\/p>\n<p><strong>2014<\/strong> :\u00a0 Isra\u00ebl lance une op\u00e9ration militaire \u00e0 grande \u00e9chelle baptis\u00e9e \u00ab Bordure protectrice \u00bb sur la bande de Gaza.<\/p>\n<p><strong>2016<\/strong> :\u00a0 Le Conseil de s\u00e9curit\u00e9 de l&rsquo;ONU adopte la r\u00e9solution 2334, d\u00e9clarant que l&rsquo;activit\u00e9 de colonisation d&rsquo;Isra\u00ebl constitue une \u00ab violation flagrante\u00bb du droit international et n&rsquo;a \u00abaucune validit\u00e9 juridique\u00bb.<\/p>\n<p><strong>2017<\/strong> :\u00a0 Le Pr\u00e9sident am\u00e9ricain Trump annonce que les \u00c9tats-Unis reconna\u00eetront J\u00e9rusalem comme capitale d&rsquo;Isra\u00ebl.<\/p>\n<p><strong>2018<\/strong> :\u00a0\u00a0 L&rsquo;ambassade am\u00e9ricaine en Isra\u00ebl est transf\u00e9r\u00e9e de Tel-Aviv \u00e0 J\u00e9rusalem.<\/p>\n<p><strong>2020<\/strong> :\u00a0 Le Pr\u00e9sident am\u00e9ricain Trump aide \u00e0 n\u00e9gocier les accords d&rsquo;Abraham pour normaliser les relations d&rsquo;Isra\u00ebl avec certains \u00c9tats arabes et propose un plan de paix .<\/p>\n<p><strong>2022<\/strong> : L&rsquo;Assembl\u00e9e g\u00e9n\u00e9rale adopte la r\u00e9solution A\/RES\/77\/23 demandant au Comit\u00e9 des droits inali\u00e9nables du peuple palestinien de comm\u00e9morer la Nakba pour la premi\u00e8re fois dans l&rsquo;histoire de l&rsquo;ONU.<\/p>\n<p><strong>2023<\/strong> : Isra\u00ebl lance \u00abl\u2019op\u00e9ration \u00c9p\u00e9es de fer\u00bb contre Gaza suite \u00e0 l\u2019attaque du Hamas. L&rsquo;Afrique du Sud engage une proc\u00e9dure contre Isra\u00ebl devant la CIJ pour g\u00e9nocide.<\/p>\n<p><strong>2024<\/strong> : L&rsquo;avis consultatif de la Cour internationale de Justice d\u00e9clare ill\u00e9gale l&rsquo;occupation isra\u00e9lienne. L&rsquo;Assembl\u00e9e g\u00e9n\u00e9rale exige la fin de l&rsquo;occupation dans les 12 mois.<\/p>\n<p>&nbsp;<\/p>\n","protected":false},"excerpt":{"rendered":"<p>La question de Palestine \u2013 Chronologie des \u00e9v\u00e9nements &nbsp; 1885 : Le terme \u00ab sionisme \u00bb est invent\u00e9 pour la premi\u00e8re fois par l\u2019\u00e9crivain viennois Nathan Birnbaum. 1896 :\u00a0 Theodor Herzl, fondateur du mouvement sioniste, appelle \u00e0 la \u00abrestauration de l\u2019\u00c9tat juif\u00bb. 1897 :\u00a0\u00a0 Le premier congr\u00e8s sioniste a lieu \u00e0 B\u00e2le, en Suisse, et <a href=\"https:\/\/www.un.org\/unispal\/fr\/chronologie\/\"> [&#8230;]<\/a><\/p>\n","protected":false},"author":301,"featured_media":0,"parent":0,"menu_order":0,"comment_status":"closed","ping_status":"closed","template":"","meta":{"footnotes":""},"class_list":["post-37735","page","type-page","status-publish","hentry"],"_links":{"self":[{"href":"https:\/\/www.un.org\/unispal\/fr\/wp-json\/wp\/v2\/pages\/37735","targetHints":{"allow":["GET"]}}],"collection":[{"href":"https:\/\/www.un.org\/unispal\/fr\/wp-json\/wp\/v2\/pages"}],"about":[{"href":"https:\/\/www.un.org\/unispal\/fr\/wp-json\/wp\/v2\/types\/page"}],"author":[{"embeddable":true,"href":"https:\/\/www.un.org\/unispal\/fr\/wp-json\/wp\/v2\/users\/301"}],"replies":[{"embeddable":true,"href":"https:\/\/www.un.org\/unispal\/fr\/wp-json\/wp\/v2\/comments?post=37735"}],"version-history":[{"count":11,"href":"https:\/\/www.un.org\/unispal\/fr\/wp-json\/wp\/v2\/pages\/37735\/revisions"}],"predecessor-version":[{"id":37752,"href":"https:\/\/www.un.org\/unispal\/fr\/wp-json\/wp\/v2\/pages\/37735\/revisions\/37752"}],"wp:attachment":[{"href":"https:\/\/www.un.org\/unispal\/fr\/wp-json\/wp\/v2\/media?parent=37735"}],"curies":[{"name":"wp","href":"https:\/\/api.w.org\/{rel}","templated":true}]}}