  {"id":37308,"date":"2021-06-14T16:52:58","date_gmt":"2021-06-14T20:52:58","guid":{"rendered":"https:\/\/www.un.org\/unispal\/fr\/?page_id=37308"},"modified":"2021-06-14T16:57:33","modified_gmt":"2021-06-14T20:57:33","slug":"chair-statements","status":"publish","type":"page","link":"https:\/\/www.un.org\/unispal\/fr\/about-unispal\/committee\/chair-statements\/","title":{"rendered":"D\u00e9clarations du Pr\u00e9sident du Comit\u00e9"},"content":{"rendered":"<h2 style=\"text-align: center;\"><strong>D\u00e9clarations du Pr\u00e9sident du Comit\u00e9 pour l&rsquo;exercice des droits inali\u00e9nables du peuple palestinien (lors des d\u00e9bats publics du Conseil de s\u00e9curit\u00e9 sur la situation au Moyen-Orient, y compris les questions de Palestine, et \u00e0 l&rsquo;Assembl\u00e9e g\u00e9n\u00e9rale) et du Bureau du Comit\u00e9<\/strong><\/h2>\n<h3><a href=\"https:\/\/www.un.org\/unispal\/committee\/chair-statements\/\">D\u00e9clarations<\/a><\/h3>\n","protected":false},"excerpt":{"rendered":"<p>D\u00e9clarations du Pr\u00e9sident du Comit\u00e9 pour l&rsquo;exercice des droits inali\u00e9nables du peuple palestinien (lors des d\u00e9bats publics du Conseil de s\u00e9curit\u00e9 sur la situation au Moyen-Orient, y compris les questions de Palestine, et \u00e0 l&rsquo;Assembl\u00e9e g\u00e9n\u00e9rale) et du Bureau du Comit\u00e9 D\u00e9clarations<\/p>\n","protected":false},"author":281,"featured_media":0,"parent":159,"menu_order":0,"comment_status":"closed","ping_status":"closed","template":"","meta":{"footnotes":""},"class_list":["post-37308","page","type-page","status-publish","hentry"],"_links":{"self":[{"href":"https:\/\/www.un.org\/unispal\/fr\/wp-json\/wp\/v2\/pages\/37308","targetHints":{"allow":["GET"]}}],"collection":[{"href":"https:\/\/www.un.org\/unispal\/fr\/wp-json\/wp\/v2\/pages"}],"about":[{"href":"https:\/\/www.un.org\/unispal\/fr\/wp-json\/wp\/v2\/types\/page"}],"author":[{"embeddable":true,"href":"https:\/\/www.un.org\/unispal\/fr\/wp-json\/wp\/v2\/users\/281"}],"replies":[{"embeddable":true,"href":"https:\/\/www.un.org\/unispal\/fr\/wp-json\/wp\/v2\/comments?post=37308"}],"version-history":[{"count":0,"href":"https:\/\/www.un.org\/unispal\/fr\/wp-json\/wp\/v2\/pages\/37308\/revisions"}],"up":[{"embeddable":true,"href":"https:\/\/www.un.org\/unispal\/fr\/wp-json\/wp\/v2\/pages\/159"}],"wp:attachment":[{"href":"https:\/\/www.un.org\/unispal\/fr\/wp-json\/wp\/v2\/media?parent=37308"}],"curies":[{"name":"wp","href":"https:\/\/api.w.org\/{rel}","templated":true}]}}