  {"id":37051,"date":"2021-05-14T12:54:25","date_gmt":"2021-05-14T16:54:25","guid":{"rendered":"https:\/\/www.un.org\/unispal\/fr\/?page_id=37051"},"modified":"2021-05-14T12:58:31","modified_gmt":"2021-05-14T16:58:31","slug":"faits-et-chiffres","status":"publish","type":"page","link":"https:\/\/www.un.org\/unispal\/fr\/faits-et-chiffres\/","title":{"rendered":"Faits et chiffres"},"content":{"rendered":"<div class=\"fusion-fullwidth fullwidth-box fusion-builder-row-1 fusion-flex-container nonhundred-percent-fullwidth non-hundred-percent-height-scrolling\" style=\"--awb-border-radius-top-left:0px;--awb-border-radius-top-right:0px;--awb-border-radius-bottom-right:0px;--awb-border-radius-bottom-left:0px;--awb-flex-wrap:wrap;\" ><div class=\"fusion-builder-row fusion-row fusion-flex-align-items-flex-start fusion-flex-content-wrap\" style=\"max-width:1372.8px;margin-left: calc(-4% \/ 2 );margin-right: calc(-4% \/ 2 );\"><div class=\"fusion-layout-column fusion_builder_column fusion-builder-column-0 fusion_builder_column_1_1 1_1 fusion-flex-column\" style=\"--awb-bg-size:cover;--awb-width-large:100%;--awb-margin-top-large:0px;--awb-spacing-right-large:1.92%;--awb-margin-bottom-large:20px;--awb-spacing-left-large:1.92%;--awb-width-medium:100%;--awb-order-medium:0;--awb-spacing-right-medium:1.92%;--awb-spacing-left-medium:1.92%;--awb-width-small:100%;--awb-order-small:0;--awb-spacing-right-small:1.92%;--awb-spacing-left-small:1.92%;\"><div class=\"fusion-column-wrapper fusion-column-has-shadow fusion-flex-justify-content-flex-start fusion-content-layout-column\"><div class=\"fusion-text fusion-text-1\"><h3><strong>Occupation isra\u00e9lienne du Territoire palestinien<\/strong><\/h3>\n<h4>Faits et chiffres<\/h4>\n<\/div><div class=\"fusion-text fusion-text-2\"><ul>\n<li><strong>Territoire\u00a0: bande de Gaza (365 km\u00b2) et Cisjordanie (environ 5\u00a0655 km\u00b2), y compris J\u00e9rusalem-Est.<\/strong> <em>(Source\u00a0: Bureau de la coordination des affaires humanitaires (OCHA\u00a0: Humanitarian Atlas Occupied Palestinian Territory 2019)<\/em><\/li>\n<li><strong>Pourcentage de la Cisjordanie interdit aux Palestiniens\u00a0: 61%.<\/strong> <a href=\"#_ftn1\" name=\"_ftnref1\">[1]<\/a><em>(Source\u00a0: OCHA, zone C, 2021)<\/em><\/li>\n<li><strong>Mur de s\u00e9paration en Cisjordanie\u00a0: longueur totale pr\u00e9vue\u00a0: 712 km; 65,3\u00a0% de la structure a \u00e9t\u00e9 construite, dont 85\u00a0% \u00e0 l\u2019int\u00e9rieur de la Cisjordanie.<\/strong><em> (Source\u00a0: OCHA, informations actualis\u00e9es sur la barri\u00e8re de s\u00e9paration, 2021)<\/em><\/li>\n<li><strong>Population palestinienne dans le Territoire palestinien occup\u00e9\u00a0: 4,8 millions (1,9\u00a0million \u00e0 Gaza, 2,9 millions en Cisjordanie).<\/strong><em> (Source\u00a0: OCHA, Occupied Palestinian Territory \u2013 Humanitarian Atlas, 2019)<\/em><\/li>\n<li><strong>R\u00e9fugi\u00e9s palestiniens enregistr\u00e9s aupr\u00e8s de l\u2019UNRWA\u00a0: 5,6 millions (1,4 million \u00e0 Gaza, 858 000 en Cisjordanie, 2,2 millions en Jordanie, 476 000 au Liban et 562 000 en Syrie) en d\u00e9cembre 2019.<\/strong> <em>(Source\u00a0: UNRWA in Figures)<\/em><\/li>\n<li><strong>Colons isra\u00e9liens dans le Territoire palestinien occup\u00e9, y compris J\u00e9rusalem-Est\u00a0: environ 630 000 dans 150 implantations \u00e9tablies en Cisjordanie depuis 1967 et 128 \u00ab\u00a0avant-postes de colonies\u00a0\u00bb \u00e9rig\u00e9s sans autorisation officielle isra\u00e9lienne.<\/strong> <em>(Sources\u00a0: \u00ab\u00a0Rapport sur l\u2019assistance de la CNUCED au peuple palestinien\u00a0: \u00e9volution de l\u2019\u00e9conomie du Territoire palestinien occup\u00e9\u00a0\u00bb, ao\u00fbt 2020\u00a0; OCHA, Territoire palestinien occup\u00e9, aper\u00e7u des besoins humanitaires 2021, d\u00e9cembre 2020)<\/em><\/li>\n<li><strong>Barrages routiers et points de contr\u00f4le isra\u00e9liens entravant la circulation des Palestiniens en Cisjordanie\u00a0: 593, la plupart visant \u00e0 prot\u00e9ger les colons isra\u00e9liens.<\/strong> <em>(Source\u00a0: OCHA, Territoire palestinien occup\u00e9, aper\u00e7u des besoins humanitaires 2021, d\u00e9cembre 2020)<\/em><\/li>\n<li><strong>D\u00e9c\u00e8s li\u00e9s au conflit 2011-2021\u00a0: 3 572 Palestiniens, 198 Isra\u00e9liens, dont 806 enfants palestiniens et 14 enfants isra\u00e9liens.<\/strong> <em>(Sources\u00a0: OCHA, publications \u00ab\u00a0Special Focus\u00a0\u00bb, Base de donn\u00e9es en ligne sur la protection des civils)<\/em><\/li>\n<li><strong>PIB par habitant dans le Territoire palestinien occup\u00e9\u00a0: 3 463,3 dollars am\u00e9ricains, 2019.<\/strong> <em>(Sources\u00a0: Banque mondiale, publications sur les territoires palestiniens, octobre 2020\u00a0; Fonds mon\u00e9taire international, \u00ab\u00a0Perspectives de l\u2019\u00e9conomie mondiale\u00a0\u00bb) contre <strong>43 592 dollars am\u00e9ricains<\/strong> en Isra\u00ebl<\/em><\/li>\n<li><strong>Taux de pauvret\u00e9 dans le Territoire palestinien occup\u00e9\u00a0: 36\u00a0% en Cisjordanie, y compris J\u00e9rusalem-Est, et 64\u00a0% \u00e0 Gaza (estimations de 2021).<\/strong> <em>(Source\u00a0: OCHA, Territoire palestinien occup\u00e9, aper\u00e7u des besoins humanitaires 2021, d\u00e9cembre 2020) <\/em><\/li>\n<li><strong>Eau\u00a0: le taux de consommation d\u2019eau par habitant dans le Territoire palestinien occup\u00e9 est inf\u00e9rieur au niveau de 100 litres par habitant recommand\u00e9 par la communaut\u00e9 internationale. Isra\u00ebl contr\u00f4le 85\u00a0% des ressources palestiniennes en eau.<\/strong> <em>(Source\u00a0: \u00ab\u00a0Rapport sur l\u2019assistance de la CNUCED au peuple palestinien\u00a0: \u00e9volution de l\u2019\u00e9conomie du Territoire palestinien occup\u00e9\u00a0\u00bb, ao\u00fbt 2020)<\/em><\/li>\n<li><strong>S\u00e9curit\u00e9 alimentaire\u00a0: le nombre de Palestiniens en situation d\u2019ins\u00e9curit\u00e9 alimentaire est estim\u00e9 \u00e0 2 millions, dont 0,6 million en Cisjordanie et 1,4 million \u00e0 Gaza (estimations de 2021)<\/strong>. <em>(Source\u00a0: Organisation des Nations Unies pour l\u2019alimentation et l\u2019agriculture, 2021).<\/em><\/li>\n<\/ul>\n<p><a href=\"#_ftnref1\" name=\"_ftn1\">[1]<\/a> En raison de l\u2019attribution des terres aux implantations isra\u00e9liennes et aux conseils locaux et r\u00e9gionaux des colonies.<\/p>\n<\/div><\/div><\/div><\/div><\/div>\n","protected":false},"excerpt":{"rendered":"","protected":false},"author":301,"featured_media":0,"parent":0,"menu_order":0,"comment_status":"closed","ping_status":"closed","template":"","meta":{"footnotes":""},"class_list":["post-37051","page","type-page","status-publish","hentry"],"_links":{"self":[{"href":"https:\/\/www.un.org\/unispal\/fr\/wp-json\/wp\/v2\/pages\/37051","targetHints":{"allow":["GET"]}}],"collection":[{"href":"https:\/\/www.un.org\/unispal\/fr\/wp-json\/wp\/v2\/pages"}],"about":[{"href":"https:\/\/www.un.org\/unispal\/fr\/wp-json\/wp\/v2\/types\/page"}],"author":[{"embeddable":true,"href":"https:\/\/www.un.org\/unispal\/fr\/wp-json\/wp\/v2\/users\/301"}],"replies":[{"embeddable":true,"href":"https:\/\/www.un.org\/unispal\/fr\/wp-json\/wp\/v2\/comments?post=37051"}],"version-history":[{"count":0,"href":"https:\/\/www.un.org\/unispal\/fr\/wp-json\/wp\/v2\/pages\/37051\/revisions"}],"wp:attachment":[{"href":"https:\/\/www.un.org\/unispal\/fr\/wp-json\/wp\/v2\/media?parent=37051"}],"curies":[{"name":"wp","href":"https:\/\/api.w.org\/{rel}","templated":true}]}}