  {"id":3066,"date":"2016-05-31T17:46:33","date_gmt":"2016-05-31T17:46:33","guid":{"rendered":"https:\/\/www.un.org\/unispal\/?page_id=3066"},"modified":"2021-06-22T16:50:51","modified_gmt":"2021-06-22T20:50:51","slug":"security-council","status":"publish","type":"page","link":"https:\/\/www.un.org\/unispal\/fr\/data-collection\/security-council\/","title":{"rendered":"Conseil de s\u00e9curit\u00e9"},"content":{"rendered":"<p><div class=\"fusion-fullwidth fullwidth-box fusion-builder-row-1 fusion-flex-container nonhundred-percent-fullwidth non-hundred-percent-height-scrolling\" style=\"--awb-background-position:left top;--awb-border-radius-top-left:0px;--awb-border-radius-top-right:0px;--awb-border-radius-bottom-right:0px;--awb-border-radius-bottom-left:0px;--awb-padding-top:20px;--awb-padding-bottom:20px;--awb-border-sizes-top:0px;--awb-border-sizes-bottom:0px;--awb-flex-wrap:wrap;\" ><div class=\"fusion-builder-row fusion-row fusion-flex-align-items-flex-start fusion-flex-content-wrap\" style=\"max-width:calc( 1320px + 0px );margin-left: calc(-0px \/ 2 );margin-right: calc(-0px \/ 2 );\"><div class=\"fusion-layout-column fusion_builder_column fusion-builder-column-0 fusion_builder_column_1_1 1_1 fusion-flex-column\" style=\"--awb-bg-size:cover;--awb-width-large:100%;--awb-margin-top-large:0px;--awb-spacing-right-large:0px;--awb-margin-bottom-large:20px;--awb-spacing-left-large:0px;--awb-width-medium:100%;--awb-spacing-right-medium:0px;--awb-spacing-left-medium:0px;--awb-width-small:100%;--awb-spacing-right-small:0px;--awb-spacing-left-small:0px;\"><div class=\"fusion-column-wrapper fusion-flex-justify-content-flex-start fusion-content-layout-column\"><div class=\"fusion-text fusion-text-1\"><p>La Question de Palestine et le Conseil de s\u00e9curit\u00e9<\/p>\n<div id=\"attachment_5433\" style=\"width: 310px\" class=\"wp-caption alignright\"><img decoding=\"async\" aria-describedby=\"caption-attachment-5433\" class=\"wp-image-5433 size-medium\" src=\"https:\/\/www.un.org\/unispal\/wp-content\/uploads\/2016\/05\/649365-300x200.jpg\" alt=\"A Conference Officer at work in the Security Council Chamber, ahead of a Council meeting. UN Photo\/Kim Haughton\" width=\"300\" height=\"200\" \/><p id=\"caption-attachment-5433\" class=\"wp-caption-text\">Un administrateur charg\u00e9 de la gestion des s\u00e9ances dans la salle du Conseil de s\u00e9curit\u00e9. Photo ONU\/Kim Haughton<\/p><\/div>\n<p>Aux termes de la <a href=\"https:\/\/www.un.org\/fr\/about-us\/un-charter\">Charte des Nations Unies<\/a>, le Conseil de s\u00e9curit\u00e9 a la responsabilit\u00e9 principale du maintien de la paix et de la s\u00e9curit\u00e9 internationales. Depuis 1948, il a examin\u00e9 la question de la situation au Moyen-Orient et la question palestinienne \u00e0 de nombreuses reprises. Lorsque des conflits ont \u00e9clat\u00e9, le Conseil a <a href=\"https:\/\/undocs.org\/fr\/S\/RES\/1860(2009)\">demand\u00e9 ou exig\u00e9<\/a> que les parties observent un cessez-le-feu. Il a \u00e9galement d\u00e9p\u00each\u00e9 des <a href=\"https:\/\/untso.unmissions.org\/\">observateurs militaires<\/a> et d\u00e9ploy\u00e9 des forces de maintien de la paix dans la r\u00e9gion. Il a d\u00e9fini des principes de base pour un r\u00e8glement pacifique n\u00e9goci\u00e9 (la formule dite de \u00ab la terre contre la paix \u00bb) dans ses r\u00e9solutions <a href=\"https:\/\/undocs.org\/fr\/S\/RES\/242(1967)\">242 (1967)<\/a> et <a href=\"https:\/\/undocs.org\/fr\/S\/RES\/338(1973)\">338 (1973)<\/a>. Il s&rsquo;est inqui\u00e9t\u00e9 \u00e0 maintes reprises de la situation sur le terrain, a <a href=\"https:\/\/undocs.org\/fr\/S\/RES\/478(1980)\">d\u00e9clar\u00e9 nulles et non avenues<\/a> les mesures prises par le Gouvernement isra\u00e9lien pour modifier le statut de J\u00e9rusalem, <a href=\"https:\/\/undocs.org\/fr\/S\/RES\/465(1980)\">demand\u00e9<\/a> que cessent les activit\u00e9s d&rsquo;implantation isra\u00e9liennes, dont il a \u00e9tabli qu&rsquo;elles n&rsquo;avaient aucun fondement en droit, <a href=\"https:\/\/undocs.org\/fr\/S\/RES\/465(1980)\">r\u00e9affirm\u00e9<\/a> l&rsquo;applicabilit\u00e9 de la quatri\u00e8me Convention de Gen\u00e8ve et appel\u00e9 de ses v\u0153ux le retour des Palestiniens expuls\u00e9s. Le Conseil a r\u00e9guli\u00e8rement demand\u00e9 la reprise imm\u00e9diate des n\u00e9gociations dans le cadre du processus de paix au Moyen-Orient, en vue de parvenir au plus t\u00f4t \u00e0 un accord d\u00e9finitif entre les parties isra\u00e9lienne et palestinienne. Il a exprim\u00e9 son attachement \u00e0 la vision de deux \u00c9tats, Isra\u00ebl et la Palestine, vivant c\u00f4te \u00e0 c\u00f4te, \u00e0 l&rsquo;int\u00e9rieur de fronti\u00e8res reconnues et s\u00fbres, et approuv\u00e9 la Feuille de route \u00e9tablie par le Quatuor (ONU, Russie, \u00c9tats-Unis et Union europ\u00e9enne), respectivement dans ses r\u00e9solutions <a href=\"https:\/\/undocs.org\/fr\/S\/RES\/1397(2002)\">1397 (2002)<\/a> et <a href=\"https:\/\/undocs.org\/fr\/S\/RES\/1515(2003)\">1515 (2003)<\/a>. Des expos\u00e9s \u00e0 ce sujet sont pr\u00e9sent\u00e9s chaque mois au Conseil, qui organise p\u00e9riodiquement des d\u00e9bats publics sur la question. Le Conseil est actuellement saisi de la demande d&rsquo;adh\u00e9sion de l&rsquo;\u00c9tat de Palestine \u00e0 l&rsquo;Organisation des Nations Unies, soumise en 2011 par le Pr\u00e9sident Mahmoud Abbas. Dans sa r\u00e9solution <a href=\"https:\/\/undocs.org\/fr\/S\/RES\/2334(2016)\">2334 (2016)<\/a>, le Conseil a exig\u00e9 d&rsquo;Isra\u00ebl qu\u2019il arr\u00eate imm\u00e9diatement et compl\u00e8tement toutes ses activit\u00e9s de peuplement dans le Territoire palestinien occup\u00e9.<\/p>\n<p><div class=\"fusion-fa-align-left\"><i class=\"fb-icon-element-1 fb-icon-element fontawesome-icon fa fa-external-link circle-yes\" style=\"--awb-circlebordersize:1px;--awb-font-size:11.44px;--awb-width:22.88px;--awb-height:22.88px;--awb-line-height:20.88px;--awb-margin-right:6.5px;\"><\/i><\/div><a href=\"http:\/\/www.un.org\/fr\/sc\/\" target=\"_blank\" rel=\"noopener noreferrer\">Site Internet du Conseil de s\u00e9curit\u00e9<\/a><\/p>\n<p><span class=\"TextRun  BCX2 SCXW2935463\" lang=\"FR-FR\" xml:lang=\"FR-FR\" data-contrast=\"auto\"><span class=\"NormalTextRun  BCX2 SCXW2935463\">Pour obtenir les registres de vote des r\u00e9solutions <\/span><span class=\"NormalTextRun  BCX2 SCXW2935463\">du Conseil de S\u00e9curit\u00e9<\/span><span class=\"NormalTextRun  BCX2 SCXW2935463\"> sur la Question de Palestine<\/span><span class=\"NormalTextRun  BCX2 SCXW2935463\">, veuillez cliquer <\/span><\/span><a href=\"https:\/\/digitallibrary.un.org\/search?ln=en&amp;cc=Voting+Data&amp;p=&amp;f=&amp;rm=&amp;ln=en&amp;sf=&amp;so=d&amp;rg=50&amp;c=Voting+Data&amp;c=&amp;of=hb&amp;fti=0&amp;fct__2=Security+Council&amp;fti=0\"><span class=\"TextRun  BCX2 SCXW2935463\" lang=\"FR-FR\" xml:lang=\"FR-FR\" data-contrast=\"none\"><span class=\"NormalTextRun  BCX2 SCXW2935463\">ici<\/span><\/span><\/a><span class=\"TextRun  BCX2 SCXW2935463\" lang=\"FR-FR\" xml:lang=\"FR-FR\" data-contrast=\"auto\"><span class=\"NormalTextRun  BCX2 SCXW2935463\"> pour rechercher<\/span><\/span>.<\/p>\n<\/div><\/div><\/div><\/div><\/div><div class=\"fusion-fullwidth fullwidth-box fusion-builder-row-2 fusion-flex-container hundred-percent-fullwidth non-hundred-percent-height-scrolling\" style=\"--awb-border-radius-top-left:0px;--awb-border-radius-top-right:0px;--awb-border-radius-bottom-right:0px;--awb-border-radius-bottom-left:0px;--awb-overflow:visible;--awb-flex-wrap:wrap;\" ><\/div><div class=\"fusion-builder-row fusion-row fusion-flex-align-items-flex-start fusion-flex-content-wrap\" style=\"width:calc( 100% + 0px ) !important;max-width:calc( 100% + 0px ) !important;margin-left: calc(-0px \/ 2 );margin-right: calc(-0px \/ 2 );\"><\/div><div class=\"fusion-layout-column fusion_builder_column fusion-builder-column-1 fusion_builder_column_1_1 1_1 fusion-one-full fusion-column-first fusion-column-last fusion-column-no-min-height\" style=\"--awb-bg-size:cover;--awb-margin-bottom:0px;width:100%;\"><div class=\"fusion-column-wrapper fusion-flex-column-wrapper-legacy\"><div class=\"fusion-clearfix\"><\/div><\/div><\/div><div class=\"fusion-text fusion-text-2\"><\/div><!- Vue introuvable -><\/p>\n<p><a href=\"https:\/\/www.un.org\/unispal\/documents\/?wpv_view_count=4164&amp;wpv_post_search=&amp;wpv-wpcf-document-date_min=&amp;wpv-wpcf-document-date_min-format=d-m-y&amp;wpv-wpcf-document-date_max=&amp;wpv-wpcf-document-date_max-format=d-m-y&amp;wpv_sort_order=desc&amp;wpv-document-source%5B%5D=security-council&amp;wpv-wpcf-document-symbol=\">Autres documents<\/a><\/p>\n","protected":false},"excerpt":{"rendered":"<p>Autres documents<\/p>\n","protected":false},"author":3,"featured_media":0,"parent":5166,"menu_order":0,"comment_status":"closed","ping_status":"closed","template":"","meta":{"footnotes":""},"class_list":["post-3066","page","type-page","status-publish","hentry"],"_links":{"self":[{"href":"https:\/\/www.un.org\/unispal\/fr\/wp-json\/wp\/v2\/pages\/3066","targetHints":{"allow":["GET"]}}],"collection":[{"href":"https:\/\/www.un.org\/unispal\/fr\/wp-json\/wp\/v2\/pages"}],"about":[{"href":"https:\/\/www.un.org\/unispal\/fr\/wp-json\/wp\/v2\/types\/page"}],"author":[{"embeddable":true,"href":"https:\/\/www.un.org\/unispal\/fr\/wp-json\/wp\/v2\/users\/3"}],"replies":[{"embeddable":true,"href":"https:\/\/www.un.org\/unispal\/fr\/wp-json\/wp\/v2\/comments?post=3066"}],"version-history":[{"count":0,"href":"https:\/\/www.un.org\/unispal\/fr\/wp-json\/wp\/v2\/pages\/3066\/revisions"}],"up":[{"embeddable":true,"href":"https:\/\/www.un.org\/unispal\/fr\/wp-json\/wp\/v2\/pages\/5166"}],"wp:attachment":[{"href":"https:\/\/www.un.org\/unispal\/fr\/wp-json\/wp\/v2\/media?parent=3066"}],"curies":[{"name":"wp","href":"https:\/\/api.w.org\/{rel}","templated":true}]}}