  {"id":1695,"date":"2016-05-19T15:43:00","date_gmt":"2016-05-19T15:43:00","guid":{"rendered":"https:\/\/www.un.org\/unispal\/?page_id=1695"},"modified":"2021-06-17T12:44:04","modified_gmt":"2021-06-17T16:44:04","slug":"mandate-and-objectives","status":"publish","type":"page","link":"https:\/\/www.un.org\/unispal\/fr\/about-unispal\/committee\/mandate-and-objectives\/","title":{"rendered":"Mandat et objectifs"},"content":{"rendered":"<div class=\"fusion-fullwidth fullwidth-box fusion-builder-row-1 fusion-flex-container nonhundred-percent-fullwidth non-hundred-percent-height-scrolling\" style=\"--awb-background-position:left top;--awb-border-sizes-top:0px;--awb-border-sizes-bottom:0px;--awb-border-sizes-left:0px;--awb-border-sizes-right:0px;--awb-border-radius-top-left:0px;--awb-border-radius-top-right:0px;--awb-border-radius-bottom-right:0px;--awb-border-radius-bottom-left:0px;--awb-padding-bottom:20px;--awb-flex-wrap:wrap;\" ><div class=\"fusion-builder-row fusion-row fusion-flex-align-items-flex-start fusion-flex-content-wrap\" style=\"max-width:1372.8px;margin-left: calc(-4% \/ 2 );margin-right: calc(-4% \/ 2 );\"><div class=\"fusion-layout-column fusion_builder_column fusion-builder-column-0 fusion_builder_column_1_1 1_1 fusion-flex-column fusion-flex-align-self-flex-start fusion-column-no-min-height\" style=\"--awb-bg-size:cover;--awb-width-large:100%;--awb-margin-top-large:0px;--awb-spacing-right-large:1.92%;--awb-margin-bottom-large:0px;--awb-spacing-left-large:1.92%;--awb-width-medium:100%;--awb-spacing-right-medium:1.92%;--awb-spacing-left-medium:1.92%;--awb-width-small:100%;--awb-spacing-right-small:1.92%;--awb-spacing-left-small:1.92%;\"><div class=\"fusion-column-wrapper fusion-flex-justify-content-flex-start fusion-content-layout-column\"><div class=\"fusion-title title fusion-title-1 fusion-sep-none fusion-title-text fusion-title-size-one\"><h1 class=\"fusion-title-heading title-heading-left fusion-responsive-typography-calculated\" style=\"margin:0;--fontSize:34;line-height:1.4;\">Mandat et objectifs du Comit\u00e9 pour l&rsquo;exercice des droits inali\u00e9nables du peuple palestinien<\/h1><\/div><\/div><\/div><div class=\"fusion-layout-column fusion_builder_column fusion-builder-column-1 fusion_builder_column_3_4 3_4 fusion-flex-column\" style=\"--awb-bg-size:cover;--awb-width-large:75%;--awb-margin-top-large:0px;--awb-spacing-right-large:3.84%;--awb-margin-bottom-large:20px;--awb-spacing-left-large:2.56%;--awb-width-medium:75%;--awb-spacing-right-medium:3.84%;--awb-spacing-left-medium:2.56%;--awb-width-small:100%;--awb-spacing-right-small:1.92%;--awb-spacing-left-small:1.92%;\"><div class=\"fusion-column-wrapper fusion-flex-justify-content-flex-start fusion-content-layout-column\"><div class=\"fusion-image-element \" style=\"--awb-caption-title-font-family:var(--h2_typography-font-family);--awb-caption-title-font-weight:var(--h2_typography-font-weight);--awb-caption-title-font-style:var(--h2_typography-font-style);--awb-caption-title-size:var(--h2_typography-font-size);--awb-caption-title-transform:var(--h2_typography-text-transform);--awb-caption-title-line-height:var(--h2_typography-line-height);--awb-caption-title-letter-spacing:var(--h2_typography-letter-spacing);\"><span class=\" fusion-imageframe imageframe-none imageframe-1 hover-type-none\"><img decoding=\"async\" src=\"https:\/\/www.un.org\/unispal\/wp-content\/uploads\/2016\/05\/mandates-objectives.jpg\" alt class=\"img-responsive\"\/><\/span><\/div><p class=\"caption\"  style=\"text-align:left !important;margin-bottom:30px;\">8 janvier 1985 - Zehdi Labib Terzi (2e \u00e0 partir de la gauche), Observateur permanent de l'Organisation de lib\u00e9ration de la Palestine, s'exprime lors de la 1\u00e8re r\u00e9union du Comit\u00e9 en 1985. Photo ONU<\/p><div class=\"fusion-text fusion-text-1\"><p>C\u2019est en avril 1947 que l\u2019Assembl\u00e9e g\u00e9n\u00e9rale a \u00e9t\u00e9 officiellement saisie pour la premi\u00e8re fois de la Question de Palestine, le Royaume-Uni ayant demand\u00e9 d\u2019inscrire cette question \u00e0 l\u2019ordre du jour apr\u00e8s la fin du mandat que lui avait confi\u00e9 la Soci\u00e9t\u00e9 des Nations. L\u2019Assembl\u00e9e a d\u00e9cid\u00e9 de partager la Palestine en deux \u00c9tats, l\u2019un arabe, l\u2019autre juif, avec un r\u00e9gime international sp\u00e9cial pour J\u00e9rusalem (<a href=\"http:\/\/undocs.org\/fr\/A\/RES\/181(II)\">r\u00e9solution 181 (II)<\/a> du 29 novembre 1947) Si l\u2019ind\u00e9pendance de l\u2019\u00c9tat d\u2019Isra\u00ebl a \u00e9t\u00e9 d\u00e9clar\u00e9e le 14 mai 1948, l\u2019\u00c9tat arabe n\u2019a pas vu le jour car plusieurs guerres ont eu lieu dans la r\u00e9gion, et le probl\u00e8me de la Palestine a continu\u00e9 d\u2019\u00eatre examin\u00e9 \u00e0 l\u2019ONU dans le cadre plus large du conflit au Moyen-Orient ou sous ses aspects relatifs aux r\u00e9fugi\u00e9s ou aux droits de l\u2019homme.<\/p>\n<p>Il a fallu attendre 1974, en cons\u00e9quence de la guerre de juin 1967 et de la poursuite de l\u2019occupation militaire par Isra\u00ebl du reste du territoire de la Palestine sous mandat, pour que la question de Palestine soit r\u00e9inscrite \u00e0 l\u2019ordre du jour de l\u2019Assembl\u00e9e en tant que question nationale et pour que les droits inali\u00e9nables du peuple palestinien soient r\u00e9affirm\u00e9s et pr\u00e9cis\u00e9s dans la <a href=\"http:\/\/undocs.org\/fr\/A\/RES\/3236(XXIX)\">r\u00e9solution 3236 (XXIX)<\/a> du 22 novembre 1974, comme le droit \u00e0 l\u2019autod\u00e9termination sans ing\u00e9rence ext\u00e9rieure, le droit \u00e0 l\u2019ind\u00e9pendance et \u00e0 la souverainet\u00e9 nationales et le droit des Palestiniens de retourner dans leurs foyers et vers leurs biens, d\u2019o\u00f9 ils avaient \u00e9t\u00e9 d\u00e9plac\u00e9s et d\u00e9racin\u00e9s.<\/p>\n<p>Dans sa <a href=\"http:\/\/undocs.org\/fr\/A\/RES\/3376(XXX)\">r\u00e9solution 3376 (XXX)<\/a> du 10 novembre 1975, l\u2019Assembl\u00e9e g\u00e9n\u00e9rale a d\u00e9cid\u00e9 de cr\u00e9er le Comit\u00e9 pour l\u2019exercice des droits inali\u00e9nables du peuple palestinien, qu\u2019elle a pri\u00e9 de lui recommander un programme de mise en \u0153uvre destin\u00e9 \u00e0 permettre au peuple palestinien d&rsquo;exercer ses droits.<\/p>\n<p>Dans le <a href=\"http:\/\/undocs.org\/fr\/S\/12090\">premier rapport<\/a> qu\u2019il a pr\u00e9sent\u00e9 au Conseil de s\u00e9curit\u00e9, en juin 1976, le Comit\u00e9 proposait un plan en deux \u00e9tapes de retour des Palestiniens dans leurs foyers et vers leurs biens; un calendrier de retrait des forces isra\u00e9liennes des territoires occup\u00e9s avant le 1er juin 1977, avec la participation, au besoin, de forces temporaires de maintien de la paix pour faciliter le processus; l\u2019arr\u00eat des implantations de colonies de peuplement; la reconnaissance par Isra\u00ebl de l\u2019applicabilit\u00e9 de la quatri\u00e8me Convention de Gen\u00e8ve aux territoires occup\u00e9s jusqu\u2019\u00e0 l\u2019\u00e9vacuation de ces territoires; et la reconnaissance du droit naturel des Palestiniens \u00e0 l\u2019autod\u00e9termination, \u00e0 l\u2019ind\u00e9pendance nationale et \u00e0 la souverainet\u00e9 en Palestine.<\/p>\n<p>Les recommandations du Comit\u00e9 n&rsquo;ont pas \u00e9t\u00e9 adopt\u00e9es par le Conseil de s\u00e9curit\u00e9, en raison du vote n\u00e9gatif d&rsquo;un membre permanent, et n&rsquo;ont pas \u00e9t\u00e9 appliqu\u00e9es. Elles ont toutefois \u00e9t\u00e9 approuv\u00e9es \u00e0 une \u00e9crasante majorit\u00e9 par l\u2019Assembl\u00e9e g\u00e9n\u00e9rale, \u00e0 laquelle le Comit\u00e9 fait rapport tous les ans. L\u2019Assembl\u00e9e a r\u00e9affirm\u00e9 qu\u2019il serait impossible d\u2019instaurer une paix juste et durable au Moyen-Orient sans assurer le respect des droits inali\u00e9nables du peuple palestinien. Elle a \u00e9galement pri\u00e9 le Comit\u00e9 de suivre la situation en gardant \u00e0 l\u2019\u00e9tude la question de Palestine, de pr\u00e9senter un rapport et des suggestions \u00e0 l\u2019Assembl\u00e9e g\u00e9n\u00e9rale ou au Conseil de s\u00e9curit\u00e9, selon qu\u2019il conviendrait, et de favoriser la plus large diffusion possible des renseignements concernant ses recommandations.<\/p>\n<p>Le Comit\u00e9 est le seul organe de l\u2019ONU exclusivement charg\u00e9 de la question de Palestine L\u2019Assembl\u00e9e g\u00e9n\u00e9rale renouvelle chaque ann\u00e9e son mandat, la derni\u00e8re fois par sa <a href=\"https:\/\/undocs.org\/fr\/A\/RES\/75\/20\">r\u00e9solution 75\/20<\/a> du 6 d\u00e9cembre 2017.<\/p>\n<\/div><div class=\"fusion-text fusion-text-2\"><!- Vue introuvable ->\n<\/div><\/div><\/div><div class=\"fusion-layout-column fusion_builder_column fusion-builder-column-2 fusion_builder_column_1_4 1_4 fusion-flex-column\" style=\"--awb-bg-size:cover;--awb-width-large:25%;--awb-margin-top-large:0px;--awb-spacing-right-large:7.68%;--awb-margin-bottom-large:20px;--awb-spacing-left-large:3.84%;--awb-width-medium:25%;--awb-spacing-right-medium:7.68%;--awb-spacing-left-medium:3.84%;--awb-width-small:100%;--awb-spacing-right-small:1.92%;--awb-spacing-left-small:1.92%;\"><div class=\"fusion-column-wrapper fusion-flex-justify-content-flex-start fusion-content-layout-column\"><div class=\"fusion-widget-area awb-widget-area-element fusion-widget-area-1 fusion-content-widget-area\" style=\"--awb-title-size:13px;--awb-title-color:#333333;--awb-padding:0px 0px 0px 0px;\"><div id=\"wp_views-3\" class=\"widget widget_wp_views\">\n\n\n<div id=\"wpv-view-layout-9925-TCPID1695\" class=\"js-wpv-view-layout js-wpv-layout-responsive js-wpv-view-layout-9925-TCPID1695\" data-viewnumber=\"9925-TCPID1695\" data-pagination=\"{&quot;id&quot;:&quot;9925&quot;,&quot;query&quot;:&quot;normal&quot;,&quot;type&quot;:&quot;disabled&quot;,&quot;effect&quot;:&quot;fade&quot;,&quot;duration&quot;:500,&quot;speed&quot;:5,&quot;pause_on_hover&quot;:&quot;disabled&quot;,&quot;stop_rollover&quot;:&quot;false&quot;,&quot;cache_pages&quot;:&quot;enabled&quot;,&quot;preload_images&quot;:&quot;enabled&quot;,&quot;preload_pages&quot;:&quot;enabled&quot;,&quot;preload_reach&quot;:1,&quot;spinner&quot;:&quot;builtin&quot;,&quot;spinner_image&quot;:&quot;https:\/\/www.un.org\/unispal\/fr\/wp-content\/plugins\/wp-views\/embedded\/res\/img\/ajax-loader.gif&quot;,&quot;callback_next&quot;:&quot;&quot;,&quot;manage_history&quot;:&quot;enabled&quot;,&quot;has_controls_in_form&quot;:&quot;disabled&quot;,&quot;infinite_tolerance&quot;:&quot;0&quot;,&quot;max_pages&quot;:0,&quot;page&quot;:1,&quot;base_permalink&quot;:&quot;\/unispal\/fr\/wp-json\/wp\/v2\/pages\/1695?wpv_view_count=9925-TCPID1695&amp;wpv_paged=WPV_PAGE_NUM&quot;,&quot;loop&quot;:{&quot;type&quot;:&quot;&quot;,&quot;name&quot;:&quot;&quot;,&quot;data&quot;:[],&quot;id&quot;:0}}\" data-permalink=\"\/unispal\/fr\/wp-json\/wp\/v2\/pages\/1695?wpv_view_count=9925-TCPID1695\">\n\n\t\n<!-- wpv-loop-start -->\n<div id=\"side-list\">\n\t<ul class=\"wpv-loop js-wpv-loop\">\n\t\t\n\t\t\t<li>\n\t\t\t\t<a href=\"https:\/\/www.un.org\/unispal\/fr\/about-unispal\/committee\/membership\/\">Membres<\/a>\n\t\t\t<\/li>\n\t\t\n\t\t\t<li>\n\t\t\t\t<a href=\"https:\/\/www.un.org\/unispal\/fr\/about-unispal\/committee\/bureau\/\">Bureau<\/a>\n\t\t\t<\/li>\n\t\t\n\t\t\t<li>\n\t\t\t\t<a href=\"https:\/\/www.un.org\/unispal\/fr\/about-unispal\/committee\/areas-of-activities\/\">Domaines d\u2019activit\u00e9s<\/a>\n\t\t\t<\/li>\n\t\t\n\t\t\t<li>\n\t\t\t\t<a href=\"https:\/\/www.un.org\/unispal\/fr\/about-unispal\/committee\/working-group\/\">Groupe de travail<\/a>\n\t\t\t<\/li>\n\t\t\n\t\t\t<li>\n\t\t\t\t<a href=\"https:\/\/www.un.org\/unispal\/fr\/about-unispal\/committee\/programme-of-work\/\">Programme de Travail<\/a>\n\t\t\t<\/li>\n\t\t\n\t\t\t<li>\n\t\t\t\t<a href=\"https:\/\/www.un.org\/unispal\/fr\/about-unispal\/committee\/reports-of-the-committee-on-the-exercise-of-the-inalienable-rights-of-the-palestinian-people\/\">Rapports du Comit\u00e9 pour l\u2019exercice des droits inali\u00e9nables du peuple palestinien<\/a>\n\t\t\t<\/li>\n\t\t\n\t\t\t<li>\n\t\t\t\t<a href=\"https:\/\/www.un.org\/unispal\/fr\/about-unispal\/committee\/chair-statements\/\">D\u00e9clarations du Pr\u00e9sident du Comit\u00e9<\/a>\n\t\t\t<\/li>\n\t\t\n\t\t\t<li>\n\t\t\t\t<a href=\"https:\/\/www.un.org\/unispal\/fr\/about-unispal\/committee\/ceirpp-newsletters\/\">Bulletins du Comit\u00e9<\/a>\n\t\t\t<\/li>\n\t\t\n  <\/ul><\/div>\n\t<!-- wpv-loop-end -->\n\t\n\t\n<\/div>\n<\/div><div class=\"fusion-additional-widget-content\"><\/div><\/div><\/div><\/div><\/div><\/div>\n","protected":false},"excerpt":{"rendered":"","protected":false},"author":3,"featured_media":0,"parent":159,"menu_order":4,"comment_status":"closed","ping_status":"closed","template":"","meta":{"footnotes":""},"class_list":["post-1695","page","type-page","status-publish","hentry"],"_links":{"self":[{"href":"https:\/\/www.un.org\/unispal\/fr\/wp-json\/wp\/v2\/pages\/1695","targetHints":{"allow":["GET"]}}],"collection":[{"href":"https:\/\/www.un.org\/unispal\/fr\/wp-json\/wp\/v2\/pages"}],"about":[{"href":"https:\/\/www.un.org\/unispal\/fr\/wp-json\/wp\/v2\/types\/page"}],"author":[{"embeddable":true,"href":"https:\/\/www.un.org\/unispal\/fr\/wp-json\/wp\/v2\/users\/3"}],"replies":[{"embeddable":true,"href":"https:\/\/www.un.org\/unispal\/fr\/wp-json\/wp\/v2\/comments?post=1695"}],"version-history":[{"count":0,"href":"https:\/\/www.un.org\/unispal\/fr\/wp-json\/wp\/v2\/pages\/1695\/revisions"}],"up":[{"embeddable":true,"href":"https:\/\/www.un.org\/unispal\/fr\/wp-json\/wp\/v2\/pages\/159"}],"wp:attachment":[{"href":"https:\/\/www.un.org\/unispal\/fr\/wp-json\/wp\/v2\/media?parent=1695"}],"curies":[{"name":"wp","href":"https:\/\/api.w.org\/{rel}","templated":true}]}}