  {"id":165,"date":"2016-04-26T14:53:43","date_gmt":"2016-04-26T14:53:43","guid":{"rendered":"https:\/\/www.un.org\/unispal\/?page_id=165"},"modified":"2021-06-11T19:26:04","modified_gmt":"2021-06-11T23:26:04","slug":"about-division-palestinian-rights","status":"publish","type":"page","link":"https:\/\/www.un.org\/unispal\/fr\/about-unispal\/about-division-palestinian-rights\/","title":{"rendered":"\u00c0 propos de la Division des droits des Palestiniens"},"content":{"rendered":"<p><div class=\"fusion-fullwidth fullwidth-box fusion-builder-row-1 fusion-flex-container nonhundred-percent-fullwidth non-hundred-percent-height-scrolling\" style=\"--awb-border-radius-top-left:0px;--awb-border-radius-top-right:0px;--awb-border-radius-bottom-right:0px;--awb-border-radius-bottom-left:0px;--awb-flex-wrap:wrap;\" ><div class=\"fusion-builder-row fusion-row fusion-flex-align-items-flex-start fusion-flex-content-wrap\" style=\"max-width:1372.8px;margin-left: calc(-4% \/ 2 );margin-right: calc(-4% \/ 2 );\"><div class=\"fusion-layout-column fusion_builder_column fusion-builder-column-0 fusion_builder_column_1_1 1_1 fusion-flex-column\" style=\"--awb-bg-size:cover;--awb-width-large:100%;--awb-margin-top-large:0px;--awb-spacing-right-large:1.92%;--awb-margin-bottom-large:0px;--awb-spacing-left-large:1.92%;--awb-width-medium:100%;--awb-spacing-right-medium:1.92%;--awb-spacing-left-medium:1.92%;--awb-width-small:100%;--awb-spacing-right-small:1.92%;--awb-spacing-left-small:1.92%;\"><div class=\"fusion-column-wrapper fusion-flex-justify-content-flex-start fusion-content-layout-column\"><div class=\"fusion-text fusion-text-1\"><h1>Division des droits des Palestiniens<\/h1>\n<\/div><\/div><\/div><\/div><\/div><div class=\"fusion-fullwidth fullwidth-box fusion-builder-row-2 fusion-flex-container hundred-percent-fullwidth non-hundred-percent-height-scrolling\" style=\"--awb-border-radius-top-left:0px;--awb-border-radius-top-right:0px;--awb-border-radius-bottom-right:0px;--awb-border-radius-bottom-left:0px;--awb-overflow:visible;--awb-flex-wrap:wrap;\" ><div class=\"fusion-builder-row fusion-row fusion-flex-align-items-flex-start fusion-flex-content-wrap\" style=\"width:104% !important;max-width:104% !important;margin-left: calc(-4% \/ 2 );margin-right: calc(-4% \/ 2 );\"><div class=\"fusion-layout-column fusion_builder_column fusion-builder-column-1 fusion_builder_column_1_1 1_1 fusion-flex-column fusion-flex-align-self-flex-start fusion-column-no-min-height\" style=\"--awb-bg-size:cover;--awb-width-large:100%;--awb-margin-top-large:0px;--awb-spacing-right-large:1.92%;--awb-margin-bottom-large:0px;--awb-spacing-left-large:1.92%;--awb-width-medium:100%;--awb-spacing-right-medium:1.92%;--awb-spacing-left-medium:1.92%;--awb-width-small:100%;--awb-spacing-right-small:1.92%;--awb-spacing-left-small:1.92%;\"><div class=\"fusion-column-wrapper fusion-flex-justify-content-flex-start fusion-content-layout-column\"><div class=\"fusion-text fusion-text-2\"><div id=\"attachment_5136\" style=\"width: 1010px\" class=\"wp-caption alignnone\"><img decoding=\"async\" aria-describedby=\"caption-attachment-5136\" class=\"size-full wp-image-5136\" src=\"https:\/\/www.un.org\/unispal\/wp-content\/uploads\/2016\/04\/palestinian-refugees.jpg\" alt=\"Palestinian Refugees in Refugee Camps. UN Photo\" width=\"1000\" height=\"536\" \/><p id=\"caption-attachment-5136\" class=\"wp-caption-text\">Une m\u00e8re palestinienne et son enfant dans un camp de r\u00e9fugi\u00e9s. Photo ONU<\/p><\/div>\n<p>Le pr\u00e9sent site Web est tenu \u00e0 jour par la Division des droits des Palestiniens, qui rel\u00e8ve du <a href=\"https:\/\/dppa.un.org\/fr\">D\u00e9partement des affaires politiques et consolidation de la paix<\/a>, \u00e0 New York. Il pr\u00e9sente les nombreux acteurs des Nations Unies qui travaillent sur la question de Palestine \u00e0 travers le monde, notamment le <a href=\"https:\/\/www.un.org\/unispal\/fr\/committee\/\">Comit\u00e9 pour l\u2019exercice des droits inali\u00e9nables du peuple palestinien<\/a>, et divers autres organes, organismes et entit\u00e9s des Nations Unies, tels que l\u2019<a href=\"https:\/\/www.un.org\/unispal\/fr\/data-collection\/general-assembly\/\">Assembl\u00e9e g\u00e9n\u00e9rale<\/a>, le <a href=\"https:\/\/www.un.org\/unispal\/fr\/data-collection\/security-council\/\">Conseil de s\u00e9curit\u00e9<\/a>, le Secr\u00e9tariat et le <a href=\"https:\/\/www.un.org\/unispal\/fr\/data-collection\/the-united-nations-economic-and-social-council\/\">Conseil des droits de l\u2019Homme<\/a>.<\/p>\n<h1>La Division des droits des Palestiniens<\/h1>\n<p>La Division des droits des Palestiniens assure le secr\u00e9tariat du Comit\u00e9 pour l\u2019exercice des droits inali\u00e9nables du peuple palestinien et s\u2019acquitte essentiellement des fonctions suivantes :<\/p>\n<ul>\n<li>Organiser les r\u00e9unions du Comit\u00e9 et de son bureau au Si\u00e8ge de l\u2019ONU;<\/li>\n<li>Suivre de pr\u00e8s l\u2019\u00e9volution de la situation, notamment dans le domaine politique;<\/li>\n<li>Organiser un programme de <a href=\"https:\/\/www.un.org\/unispal\/events\/international-conferences\/\">r\u00e9unions et conf\u00e9rences internationales<\/a>;<\/li>\n<li>Mener \u00e0 bien un programme de publications;<\/li>\n<li>Faire \u00e9voluer et tenir \u00e0 jour le <a href=\"https:\/\/www.un.org\/unispal\/fr\/data-collection\/\">Syst\u00e8me d\u2019information des Nations Unies sur la question de Palestine<\/a> (UNISPAL);<\/li>\n<li>Coop\u00e9rer avec les organisations de la soci\u00e9t\u00e9 civile qui s\u2019int\u00e9ressent activement \u00e0 la question;<\/li>\n<li>Organiser chaque ann\u00e9e la c\u00e9l\u00e9bration de la <a href=\"http:\/\/www.un.org\/fr\/events\/palestinianday\/\">Journ\u00e9e internationale de solidarit\u00e9 avec le peuple palestinien;<\/a><\/li>\n<li>Organiser chaque ann\u00e9e un programme de formation au Si\u00e8ge de l\u2019ONU et plusieurs ateliers de <a href=\"https:\/\/www.un.org\/unispal\/capacity-building-programme\/\">renforcement des capacit\u00e9s<\/a> \u00e0 l\u2019intention du personnel de l\u2019\u00c9tat de Palestine.<\/li>\n<\/ul>\n<h2>Historique<\/h2>\n<p>Apr\u00e8s la cr\u00e9ation du Comit\u00e9 pour l\u2019exercice des droits inali\u00e9nables du peuple palestinien, l\u2019Assembl\u00e9e g\u00e9n\u00e9rale a constat\u00e9 qu\u2019il fallait informer l\u2019opinion publique dans le monde afin d\u2019assurer le respect de ces droits. Elle a donc demand\u00e9 de cr\u00e9er au sein du Secr\u00e9tariat de l\u2019ONU un Service sp\u00e9cial des droits palestiniens, ayant pour fonction d\u2019aider le Comit\u00e9 dans ses travaux (<a href=\"http:\/\/undocs.org\/fr\/A\/RES\/32\/40\">r\u00e9solution 32\/40 B<\/a> du 2 d\u00e9cembre 1977), qui a \u00e9t\u00e9 rebaptis\u00e9 Division des droits des Palestiniens par la <a href=\"http:\/\/undocs.org\/fr\/A\/RES\/34\/65\">r\u00e9solution 34\/65 D<\/a> du 12 d\u00e9cembre 1979.<\/p>\n<p>La Division fait partie du D\u00e9partement des affaires politiques du Secr\u00e9tariat, et son mandat, renouvel\u00e9 chaque ann\u00e9e, a \u00e9t\u00e9 \u00e9largi \u00e0 plusieurs reprises : c\u2019est ainsi qu\u2019elle est charg\u00e9e, entre autres, d\u2019organiser des r\u00e9unions et conf\u00e9rences internationales, de rester en contact et de coop\u00e9rer avec la soci\u00e9t\u00e9 civile et les parlementaires, d\u2019ex\u00e9cuter un programme de publications, de mettre en place et de maintenir un syst\u00e8me informatis\u00e9 d\u2019information en ligne connu sous le nom de Syst\u00e8me d\u2019information des Nations Unies sur la question de Palestine (UNISPAL), et d\u2019organiser chaque ann\u00e9e un programme de formation \u00e0 l\u2019intention du personnel de l\u2019Autorit\u00e9 palestinienne. Dans sa <a href=\"https:\/\/undocs.org\/fr\/A\/RES\/75\/21\">r\u00e9solution 75\/21<\/a> du 2 d\u00e9cembre 2020, l\u2019Assembl\u00e9e g\u00e9n\u00e9rale a renouvel\u00e9 le mandat de la Division.<\/p>\n<h2>R\u00e9unions et conf\u00e9rences internationales<\/h2>\n<p>La Division des droits des Palestiniens a \u00e9t\u00e9 charg\u00e9e par l\u2019Assembl\u00e9e g\u00e9n\u00e9rale d\u2019organiser des r\u00e9unions et des conf\u00e9rences internationales dans diff\u00e9rentes r\u00e9gions, avec la participation de tous les secteurs de la communaut\u00e9 internationale, afin de promouvoir des analyses et discussions constructives des divers aspects de la question de Palestine et de mobiliser l\u2019aide et l\u2019appui de la communaut\u00e9 internationale en faveur du peuple palestinien.La Division des droits des Palestiniens a \u00e9t\u00e9 charg\u00e9e par l\u2019Assembl\u00e9e g\u00e9n\u00e9rale d\u2019organiser des r\u00e9unions et des conf\u00e9rences internationales dans diff\u00e9rentes r\u00e9gions, avec la participation de tous les secteurs de la communaut\u00e9 internationale, afin de promouvoir des analyses et discussions constructives des divers aspects de la question de Palestine et de mobiliser l\u2019aide et l\u2019appui de la communaut\u00e9 internationale en faveur du peuple palestinien.<\/p>\n<p>Dans le programme des r\u00e9unions et des conf\u00e9rences internationales des derni\u00e8res ann\u00e9es, la priorit\u00e9 a \u00e9t\u00e9 donn\u00e9e \u00e0 la promotion de l\u2019exercice des droits inali\u00e9nables du peuple palestinien, \u00e0 l\u2019appui \u00e0 la solution \u00e0 deux \u00c9tats et \u00e0 l\u2019encouragement des efforts d\u00e9ploy\u00e9s \u00e0 l\u2019\u00e9chelle internationale, notamment par le Quatuor, pour que reprenne le processus politique.<\/p>\n<p>Depuis 1993, le Comit\u00e9 convoque des s\u00e9minaires annuels, en Europe ou au Moyen-Orient, sur l\u2019assistance au peuple palestinien. L\u2019objectif de ces r\u00e9unions est d\u2019\u00e9tudier les diff\u00e9rents aspects du d\u00e9veloppement socio\u00e9conomique des Palestiniens vivant dans le territoire palestinien occup\u00e9, y compris \u00e0 J\u00e9rusalem-Est, et de promouvoir un large soutien de l\u2019\u00e9conomie et du d\u00e9veloppement palestiniens par la communaut\u00e9 internationale. Plus r\u00e9cemment, elles ont \u00e9t\u00e9 ax\u00e9es sur l\u2019acheminement d\u2019urgence de l\u2019aide humanitaire et de l\u2019assistance \u00e0 la reconstruction pour la bande de Gaza, ainsi que sur les efforts importants consentis par l\u2019Autorit\u00e9 palestinienne pour l\u2019\u00e9dification de l\u2019\u00c9tat.<\/p>\n<p>D\u2019autres renseignements sur les diverses manifestations organis\u00e9es sous les auspices du Comit\u00e9 sont disponibles <a href=\"https:\/\/www.un.org\/unispal\/events\/international-conferences\/\">ici<\/a>.<\/p>\n<h2>Activit\u00e9s de recherche, suivi de la situation, publications et Syst\u00e8me d\u2019information des Nations Unies sur la question de Palestine (UNISPAL)<\/h2>\n<p>La Division a \u00e9t\u00e9 pri\u00e9e de suivre l\u2019\u00e9volution de la situation relative \u00e0 la question de Palestine. Le Comit\u00e9 estime en effet que les activit\u00e9s de collecte et de diffusion d\u2019informations par la Division sont particuli\u00e8rement importantes pour l\u2019action de plaidoyer qu\u2019il m\u00e8ne en vue de contribuer de mani\u00e8re constructive au processus de paix, et \u00e0 l\u2019appui des efforts d\u00e9ploy\u00e9s pour parvenir \u00e0 un r\u00e8glement juste et durable de la question de Palestine.La Division a \u00e9t\u00e9 pri\u00e9e de suivre l\u2019\u00e9volution de la situation relative \u00e0 la question de Palestine. Le Comit\u00e9 estime en effet que les activit\u00e9s de collecte et de diffusion d\u2019informations par la Division sont particuli\u00e8rement importantes pour l\u2019action de plaidoyer qu\u2019il m\u00e8ne en vue de contribuer de mani\u00e8re constructive au processus de paix, et \u00e0 l\u2019appui des efforts d\u00e9ploy\u00e9s pour parvenir \u00e0 un r\u00e8glement juste et durable de la question de Palestine.<\/p>\n<p>Le programme de publications de la Division consiste notamment \u00e0 \u00e9tablir des bulletins mensuels sur les activit\u00e9s internationales relatives \u00e0 la question de Palestine, une chronologie mensuelle sommaire des rapports des m\u00e9dias, des bulletins p\u00e9riodiques sur les faits nouveaux relatifs aux efforts accomplis pour instaurer la paix au Moyen-Orient et des bulletins sp\u00e9ciaux sur la c\u00e9l\u00e9bration annuelle de la Journ\u00e9e internationale de solidarit\u00e9 avec le peuple palestinien. Au fil des ann\u00e9es, la Division a fait para\u00eetre un certain nombre d\u2019\u00e9tudes portant sur les aspects juridiques, politiques et \u00e9conomiques de la question de Palestine.<\/p>\n<p>Comme l\u2019Assembl\u00e9e g\u00e9n\u00e9rale l\u2019avait demand\u00e9 dans sa <a href=\"http:\/\/undocs.org\/fr\/A\/RES\/46\/74\">r\u00e9solution 46\/74 B<\/a> du 11 d\u00e9cembre 1991, et dans ses r\u00e9solutions annuelles ult\u00e9rieures, la Division a mis sur pied UNISPAL, le Syst\u00e8me d\u2019information des Nations Unies sur la question de Palestine, afin de rassembler, sous forme \u00e9lectronique, tous les documents importants de l\u2019ONU relatifs \u00e0 la question de Palestine, accessibles en format texte. Mise \u00e0 jour quotidiennement, cette collection peut \u00eatre consult\u00e9e sur l\u2019Internet \u00e0 l\u2019adresse <a href=\"https:\/\/www.un.org\/unispal\/fr\/\">www.un.org\/unispal\/fr.<\/a>\u00a0Par ailleurs, la Division maintient et d\u00e9veloppe le site Web consacr\u00e9 \u00e0 la \u00ab Question de Palestine \u00bb \u00e0 l\u2019adresse http:\/\/www.un.org\/ Depts\/dpa\/qpal, et a \u00a0lanc\u00e9 une page Facebook \u00e0 l\u2019adresse http:\/\/www.facebook.com\/UN.palestinianrights et ouvert un compte Twitter \u00e0 l\u2019adresse http:\/\/twitter.com\/UNISPAL.<\/p>\n<h2>Programme de formation \u00e0 l\u2019intention du personnel de l\u2019Autorit\u00e9 Palestinienne<\/h2>\n<p>Depuis 1996, comme l\u2019Assembl\u00e9e g\u00e9n\u00e9rale l\u2019en a pri\u00e9 \u00e0 la suite d\u2019une demande du Comit\u00e9, la Division des droits des Palestiniens m\u00e8ne un programme annuel de formation \u00e0 l\u2019intention des fonctionnaires de l\u2019Autorit\u00e9 palestinienne. Organis\u00e9 en coop\u00e9ration avec la Mission permanente d\u2019observation de la Palestine aupr\u00e8s de l\u2019Organisation des Nations Unies, le programme se d\u00e9roule au Si\u00e8ge de l\u2019ONU tous les ans de septembre \u00e0 d\u00e9cembre, pendant la session annuelle de l\u2019Assembl\u00e9e. Ax\u00e9 sur le renforcement des capacit\u00e9s, il est con\u00e7u pour aider les fonctionnaires de l\u2019Autorit\u00e9 palestinienne \u00e0 d\u00e9couvrir et acqu\u00e9rir des comp\u00e9tences professionnelles utiles au regard des divers aspects des travaux de l\u2019Organisation et des activit\u00e9s men\u00e9es dans le cadre de la diplomatie multilat\u00e9rale.<\/p>\n<p>Dans sa <a href=\"http:\/\/undocs.org\/fr\/A\/RES\/64\/17\">r\u00e9solution 64\/17<\/a> du 2 d\u00e9cembre 2009, l\u2019Assembl\u00e9e g\u00e9n\u00e9rale a d\u00e9cid\u00e9 qu\u2019il fallait continuer d\u2019\u00e9toffer le programme \u00ab pour contribuer au renforcement des capacit\u00e9s palestiniennes \u00bb. En application de cette r\u00e9solution, la Division des droits des Palestiniens a, en septembre 2010 et 2011, organis\u00e9 des programmes de formation \u00e0 l\u2019intention du personnel de l\u2019Autorit\u00e9 palestinienne \u00e0 l\u2019Office des Nations Unies \u00e0 Gen\u00e8ve en collaboration avec le Groupe de l\u2019assistance au peuple palestinien de la CNUCED, qui a accueillis les activit\u00e9s. La Division organise \u00e9galement d\u2019autres programmes de formation en vue d\u2019aider le Gouvernement palestinien \u00e0 renforcer ses capacit\u00e9s. <span class=\"TextRun BCX2 SCXW193537688\" lang=\"FR-FR\" xml:lang=\"FR-FR\" data-contrast=\"none\"><span class=\"NormalTextRun BCX2 SCXW193537688\" data-ccp-parastyle=\"Default\" data-ccp-parastyle-defn=\"{\">Informations suppl\u00e9mentaires sur le programme de formation peut \u00eatre trouv\u00e9 <\/span><\/span><a href=\"https:\/\/www.un.org\/unispal\/capacity-building-programme\/\"><span class=\"TextRun BCX2 SCXW193537688\" lang=\"FR-FR\" xml:lang=\"FR-FR\" data-contrast=\"none\"><span class=\"NormalTextRun BCX2 SCXW193537688\" data-ccp-parastyle=\"Default\">ici<\/span><\/span><\/a>.<\/p>\n<h2>Journ\u00e9e internationale de solidarit\u00e9 avec le Peuple Palestinien<\/h2>\n<p>Conform\u00e9ment \u00e0 la <a href=\"http:\/\/undocs.org\/fr\/A\/RES\/32\/40\">r\u00e9solution 32\/40 B<\/a> de l&rsquo;Assembl\u00e9e g\u00e9n\u00e9rale, adopt\u00e9e le 2 d\u00e9cembre 1977, la <a href=\"https:\/\/www.un.org\/unispal\/events\/international-day-of-solidarity-with-the-palestinian-people\/\">Journ\u00e9e internationale de solidarit\u00e9 avec le peuple palestinien <\/a>est c\u00e9l\u00e9br\u00e9e chaque ann\u00e9e, le 29 novembre ou aux environs de cette date, pour marquer solennellement l&rsquo;adoption par l&rsquo;Assembl\u00e9e, le 29 novembre 1947, de la <a href=\"http:\/\/undocs.org\/fr\/A\/RES\/181(II)\">r\u00e9solution 181 (II)<\/a>, qui pr\u00e9voyait le partage de la Palestine en deux \u00c9tats. Cette c\u00e9l\u00e9bration a notamment lieu au Si\u00e8ge de l\u2019Organisation des Nations Unies, \u00e0 l\u2019Office des Nations Unies \u00e0 Gen\u00e8ve et \u00e0 l\u2019Office des Nations Unies \u00e0 Vienne. Elle comprend des r\u00e9unions sp\u00e9ciales, au cours desquelles de hauts fonctionnaires de l&rsquo;ONU et d&rsquo;organisations intergouvernementales et des repr\u00e9sentants de la soci\u00e9t\u00e9 civile font des d\u00e9clarations sur la question de Palestine, ainsi que des manifestations culturelles. Des organismes gouvernementaux et des organisations de la soci\u00e9t\u00e9 civile m\u00e8nent eux aussi diverses activit\u00e9s en coop\u00e9ration avec les centres d&rsquo;information des Nations Unies un peu partout dans le monde. En outre, l&rsquo;Assembl\u00e9e g\u00e9n\u00e9rale a pour coutume d\u2019ouvrir ce jour-l\u00e0 son d\u00e9bat annuel sur la question de Palestine. Elle a proclam\u00e9 2014 Ann\u00e9e internationale de la solidarit\u00e9 avec le peuple palestinien.<\/p>\n<h2>Liaison et coop\u00e9ration avec la soci\u00e9t\u00e9 civile et les parlementaires<\/h2>\n<p>Sur la base du programme de coop\u00e9ration du Comit\u00e9 avec la soci\u00e9t\u00e9 civile qui a \u00e9t\u00e9 lanc\u00e9 \u00e0 l\u2019occasion des pr\u00e9paratifs de la Conf\u00e9rence internationale sur la question de Palestine, tenue en 1983 \u00e0 Gen\u00e8ve, l\u2019Assembl\u00e9e g\u00e9n\u00e9rale a donn\u00e9 pour mandat \u00e0 la Division de resserrer ses contacts avec les organisations non gouvernementales et d\u2019organiser des r\u00e9unions \u00e0 leur intention dans diff\u00e9rentes r\u00e9gions en vue de mieux faire conna\u00eetre les faits relatifs \u00e0 la question de Palestine; ce mandat a \u00e9t\u00e9 renouvel\u00e9 chaque ann\u00e9e. Les organisations de la soci\u00e9t\u00e9 civile sont invit\u00e9es \u00e0 toutes les r\u00e9unions et conf\u00e9rences internationales organis\u00e9es sous les auspices du Comit\u00e9.<\/p>\n<p>Le Comit\u00e9 encourageant la coop\u00e9ration, la coordination et la constitution de r\u00e9seaux entre organisations de la soci\u00e9t\u00e9 civile, la Division entretient des liens avec les m\u00e9canismes de coordination nationaux, r\u00e9gionaux et internationaux et tient p\u00e9riodiquement des consultations avec diverses organisations sur les moyens de resserrer la coop\u00e9ration. \u00c0 l\u2019occasion, des repr\u00e9sentants du Comit\u00e9 ou des fonctionnaires de la Division participent \u00e0 des manifestations organis\u00e9es par des organisations de la soci\u00e9t\u00e9 civile.<\/p>\n<p>Le Comit\u00e9 tient \u00e9galement beaucoup \u00e0 d\u00e9velopper les relations et la coop\u00e9ration avec les parlements et les organisations interparlementaires nationaux et r\u00e9gionaux, pour encourager les l\u00e9gislateurs dans le monde entier \u00e0 \u0153uvrer de concert avec leurs gouvernements, l\u2019ONU et le Comit\u00e9 afin de parvenir \u00e0 un r\u00e8glement du conflit isra\u00e9lo-palestinien pr\u00e9voyant deux \u00c9tats. Cette collaboration rev\u00eat diff\u00e9rentes formes, notamment des consultations p\u00e9riodiques avec des repr\u00e9sentants de parlements et d\u2019organisations interparlementaires nationaux, et la tenue de manifestations internationales conjointes portant sur les questions les plus urgentes. En 2013, le Comit\u00e9 a r\u00e9activ\u00e9 son <a href=\"https:\/\/www.un.org\/unispal\/fr\/about-unispal\/committee\/working-group\/\">groupe de travail<\/a> sur la coop\u00e9ration avec la soci\u00e9t\u00e9 civile.<\/p>\n<\/div><\/div><\/div><\/div><\/div><\/p>\n","protected":false},"excerpt":{"rendered":"","protected":false},"author":3,"featured_media":0,"parent":4863,"menu_order":0,"comment_status":"closed","ping_status":"closed","template":"","meta":{"footnotes":""},"class_list":["post-165","page","type-page","status-publish","hentry"],"_links":{"self":[{"href":"https:\/\/www.un.org\/unispal\/fr\/wp-json\/wp\/v2\/pages\/165","targetHints":{"allow":["GET"]}}],"collection":[{"href":"https:\/\/www.un.org\/unispal\/fr\/wp-json\/wp\/v2\/pages"}],"about":[{"href":"https:\/\/www.un.org\/unispal\/fr\/wp-json\/wp\/v2\/types\/page"}],"author":[{"embeddable":true,"href":"https:\/\/www.un.org\/unispal\/fr\/wp-json\/wp\/v2\/users\/3"}],"replies":[{"embeddable":true,"href":"https:\/\/www.un.org\/unispal\/fr\/wp-json\/wp\/v2\/comments?post=165"}],"version-history":[{"count":0,"href":"https:\/\/www.un.org\/unispal\/fr\/wp-json\/wp\/v2\/pages\/165\/revisions"}],"up":[{"embeddable":true,"href":"https:\/\/www.un.org\/unispal\/fr\/wp-json\/wp\/v2\/pages\/4863"}],"wp:attachment":[{"href":"https:\/\/www.un.org\/unispal\/fr\/wp-json\/wp\/v2\/media?parent=165"}],"curies":[{"name":"wp","href":"https:\/\/api.w.org\/{rel}","templated":true}]}}