  {"id":159,"date":"2016-04-26T14:53:23","date_gmt":"2016-04-26T14:53:23","guid":{"rendered":"https:\/\/www.un.org\/unispal\/?page_id=159"},"modified":"2021-06-11T12:27:24","modified_gmt":"2021-06-11T16:27:24","slug":"committee","status":"publish","type":"page","link":"https:\/\/www.un.org\/unispal\/fr\/about-unispal\/committee\/","title":{"rendered":"Le Comit\u00e9"},"content":{"rendered":"<div class=\"fusion-fullwidth fullwidth-box fusion-builder-row-1 fusion-flex-container nonhundred-percent-fullwidth non-hundred-percent-height-scrolling\" style=\"--awb-background-position:left top;--awb-border-sizes-top:0px;--awb-border-sizes-bottom:0px;--awb-border-sizes-left:0px;--awb-border-sizes-right:0px;--awb-border-radius-top-left:0px;--awb-border-radius-top-right:0px;--awb-border-radius-bottom-right:0px;--awb-border-radius-bottom-left:0px;--awb-padding-bottom:20px;--awb-flex-wrap:wrap;\" ><div class=\"fusion-builder-row fusion-row fusion-flex-align-items-flex-start fusion-flex-content-wrap\" style=\"max-width:1372.8px;margin-left: calc(-4% \/ 2 );margin-right: calc(-4% \/ 2 );\"><div class=\"fusion-layout-column fusion_builder_column fusion-builder-column-0 fusion_builder_column_1_1 1_1 fusion-flex-column fusion-flex-align-self-flex-start fusion-column-no-min-height\" style=\"--awb-bg-size:cover;--awb-width-large:100%;--awb-margin-top-large:0px;--awb-spacing-right-large:1.92%;--awb-margin-bottom-large:0px;--awb-spacing-left-large:1.92%;--awb-width-medium:100%;--awb-spacing-right-medium:1.92%;--awb-spacing-left-medium:1.92%;--awb-width-small:100%;--awb-spacing-right-small:1.92%;--awb-spacing-left-small:1.92%;\"><div class=\"fusion-column-wrapper fusion-flex-justify-content-flex-start fusion-content-layout-column\"><div class=\"fusion-title title fusion-title-1 fusion-sep-none fusion-title-text fusion-title-size-one\"><h1 class=\"fusion-title-heading title-heading-left fusion-responsive-typography-calculated\" style=\"margin:0;--fontSize:34;line-height:1.4;\">Comit\u00e9 pour l&rsquo;exercice des droits inali\u00e9nables du peuple palestinien<\/h1><\/div><\/div><\/div><div class=\"fusion-layout-column fusion_builder_column fusion-builder-column-1 fusion_builder_column_3_4 3_4 fusion-flex-column\" style=\"--awb-bg-size:cover;--awb-width-large:75%;--awb-margin-top-large:0px;--awb-spacing-right-large:3.84%;--awb-margin-bottom-large:20px;--awb-spacing-left-large:2.56%;--awb-width-medium:75%;--awb-spacing-right-medium:3.84%;--awb-spacing-left-medium:2.56%;--awb-width-small:100%;--awb-spacing-right-small:1.92%;--awb-spacing-left-small:1.92%;\"><div class=\"fusion-column-wrapper fusion-flex-justify-content-flex-start fusion-content-layout-column\"><div class=\"fusion-image-element \" style=\"--awb-caption-title-font-family:var(--h2_typography-font-family);--awb-caption-title-font-weight:var(--h2_typography-font-weight);--awb-caption-title-font-style:var(--h2_typography-font-style);--awb-caption-title-size:var(--h2_typography-font-size);--awb-caption-title-transform:var(--h2_typography-text-transform);--awb-caption-title-line-height:var(--h2_typography-line-height);--awb-caption-title-letter-spacing:var(--h2_typography-letter-spacing);\"><span class=\" fusion-imageframe imageframe-none imageframe-1 hover-type-none moreHighlights\"><img decoding=\"async\" src=\"https:\/\/www.un.org\/unispal\/wp-content\/uploads\/2016\/11\/216-300x200.jpg\" alt class=\"img-responsive\"\/><\/span><\/div><p class=\"caption\"  style=\"text-align:left !important;\"> R\u00e9union sp\u00e9ciale du Comit\u00e9 pour l\u2019exercice des droits inali\u00e9nables du peuple palestinien. Photo ONU\/Ryan Brown<\/p><div class=\"fusion-title title fusion-title-2 fusion-title-text fusion-title-size-two\" style=\"--awb-margin-top:30px;\"><div class=\"title-sep-container title-sep-container-left fusion-no-large-visibility fusion-no-medium-visibility fusion-no-small-visibility\"><div class=\"title-sep sep-double sep-solid\" style=\"border-color:#e0dede;\"><\/div><\/div><span class=\"awb-title-spacer fusion-no-large-visibility fusion-no-medium-visibility fusion-no-small-visibility\"><\/span><h2 class=\"fusion-title-heading title-heading-left fusion-responsive-typography-calculated\" style=\"margin:0;--fontSize:18;--minFontSize:18;line-height:1.5;\">Historique<\/h2><span class=\"awb-title-spacer\"><\/span><div class=\"title-sep-container title-sep-container-right\"><div class=\"title-sep sep-double sep-solid\" style=\"border-color:#e0dede;\"><\/div><\/div><\/div><div class=\"fusion-text fusion-text-1\"><p>En 1975, par sa <a href=\"http:\/\/undocs.org\/fr\/A\/RES\/3376(XXX)\">r\u00e9solution 3376<\/a>, l\u2019<a href=\"https:\/\/www.un.org\/unispal\/fr\/data-collection\/general-assembly\/\">Assembl\u00e9e g\u00e9n\u00e9rale<\/a> a cr\u00e9\u00e9 le Comit\u00e9 pour l\u2019exercice des droits inali\u00e9nables du peuple palestinien et l\u2019a pri\u00e9 de recommander un <a href=\"http:\/\/undocs.org\/fr\/S\/12090\">programme de mise en \u0153uvre<\/a> destin\u00e9 \u00e0 permettre au peuple palestinien d\u2019exercer ses droits inali\u00e9nables \u00e0 l\u2019autod\u00e9termination sans ing\u00e9rence ext\u00e9rieure et \u00e0 l\u2019ind\u00e9pendance et \u00e0 la souverainet\u00e9 nationales, ainsi que le droit des Palestiniens de retourner dans leurs foyers et vers leurs biens, d\u2019o\u00f9 ils avaient \u00e9t\u00e9 d\u00e9plac\u00e9s. L\u2019Assembl\u00e9e a fait siennes les recommandations du Comit\u00e9, qui lui soumet des <a href=\"https:\/\/www.un.org\/unispal\/fr\/reports-of-the-committee-on-the-exercise-of-the-inalienable-rights-of-the-palestinian-people\/\">rapports<\/a> chaque ann\u00e9e. Elle a cr\u00e9\u00e9 la <a href=\"https:\/\/www.un.org\/unispal\/fr\/about-division-palestinian-rights\/\">Division des droits des Palestiniens<\/a>, qui assure le secr\u00e9tariat du Comit\u00e9 et a, au fil des ans, progressivement \u00e9largi le mandat de celui-ci.<\/p>\n<p>Le Comit\u00e9 s\u2019est f\u00e9licit\u00e9 de la Conf\u00e9rence internationale de la paix sur le Moyen-Orient (Madrid, 1991), ainsi que de la D\u00e9claration de principes sur des arrangements int\u00e9rimaires d\u2019autonomie (1993) et des accords ult\u00e9rieurs conclus par Isra\u00ebl et l\u2019Organisation de lib\u00e9ration de la Palestine (OLP). Il a fermement soutenu la vision \u00e0 laquelle le Conseil de s\u00e9curit\u00e9 s\u2019est dit attach\u00e9 dans sa <a href=\"http:\/\/undocs.org\/fr\/S\/RES\/1397(2002)\">r\u00e9solution 1397 (2002)<\/a>, celle de deux \u00c9tats, Isra\u00ebl et la Palestine, vivant c\u00f4te \u00e0 c\u00f4te \u00e0 l\u2019int\u00e9rieur de fronti\u00e8res s\u00fbres et reconnues. Il a accueilli favorablement la <a href=\"http:\/\/undocs.org\/fr\/S\/2003\/529\">feuille de route<\/a> du Quatuor, ainsi que l\u2019Initiative de paix arabe, et invit\u00e9 les parties concern\u00e9es \u00e0 les appliquer. Il s\u2019emploie \u00e0 mieux faire conna\u00eetre les divers aspects de la question de Palestine dans le monde et \u00e0 mobiliser, au niveau international, l\u2019appui et l\u2019aide dont le peuple palestinien a besoin.<\/p>\n<p>L\u2019Assembl\u00e9e g\u00e9n\u00e9rale renouvelle le <a href=\"http:\/\/undocs.org\/fr\/A\/RES\/70\/12\">mandat du Comit\u00e9<\/a> chaque ann\u00e9e. Avec l\u2019appui de la <a href=\"https:\/\/www.un.org\/unispal\/fr\/about-division-palestinian-rights\/\">Division des droits des Palestiniens<\/a>, le Comit\u00e9 organise des <a href=\"https:\/\/www.un.org\/unispal\/events\/international-conferences\/\">r\u00e9unions et conf\u00e9rences internationales<\/a>, coop\u00e8re et assure la liaison avec les <a href=\"https:\/\/www.un.org\/unispal\/fr\/civil-society\/\">organisations de la soci\u00e9t\u00e9 civile<\/a> du monde entier, g\u00e8re un programme d\u2019information et de publications et organise chaque ann\u00e9e, le 29 novembre ou aux alentours de cette date, une s\u00e9ance sp\u00e9ciale pour c\u00e9l\u00e9brer la <a href=\"http:\/\/www.un.org\/fr\/events\/palestinianday\/\">Journ\u00e9e internationale de solidarit\u00e9 avec le peuple palestinien<\/a>. Vers le d\u00e9but de chaque ann\u00e9e civile, le Comit\u00e9 \u00e9lit son Bureau et adopte un <a href=\"https:\/\/www.un.org\/unispal\/fr\/about-unispal\/committee\/programme-of-work\/\">Programme de Travail<\/a> pour l&rsquo;ann\u00e9e. La Division des droits des Palestiniens soutient le Comit\u00e9 dans la mise en \u0153uvre du programme de travail. Le Comit\u00e9 rend compte \u00e0 l&rsquo;Assembl\u00e9e g\u00e9n\u00e9rale de la mise en \u0153uvre de son mandat dans son rapport annuel. Le 29 novembre \u00e9galement, l\u2019Assembl\u00e9e entame l\u2019examen du point de l\u2019ordre du jour intitul\u00e9 \u00ab Question de Palestine \u00bb, qui porte notamment sur le <a href=\"https:\/\/www.un.org\/unispal\/fr\/reports-of-the-committee-on-the-exercise-of-the-inalienable-rights-of-the-palestinian-people\/\">rapport du Comit\u00e9<\/a>, puis met aux voix les quatre r\u00e9solutions approuv\u00e9es par le Comit\u00e9 (<a href=\"https:\/\/undocs.org\/fr\/A\/RES\/75\/20\">A\/RES\/75\/20<\/a>,\u00a0<a href=\"https:\/\/undocs.org\/fr\/A\/RES\/75\/22\">A\/RES\/75\/22<\/a>,\u00a0<a href=\"https:\/\/undocs.org\/fr\/A\/RES\/75\/21\">A\/RES\/75\/21,<\/a> <a href=\"https:\/\/undocs.org\/fr\/A\/RES\/75\/23\">A\/RES\/75\/23<\/a>).<\/p>\n<p><span data-contrast=\"none\">Le Conseil de s\u00e9curit\u00e9, lors de son d\u00e9bat trimestriel sur la situation au Moyen-Orient, y compris la question palestinienne, invite le pr\u00e9sident du Comit\u00e9 \u00e0 \u00e9noncer la position de la commission. Veuillez trouver <\/span><a href=\"https:\/\/www.un.org\/unispal\/committee\/chair-statements\/\"><span data-contrast=\"none\">ici<\/span><\/a><span data-contrast=\"none\"> les d\u00e9clarations faites par les Pr\u00e9sidents du Comit\u00e9 et l\u2019<\/span><span data-contrast=\"auto\">Assembl\u00e9e G\u00e9n\u00e9rale <\/span><span data-contrast=\"none\">\u00e0 ce jour.<\/span><span data-ccp-props=\"{\">\u00a0<\/span><\/p>\n<\/div><\/div><\/div><div class=\"fusion-layout-column fusion_builder_column fusion-builder-column-2 fusion_builder_column_1_4 1_4 fusion-flex-column\" style=\"--awb-bg-size:cover;--awb-width-large:25%;--awb-margin-top-large:0px;--awb-spacing-right-large:7.68%;--awb-margin-bottom-large:20px;--awb-spacing-left-large:3.84%;--awb-width-medium:25%;--awb-spacing-right-medium:7.68%;--awb-spacing-left-medium:3.84%;--awb-width-small:100%;--awb-spacing-right-small:1.92%;--awb-spacing-left-small:1.92%;\"><div class=\"fusion-column-wrapper fusion-flex-justify-content-flex-start fusion-content-layout-column\"><div class=\"fusion-widget-area awb-widget-area-element fusion-widget-area-1 fusion-content-widget-area\" style=\"--awb-title-size:13px;--awb-title-color:#333333;--awb-padding:0px 0px 0px 0px;\"><div id=\"wp_views-3\" class=\"widget widget_wp_views\">\n\n\n<div id=\"wpv-view-layout-9925-TCPID159\" class=\"js-wpv-view-layout js-wpv-layout-responsive js-wpv-view-layout-9925-TCPID159\" data-viewnumber=\"9925-TCPID159\" data-pagination=\"{&quot;id&quot;:&quot;9925&quot;,&quot;query&quot;:&quot;normal&quot;,&quot;type&quot;:&quot;disabled&quot;,&quot;effect&quot;:&quot;fade&quot;,&quot;duration&quot;:500,&quot;speed&quot;:5,&quot;pause_on_hover&quot;:&quot;disabled&quot;,&quot;stop_rollover&quot;:&quot;false&quot;,&quot;cache_pages&quot;:&quot;enabled&quot;,&quot;preload_images&quot;:&quot;enabled&quot;,&quot;preload_pages&quot;:&quot;enabled&quot;,&quot;preload_reach&quot;:1,&quot;spinner&quot;:&quot;builtin&quot;,&quot;spinner_image&quot;:&quot;https:\/\/www.un.org\/unispal\/fr\/wp-content\/plugins\/wp-views\/embedded\/res\/img\/ajax-loader.gif&quot;,&quot;callback_next&quot;:&quot;&quot;,&quot;manage_history&quot;:&quot;enabled&quot;,&quot;has_controls_in_form&quot;:&quot;disabled&quot;,&quot;infinite_tolerance&quot;:&quot;0&quot;,&quot;max_pages&quot;:0,&quot;page&quot;:1,&quot;base_permalink&quot;:&quot;\/unispal\/fr\/wp-json\/wp\/v2\/pages\/159?wpv_view_count=9925-TCPID159&amp;wpv_paged=WPV_PAGE_NUM&quot;,&quot;loop&quot;:{&quot;type&quot;:&quot;&quot;,&quot;name&quot;:&quot;&quot;,&quot;data&quot;:[],&quot;id&quot;:0}}\" data-permalink=\"\/unispal\/fr\/wp-json\/wp\/v2\/pages\/159?wpv_view_count=9925-TCPID159\">\n\n\t\n<!-- wpv-loop-start -->\n<div id=\"side-list\">\n\t<ul class=\"wpv-loop js-wpv-loop\">\n\t\t\n\t\t\t<li>\n\t\t\t\t<a href=\"https:\/\/www.un.org\/unispal\/fr\/about-unispal\/committee\/membership\/\">Membres<\/a>\n\t\t\t<\/li>\n\t\t\n\t\t\t<li>\n\t\t\t\t<a href=\"https:\/\/www.un.org\/unispal\/fr\/about-unispal\/committee\/bureau\/\">Bureau<\/a>\n\t\t\t<\/li>\n\t\t\n\t\t\t<li>\n\t\t\t\t<a href=\"https:\/\/www.un.org\/unispal\/fr\/about-unispal\/committee\/mandate-and-objectives\/\">Mandat et objectifs<\/a>\n\t\t\t<\/li>\n\t\t\n\t\t\t<li>\n\t\t\t\t<a href=\"https:\/\/www.un.org\/unispal\/fr\/about-unispal\/committee\/areas-of-activities\/\">Domaines d\u2019activit\u00e9s<\/a>\n\t\t\t<\/li>\n\t\t\n\t\t\t<li>\n\t\t\t\t<a href=\"https:\/\/www.un.org\/unispal\/fr\/about-unispal\/committee\/working-group\/\">Groupe de travail<\/a>\n\t\t\t<\/li>\n\t\t\n\t\t\t<li>\n\t\t\t\t<a href=\"https:\/\/www.un.org\/unispal\/fr\/about-unispal\/committee\/programme-of-work\/\">Programme de Travail<\/a>\n\t\t\t<\/li>\n\t\t\n\t\t\t<li>\n\t\t\t\t<a href=\"https:\/\/www.un.org\/unispal\/fr\/about-unispal\/committee\/reports-of-the-committee-on-the-exercise-of-the-inalienable-rights-of-the-palestinian-people\/\">Rapports du Comit\u00e9 pour l\u2019exercice des droits inali\u00e9nables du peuple palestinien<\/a>\n\t\t\t<\/li>\n\t\t\n\t\t\t<li>\n\t\t\t\t<a href=\"https:\/\/www.un.org\/unispal\/fr\/about-unispal\/committee\/chair-statements\/\">D\u00e9clarations du Pr\u00e9sident du Comit\u00e9<\/a>\n\t\t\t<\/li>\n\t\t\n\t\t\t<li>\n\t\t\t\t<a href=\"https:\/\/www.un.org\/unispal\/fr\/about-unispal\/committee\/ceirpp-newsletters\/\">Bulletins du Comit\u00e9<\/a>\n\t\t\t<\/li>\n\t\t\n  <\/ul><\/div>\n\t<!-- wpv-loop-end -->\n\t\n\t\n<\/div>\n<\/div><div class=\"fusion-additional-widget-content\"><\/div><\/div><\/div><\/div><\/div><\/div>\n","protected":false},"excerpt":{"rendered":"","protected":false},"author":3,"featured_media":0,"parent":4863,"menu_order":0,"comment_status":"closed","ping_status":"closed","template":"","meta":{"footnotes":""},"class_list":["post-159","page","type-page","status-publish","hentry"],"_links":{"self":[{"href":"https:\/\/www.un.org\/unispal\/fr\/wp-json\/wp\/v2\/pages\/159","targetHints":{"allow":["GET"]}}],"collection":[{"href":"https:\/\/www.un.org\/unispal\/fr\/wp-json\/wp\/v2\/pages"}],"about":[{"href":"https:\/\/www.un.org\/unispal\/fr\/wp-json\/wp\/v2\/types\/page"}],"author":[{"embeddable":true,"href":"https:\/\/www.un.org\/unispal\/fr\/wp-json\/wp\/v2\/users\/3"}],"replies":[{"embeddable":true,"href":"https:\/\/www.un.org\/unispal\/fr\/wp-json\/wp\/v2\/comments?post=159"}],"version-history":[{"count":0,"href":"https:\/\/www.un.org\/unispal\/fr\/wp-json\/wp\/v2\/pages\/159\/revisions"}],"up":[{"embeddable":true,"href":"https:\/\/www.un.org\/unispal\/fr\/wp-json\/wp\/v2\/pages\/4863"}],"wp:attachment":[{"href":"https:\/\/www.un.org\/unispal\/fr\/wp-json\/wp\/v2\/media?parent=159"}],"curies":[{"name":"wp","href":"https:\/\/api.w.org\/{rel}","templated":true}]}}