  {"id":98,"date":"2015-01-07T02:09:22","date_gmt":"2015-01-07T02:09:22","guid":{"rendered":"http:\/\/www.un.org\/sustainabledevelopment\/?page_id=98"},"modified":"2023-07-11T11:06:00","modified_gmt":"2023-07-11T15:06:00","slug":"press-releases","status":"publish","type":"page","link":"https:\/\/www.un.org\/sustainabledevelopment\/fr\/news\/press-releases\/","title":{"rendered":"Communiqu\u00e9s de presse"},"content":{"rendered":"<div class=\"fusion-fullwidth fullwidth-box fusion-builder-row-1 has-pattern-background has-mask-background hundred-percent-fullwidth non-hundred-percent-height-scrolling\" style=\"--link_hover_color: #ff0000;--awb-border-radius-top-left:0px;--awb-border-radius-top-right:0px;--awb-border-radius-bottom-right:0px;--awb-border-radius-bottom-left:0px;--awb-overflow:visible;--awb-flex-wrap:wrap;\" ><div class=\"fusion-builder-row fusion-row\"><div class=\"fusion-layout-column fusion_builder_column fusion-builder-column-0 fusion_builder_column_1_1 1_1 fusion-one-full fusion-column-first fusion-column-last fusion-column-no-min-height\" style=\"--awb-bg-size:cover;--awb-margin-bottom:0px;\"><div class=\"fusion-column-wrapper fusion-flex-column-wrapper-legacy\"><div class=\"fusion-blog-shortcode fusion-blog-shortcode-1 fusion-blog-archive fusion-blog-layout-medium-alternate fusion-blog-pagination\"><div class=\"fusion-posts-container fusion-posts-container-pagination fusion-blog-rollover\" data-pages=\"1\"><article id=\"blog-1-post-23036\" class=\"fusion-post-medium-alternate post-23036 post type-post status-publish format-standard hentry category-press-releases\">\n<div class=\"fusion-date-and-formats\"><div class=\"fusion-date-box updated\"><span class=\"fusion-date\">11<\/span><span class=\"fusion-month-year\">11 07 2023<\/span><\/div><div class=\"fusion-format-box\"><i class=\"awb-icon-pen\" aria-hidden=\"true\"><\/i><\/div><\/div>\t<style type=\"text\/css\">\n\t\t\n\t\t\n\t\t\n\t\t\n\t\t\t<\/style>\n\n\n<div class=\"fusion-post-content post-content\"><h2 class=\"blog-shortcode-post-title entry-title\"><a href=\"https:\/\/www.un.org\/sustainabledevelopment\/fr\/2023\/07\/11\/les-nations-unies-lancent-une-campagne-appelant-a-renouveler-lambition-et-laction-mondiales-en-faveur-des-objectifs-de-developpement-durable\/\">Les Nations Unies lancent une campagne appelant \u00e0 renouveler l&rsquo;ambition et l&rsquo;action mondiales en faveur des Objectifs de d\u00e9veloppement durable<\/a><\/h2><p class=\"fusion-single-line-meta\"><span class=\"vcard\" style=\"display: none;\"><span class=\"fn\"><a href=\"https:\/\/www.un.org\/sustainabledevelopment\/fr\/author\/jocelyn-bodiguel\/\" title=\"Articles par Jocelyn Bodiguel\" rel=\"author\">Jocelyn Bodiguel<\/a><\/span><\/span><span class=\"updated\" style=\"display:none;\">2023-07-11T10:37:05-04:00<\/span><span>11 Juil 2023<\/span><span class=\"fusion-inline-sep\">|<\/span><\/p><div class=\"fusion-post-content-container\"><p>La mobilisation de l'opinion publique pr\u00e9c\u00e8de le sommet de mi-parcours qui se tiendra en septembre aux Nations Unies \u00e0 New York. \u00a0 New York, le 5 juillet 2023 - Les Nations Unies donnent aujourd'hui le coup d'envoi d'une campagne de [...]<\/p><\/div><\/div><div class=\"fusion-clearfix\"><\/div><div class=\"fusion-meta-info\"><div class=\"fusion-alignright\"><a class=\"fusion-read-more\" href=\"https:\/\/www.un.org\/sustainabledevelopment\/fr\/2023\/07\/11\/les-nations-unies-lancent-une-campagne-appelant-a-renouveler-lambition-et-laction-mondiales-en-faveur-des-objectifs-de-developpement-durable\/\" aria-label=\"More on Les Nations Unies lancent une campagne appelant \u00e0 renouveler l&rsquo;ambition et l&rsquo;action mondiales en faveur des Objectifs de d\u00e9veloppement durable\">Read More<\/a><\/div><\/div><\/article>\n<article id=\"blog-1-post-23039\" class=\"fusion-post-medium-alternate post-23039 post type-post status-publish format-standard hentry category-press-releases\">\n<div class=\"fusion-date-and-formats\"><div class=\"fusion-date-box updated\"><span class=\"fusion-date\">25<\/span><span class=\"fusion-month-year\">25 01 2023<\/span><\/div><div class=\"fusion-format-box\"><i class=\"awb-icon-pen\" aria-hidden=\"true\"><\/i><\/div><\/div>\t<style type=\"text\/css\">\n\t\t\n\t\t\n\t\t\n\t\t\n\t\t\t<\/style>\n\n\n<div class=\"fusion-post-content post-content\"><h2 class=\"blog-shortcode-post-title entry-title\"><a href=\"https:\/\/www.un.org\/sustainabledevelopment\/fr\/2023\/01\/25\/dapres-le-rapport-phare-de-lonu-la-confluence-de-multiples-crises-resulte-en-une-production-economique-mondiale-parmi-les-plus-faibles-de-ces-dernieres-decennies\/\">D\u2019apr\u00e8s le rapport phare de l\u2019ONU, la confluence de multiples crises r\u00e9sulte en une production \u00e9conomique mondiale parmi les plus faibles de ces derni\u00e8res d\u00e9cennies<\/a><\/h2><p class=\"fusion-single-line-meta\"><span class=\"vcard\" style=\"display: none;\"><span class=\"fn\"><a href=\"https:\/\/www.un.org\/sustainabledevelopment\/fr\/author\/jocelyn-bodiguel\/\" title=\"Articles par Jocelyn Bodiguel\" rel=\"author\">Jocelyn Bodiguel<\/a><\/span><\/span><span class=\"updated\" style=\"display:none;\">2023-07-11T10:40:52-04:00<\/span><span>25 Jan 2023<\/span><span class=\"fusion-inline-sep\">|<\/span><\/p><div class=\"fusion-post-content-container\"><p>Des mesures budg\u00e9taires plus fortes sont n\u00e9cessaires pour relancer l\u2019\u00e9conomie mondiale et soutenir le programme de d\u00e9veloppement. New York, le 25\u00a0janvier \u2013\u00a0En 2022, l\u2019\u00e9conomie mondiale a \u00e9t\u00e9 \u00e9branl\u00e9e par une s\u00e9rie de chocs graves qui se sont renforc\u00e9s mutuellement\u00a0: la [...]<\/p><\/div><\/div><div class=\"fusion-clearfix\"><\/div><div class=\"fusion-meta-info\"><div class=\"fusion-alignright\"><a class=\"fusion-read-more\" href=\"https:\/\/www.un.org\/sustainabledevelopment\/fr\/2023\/01\/25\/dapres-le-rapport-phare-de-lonu-la-confluence-de-multiples-crises-resulte-en-une-production-economique-mondiale-parmi-les-plus-faibles-de-ces-dernieres-decennies\/\" aria-label=\"More on D\u2019apr\u00e8s le rapport phare de l\u2019ONU, la confluence de multiples crises r\u00e9sulte en une production \u00e9conomique mondiale parmi les plus faibles de ces derni\u00e8res d\u00e9cennies\">Read More<\/a><\/div><\/div><\/article>\n<article id=\"blog-1-post-23042\" class=\"fusion-post-medium-alternate post-23042 post type-post status-publish format-standard hentry category-press-releases\">\n<div class=\"fusion-date-and-formats\"><div class=\"fusion-date-box updated\"><span class=\"fusion-date\">8<\/span><span class=\"fusion-month-year\">08 01 2015<\/span><\/div><div class=\"fusion-format-box\"><i class=\"awb-icon-pen\" aria-hidden=\"true\"><\/i><\/div><\/div>\t<style type=\"text\/css\">\n\t\t\n\t\t\n\t\t\n\t\t\n\t\t\t<\/style>\n\n\n<div class=\"fusion-post-content post-content\"><h2 class=\"blog-shortcode-post-title entry-title\"><a href=\"https:\/\/www.un.org\/sustainabledevelopment\/fr\/2015\/01\/08\/faire-de-2015-une-annee-de-transformations-a-lechelle-de-la-planete\/\">Faire de 2015 une ann\u00e9e de transformations \u00e0 l\u2019\u00e9chelle de la plan\u00e8te<\/a><\/h2><p class=\"fusion-single-line-meta\"><span class=\"vcard\" style=\"display: none;\"><span class=\"fn\"><a href=\"https:\/\/www.un.org\/sustainabledevelopment\/fr\/author\/jocelyn-bodiguel\/\" title=\"Articles par Jocelyn Bodiguel\" rel=\"author\">Jocelyn Bodiguel<\/a><\/span><\/span><span class=\"updated\" style=\"display:none;\">2023-07-11T10:42:55-04:00<\/span><span>08 Jan 2015<\/span><span class=\"fusion-inline-sep\">|<\/span><\/p><div class=\"fusion-post-content-container\"><p>8 janvier 2015 \u2013 Les dirigeants du monde entier ont une occasion historique cette ann\u00e9e de r\u00e9aliser des changements en profondeur sur les plans \u00e9conomique, environnemental et social, qui auront des effets positifs importants sur la vie des populations et [...]<\/p><\/div><\/div><div class=\"fusion-clearfix\"><\/div><div class=\"fusion-meta-info\"><div class=\"fusion-alignright\"><a class=\"fusion-read-more\" href=\"https:\/\/www.un.org\/sustainabledevelopment\/fr\/2015\/01\/08\/faire-de-2015-une-annee-de-transformations-a-lechelle-de-la-planete\/\" aria-label=\"More on Faire de 2015 une ann\u00e9e de transformations \u00e0 l\u2019\u00e9chelle de la plan\u00e8te\">Read More<\/a><\/div><\/div><\/article>\n<\/div><\/div><div class=\"fusion-clearfix\"><\/div><\/div><\/div><\/div><\/div>\n","protected":false},"excerpt":{"rendered":"","protected":false},"author":136,"featured_media":0,"parent":716,"menu_order":1,"comment_status":"closed","ping_status":"closed","template":"","meta":{"_et_pb_use_builder":"","_et_pb_old_content":"","_et_gb_content_width":"","footnotes":""},"class_list":["post-98","page","type-page","status-publish","hentry"],"_links":{"self":[{"href":"https:\/\/www.un.org\/sustainabledevelopment\/fr\/wp-json\/wp\/v2\/pages\/98","targetHints":{"allow":["GET"]}}],"collection":[{"href":"https:\/\/www.un.org\/sustainabledevelopment\/fr\/wp-json\/wp\/v2\/pages"}],"about":[{"href":"https:\/\/www.un.org\/sustainabledevelopment\/fr\/wp-json\/wp\/v2\/types\/page"}],"author":[{"embeddable":true,"href":"https:\/\/www.un.org\/sustainabledevelopment\/fr\/wp-json\/wp\/v2\/users\/136"}],"replies":[{"embeddable":true,"href":"https:\/\/www.un.org\/sustainabledevelopment\/fr\/wp-json\/wp\/v2\/comments?post=98"}],"version-history":[{"count":0,"href":"https:\/\/www.un.org\/sustainabledevelopment\/fr\/wp-json\/wp\/v2\/pages\/98\/revisions"}],"up":[{"embeddable":true,"href":"https:\/\/www.un.org\/sustainabledevelopment\/fr\/wp-json\/wp\/v2\/pages\/716"}],"wp:attachment":[{"href":"https:\/\/www.un.org\/sustainabledevelopment\/fr\/wp-json\/wp\/v2\/media?parent=98"}],"curies":[{"name":"wp","href":"https:\/\/api.w.org\/{rel}","templated":true}]}}