  {"id":9123,"date":"2018-08-14T12:14:11","date_gmt":"2018-08-14T16:14:11","guid":{"rendered":"https:\/\/www.un.org\/sustainabledevelopment\/fr\/?page_id=9123"},"modified":"2018-08-29T17:36:25","modified_gmt":"2018-08-29T21:36:25","slug":"be-the-change","status":"publish","type":"page","link":"https:\/\/www.un.org\/sustainabledevelopment\/fr\/be-the-change\/","title":{"rendered":"Incarnez le changement"},"content":{"rendered":"<p><div class=\"fusion-fullwidth fullwidth-box fusion-builder-row-1 nonhundred-percent-fullwidth non-hundred-percent-height-scrolling\" style=\"--awb-background-position:left top;--awb-border-radius-top-left:0px;--awb-border-radius-top-right:0px;--awb-border-radius-bottom-right:0px;--awb-border-radius-bottom-left:0px;--awb-padding-top:20px;--awb-padding-right:0px;--awb-padding-bottom:20px;--awb-padding-left:0px;--awb-border-sizes-top:0px;--awb-border-sizes-bottom:0px;--awb-flex-wrap:wrap;\" ><div class=\"fusion-builder-row fusion-row\"><div class=\"fusion-layout-column fusion_builder_column fusion-builder-column-0 fusion_builder_column_1_1 1_1 fusion-one-full fusion-column-first fusion-column-last fusion-column-no-min-height\" style=\"--awb-bg-size:cover;--awb-margin-bottom:0px;\"><div class=\"fusion-column-wrapper fusion-flex-column-wrapper-legacy\"><div class=\"fusion-text fusion-text-1\"><p><img decoding=\"async\" class=\"lazyload alignleft wp-image-8659 size-medium\" src=\"https:\/\/www.un.org\/sustainabledevelopment\/fr\/wp-content\/uploads\/sites\/4\/2018\/07\/French-Be-the-Change-Thumb-300x300.png\" data-orig-src=\"https:\/\/www.un.org\/sustainabledevelopment\/fr\/wp-content\/uploads\/sites\/4\/2018\/07\/French-Be-the-Change-Thumb-300x300.png\" alt=\"\" width=\"300\" height=\"300\" srcset=\"data:image\/svg+xml,%3Csvg%20xmlns%3D%27http%3A%2F%2Fwww.w3.org%2F2000%2Fsvg%27%20width%3D%27300%27%20height%3D%27300%27%20viewBox%3D%270%200%20300%20300%27%3E%3Crect%20width%3D%27300%27%20height%3D%27300%27%20fill-opacity%3D%220%22%2F%3E%3C%2Fsvg%3E\" data-srcset=\"https:\/\/www.un.org\/sustainabledevelopment\/wp-content\/uploads\/sites\/4\/2018\/07\/French-Be-the-Change-Thumb-66x66.png 66w, https:\/\/www.un.org\/sustainabledevelopment\/wp-content\/uploads\/sites\/4\/2018\/07\/French-Be-the-Change-Thumb-150x150.png 150w, https:\/\/www.un.org\/sustainabledevelopment\/wp-content\/uploads\/sites\/4\/2018\/07\/French-Be-the-Change-Thumb-200x200.png 200w, https:\/\/www.un.org\/sustainabledevelopment\/wp-content\/uploads\/sites\/4\/2018\/07\/French-Be-the-Change-Thumb-300x300.png 300w, https:\/\/www.un.org\/sustainabledevelopment\/wp-content\/uploads\/sites\/4\/2018\/07\/French-Be-the-Change-Thumb-400x400.png 400w, https:\/\/www.un.org\/sustainabledevelopment\/wp-content\/uploads\/sites\/4\/2018\/07\/French-Be-the-Change-Thumb.png 500w\" data-sizes=\"auto\" data-orig-sizes=\"(max-width: 300px) 100vw, 300px\" \/>Face \u00e0 l&rsquo;ensemble des <a href=\"\/sustainabledevelopment\/fr\/\">17 objectifs de d\u00e9veloppement durable<\/a>, le programme de l&rsquo;ONU pour un monde plus heureux et plus sain d&rsquo;ici 2030, il est l\u00e9gitime de se demander comment faire ressortir ces objectifs dans notre propre vie.<\/p>\n<p>L\u2019initiative \u00ab <strong>Soyez le changement<\/strong> \u00bb nous donne \u00e0 tous l\u2019occasion de mieux \u00ab joindre l\u2019acte \u00e0 la parole \u00bb en ce qui concerne les objectifs de d\u00e9veloppement durable. Cette initiative nous guide et nous encourage \u00e0 vivre de fa\u00e7on plus durable au travail et \u00e0 la maison en changeant nos habitudes de consommation, en utilisant des moyens de transport actifs comme le v\u00e9lo et en achetant des aliments locaux. Tout le monde est invit\u00e9 \u00e0 participer. Chaque petit geste compte \u2013 informez votre famille, vos amis et votre communaut\u00e9 des gestes simples qu\u2019ils peuvent r\u00e9aliser dans leur vie quotidienne.<\/p>\n<p>Afin de trouver l\u2019inspiration pour adopter un mode de vie durable tous les jours, nous vous sugg\u00e9rons de commencer par consulter le <a href=\"\/sustainabledevelopment\/fr\/takeaction\/\">Guide des paresseux pour sauver la plan\u00e8te<\/a>, dans lequel vous trouverez quelques habitudes \u00e0 prendre pour \u00eatre le changement ! Les <a href=\"https:\/\/drive.google.com\/file\/d\/1iMdE6DLLuCqwq3K9U-DaTUWB6KyMa8QG\/view\">170 actions quotidiennes pour transformer notre monde<\/a> sont aussi une tr\u00e8s bonne source d\u2019informations.<\/p>\n<p>Il ne faut pas grand-chose pour passer \u00e0 l\u2019action et nous mettrons tout en \u0153uvre pour que vous ayez un plus grand impact\u00a0! L\u2019ONU \u00e9labore une bo\u00eete \u00e0 outils que vous pouvez utiliser au travail, \u00e0 l\u2019\u00e9cole et \u00e0 l\u2019universit\u00e9 pour organiser votre propre initiative \u2013 que ce soit une initiative de recyclage interne ou une journ\u00e9e incitant \u00e0 se rendre au travail en v\u00e9lo, ou quelque chose qui affecte votre communaut\u00e9 comme enseigner aux enfants l\u2019importance de prendre des mesures pour lutter contre les changements climatiques.<\/p>\n<p>Retrouvez-nous sur\u00a0<a href=\"http:\/\/facebook.com\/globalgoalsUN\">Facebook<\/a>\u00a0et\u00a0<a href=\"http:\/\/twitter.com\/globalgoalsUN\">Twitter<\/a>\u00a0: @GlobalGoalsUN pour connaitre la date de diffusion de la bo\u00eete \u00e0 outils\u00a0!<\/p>\n<p>Ensemble, soyons le changement\u00a0!<\/p>\n<blockquote>\n<p>Retour sur notre premi\u00e8re <a href=\"http:\/\/www.un.org\/sustainabledevelopment\/blog\/2017\/06\/be-the-change\/\">semaine \u00ab Soyez le changement \u00bb<\/a> organis\u00e9e par le personnel de l&rsquo;ONU en juin 2017.<\/p>\n<p>Les d\u00e9tails de la <a href=\"https:\/\/www.un.org\/sustainabledevelopment\/blog\/2018\/05\/join-us-2018-change-week-unhq\/\">deuxi\u00e8me semaine<\/a> (juin 2018)<\/p>\n<\/blockquote>\n<\/div><div class=\"fusion-clearfix\"><\/div><\/div><\/div><div class=\"fusion-layout-column fusion_builder_column fusion-builder-column-1 fusion_builder_column_1_1 1_1 fusion-one-full fusion-column-first fusion-column-last\" style=\"--awb-bg-size:cover;\"><div class=\"fusion-column-wrapper fusion-flex-column-wrapper-legacy\"><div class=\"fusion-clearfix\"><\/div><\/div><\/div><\/div><\/div><div class=\"fusion-fullwidth fullwidth-box fusion-builder-row-2 hundred-percent-fullwidth non-hundred-percent-height-scrolling\" style=\"--awb-border-radius-top-left:0px;--awb-border-radius-top-right:0px;--awb-border-radius-bottom-right:0px;--awb-border-radius-bottom-left:0px;--awb-overflow:visible;--awb-flex-wrap:wrap;\" ><div class=\"fusion-builder-row fusion-row\"><div class=\"fusion-layout-column fusion_builder_column fusion-builder-column-2 fusion_builder_column_1_1 1_1 fusion-one-full fusion-column-first fusion-column-last fusion-column-no-min-height\" style=\"--awb-bg-size:cover;--awb-margin-bottom:0px;\"><div class=\"fusion-column-wrapper fusion-flex-column-wrapper-legacy\"><div class=\"fusion-aligncenter\"><a class=\"fusion-button button-flat fusion-button-default-size button-default fusion-button-default button-1 fusion-button-default-span fusion-button-default-type\" target=\"_self\" href=\"\/sustainabledevelopment\/fr\/takeaction\/\"><span class=\"fusion-button-text awb-button__text awb-button__text--default\">Guide des paresseux pour sauver la plan\u00e8te<\/span><\/a><\/div><div class=\"fusion-image-element fusion-image-align-center in-legacy-container\" style=\"text-align:center;--awb-caption-title-font-family:var(--h2_typography-font-family);--awb-caption-title-font-weight:var(--h2_typography-font-weight);--awb-caption-title-font-style:var(--h2_typography-font-style);--awb-caption-title-size:var(--h2_typography-font-size);--awb-caption-title-transform:var(--h2_typography-text-transform);--awb-caption-title-line-height:var(--h2_typography-line-height);--awb-caption-title-letter-spacing:var(--h2_typography-letter-spacing);\"><div class=\"imageframe-align-center\"><span class=\" fusion-imageframe imageframe-none imageframe-1 hover-type-none imglink\"><a class=\"fusion-no-lightbox\" href=\"www\/un.org\/sustainabledevelopment\/takeaction\" target=\"_self\" aria-label=\"2018-Lazy-guide_all-characters_French-1200&#215;516\"><img decoding=\"async\" width=\"1200\" height=\"516\" src=\"https:\/\/www.un.org\/sustainabledevelopment\/wp-content\/uploads\/sites\/4\/2018\/08\/2018-Lazy-guide_all-characters_French-1200x516.png\" data-orig-src=\"https:\/\/www.un.org\/sustainabledevelopment\/fr\/wp-content\/uploads\/sites\/4\/2018\/08\/2018-Lazy-guide_all-characters_French-1200x516.png\" alt class=\"lazyload img-responsive wp-image-9126\" srcset=\"data:image\/svg+xml,%3Csvg%20xmlns%3D%27http%3A%2F%2Fwww.w3.org%2F2000%2Fsvg%27%20width%3D%271200%27%20height%3D%27516%27%20viewBox%3D%270%200%201200%20516%27%3E%3Crect%20width%3D%271200%27%20height%3D%27516%27%20fill-opacity%3D%220%22%2F%3E%3C%2Fsvg%3E\" data-srcset=\"https:\/\/www.un.org\/sustainabledevelopment\/wp-content\/uploads\/sites\/4\/2018\/08\/2018-Lazy-guide_all-characters_French-1200x516-200x86.png 200w, https:\/\/www.un.org\/sustainabledevelopment\/wp-content\/uploads\/sites\/4\/2018\/08\/2018-Lazy-guide_all-characters_French-1200x516-400x172.png 400w, https:\/\/www.un.org\/sustainabledevelopment\/wp-content\/uploads\/sites\/4\/2018\/08\/2018-Lazy-guide_all-characters_French-1200x516-600x258.png 600w, https:\/\/www.un.org\/sustainabledevelopment\/wp-content\/uploads\/sites\/4\/2018\/08\/2018-Lazy-guide_all-characters_French-1200x516-800x344.png 800w, https:\/\/www.un.org\/sustainabledevelopment\/wp-content\/uploads\/sites\/4\/2018\/08\/2018-Lazy-guide_all-characters_French-1200x516.png 1200w\" data-sizes=\"auto\" data-orig-sizes=\"(max-width: 800px) 100vw, 1200px\" \/><\/a><\/span><\/div><\/div><div class=\"fusion-clearfix\"><\/div><\/div><\/div><\/div><\/div><\/p>\n","protected":false},"excerpt":{"rendered":"","protected":false},"author":136,"featured_media":0,"parent":0,"menu_order":0,"comment_status":"closed","ping_status":"closed","template":"","meta":{"_et_pb_use_builder":"","_et_pb_old_content":"","_et_gb_content_width":"","footnotes":""},"class_list":["post-9123","page","type-page","status-publish","hentry"],"_links":{"self":[{"href":"https:\/\/www.un.org\/sustainabledevelopment\/fr\/wp-json\/wp\/v2\/pages\/9123","targetHints":{"allow":["GET"]}}],"collection":[{"href":"https:\/\/www.un.org\/sustainabledevelopment\/fr\/wp-json\/wp\/v2\/pages"}],"about":[{"href":"https:\/\/www.un.org\/sustainabledevelopment\/fr\/wp-json\/wp\/v2\/types\/page"}],"author":[{"embeddable":true,"href":"https:\/\/www.un.org\/sustainabledevelopment\/fr\/wp-json\/wp\/v2\/users\/136"}],"replies":[{"embeddable":true,"href":"https:\/\/www.un.org\/sustainabledevelopment\/fr\/wp-json\/wp\/v2\/comments?post=9123"}],"version-history":[{"count":0,"href":"https:\/\/www.un.org\/sustainabledevelopment\/fr\/wp-json\/wp\/v2\/pages\/9123\/revisions"}],"wp:attachment":[{"href":"https:\/\/www.un.org\/sustainabledevelopment\/fr\/wp-json\/wp\/v2\/media?parent=9123"}],"curies":[{"name":"wp","href":"https:\/\/api.w.org\/{rel}","templated":true}]}}