  {"id":8953,"date":"2018-08-13T12:08:35","date_gmt":"2018-08-13T16:08:35","guid":{"rendered":"https:\/\/www.un.org\/sustainabledevelopment\/fr\/?page_id=8953"},"modified":"2023-09-17T23:16:47","modified_gmt":"2023-09-18T03:16:47","slug":"monitoring-and-progress","status":"publish","type":"page","link":"https:\/\/www.un.org\/sustainabledevelopment\/fr\/monitoring-and-progress\/","title":{"rendered":"Supervision et suivi"},"content":{"rendered":"<p><div class=\"fusion-fullwidth fullwidth-box fusion-builder-row-1 nonhundred-percent-fullwidth non-hundred-percent-height-scrolling\" style=\"--awb-border-radius-top-left:0px;--awb-border-radius-top-right:0px;--awb-border-radius-bottom-right:0px;--awb-border-radius-bottom-left:0px;--awb-flex-wrap:wrap;\" ><div class=\"fusion-builder-row fusion-row\"><div class=\"fusion-layout-column fusion_builder_column fusion-builder-column-0 fusion_builder_column_1_1 1_1 fusion-one-full fusion-column-first fusion-column-last\" style=\"--awb-bg-size:cover;\"><div class=\"fusion-column-wrapper fusion-flex-column-wrapper-legacy\"><div class=\"fusion-image-element in-legacy-container\" style=\"--awb-caption-title-font-family:var(--h2_typography-font-family);--awb-caption-title-font-weight:var(--h2_typography-font-weight);--awb-caption-title-font-style:var(--h2_typography-font-style);--awb-caption-title-size:var(--h2_typography-font-size);--awb-caption-title-transform:var(--h2_typography-text-transform);--awb-caption-title-line-height:var(--h2_typography-line-height);--awb-caption-title-letter-spacing:var(--h2_typography-letter-spacing);\"><span class=\" fusion-imageframe imageframe-none imageframe-1 hover-type-none\"><img decoding=\"async\" width=\"1095\" height=\"162\" alt=\"HLPF LOGO\" title=\"HLPF-large\" src=\"https:\/\/www.un.org\/sustainabledevelopment\/wp-content\/uploads\/sites\/4\/2018\/08\/HLPF-large.png\" data-orig-src=\"https:\/\/www.un.org\/sustainabledevelopment\/fr\/wp-content\/uploads\/sites\/4\/2018\/08\/HLPF-large.png\" class=\"lazyload img-responsive wp-image-9025\" srcset=\"data:image\/svg+xml,%3Csvg%20xmlns%3D%27http%3A%2F%2Fwww.w3.org%2F2000%2Fsvg%27%20width%3D%271095%27%20height%3D%27162%27%20viewBox%3D%270%200%201095%20162%27%3E%3Crect%20width%3D%271095%27%20height%3D%27162%27%20fill-opacity%3D%220%22%2F%3E%3C%2Fsvg%3E\" data-srcset=\"https:\/\/www.un.org\/sustainabledevelopment\/wp-content\/uploads\/sites\/4\/2018\/08\/HLPF-large-200x30.png 200w, https:\/\/www.un.org\/sustainabledevelopment\/wp-content\/uploads\/sites\/4\/2018\/08\/HLPF-large-400x59.png 400w, https:\/\/www.un.org\/sustainabledevelopment\/wp-content\/uploads\/sites\/4\/2018\/08\/HLPF-large-600x89.png 600w, https:\/\/www.un.org\/sustainabledevelopment\/wp-content\/uploads\/sites\/4\/2018\/08\/HLPF-large-800x118.png 800w, https:\/\/www.un.org\/sustainabledevelopment\/wp-content\/uploads\/sites\/4\/2018\/08\/HLPF-large.png 1095w\" data-sizes=\"auto\" data-orig-sizes=\"(max-width: 800px) 100vw, 1095px\" \/><\/span><\/div><div class=\"fusion-sep-clear\"><\/div><div class=\"fusion-separator fusion-full-width-sep\" style=\"margin-left: auto;margin-right: auto;margin-top:15px;margin-bottom:15px;width:100%;\"><div class=\"fusion-separator-border sep-single\" style=\"--awb-height:20px;--awb-amount:20px;--awb-sep-color:#ffffff;border-color:#ffffff;border-top-width:1px;\"><\/div><\/div><div class=\"fusion-sep-clear\"><\/div><div class=\"fusion-text fusion-text-1\"><h2>En route vers 2030 en r\u00e9alisant les objectifs<\/h2>\n<p>Le <a href=\"https:\/\/hlpf.un.org\/\">Forum politique de haut niveau des Nations Unies sur le d\u00e9veloppement durable (page en anglais)<\/a> est le principal forum mondial pour examiner les succ\u00e8s, les d\u00e9fis et les enseignements tir\u00e9s de la r\u00e9alisation du Programme de d\u00e9veloppement durable \u00e0 l&rsquo;horizon 2030 &#8211; et pour que les pays pr\u00e9sentent leurs examens nationaux volontaires.<\/p>\n<\/div><div class=\"fusion-clearfix\"><\/div><\/div><\/div><div class=\"fusion-layout-column fusion_builder_column fusion-builder-column-1 fusion_builder_column_1_2 1_2 fusion-one-half fusion-column-first\" style=\"--awb-bg-size:cover;width:50%;width:calc(50% - ( ( 4% ) * 0.5 ) );margin-right: 4%;\"><div class=\"fusion-column-wrapper fusion-column-has-shadow fusion-flex-column-wrapper-legacy\"><div class=\"fusion-button-wrapper\"><a class=\"fusion-button button-flat fusion-button-default-size button-default fusion-button-default button-1 fusion-button-default-span fusion-button-default-type\" target=\"_self\" href=\"https:\/\/hlpf.un.org\/2023\"><span class=\"fusion-button-text awb-button__text awb-button__text--default\">\u00c0 propos du Forum 2023 (en anglais)<\/span><\/a><\/div><div class=\"fusion-clearfix\"><\/div><\/div><\/div><div class=\"fusion-layout-column fusion_builder_column fusion-builder-column-2 fusion_builder_column_1_2 1_2 fusion-one-half fusion-column-last\" style=\"--awb-bg-size:cover;width:50%;width:calc(50% - ( ( 4% ) * 0.5 ) );\"><div class=\"fusion-column-wrapper fusion-column-has-shadow fusion-flex-column-wrapper-legacy\"><div class=\"fusion-button-wrapper\"><a class=\"fusion-button button-flat fusion-button-default-size button-default fusion-button-default button-2 fusion-button-default-span fusion-button-default-type\" target=\"_self\" href=\"https:\/\/sustainabledevelopment.un.org\/index.html\"><span class=\"fusion-button-text awb-button__text awb-button__text--default\">Plateforme de connaissances des ODD (en anglais)<\/span><\/a><\/div><div class=\"fusion-clearfix\"><\/div><\/div><\/div><\/div><\/div><div class=\"fusion-fullwidth fullwidth-box fusion-builder-row-2 has-pattern-background has-mask-background nonhundred-percent-fullwidth non-hundred-percent-height-scrolling\" style=\"--awb-border-radius-top-left:0px;--awb-border-radius-top-right:0px;--awb-border-radius-bottom-right:0px;--awb-border-radius-bottom-left:0px;--awb-padding-top:15px;--awb-padding-right:15px;--awb-padding-bottom:15px;--awb-padding-left:15px;--awb-flex-wrap:wrap;\" ><div class=\"fusion-builder-row fusion-row\"><div class=\"fusion-layout-column fusion_builder_column fusion-builder-column-3 fusion_builder_column_1_1 1_1 fusion-one-full fusion-column-first fusion-column-last\" style=\"--awb-bg-size:cover;\" data-scroll-devices=\"small-visibility,medium-visibility,large-visibility\"><div class=\"fusion-column-wrapper fusion-column-has-shadow fusion-flex-column-wrapper-legacy\"><div class=\"fusion-text fusion-text-2\"><h2>Examens nationaux volontaires<\/h2>\n<p>Le Forum comprend des\u00a0<a href=\"https:\/\/sustainabledevelopment.un.org\/vnrs\/\">examens nationaux volontaires (EN)<\/a>\u00a0des pays participants, dont le but est de permettre d\u2019effectuer un suivi et d\u2019acc\u00e9l\u00e9rer les progr\u00e8s dans la mise en \u0153uvre du Programme\u00a02030, avec un accent particulier sur les plus pauvres, les plus vuln\u00e9rables et les laiss\u00e9s-pour-compte.<\/p>\n<\/div><div class=\"fusion-sep-clear\"><\/div><div class=\"fusion-separator fusion-full-width-sep\" style=\"margin-left: auto;margin-right: auto;width:100%;\"><div class=\"fusion-separator-border sep-single\" style=\"--awb-height:20px;--awb-amount:20px;border-color:#00adef;border-top-width:2px;\"><\/div><\/div><div class=\"fusion-sep-clear\"><\/div><div class=\"fusion-clearfix\"><\/div><\/div><\/div><\/div><\/div><div class=\"fusion-fullwidth fullwidth-box fusion-builder-row-3 fusion-flex-container has-pattern-background has-mask-background nonhundred-percent-fullwidth non-hundred-percent-height-scrolling\" style=\"--awb-border-radius-top-left:0px;--awb-border-radius-top-right:0px;--awb-border-radius-bottom-right:0px;--awb-border-radius-bottom-left:0px;--awb-background-color:#f2f2f2;--awb-flex-wrap:wrap;\" ><div class=\"fusion-builder-row fusion-row fusion-flex-align-items-flex-start fusion-flex-content-wrap\" style=\"max-width:1404px;margin-left: calc(-4% \/ 2 );margin-right: calc(-4% \/ 2 );\"><div class=\"fusion-layout-column fusion_builder_column fusion-builder-column-4 fusion_builder_column_1_1 1_1 fusion-flex-column\" style=\"--awb-bg-size:cover;--awb-width-large:100%;--awb-margin-top-large:0px;--awb-spacing-right-large:1.92%;--awb-margin-bottom-large:20px;--awb-spacing-left-large:1.92%;--awb-width-medium:100%;--awb-order-medium:0;--awb-spacing-right-medium:1.92%;--awb-spacing-left-medium:1.92%;--awb-width-small:100%;--awb-order-small:0;--awb-spacing-right-small:1.92%;--awb-spacing-left-small:1.92%;\"><div class=\"fusion-column-wrapper fusion-column-has-shadow fusion-flex-justify-content-flex-start fusion-content-layout-column\"><div class=\"fusion-text fusion-text-3\"><div class=\"lmt__inner_textarea_container\">\n<div lang=\"fr-FR\" role=\"textbox\" data-content=\"true\" aria-labelledby=\"translation-results-heading\">\n<h2><strong>Rapport sur l&rsquo;\u00e9tat d&rsquo;avancement des ODD en 2023<\/strong><\/h2>\n<p><img decoding=\"async\" class=\"lazyload wp-image-110822 alignleft\" src=\"data:image\/svg+xml,%3Csvg%20xmlns%3D%27http%3A%2F%2Fwww.w3.org%2F2000%2Fsvg%27%20width%3D%27182%27%20height%3D%27184%27%20viewBox%3D%270%200%20182%20184%27%3E%3Crect%20width%3D%27182%27%20height%3D%27184%27%20fill-opacity%3D%220%22%2F%3E%3C%2Fsvg%3E\" data-orig-src=\"https:\/\/www.un.org\/sustainabledevelopment\/wp-content\/uploads\/2023\/08\/2023-report-cover-148x150.jpg\" alt=\"\" width=\"182\" height=\"184\" \/>D\u2019autres \u00e9l\u00e9ments cl\u00e9s du Forum comprennent un\u00a0<a href=\"https:\/\/digitallibrary.un.org\/record\/3812145\/files\/The-Sustainable-Development-Goals-Report-2019_French.pdf\">rapport annuel sur l\u2019\u00e9tat d\u2019avancement<\/a>\u00a0de la mise en \u0153uvre des objectifs de d\u00e9veloppement durable, publi\u00e9 par le Secr\u00e9taire g\u00e9n\u00e9ral de l\u2019ONU. Les conclusions du Forum multipartite sur la science, la technologie et l\u2019innovation pour la r\u00e9alisation des objectifs de d\u00e9veloppement durable alimenteront \u00e9galement les discussions du Forum.<\/p>\n<div class=\"fusion-button-wrapper\"><a class=\"fusion-button button-flat fusion-button-default-size button-default fusion-button-default button-3 fusion-button-default-span fusion-button-default-type\" target=\"_self\" href=\"https:\/\/unstats.un.org\/sdgs\/report\/2023\/\"><span class=\"fusion-button-text awb-button__text awb-button__text--default\">Rapport 2023<\/span><\/a><\/div>\n<h2><\/h2>\n<\/div>\n<\/div>\n<\/div><\/div><\/div><\/div><\/div><div class=\"fusion-fullwidth fullwidth-box fusion-builder-row-4 nonhundred-percent-fullwidth non-hundred-percent-height-scrolling fusion-equal-height-columns\" style=\"--awb-border-radius-top-left:0px;--awb-border-radius-top-right:0px;--awb-border-radius-bottom-right:0px;--awb-border-radius-bottom-left:0px;--awb-flex-wrap:wrap;\" ><div class=\"fusion-builder-row fusion-row\"><div class=\"fusion-layout-column fusion_builder_column fusion-builder-column-5 fusion_builder_column_1_1 1_1 fusion-one-full fusion-column-first fusion-column-last\" style=\"--awb-bg-size:cover;\"><div class=\"fusion-column-wrapper fusion-flex-column-wrapper-legacy\"><div class=\"fusion-sep-clear\"><\/div><div class=\"fusion-separator fusion-full-width-sep\" style=\"margin-left: auto;margin-right: auto;margin-top:30px;margin-bottom:30px;width:100%;\"><div class=\"fusion-separator-border sep-single\" style=\"--awb-height:20px;--awb-amount:20px;--awb-sep-color:#ffffff;border-color:#ffffff;border-top-width:1px;\"><\/div><\/div><div class=\"fusion-sep-clear\"><\/div><div class=\"fusion-title title fusion-title-1 fusion-sep-none fusion-title-text fusion-title-size-three\"><h3 class=\"fusion-title-heading title-heading-left\" style=\"margin:0;\">Actualit\u00e9s<\/h3><\/div><div class=\"fusion-blog-shortcode fusion-blog-shortcode-1 fusion-blog-archive fusion-blog-layout-grid-wrapper fusion-blog-infinite\"><style type=\"text\/css\">.fusion-blog-shortcode-1 .fusion-blog-layout-grid .fusion-post-grid{padding:7.5px;}.fusion-blog-shortcode-1 .fusion-posts-container{margin-left: -7.5px !important; margin-right:-7.5px !important;}<\/style><div class=\"fusion-posts-container fusion-posts-container-infinite fusion-posts-container-load-more fusion-no-meta-info fusion-blog-rollover fusion-blog-layout-grid fusion-blog-layout-grid-3 isotope\" data-pages=\"223\" data-grid-col-space=\"15\" style=\"margin: -7.5px -7.5px 0;min-height:500px;\"><article id=\"blog-1-post-23963\" class=\"fusion-post-grid post-23963 post type-post status-publish format-standard has-post-thumbnail hentry category-news\">\n<div class=\"fusion-post-wrapper\" style=\"background-color:rgba(255,255,255,0);border:1px solid #f2f2f2;border-bottom-width:3px;\">\n\n\t\t\t<div class=\"fusion-flexslider flexslider fusion-flexslider-loading fusion-post-slideshow\" style=\"border-color:#f2f2f2;\">\n\t\t<ul class=\"slides\">\n\t\t\t\n\t\t\t\t\t\t\t\t\t\t\t\t\t\t<li><div  class=\"fusion-image-wrapper\" aria-haspopup=\"true\">\n\t\t\t\t<img decoding=\"async\" width=\"560\" height=\"340\" src=\"https:\/\/www.un.org\/sustainabledevelopment\/wp-content\/uploads\/sites\/4\/2026\/04\/la-dette-et-le-manque-de-financements-mettent-a-mal-des-decennies-de-progres.jpg\" class=\"attachment-full size-full lazyload wp-post-image\" alt=\"\" srcset=\"data:image\/svg+xml,%3Csvg%20xmlns%3D%27http%3A%2F%2Fwww.w3.org%2F2000%2Fsvg%27%20width%3D%27560%27%20height%3D%27340%27%20viewBox%3D%270%200%20560%20340%27%3E%3Crect%20width%3D%27560%27%20height%3D%27340%27%20fill-opacity%3D%220%22%2F%3E%3C%2Fsvg%3E\" data-orig-src=\"https:\/\/www.un.org\/sustainabledevelopment\/wp-content\/uploads\/sites\/4\/2026\/04\/la-dette-et-le-manque-de-financements-mettent-a-mal-des-decennies-de-progres.jpg\" data-srcset=\"https:\/\/www.un.org\/sustainabledevelopment\/wp-content\/uploads\/sites\/4\/2026\/04\/la-dette-et-le-manque-de-financements-mettent-a-mal-des-decennies-de-progres-200x121.jpg 200w, https:\/\/www.un.org\/sustainabledevelopment\/wp-content\/uploads\/sites\/4\/2026\/04\/la-dette-et-le-manque-de-financements-mettent-a-mal-des-decennies-de-progres-400x243.jpg 400w, https:\/\/www.un.org\/sustainabledevelopment\/wp-content\/uploads\/sites\/4\/2026\/04\/la-dette-et-le-manque-de-financements-mettent-a-mal-des-decennies-de-progres.jpg 560w\" data-sizes=\"auto\" \/><div class=\"fusion-rollover\">\n\t<div class=\"fusion-rollover-content\">\n\n\t\t\t\t\t\t\t\t\t\t\t\t\t\t<a class=\"fusion-rollover-link\" href=\"https:\/\/news.un.org\/feed\/view\/fr\/story\/2026\/04\/1158671\">La dette et le manque de financements mettent \u00e0 mal des d\u00e9cennies de progr\u00e8s<\/a>\n\t\t\t\n\t\t\t\t\t\t\t\t\t\t\t\t\t\t\n\t\t\t\t\t\t\t\t\n\t\t\t\t\t\t\t\t\t\t\t\t\t<div class=\"fusion-rollover-sep\"><\/div>\n\t\t\t\t\n\t\t\t\t\t\t\t\t\t\t\t\t\t\t\t\t\t\t<a class=\"fusion-rollover-gallery\" href=\"https:\/\/www.un.org\/sustainabledevelopment\/wp-content\/uploads\/sites\/4\/2026\/04\/la-dette-et-le-manque-de-financements-mettent-a-mal-des-decennies-de-progres.jpg\" data-options=\"\" data-id=\"23963\" data-rel=\"iLightbox[gallery]\" data-title=\"La dette et le manque de financements mettent \u00e0 mal des d\u00e9cennies de progr\u00e8s\" data-caption=\"\">\n\t\t\t\t\t\tGallery\t\t\t\t\t<\/a>\n\t\t\t\t\t\t\t\t\t\t\t\t\t\t\n\t\t\n\t\t\t\t\t\t\t\t\n\t\t\t\t\t\t\t\t\n\t\t\n\t\t\t\t\t\t<a class=\"fusion-link-wrapper\" href=\"https:\/\/news.un.org\/feed\/view\/fr\/story\/2026\/04\/1158671\" aria-label=\"La dette et le manque de financements mettent \u00e0 mal des d\u00e9cennies de progr\u00e8s\"><\/a>\n\t<\/div>\n<\/div>\n<\/div>\n<\/li>\n\t\t\t\n\t\t\t\n\t\t\t\t\t\t\t\t\t\t\t\t\t\t\t\t\t\t\t\t\t\t\t\t\t\t\t\t\t\t\t\t\t\t\t\t\t\t\t\t\t\t\t\t\t\t\t\t\t\t\t\t\t\t\t\t\t\t\t\t\t\t\t\t\t\t\t\t<\/ul>\n\t<\/div>\n\t<div class=\"fusion-post-content-wrapper\" style=\"padding:30px 25px 20px 25px;\"><div class=\"fusion-post-content post-content\"><h2 class=\"blog-shortcode-post-title entry-title\"><a href=\"https:\/\/news.un.org\/feed\/view\/fr\/story\/2026\/04\/1158671\">La dette et le manque de financements mettent \u00e0 mal des d\u00e9cennies de progr\u00e8s<\/a><\/h2><div class=\"fusion-post-content-container\"><p>La dette et le manque de financements freinent les progr\u00e8s des pays en d\u00e9veloppement et accentuent les in\u00e9galit\u00e9s, au point d\u2019inverser des d\u00e9cennies d\u2019avanc\u00e9es, selon [...]<\/p><\/div><\/div><\/div><div class=\"fusion-clearfix\"><\/div><\/div>\n<\/article>\n<article id=\"blog-1-post-23958\" class=\"fusion-post-grid post-23958 post type-post status-publish format-standard has-post-thumbnail hentry category-news\">\n<div class=\"fusion-post-wrapper\" style=\"background-color:rgba(255,255,255,0);border:1px solid #f2f2f2;border-bottom-width:3px;\">\n\n\t\t\t<div class=\"fusion-flexslider flexslider fusion-flexslider-loading fusion-post-slideshow\" style=\"border-color:#f2f2f2;\">\n\t\t<ul class=\"slides\">\n\t\t\t\n\t\t\t\t\t\t\t\t\t\t\t\t\t\t<li><div  class=\"fusion-image-wrapper\" aria-haspopup=\"true\">\n\t\t\t\t<img decoding=\"async\" width=\"560\" height=\"340\" src=\"https:\/\/www.un.org\/sustainabledevelopment\/wp-content\/uploads\/sites\/4\/2026\/04\/il-faut-aider-les-pays-en-developpement-a-obtenir-les-financements-dont-ils-ont-besoin.jpg\" class=\"attachment-full size-full lazyload wp-post-image\" alt=\"\" srcset=\"data:image\/svg+xml,%3Csvg%20xmlns%3D%27http%3A%2F%2Fwww.w3.org%2F2000%2Fsvg%27%20width%3D%27560%27%20height%3D%27340%27%20viewBox%3D%270%200%20560%20340%27%3E%3Crect%20width%3D%27560%27%20height%3D%27340%27%20fill-opacity%3D%220%22%2F%3E%3C%2Fsvg%3E\" data-orig-src=\"https:\/\/www.un.org\/sustainabledevelopment\/wp-content\/uploads\/sites\/4\/2026\/04\/il-faut-aider-les-pays-en-developpement-a-obtenir-les-financements-dont-ils-ont-besoin.jpg\" data-srcset=\"https:\/\/www.un.org\/sustainabledevelopment\/wp-content\/uploads\/sites\/4\/2026\/04\/il-faut-aider-les-pays-en-developpement-a-obtenir-les-financements-dont-ils-ont-besoin-200x121.jpg 200w, https:\/\/www.un.org\/sustainabledevelopment\/wp-content\/uploads\/sites\/4\/2026\/04\/il-faut-aider-les-pays-en-developpement-a-obtenir-les-financements-dont-ils-ont-besoin-400x243.jpg 400w, https:\/\/www.un.org\/sustainabledevelopment\/wp-content\/uploads\/sites\/4\/2026\/04\/il-faut-aider-les-pays-en-developpement-a-obtenir-les-financements-dont-ils-ont-besoin.jpg 560w\" data-sizes=\"auto\" \/><div class=\"fusion-rollover\">\n\t<div class=\"fusion-rollover-content\">\n\n\t\t\t\t\t\t\t\t\t\t\t\t\t\t<a class=\"fusion-rollover-link\" href=\"https:\/\/news.un.org\/feed\/view\/fr\/story\/2026\/03\/1158636\">Il faut aider les pays en d\u00e9veloppement \u00e0 obtenir les financements dont ils ont besoin<\/a>\n\t\t\t\n\t\t\t\t\t\t\t\t\t\t\t\t\t\t\n\t\t\t\t\t\t\t\t\n\t\t\t\t\t\t\t\t\t\t\t\t\t<div class=\"fusion-rollover-sep\"><\/div>\n\t\t\t\t\n\t\t\t\t\t\t\t\t\t\t\t\t\t\t\t\t\t\t<a class=\"fusion-rollover-gallery\" href=\"https:\/\/www.un.org\/sustainabledevelopment\/wp-content\/uploads\/sites\/4\/2026\/04\/il-faut-aider-les-pays-en-developpement-a-obtenir-les-financements-dont-ils-ont-besoin.jpg\" data-options=\"\" data-id=\"23958\" data-rel=\"iLightbox[gallery]\" data-title=\"Il faut aider les pays en d\u00e9veloppement \u00e0 obtenir les financements dont ils ont besoin\" data-caption=\"\">\n\t\t\t\t\t\tGallery\t\t\t\t\t<\/a>\n\t\t\t\t\t\t\t\t\t\t\t\t\t\t\n\t\t\n\t\t\t\t\t\t\t\t\n\t\t\t\t\t\t\t\t\n\t\t\n\t\t\t\t\t\t<a class=\"fusion-link-wrapper\" href=\"https:\/\/news.un.org\/feed\/view\/fr\/story\/2026\/03\/1158636\" aria-label=\"Il faut aider les pays en d\u00e9veloppement \u00e0 obtenir les financements dont ils ont besoin\"><\/a>\n\t<\/div>\n<\/div>\n<\/div>\n<\/li>\n\t\t\t\n\t\t\t\n\t\t\t\t\t\t\t\t\t\t\t\t\t\t\t\t\t\t\t\t\t\t\t\t\t\t\t\t\t\t\t\t\t\t\t\t\t\t\t\t\t\t\t\t\t\t\t\t\t\t\t\t\t\t\t\t\t\t\t\t\t\t\t\t\t\t\t\t<\/ul>\n\t<\/div>\n\t<div class=\"fusion-post-content-wrapper\" style=\"padding:30px 25px 20px 25px;\"><div class=\"fusion-post-content post-content\"><h2 class=\"blog-shortcode-post-title entry-title\"><a href=\"https:\/\/news.un.org\/feed\/view\/fr\/story\/2026\/03\/1158636\">Il faut aider les pays en d\u00e9veloppement \u00e0 obtenir les financements dont ils ont besoin<\/a><\/h2><div class=\"fusion-post-content-container\"><p>Les pays en d\u00e9veloppement se voient priv\u00e9s, en raison de co\u00fbts prohibitifs, des financements abordables dont ils ont d\u00e9sesp\u00e9r\u00e9ment besoin pour leur d\u00e9veloppement durable, les [...]<\/p><\/div><\/div><\/div><div class=\"fusion-clearfix\"><\/div><\/div>\n<\/article>\n<article id=\"blog-1-post-23956\" class=\"fusion-post-grid post-23956 post type-post status-publish format-standard has-post-thumbnail hentry category-news\">\n<div class=\"fusion-post-wrapper\" style=\"background-color:rgba(255,255,255,0);border:1px solid #f2f2f2;border-bottom-width:3px;\">\n\n\t\t\t<div class=\"fusion-flexslider flexslider fusion-flexslider-loading fusion-post-slideshow\" style=\"border-color:#f2f2f2;\">\n\t\t<ul class=\"slides\">\n\t\t\t\n\t\t\t\t\t\t\t\t\t\t\t\t\t\t<li><div  class=\"fusion-image-wrapper\" aria-haspopup=\"true\">\n\t\t\t\t<img decoding=\"async\" width=\"560\" height=\"340\" src=\"https:\/\/www.un.org\/sustainabledevelopment\/wp-content\/uploads\/sites\/4\/2026\/03\/le-football-au-service-du-developpement-durable-lex-international-mikael-silvestre-au-vatican.jpg\" class=\"attachment-full size-full lazyload wp-post-image\" alt=\"\" srcset=\"data:image\/svg+xml,%3Csvg%20xmlns%3D%27http%3A%2F%2Fwww.w3.org%2F2000%2Fsvg%27%20width%3D%27560%27%20height%3D%27340%27%20viewBox%3D%270%200%20560%20340%27%3E%3Crect%20width%3D%27560%27%20height%3D%27340%27%20fill-opacity%3D%220%22%2F%3E%3C%2Fsvg%3E\" data-orig-src=\"https:\/\/www.un.org\/sustainabledevelopment\/wp-content\/uploads\/sites\/4\/2026\/03\/le-football-au-service-du-developpement-durable-lex-international-mikael-silvestre-au-vatican.jpg\" data-srcset=\"https:\/\/www.un.org\/sustainabledevelopment\/wp-content\/uploads\/sites\/4\/2026\/03\/le-football-au-service-du-developpement-durable-lex-international-mikael-silvestre-au-vatican-200x121.jpg 200w, https:\/\/www.un.org\/sustainabledevelopment\/wp-content\/uploads\/sites\/4\/2026\/03\/le-football-au-service-du-developpement-durable-lex-international-mikael-silvestre-au-vatican-400x243.jpg 400w, https:\/\/www.un.org\/sustainabledevelopment\/wp-content\/uploads\/sites\/4\/2026\/03\/le-football-au-service-du-developpement-durable-lex-international-mikael-silvestre-au-vatican.jpg 560w\" data-sizes=\"auto\" \/><div class=\"fusion-rollover\">\n\t<div class=\"fusion-rollover-content\">\n\n\t\t\t\t\t\t\t\t\t\t\t\t\t\t<a class=\"fusion-rollover-link\" href=\"https:\/\/news.un.org\/feed\/view\/fr\/story\/2026\/03\/1158624\">Le football au service du d\u00e9veloppement durable : l\u2019ex-international Mika\u00ebl Silvestre au Vatican<\/a>\n\t\t\t\n\t\t\t\t\t\t\t\t\t\t\t\t\t\t\n\t\t\t\t\t\t\t\t\n\t\t\t\t\t\t\t\t\t\t\t\t\t<div class=\"fusion-rollover-sep\"><\/div>\n\t\t\t\t\n\t\t\t\t\t\t\t\t\t\t\t\t\t\t\t\t\t\t<a class=\"fusion-rollover-gallery\" href=\"https:\/\/www.un.org\/sustainabledevelopment\/wp-content\/uploads\/sites\/4\/2026\/03\/le-football-au-service-du-developpement-durable-lex-international-mikael-silvestre-au-vatican.jpg\" data-options=\"\" data-id=\"23956\" data-rel=\"iLightbox[gallery]\" data-title=\"Le football au service du d\u00e9veloppement durable : l\u2019ex-international Mika\u00ebl Silvestre au Vatican\" data-caption=\"\">\n\t\t\t\t\t\tGallery\t\t\t\t\t<\/a>\n\t\t\t\t\t\t\t\t\t\t\t\t\t\t\n\t\t\n\t\t\t\t\t\t\t\t\n\t\t\t\t\t\t\t\t\n\t\t\n\t\t\t\t\t\t<a class=\"fusion-link-wrapper\" href=\"https:\/\/news.un.org\/feed\/view\/fr\/story\/2026\/03\/1158624\" aria-label=\"Le football au service du d\u00e9veloppement durable : l\u2019ex-international Mika\u00ebl Silvestre au Vatican\"><\/a>\n\t<\/div>\n<\/div>\n<\/div>\n<\/li>\n\t\t\t\n\t\t\t\n\t\t\t\t\t\t\t\t\t\t\t\t\t\t\t\t\t\t\t\t\t\t\t\t\t\t\t\t\t\t\t\t\t\t\t\t\t\t\t\t\t\t\t\t\t\t\t\t\t\t\t\t\t\t\t\t\t\t\t\t\t\t\t\t\t\t\t\t<\/ul>\n\t<\/div>\n\t<div class=\"fusion-post-content-wrapper\" style=\"padding:30px 25px 20px 25px;\"><div class=\"fusion-post-content post-content\"><h2 class=\"blog-shortcode-post-title entry-title\"><a href=\"https:\/\/news.un.org\/feed\/view\/fr\/story\/2026\/03\/1158624\">Le football au service du d\u00e9veloppement durable : l\u2019ex-international Mika\u00ebl Silvestre au Vatican<\/a><\/h2><div class=\"fusion-post-content-container\"><p>Le football peut-il changer le monde ? Au Vatican, cette conviction a trouv\u00e9 un \u00e9cho particulier cette semaine. L\u2019ancien international fran\u00e7ais Mika\u00ebl Silvestre a rencontr\u00e9 [...]<\/p><\/div><\/div><\/div><div class=\"fusion-clearfix\"><\/div><\/div>\n<\/article>\n<div class=\"fusion-clearfix\"><\/div><\/div><div class=\"fusion-infinite-scroll-trigger\"><\/div><div class=\"pagination infinite-scroll clearfix\" style=\"display:none;\"><span class=\"current\">1<\/span><a href=\"https:\/\/www.un.org\/sustainabledevelopment\/fr\/wp-json\/wp\/v2\/pages\/8953\/page\/2\/\" class=\"inactive\">2<\/a><a class=\"pagination-next\" rel=\"next\" href=\"https:\/\/www.un.org\/sustainabledevelopment\/fr\/wp-json\/wp\/v2\/pages\/8953\/page\/2\/\"><span class=\"page-text\">Next<\/span><span class=\"page-next\"><\/span><\/a><\/div><div class=\"fusion-clearfix\"><\/div><button class=\"fusion-load-more-button fusion-blog-button fusion-clearfix\">Load More Posts<\/button><\/div><div class=\"fusion-clearfix\"><\/div><\/div><\/div><\/div><\/div><\/p>\n","protected":false},"excerpt":{"rendered":"","protected":false},"author":136,"featured_media":0,"parent":0,"menu_order":0,"comment_status":"closed","ping_status":"closed","template":"","meta":{"_et_pb_use_builder":"","_et_pb_old_content":"","_et_gb_content_width":"","footnotes":""},"class_list":["post-8953","page","type-page","status-publish","hentry"],"_links":{"self":[{"href":"https:\/\/www.un.org\/sustainabledevelopment\/fr\/wp-json\/wp\/v2\/pages\/8953","targetHints":{"allow":["GET"]}}],"collection":[{"href":"https:\/\/www.un.org\/sustainabledevelopment\/fr\/wp-json\/wp\/v2\/pages"}],"about":[{"href":"https:\/\/www.un.org\/sustainabledevelopment\/fr\/wp-json\/wp\/v2\/types\/page"}],"author":[{"embeddable":true,"href":"https:\/\/www.un.org\/sustainabledevelopment\/fr\/wp-json\/wp\/v2\/users\/136"}],"replies":[{"embeddable":true,"href":"https:\/\/www.un.org\/sustainabledevelopment\/fr\/wp-json\/wp\/v2\/comments?post=8953"}],"version-history":[{"count":0,"href":"https:\/\/www.un.org\/sustainabledevelopment\/fr\/wp-json\/wp\/v2\/pages\/8953\/revisions"}],"wp:attachment":[{"href":"https:\/\/www.un.org\/sustainabledevelopment\/fr\/wp-json\/wp\/v2\/media?parent=8953"}],"curies":[{"name":"wp","href":"https:\/\/api.w.org\/{rel}","templated":true}]}}