  {"id":98,"date":"2015-01-07T02:09:22","date_gmt":"2015-01-07T07:09:22","guid":{"rendered":"http:\/\/www.un.org\/sustainabledevelopment\/?page_id=98"},"modified":"2023-01-25T14:24:14","modified_gmt":"2023-01-25T19:24:14","slug":"press-releases","status":"publish","type":"page","link":"https:\/\/www.un.org\/sustainabledevelopment\/es\/news\/press-releases\/","title":{"rendered":"Comunicados de prensa"},"content":{"rendered":"<div class=\"fusion-fullwidth fullwidth-box fusion-builder-row-1 hundred-percent-fullwidth non-hundred-percent-height-scrolling\" style=\"--awb-border-radius-top-left:0px;--awb-border-radius-top-right:0px;--awb-border-radius-bottom-right:0px;--awb-border-radius-bottom-left:0px;--awb-overflow:visible;--awb-flex-wrap:wrap;\" ><div class=\"fusion-builder-row fusion-row\"><div class=\"fusion-layout-column fusion_builder_column fusion-builder-column-0 fusion_builder_column_1_1 1_1 fusion-one-full fusion-column-first fusion-column-last fusion-column-no-min-height\" style=\"--awb-bg-size:cover;--awb-margin-bottom:0px;\"><div class=\"fusion-column-wrapper fusion-column-has-shadow fusion-flex-column-wrapper-legacy\"><div class=\"fusion-blog-shortcode fusion-blog-shortcode-1 fusion-blog-archive fusion-blog-layout-medium-alternate fusion-blog-pagination\"><div class=\"fusion-posts-container fusion-posts-container-pagination fusion-blog-rollover\" data-pages=\"2\"><article id=\"blog-1-post-32817\" class=\"fusion-post-medium-alternate post-32817 post type-post status-publish format-standard has-post-thumbnail hentry category-featured category-press-releases\">\n<div class=\"fusion-date-and-formats\"><div class=\"fusion-date-box updated\"><span class=\"fusion-date\">10<\/span><span class=\"fusion-month-year\">10 de julio de 2023<\/span><\/div><div class=\"fusion-format-box\"><i class=\"awb-icon-pen\" aria-hidden=\"true\"><\/i><\/div><\/div>\t<style type=\"text\/css\">\n\t\t\n\t\t\n\t\t\n\t\t\n\t\t\t<\/style>\n\n\n\t\t\t<div class=\"fusion-flexslider flexslider fusion-flexslider-loading fusion-post-slideshow\" style=\"\">\n\t\t<ul class=\"slides\">\n\t\t\t\n\t\t\t\t\t\t\t\t\t\t\t\t\t\t<li><div  class=\"fusion-image-wrapper fusion-image-size-fixed\" aria-haspopup=\"true\">\n\t\t\t\t<img decoding=\"async\" width=\"320\" height=\"202\" src=\"https:\/\/www.un.org\/sustainabledevelopment\/wp-content\/uploads\/sites\/3\/2022\/07\/objetivo-de-desarrollo-sostenible-covid-19-hepatitis-en-ninos-las-noticias-del-miercoles-320x202.jpg\" class=\"attachment-blog-medium size-blog-medium wp-post-image\" alt=\"\" \/><div class=\"fusion-rollover\">\n\t<div class=\"fusion-rollover-content\">\n\n\t\t\t\t\t\t\t\t\t\t\t\t\t\t<a class=\"fusion-rollover-link\" href=\"https:\/\/www.un.org\/sustainabledevelopment\/es\/2023\/07\/press-release-world-risks-big-misses-across-the-sustainable-development-goals-unless-measures-to-accelerate-implementation-are-taken-un-warns32817\/\">Comunicado de prensa: Fracasaremos con los Objetivos de Desarrollo Sostenible si no se act\u00faa para acelerar su implementaci\u00f3n, advierte la ONU<\/a>\n\t\t\t\n\t\t\t\t\t\t\t\t\t\t\t\t\t\t\n\t\t\t\t\t\t\t\t\n\t\t\t\t\t\t\t\t\t\t\t\t\t<div class=\"fusion-rollover-sep\"><\/div>\n\t\t\t\t\n\t\t\t\t\t\t\t\t\t\t\t\t\t\t\t\t\t\t<a class=\"fusion-rollover-gallery\" href=\"https:\/\/www.un.org\/sustainabledevelopment\/wp-content\/uploads\/sites\/3\/2022\/07\/objetivo-de-desarrollo-sostenible-covid-19-hepatitis-en-ninos-las-noticias-del-miercoles.jpg\" data-options=\"\" data-id=\"32817\" data-rel=\"iLightbox[gallery]\" data-title=\"Objetivo de Desarrollo Sostenible, COVID-19, hepatitis en ni\u00f1os..\" data-caption=\"\">\n\t\t\t\t\t\tGallery\t\t\t\t\t<\/a>\n\t\t\t\t\t\t\t\t\t\t\t\t\t\t\n\t\t\n\t\t\t\t\t\t\t\t\n\t\t\t\t\t\t\t\t\n\t\t\n\t\t\t\t\t\t<a class=\"fusion-link-wrapper\" href=\"https:\/\/www.un.org\/sustainabledevelopment\/es\/2023\/07\/press-release-world-risks-big-misses-across-the-sustainable-development-goals-unless-measures-to-accelerate-implementation-are-taken-un-warns32817\/\" aria-label=\"Comunicado de prensa: Fracasaremos con los Objetivos de Desarrollo Sostenible si no se act\u00faa para acelerar su implementaci\u00f3n, advierte la ONU\"><\/a>\n\t<\/div>\n<\/div>\n<\/div>\n<\/li>\n\t\t\t\n\t\t\t\n\t\t\t\t\t\t\t\t\t\t\t\t\t\t\t\t\t\t\t\t\t\t\t\t\t\t\t\t\t\t\t\t\t\t\t\t\t\t\t\t\t\t\t\t\t\t\t\t\t\t\t\t\t\t\t\t\t\t\t\t\t\t\t\t\t\t\t\t<\/ul>\n\t<\/div>\n\t<div class=\"fusion-post-content post-content\"><h2 class=\"blog-shortcode-post-title entry-title\"><a href=\"https:\/\/www.un.org\/sustainabledevelopment\/es\/2023\/07\/press-release-world-risks-big-misses-across-the-sustainable-development-goals-unless-measures-to-accelerate-implementation-are-taken-un-warns32817\/\">Comunicado de prensa: Fracasaremos con los Objetivos de Desarrollo Sostenible si no se act\u00faa para acelerar su implementaci\u00f3n, advierte la ONU<\/a><\/h2><p class=\"fusion-single-line-meta\"><span class=\"vcard\" style=\"display: none;\"><span class=\"fn\"><a href=\"https:\/\/www.un.org\/sustainabledevelopment\/es\/author\/montse-belverun-org\/\" title=\"Entradas de Montserrat Belver Garcia\" rel=\"author\">Montserrat Belver Garcia<\/a><\/span><\/span><span class=\"updated\" style=\"display:none;\">2023-07-11T11:45:29-04:00<\/span><span>10 de julio de 2023<\/span><span class=\"fusion-inline-sep\">|<\/span><\/p><div class=\"fusion-post-content-container\"><p>El mundo se expone a fracasar estrepitosamente en la consecuci\u00f3n [...]<\/p><\/div><\/div><div class=\"fusion-clearfix\"><\/div><div class=\"fusion-meta-info\"><div class=\"fusion-alignright\"><a class=\"fusion-read-more\" href=\"https:\/\/www.un.org\/sustainabledevelopment\/es\/2023\/07\/press-release-world-risks-big-misses-across-the-sustainable-development-goals-unless-measures-to-accelerate-implementation-are-taken-un-warns32817\/\" aria-label=\"More on Comunicado de prensa: Fracasaremos con los Objetivos de Desarrollo Sostenible si no se act\u00faa para acelerar su implementaci\u00f3n, advierte la ONU\">Read More<\/a><\/div><\/div><\/article>\n<article id=\"blog-1-post-32808\" class=\"fusion-post-medium-alternate post-32808 post type-post status-publish format-standard has-post-thumbnail hentry category-featured category-press-releases\">\n<div class=\"fusion-date-and-formats\"><div class=\"fusion-date-box updated\"><span class=\"fusion-date\">5<\/span><span class=\"fusion-month-year\">5 de julio de 2023<\/span><\/div><div class=\"fusion-format-box\"><i class=\"awb-icon-pen\" aria-hidden=\"true\"><\/i><\/div><\/div>\t<style type=\"text\/css\">\n\t\t\n\t\t\n\t\t\n\t\t\n\t\t\t<\/style>\n\n\n\t\t\t<div class=\"fusion-flexslider flexslider fusion-flexslider-loading fusion-post-slideshow\" style=\"\">\n\t\t<ul class=\"slides\">\n\t\t\t\n\t\t\t\t\t\t\t\t\t\t\t\t\t\t<li><div  class=\"fusion-image-wrapper fusion-image-size-fixed\" aria-haspopup=\"true\">\n\t\t\t\t<img decoding=\"async\" width=\"320\" height=\"202\" src=\"https:\/\/www.un.org\/sustainabledevelopment\/wp-content\/uploads\/sites\/3\/2023\/07\/MainBanner_1350x500-option-1-320x202.jpeg\" class=\"attachment-blog-medium size-blog-medium wp-post-image\" alt=\"Banner de la Cumbre de los ODS (18 y 19 de septiembre)\" srcset=\"https:\/\/www.un.org\/sustainabledevelopment\/wp-content\/uploads\/sites\/3\/2023\/07\/MainBanner_1350x500-option-1-320x202.jpeg 320w, https:\/\/www.un.org\/sustainabledevelopment\/wp-content\/uploads\/sites\/3\/2023\/07\/MainBanner_1350x500-option-1-700x441.jpeg 700w\" sizes=\"(max-width: 320px) 100vw, 320px\" \/><div class=\"fusion-rollover\">\n\t<div class=\"fusion-rollover-content\">\n\n\t\t\t\t\t\t\t\t\t\t\t\t\t\t<a class=\"fusion-rollover-link\" href=\"https:\/\/www.un.org\/sustainabledevelopment\/es\/2023\/07\/press-release-un-launches-campaign-calling-for-renewed-global-ambition-and-action-for-the-sustainable-development-goals32808\/\">Comunicado de prensa: La ONU lanza una campa\u00f1a para renovar compromisos y la acci\u00f3n a nivel mundial en pro de los Objetivos de Desarrollo Sostenible<\/a>\n\t\t\t\n\t\t\t\t\t\t\t\t\t\t\t\t\t\t\n\t\t\t\t\t\t\t\t\n\t\t\t\t\t\t\t\t\t\t\t\t\t<div class=\"fusion-rollover-sep\"><\/div>\n\t\t\t\t\n\t\t\t\t\t\t\t\t\t\t\t\t\t\t\t\t\t\t<a class=\"fusion-rollover-gallery\" href=\"https:\/\/www.un.org\/sustainabledevelopment\/wp-content\/uploads\/sites\/3\/2023\/07\/MainBanner_1350x500-option-1.jpeg\" data-options=\"\" data-id=\"32808\" data-rel=\"iLightbox[gallery]\" data-title=\"MainBanner_1350x500\" data-caption=\"\">\n\t\t\t\t\t\tGallery\t\t\t\t\t<\/a>\n\t\t\t\t\t\t\t\t\t\t\t\t\t\t\n\t\t\n\t\t\t\t\t\t\t\t\n\t\t\t\t\t\t\t\t\n\t\t\n\t\t\t\t\t\t<a class=\"fusion-link-wrapper\" href=\"https:\/\/www.un.org\/sustainabledevelopment\/es\/2023\/07\/press-release-un-launches-campaign-calling-for-renewed-global-ambition-and-action-for-the-sustainable-development-goals32808\/\" aria-label=\"Comunicado de prensa: La ONU lanza una campa\u00f1a para renovar compromisos y la acci\u00f3n a nivel mundial en pro de los Objetivos de Desarrollo Sostenible\"><\/a>\n\t<\/div>\n<\/div>\n<\/div>\n<\/li>\n\t\t\t\n\t\t\t\n\t\t\t\t\t\t\t\t\t\t\t\t\t\t\t\t\t\t\t\t\t\t\t\t\t\t\t\t\t\t\t\t\t\t\t\t\t\t\t\t\t\t\t\t\t\t\t\t\t\t\t\t\t\t\t\t\t\t\t\t\t\t\t\t\t\t\t\t<\/ul>\n\t<\/div>\n\t<div class=\"fusion-post-content post-content\"><h2 class=\"blog-shortcode-post-title entry-title\"><a href=\"https:\/\/www.un.org\/sustainabledevelopment\/es\/2023\/07\/press-release-un-launches-campaign-calling-for-renewed-global-ambition-and-action-for-the-sustainable-development-goals32808\/\">Comunicado de prensa: La ONU lanza una campa\u00f1a para renovar compromisos y la acci\u00f3n a nivel mundial en pro de los Objetivos de Desarrollo Sostenible<\/a><\/h2><p class=\"fusion-single-line-meta\"><span class=\"vcard\" style=\"display: none;\"><span class=\"fn\"><a href=\"https:\/\/www.un.org\/sustainabledevelopment\/es\/author\/montse-belverun-org\/\" title=\"Entradas de Montserrat Belver Garcia\" rel=\"author\">Montserrat Belver Garcia<\/a><\/span><\/span><span class=\"updated\" style=\"display:none;\">2023-07-10T16:40:50-04:00<\/span><span>5 de julio de 2023<\/span><span class=\"fusion-inline-sep\">|<\/span><\/p><div class=\"fusion-post-content-container\"><p>La ONU lanza una campa\u00f1a para renovar compromisos y la [...]<\/p><\/div><\/div><div class=\"fusion-clearfix\"><\/div><div class=\"fusion-meta-info\"><div class=\"fusion-alignright\"><a class=\"fusion-read-more\" href=\"https:\/\/www.un.org\/sustainabledevelopment\/es\/2023\/07\/press-release-un-launches-campaign-calling-for-renewed-global-ambition-and-action-for-the-sustainable-development-goals32808\/\" aria-label=\"More on Comunicado de prensa: La ONU lanza una campa\u00f1a para renovar compromisos y la acci\u00f3n a nivel mundial en pro de los Objetivos de Desarrollo Sostenible\">Read More<\/a><\/div><\/div><\/article>\n<article id=\"blog-1-post-32479\" class=\"fusion-post-medium-alternate post-32479 post type-post status-publish format-standard hentry category-press-releases category-video-crecimiento-economico\">\n<div class=\"fusion-date-and-formats\"><div class=\"fusion-date-box updated\"><span class=\"fusion-date\">25<\/span><span class=\"fusion-month-year\">25 de enero de 2023<\/span><\/div><div class=\"fusion-format-box\"><i class=\"awb-icon-pen\" aria-hidden=\"true\"><\/i><\/div><\/div>\t<style type=\"text\/css\">\n\t\t\n\t\t\n\t\t\n\t\t\n\t\t\t<\/style>\n\n\n<div class=\"fusion-post-content post-content\"><h2 class=\"blog-shortcode-post-title entry-title\"><a href=\"https:\/\/www.un.org\/sustainabledevelopment\/es\/2023\/01\/confluence-of-multiple-crises-unleashes-one-of-the-lowest-global-economic-outputs-in-recent-decades-according-to-un-flagship-report\/\">Comunicado de prensa: La confluencia de m\u00faltiples crisis desencadena uno de resultados econ\u00f3micos mundiales m\u00e1s bajos de las \u00faltimas d\u00e9cadas, seg\u00fan un informe emblem\u00e1tico de la ONU<\/a><\/h2><p class=\"fusion-single-line-meta\"><span class=\"vcard\" style=\"display: none;\"><span class=\"fn\"><a href=\"https:\/\/www.un.org\/sustainabledevelopment\/es\/author\/montse-belverun-org\/\" title=\"Entradas de Montserrat Belver Garcia\" rel=\"author\">Montserrat Belver Garcia<\/a><\/span><\/span><span class=\"updated\" style=\"display:none;\">2023-01-27T16:39:53-05:00<\/span><span>25 de enero de 2023<\/span><span class=\"fusion-inline-sep\">|<\/span><\/p><div class=\"fusion-post-content-container\"><p> Se necesitan medidas fiscales m\u00e1s contundentes para resucitar la [...]<\/p><\/div><\/div><div class=\"fusion-clearfix\"><\/div><div class=\"fusion-meta-info\"><div class=\"fusion-alignright\"><a class=\"fusion-read-more\" href=\"https:\/\/www.un.org\/sustainabledevelopment\/es\/2023\/01\/confluence-of-multiple-crises-unleashes-one-of-the-lowest-global-economic-outputs-in-recent-decades-according-to-un-flagship-report\/\" aria-label=\"More on Comunicado de prensa: La confluencia de m\u00faltiples crisis desencadena uno de resultados econ\u00f3micos mundiales m\u00e1s bajos de las \u00faltimas d\u00e9cadas, seg\u00fan un informe emblem\u00e1tico de la ONU\">Read More<\/a><\/div><\/div><\/article>\n<article id=\"blog-1-post-32246\" class=\"fusion-post-medium-alternate post-32246 post type-post status-publish format-standard hentry category-press-releases category-video-crecimiento-economico\">\n<div class=\"fusion-date-and-formats\"><div class=\"fusion-date-box updated\"><span class=\"fusion-date\">9<\/span><span class=\"fusion-month-year\">9 de septiembre de 2022<\/span><\/div><div class=\"fusion-format-box\"><i class=\"awb-icon-pen\" aria-hidden=\"true\"><\/i><\/div><\/div>\t<style type=\"text\/css\">\n\t\t\n\t\t\n\t\t\n\t\t\n\t\t\t<\/style>\n\n\n<div class=\"fusion-post-content post-content\"><h2 class=\"blog-shortcode-post-title entry-title\"><a href=\"https:\/\/www.un.org\/sustainabledevelopment\/es\/2022\/09\/achieving-full-gender-equality-is-still-centuries-away-warns-the-un-in-new-report\/\">Comunicado de prensa: Estamos a siglos de alcanzar una plena igualdad de g\u00e9nero, advierten las Naciones Unidas en un nuevo informe<\/a><\/h2><p class=\"fusion-single-line-meta\"><span class=\"vcard\" style=\"display: none;\"><span class=\"fn\"><a href=\"https:\/\/www.un.org\/sustainabledevelopment\/es\/author\/amparo-capillagarciaun-org\/\" title=\"Entradas de Maria Del Amparo Capilla Garcia\" rel=\"author\">Maria Del Amparo Capilla Garcia<\/a><\/span><\/span><span class=\"updated\" style=\"display:none;\">2022-09-09T13:30:56-04:00<\/span><span>9 de septiembre de 2022<\/span><span class=\"fusion-inline-sep\">|<\/span><\/p><div class=\"fusion-post-content-container\"><p> M\u00faltiples crisis mundiales y retrocesos en los derechos en [...]<\/p><\/div><\/div><div class=\"fusion-clearfix\"><\/div><div class=\"fusion-meta-info\"><div class=\"fusion-alignright\"><a class=\"fusion-read-more\" href=\"https:\/\/www.un.org\/sustainabledevelopment\/es\/2022\/09\/achieving-full-gender-equality-is-still-centuries-away-warns-the-un-in-new-report\/\" aria-label=\"More on Comunicado de prensa: Estamos a siglos de alcanzar una plena igualdad de g\u00e9nero, advierten las Naciones Unidas en un nuevo informe\">Read More<\/a><\/div><\/div><\/article>\n<article id=\"blog-1-post-7056\" class=\"fusion-post-medium-alternate post-7056 post type-post status-publish format-standard has-post-thumbnail hentry category-press-releases category-news category-health\">\n<div class=\"fusion-date-and-formats\"><div class=\"fusion-date-box updated\"><span class=\"fusion-date\">21<\/span><span class=\"fusion-month-year\">21 de septiembre de 2016<\/span><\/div><div class=\"fusion-format-box\"><i class=\"awb-icon-pen\" aria-hidden=\"true\"><\/i><\/div><\/div>\t<style type=\"text\/css\">\n\t\t\n\t\t\n\t\t\n\t\t\n\t\t\t<\/style>\n\n\n\t\t\t<div class=\"fusion-flexslider flexslider fusion-flexslider-loading fusion-post-slideshow\" style=\"\">\n\t\t<ul class=\"slides\">\n\t\t\t\n\t\t\t\t\t\t\t\t\t\t\t\t\t\t<li><div  class=\"fusion-image-wrapper fusion-image-size-fixed\" aria-haspopup=\"true\">\n\t\t\t\t<img decoding=\"async\" width=\"320\" height=\"181\" src=\"https:\/\/www.un.org\/sustainabledevelopment\/wp-content\/uploads\/sites\/3\/2016\/09\/HLMAMR_ES-320x181.jpg\" class=\"attachment-blog-medium size-blog-medium wp-post-image\" alt=\"\" \/><div class=\"fusion-rollover\">\n\t<div class=\"fusion-rollover-content\">\n\n\t\t\t\t\t\t\t\t\t\t\t\t\t\t<a class=\"fusion-rollover-link\" href=\"https:\/\/www.un.org\/sustainabledevelopment\/es\/2016\/09\/l-os-lideres-mundiales-se-comprometen-en-la-onu-a-abordar-la-resistencia-a-los-antimicrobianos\/\">Los l\u00edderes mundiales se comprometen  en la ONU a abordar la  resistencia a los antimicrobianos<\/a>\n\t\t\t\n\t\t\t\t\t\t\t\t\t\t\t\t\t\t\n\t\t\t\t\t\t\t\t\n\t\t\t\t\t\t\t\t\t\t\t\t\t<div class=\"fusion-rollover-sep\"><\/div>\n\t\t\t\t\n\t\t\t\t\t\t\t\t\t\t\t\t\t\t\t\t\t\t<a class=\"fusion-rollover-gallery\" href=\"https:\/\/www.un.org\/sustainabledevelopment\/wp-content\/uploads\/sites\/3\/2016\/09\/HLMAMR_ES.jpg\" data-options=\"\" data-id=\"7056\" data-rel=\"iLightbox[gallery]\" data-title=\"HLMAMR_ES\" data-caption=\"\">\n\t\t\t\t\t\tGallery\t\t\t\t\t<\/a>\n\t\t\t\t\t\t\t\t\t\t\t\t\t\t\n\t\t\n\t\t\t\t\t\t\t\t\n\t\t\t\t\t\t\t\t\n\t\t\n\t\t\t\t\t\t<a class=\"fusion-link-wrapper\" href=\"https:\/\/www.un.org\/sustainabledevelopment\/es\/2016\/09\/l-os-lideres-mundiales-se-comprometen-en-la-onu-a-abordar-la-resistencia-a-los-antimicrobianos\/\" aria-label=\"Los l\u00edderes mundiales se comprometen  en la ONU a abordar la  resistencia a los antimicrobianos\"><\/a>\n\t<\/div>\n<\/div>\n<\/div>\n<\/li>\n\t\t\t\n\t\t\t\n\t\t\t\t\t\t\t\t\t\t\t\t\t\t\t\t\t\t\t\t\t\t\t\t\t\t\t\t\t\t\t\t\t\t\t\t\t\t\t\t\t\t\t\t\t\t\t\t\t\t\t\t\t\t\t\t\t\t\t\t\t\t\t\t\t\t\t\t<\/ul>\n\t<\/div>\n\t<div class=\"fusion-post-content post-content\"><h2 class=\"blog-shortcode-post-title entry-title\"><a href=\"https:\/\/www.un.org\/sustainabledevelopment\/es\/2016\/09\/l-os-lideres-mundiales-se-comprometen-en-la-onu-a-abordar-la-resistencia-a-los-antimicrobianos\/\">Los l\u00edderes mundiales se comprometen  en la ONU a abordar la  resistencia a los antimicrobianos<\/a><\/h2><p class=\"fusion-single-line-meta\"><span class=\"vcard\" style=\"display: none;\"><span class=\"fn\"><a href=\"https:\/\/www.un.org\/sustainabledevelopment\/es\/author\/mirtha-moran\/\" title=\"Entradas de Mirtha Moran\" rel=\"author\">Mirtha Moran<\/a><\/span><\/span><span class=\"updated\" style=\"display:none;\">2022-09-09T14:47:11-04:00<\/span><span>21 de septiembre de 2016<\/span><span class=\"fusion-inline-sep\">|<\/span><\/p><div class=\"fusion-post-content-container\"><p> Esfuerzo conjunto frente a un desaf\u00edo para la salud, [...]<\/p><\/div><\/div><div class=\"fusion-clearfix\"><\/div><div class=\"fusion-meta-info\"><div class=\"fusion-alignright\"><a class=\"fusion-read-more\" href=\"https:\/\/www.un.org\/sustainabledevelopment\/es\/2016\/09\/l-os-lideres-mundiales-se-comprometen-en-la-onu-a-abordar-la-resistencia-a-los-antimicrobianos\/\" aria-label=\"More on Los l\u00edderes mundiales se comprometen  en la ONU a abordar la  resistencia a los antimicrobianos\">Read More<\/a><\/div><\/div><\/article>\n<article id=\"blog-1-post-5386\" class=\"fusion-post-medium-alternate post-5386 post type-post status-publish format-standard has-post-thumbnail hentry category-climate-change category-financiacion-para-el-desarrollo category-press-releases category-news\">\n<div class=\"fusion-date-and-formats\"><div class=\"fusion-date-box updated\"><span class=\"fusion-date\">27<\/span><span class=\"fusion-month-year\">27 de octubre de 2015<\/span><\/div><div class=\"fusion-format-box\"><i class=\"awb-icon-pen\" aria-hidden=\"true\"><\/i><\/div><\/div>\t<style type=\"text\/css\">\n\t\t\n\t\t\n\t\t\n\t\t\n\t\t\t<\/style>\n\n\n\t\t\t<div class=\"fusion-flexslider flexslider fusion-flexslider-loading fusion-post-slideshow\" style=\"\">\n\t\t<ul class=\"slides\">\n\t\t\t\n\t\t\t\t\t\t\t\t\t\t\t\t\t\t<li><div  class=\"fusion-image-wrapper fusion-image-size-fixed\" aria-haspopup=\"true\">\n\t\t\t\t<img decoding=\"async\" width=\"320\" height=\"202\" src=\"https:\/\/www.un.org\/sustainabledevelopment\/wp-content\/uploads\/sites\/3\/2015\/10\/azuri_solar_panel_roof_high_res-320x202.jpg\" class=\"attachment-blog-medium size-blog-medium wp-post-image\" alt=\"Paneles solares. Foto UNFCCC\" \/><div class=\"fusion-rollover\">\n\t<div class=\"fusion-rollover-content\">\n\n\t\t\t\t\t\t\t\t\t\t\t\t\t\t<a class=\"fusion-rollover-link\" href=\"https:\/\/www.un.org\/sustainabledevelopment\/es\/2015\/10\/naciones-unidas-anuncia-las-soluciones-climaticas-galardonadas-en-2015\/\">Naciones Unidas anuncia las soluciones clim\u00e1ticas galardonadas en 2015<\/a>\n\t\t\t\n\t\t\t\t\t\t\t\t\t\t\t\t\t\t\n\t\t\t\t\t\t\t\t\n\t\t\t\t\t\t\t\t\t\t\t\t\t<div class=\"fusion-rollover-sep\"><\/div>\n\t\t\t\t\n\t\t\t\t\t\t\t\t\t\t\t\t\t\t\t\t\t\t<a class=\"fusion-rollover-gallery\" href=\"https:\/\/www.un.org\/sustainabledevelopment\/wp-content\/uploads\/sites\/3\/2015\/10\/azuri_solar_panel_roof_high_res.jpg\" data-options=\"\" data-id=\"5386\" data-rel=\"iLightbox[gallery]\" data-title=\"azuri_solar_panel_roof_high_res\" data-caption=\"Paneles solares. Foto UNFCCC\">\n\t\t\t\t\t\tGallery\t\t\t\t\t<\/a>\n\t\t\t\t\t\t\t\t\t\t\t\t\t\t\n\t\t\n\t\t\t\t\t\t\t\t\n\t\t\t\t\t\t\t\t\n\t\t\n\t\t\t\t\t\t<a class=\"fusion-link-wrapper\" href=\"https:\/\/www.un.org\/sustainabledevelopment\/es\/2015\/10\/naciones-unidas-anuncia-las-soluciones-climaticas-galardonadas-en-2015\/\" aria-label=\"Naciones Unidas anuncia las soluciones clim\u00e1ticas galardonadas en 2015\"><\/a>\n\t<\/div>\n<\/div>\n<\/div>\n<\/li>\n\t\t\t\n\t\t\t\n\t\t\t\t\t\t\t\t\t\t\t\t\t\t\t\t\t\t\t\t\t\t\t\t\t\t\t\t\t\t\t\t\t\t\t\t\t\t\t\t\t\t\t\t\t\t\t\t\t\t\t\t\t\t\t\t\t\t\t\t\t\t\t\t\t\t\t\t<\/ul>\n\t<\/div>\n\t<div class=\"fusion-post-content post-content\"><h2 class=\"blog-shortcode-post-title entry-title\"><a href=\"https:\/\/www.un.org\/sustainabledevelopment\/es\/2015\/10\/naciones-unidas-anuncia-las-soluciones-climaticas-galardonadas-en-2015\/\">Naciones Unidas anuncia las soluciones clim\u00e1ticas galardonadas en 2015<\/a><\/h2><p class=\"fusion-single-line-meta\"><span class=\"vcard\" style=\"display: none;\"><span class=\"fn\"><a href=\"https:\/\/www.un.org\/sustainabledevelopment\/es\/author\/mirtha-moran\/\" title=\"Entradas de Mirtha Moran\" rel=\"author\">Mirtha Moran<\/a><\/span><\/span><span class=\"updated\" style=\"display:none;\">2022-09-09T14:46:58-04:00<\/span><span>27 de octubre de 2015<\/span><span class=\"fusion-inline-sep\">|<\/span><\/p><div class=\"fusion-post-content-container\"><p> Naciones Unidas anuncia las soluciones clim\u00e1ticas galardonadas en 2015 [...]<\/p><\/div><\/div><div class=\"fusion-clearfix\"><\/div><div class=\"fusion-meta-info\"><div class=\"fusion-alignright\"><a class=\"fusion-read-more\" href=\"https:\/\/www.un.org\/sustainabledevelopment\/es\/2015\/10\/naciones-unidas-anuncia-las-soluciones-climaticas-galardonadas-en-2015\/\" aria-label=\"More on Naciones Unidas anuncia las soluciones clim\u00e1ticas galardonadas en 2015\">Read More<\/a><\/div><\/div><\/article>\n<\/div><div class=\"pagination clearfix\"><span class=\"current\">1<\/span><a href=\"https:\/\/www.un.org\/sustainabledevelopment\/es\/wp-json\/wp\/v2\/pages\/98\/page\/2\/\" class=\"inactive\">2<\/a><a class=\"pagination-next\" rel=\"next\" href=\"https:\/\/www.un.org\/sustainabledevelopment\/es\/wp-json\/wp\/v2\/pages\/98\/page\/2\/\"><span class=\"page-text\">Next<\/span><span class=\"page-next\"><\/span><\/a><\/div><div class=\"fusion-clearfix\"><\/div><\/div><div class=\"fusion-clearfix\"><\/div><\/div><\/div><\/div><\/div>\n","protected":false},"excerpt":{"rendered":"","protected":false},"author":34,"featured_media":0,"parent":31,"menu_order":1,"comment_status":"closed","ping_status":"closed","template":"","meta":{"_et_pb_use_builder":"off","_et_pb_old_content":"","_et_gb_content_width":"","footnotes":""},"class_list":["post-98","page","type-page","status-publish","hentry"],"_links":{"self":[{"href":"https:\/\/www.un.org\/sustainabledevelopment\/es\/wp-json\/wp\/v2\/pages\/98","targetHints":{"allow":["GET"]}}],"collection":[{"href":"https:\/\/www.un.org\/sustainabledevelopment\/es\/wp-json\/wp\/v2\/pages"}],"about":[{"href":"https:\/\/www.un.org\/sustainabledevelopment\/es\/wp-json\/wp\/v2\/types\/page"}],"author":[{"embeddable":true,"href":"https:\/\/www.un.org\/sustainabledevelopment\/es\/wp-json\/wp\/v2\/users\/34"}],"replies":[{"embeddable":true,"href":"https:\/\/www.un.org\/sustainabledevelopment\/es\/wp-json\/wp\/v2\/comments?post=98"}],"version-history":[{"count":0,"href":"https:\/\/www.un.org\/sustainabledevelopment\/es\/wp-json\/wp\/v2\/pages\/98\/revisions"}],"up":[{"embeddable":true,"href":"https:\/\/www.un.org\/sustainabledevelopment\/es\/wp-json\/wp\/v2\/pages\/31"}],"wp:attachment":[{"href":"https:\/\/www.un.org\/sustainabledevelopment\/es\/wp-json\/wp\/v2\/media?parent=98"}],"curies":[{"name":"wp","href":"https:\/\/api.w.org\/{rel}","templated":true}]}}