  {"id":18067,"date":"2018-08-09T14:09:11","date_gmt":"2018-08-09T18:09:11","guid":{"rendered":"https:\/\/www.un.org\/sustainabledevelopment\/es\/?page_id=18067"},"modified":"2023-09-13T15:29:12","modified_gmt":"2023-09-13T19:29:12","slug":"partnerships","status":"publish","type":"page","link":"https:\/\/www.un.org\/sustainabledevelopment\/es\/partnerships\/","title":{"rendered":"Alianzas"},"content":{"rendered":"<p><div class=\"fusion-fullwidth fullwidth-box fusion-builder-row-1 nonhundred-percent-fullwidth non-hundred-percent-height-scrolling\" style=\"--awb-background-position:left top;--awb-border-radius-top-left:0px;--awb-border-radius-top-right:0px;--awb-border-radius-bottom-right:0px;--awb-border-radius-bottom-left:0px;--awb-padding-top:20px;--awb-padding-right:0px;--awb-padding-bottom:20px;--awb-padding-left:0px;--awb-border-sizes-top:0px;--awb-border-sizes-bottom:0px;--awb-flex-wrap:wrap;\" ><div class=\"fusion-builder-row fusion-row\"><div class=\"fusion-layout-column fusion_builder_column fusion-builder-column-0 fusion_builder_column_1_1 1_1 fusion-one-full fusion-column-first fusion-column-last fusion-column-no-min-height\" style=\"--awb-bg-size:cover;--awb-margin-bottom:0px;\"><div class=\"fusion-column-wrapper fusion-flex-column-wrapper-legacy\"><div class=\"fusion-text fusion-text-1\"><p>Las Naciones Unidas colaboran con las agencias creativas, la industria del entretenimiento, los medios de comunicaci\u00f3n y las empresas que est\u00e1n comprometidas con el logro de los objetivos de desarrollo sostenible. Estas son algunas de nuestras alianzas exitosas.<\/p>\n<\/div><div class=\"fusion-sep-clear\"><\/div><div class=\"fusion-separator fusion-full-width-sep\" style=\"margin-left: auto;margin-right: auto;width:100%;\"><div class=\"fusion-separator-border sep-single sep-solid\" style=\"--awb-height:20px;--awb-amount:20px;border-color:#00adef;border-top-width:3px;\"><\/div><\/div><div class=\"fusion-sep-clear\"><\/div><div class=\"fusion-clearfix\"><\/div><\/div><\/div><\/div><\/div><div class=\"fusion-fullwidth fullwidth-box fusion-builder-row-2 nonhundred-percent-fullwidth non-hundred-percent-height-scrolling fusion-equal-height-columns\" style=\"--awb-border-radius-top-left:0px;--awb-border-radius-top-right:0px;--awb-border-radius-bottom-right:0px;--awb-border-radius-bottom-left:0px;--awb-flex-wrap:wrap;\" ><div class=\"fusion-builder-row fusion-row\"><div class=\"fusion-layout-column fusion_builder_column fusion-builder-column-1 fusion_builder_column_1_2 1_2 fusion-one-half fusion-column-first\" style=\"--awb-bg-size:cover;width:50%;width:calc(50% - ( ( 4% ) * 0.5 ) );margin-right: 4%;\"><div class=\"fusion-column-wrapper fusion-flex-column-wrapper-legacy\"><div class=\"fusion-column-content-centered\"><div class=\"fusion-column-content\"><div class=\"fusion-image-element in-legacy-container\" style=\"--awb-caption-title-font-family:var(--h2_typography-font-family);--awb-caption-title-font-weight:var(--h2_typography-font-weight);--awb-caption-title-font-style:var(--h2_typography-font-style);--awb-caption-title-size:var(--h2_typography-font-size);--awb-caption-title-transform:var(--h2_typography-text-transform);--awb-caption-title-line-height:var(--h2_typography-line-height);--awb-caption-title-letter-spacing:var(--h2_typography-letter-spacing);\"><span class=\" fusion-imageframe imageframe-none imageframe-1 hover-type-none\" style=\"border:1px solid #000000;border-radius:50%;\"><a class=\"fusion-no-lightbox\" href=\"https:\/\/www.un.org\/es\/actnow\/\" target=\"_self\" aria-label=\"SP WEB widget icons-03\"><img decoding=\"async\" width=\"300\" height=\"300\" alt=\"Logo de Act\u00faa ahora de los ODS\" src=\"https:\/\/www.un.org\/sustainabledevelopment\/wp-content\/uploads\/sites\/3\/2020\/06\/SP-WEB-widget-icons-03-300x300.png\" class=\"img-responsive wp-image-26742\" srcset=\"https:\/\/www.un.org\/sustainabledevelopment\/wp-content\/uploads\/sites\/3\/2020\/06\/SP-WEB-widget-icons-03-200x200.png 200w, https:\/\/www.un.org\/sustainabledevelopment\/wp-content\/uploads\/sites\/3\/2020\/06\/SP-WEB-widget-icons-03-400x399.png 400w, https:\/\/www.un.org\/sustainabledevelopment\/wp-content\/uploads\/sites\/3\/2020\/06\/SP-WEB-widget-icons-03-600x599.png 600w, https:\/\/www.un.org\/sustainabledevelopment\/wp-content\/uploads\/sites\/3\/2020\/06\/SP-WEB-widget-icons-03.png 626w\" sizes=\"(max-width: 800px) 100vw, 300px\" \/><\/a><\/span><\/div><\/div><\/div><div class=\"fusion-clearfix\"><\/div><\/div><\/div><div class=\"fusion-layout-column fusion_builder_column fusion-builder-column-2 fusion_builder_column_1_2 1_2 fusion-one-half fusion-column-last fusion-column-no-min-height\" style=\"--awb-bg-size:cover;width:50%;width:calc(50% - ( ( 4% ) * 0.5 ) );\"><div class=\"fusion-column-wrapper fusion-flex-column-wrapper-legacy\"><div class=\"fusion-text fusion-text-2\"><h3>Industrias de la publicidad y la tecnolog\u00eda<\/h3>\n<p>La campa\u00f1a <a href=\"https:\/\/www.un.org\/es\/actnow\/\">Act\u00faa ahora<\/a> de la ONU, que cuenta con la colaboraci\u00f3n de las industrias de la publicidad y la tecnolog\u00eda, se lanz\u00f3 durante la Conferencia de las Partes (COP24) en diciembre de 2018 y, desde entonces, ha pasado de ser un chat de Facebook a una aplicaci\u00f3n interactiva que ayuda a las personas a calcular su impacto sostenible y medioambiental. Entre las asociaciones y colaboraciones se incluyen grandes pel\u00edculas como Angry Birds, Pitufos y Trolls; as\u00ed como chefs y dise\u00f1adores de moda de renombre mundial con el fin de estimular un cambio en el comportamiento. En 2022, la ONU colabor\u00f3 con el servicio de mensajer\u00eda WhatsApp para llegar a millones de usuarios m\u00e1s y animarles a realizar acciones sencillas para proteger nuestro planeta.<\/p>\n<\/div><div class=\"fusion-clearfix\"><\/div><\/div><\/div><\/div><\/div><div class=\"fusion-fullwidth fullwidth-box fusion-builder-row-3 nonhundred-percent-fullwidth non-hundred-percent-height-scrolling fusion-equal-height-columns\" style=\"--awb-border-radius-top-left:0px;--awb-border-radius-top-right:0px;--awb-border-radius-bottom-right:0px;--awb-border-radius-bottom-left:0px;--awb-flex-wrap:wrap;\" ><div class=\"fusion-builder-row fusion-row\"><div class=\"fusion-layout-column fusion_builder_column fusion-builder-column-3 fusion_builder_column_1_2 1_2 fusion-one-half fusion-column-first\" style=\"--awb-bg-size:cover;width:50%;width:calc(50% - ( ( 4% ) * 0.5 ) );margin-right: 4%;\"><div class=\"fusion-column-wrapper fusion-flex-column-wrapper-legacy\"><div class=\"fusion-column-content-centered\"><div class=\"fusion-column-content\"><div class=\"fusion-image-element in-legacy-container\" style=\"--awb-caption-title-font-family:var(--h2_typography-font-family);--awb-caption-title-font-weight:var(--h2_typography-font-weight);--awb-caption-title-font-style:var(--h2_typography-font-style);--awb-caption-title-size:var(--h2_typography-font-size);--awb-caption-title-transform:var(--h2_typography-text-transform);--awb-caption-title-line-height:var(--h2_typography-line-height);--awb-caption-title-letter-spacing:var(--h2_typography-letter-spacing);\"><span class=\" fusion-imageframe imageframe-none imageframe-2 hover-type-none\" style=\"border:1px solid #000000;border-radius:50%;\"><a class=\"fusion-no-lightbox\" href=\"https:\/\/www.un.org\/es\/footballforthegoals\" target=\"_self\" aria-label=\"futbolPorLosObjetivos\"><img decoding=\"async\" width=\"300\" height=\"300\" src=\"https:\/\/www.un.org\/sustainabledevelopment\/wp-content\/uploads\/sites\/3\/2023\/09\/futbolPorLosObjetivos-1.png\" alt class=\"img-responsive wp-image-33084\" srcset=\"https:\/\/www.un.org\/sustainabledevelopment\/wp-content\/uploads\/sites\/3\/2023\/09\/futbolPorLosObjetivos-1-200x200.png 200w, https:\/\/www.un.org\/sustainabledevelopment\/wp-content\/uploads\/sites\/3\/2023\/09\/futbolPorLosObjetivos-1.png 300w\" sizes=\"(max-width: 800px) 100vw, 300px\" \/><\/a><\/span><\/div><\/div><\/div><div class=\"fusion-clearfix\"><\/div><\/div><\/div><div class=\"fusion-layout-column fusion_builder_column fusion-builder-column-4 fusion_builder_column_1_2 1_2 fusion-one-half fusion-column-last fusion-column-no-min-height\" style=\"--awb-bg-size:cover;width:50%;width:calc(50% - ( ( 4% ) * 0.5 ) );\"><div class=\"fusion-column-wrapper fusion-flex-column-wrapper-legacy\"><div class=\"fusion-text fusion-text-3\"><h3>Sector de los deportes<\/h3>\n<p><a href=\"https:\/\/www.un.org\/es\/footballforthegoals\">F\u00fatbol Por Los Objetivos<\/a> es una iniciativa de las Naciones Unidas que brinda una plataforma a la comunidad futbol\u00edstica mundial para que se comprometa y abogue por los Objetivos de Desarrollo Sostenible (ODS). Es una oportunidad para aprovechar el significativo e influyente alcance del f\u00fatbol en pro de trabajar juntos para ser agentes del cambio alineando los mensajes, estrategias y operaciones con las aspiraciones de la Agenda 2030 para el Desarrollo Sostenible.<\/p>\n<\/div><div class=\"fusion-clearfix\"><\/div><\/div><\/div><\/div><\/div><div class=\"fusion-fullwidth fullwidth-box fusion-builder-row-4 nonhundred-percent-fullwidth non-hundred-percent-height-scrolling fusion-equal-height-columns\" style=\"--awb-border-radius-top-left:0px;--awb-border-radius-top-right:0px;--awb-border-radius-bottom-right:0px;--awb-border-radius-bottom-left:0px;--awb-flex-wrap:wrap;\" ><div class=\"fusion-builder-row fusion-row\"><div class=\"fusion-layout-column fusion_builder_column fusion-builder-column-5 fusion_builder_column_1_2 1_2 fusion-one-half fusion-column-first\" style=\"--awb-bg-size:cover;width:50%;width:calc(50% - ( ( 4% ) * 0.5 ) );margin-right: 4%;\"><div class=\"fusion-column-wrapper fusion-flex-column-wrapper-legacy\"><div class=\"fusion-column-content-centered\"><div class=\"fusion-column-content\"><div class=\"fusion-image-element in-legacy-container\" style=\"--awb-caption-title-font-family:var(--h2_typography-font-family);--awb-caption-title-font-weight:var(--h2_typography-font-weight);--awb-caption-title-font-style:var(--h2_typography-font-style);--awb-caption-title-size:var(--h2_typography-font-size);--awb-caption-title-transform:var(--h2_typography-text-transform);--awb-caption-title-line-height:var(--h2_typography-line-height);--awb-caption-title-letter-spacing:var(--h2_typography-letter-spacing);\"><span class=\" fusion-imageframe imageframe-none imageframe-3 hover-type-none\" style=\"border:1px solid #000000;border-radius:50%;\"><img decoding=\"async\" src=\"https:\/\/www.un.org\/sustainabledevelopment\/wp-content\/uploads\/2018\/05\/ENG-SDG-Media-Zone_v1_square-min-15cm-usage-copy-300x300.jpg\" alt class=\"img-responsive\"\/><\/span><\/div><\/div><\/div><div class=\"fusion-clearfix\"><\/div><\/div><\/div><div class=\"fusion-layout-column fusion_builder_column fusion-builder-column-6 fusion_builder_column_1_2 1_2 fusion-one-half fusion-column-last fusion-column-no-min-height\" style=\"--awb-bg-size:cover;width:50%;width:calc(50% - ( ( 4% ) * 0.5 ) );\"><div class=\"fusion-column-wrapper fusion-flex-column-wrapper-legacy\"><div class=\"fusion-text fusion-text-4\"><h3>Zona de medios de comunicaci\u00f3n ODS<\/h3>\n<p>Las Naciones Unidas, en colaboraci\u00f3n con la Fundaci\u00f3n de las Naciones Unidas y la Fundaci\u00f3n P\u00fablica, organizan <a class=\"en-link\" href=\"http:\/\/www.un.org\/sdgmediazone\">zonas de medios de comunicaci\u00f3n ODS<\/a> en eventos de alto nivel para involucrar a personas de todo el mundo en las deliberaciones importantes que tienen lugar en torno a los ODS.<\/p>\n<p>El formato #SDGLive de entrevistas, mesas redondas y otros contenidos digitales, busca crear, conectar y destacar las iniciativas en las que la comunidad mundial est\u00e1 trabajando para alcanzar los <a href=\"https:\/\/www.un.org\/sustainabledevelopment\/es\/\">Objetivos de Desarrollo Sostenible (ODS)<\/a>. Al reunir a reconocidas personalidades y Estados Miembros, as\u00ed como a creadores de contenido, influenciadores y socios en el \u00e1mbito de los medios de comunicaci\u00f3n, la Zona de medios de comunicaci\u00f3n ODS ofrece un espacio din\u00e1mico para fortalecer el compromiso de la comunidad internacional para apoyar la <a href=\"https:\/\/www.un.org\/sustainabledevelopment\/es\/development-agenda\/\">Agenda 2030<\/a>.<\/p>\n<\/div><div class=\"fusion-clearfix\"><\/div><\/div><\/div><\/div><\/div><div class=\"fusion-fullwidth fullwidth-box fusion-builder-row-5 nonhundred-percent-fullwidth non-hundred-percent-height-scrolling fusion-equal-height-columns\" style=\"--awb-border-radius-top-left:0px;--awb-border-radius-top-right:0px;--awb-border-radius-bottom-right:0px;--awb-border-radius-bottom-left:0px;--awb-flex-wrap:wrap;\" ><div class=\"fusion-builder-row fusion-row\"><div class=\"fusion-layout-column fusion_builder_column fusion-builder-column-7 fusion_builder_column_1_2 1_2 fusion-one-half fusion-column-first\" style=\"--awb-bg-size:cover;width:50%;width:calc(50% - ( ( 4% ) * 0.5 ) );margin-right: 4%;\"><div class=\"fusion-column-wrapper fusion-flex-column-wrapper-legacy\"><div class=\"fusion-column-content-centered\"><div class=\"fusion-column-content\"><div class=\"fusion-image-element in-legacy-container\" style=\"--awb-caption-title-font-family:var(--h2_typography-font-family);--awb-caption-title-font-weight:var(--h2_typography-font-weight);--awb-caption-title-font-style:var(--h2_typography-font-style);--awb-caption-title-size:var(--h2_typography-font-size);--awb-caption-title-transform:var(--h2_typography-text-transform);--awb-caption-title-line-height:var(--h2_typography-line-height);--awb-caption-title-letter-spacing:var(--h2_typography-letter-spacing);\"><span class=\" fusion-imageframe imageframe-none imageframe-4 hover-type-none\" style=\"border:1px solid #000000;border-radius:50%;\"><img decoding=\"async\" width=\"300\" height=\"300\" alt=\"Pacto de Medios en pro de los ODS\" title=\"SDG_Media-Compact_Master-logo-01-600&#215;600\" src=\"https:\/\/www.un.org\/sustainabledevelopment\/wp-content\/uploads\/sites\/3\/2023\/09\/SDG_Media-Compact_Master-logo-01-600x600-1-300x300.png\" class=\"img-responsive wp-image-33082\" srcset=\"https:\/\/www.un.org\/sustainabledevelopment\/wp-content\/uploads\/sites\/3\/2023\/09\/SDG_Media-Compact_Master-logo-01-600x600-1-200x200.png 200w, https:\/\/www.un.org\/sustainabledevelopment\/wp-content\/uploads\/sites\/3\/2023\/09\/SDG_Media-Compact_Master-logo-01-600x600-1-400x400.png 400w, https:\/\/www.un.org\/sustainabledevelopment\/wp-content\/uploads\/sites\/3\/2023\/09\/SDG_Media-Compact_Master-logo-01-600x600-1.png 600w\" sizes=\"(max-width: 800px) 100vw, 300px\" \/><\/span><\/div><\/div><\/div><div class=\"fusion-clearfix\"><\/div><\/div><\/div><div class=\"fusion-layout-column fusion_builder_column fusion-builder-column-8 fusion_builder_column_1_2 1_2 fusion-one-half fusion-column-last fusion-column-no-min-height\" style=\"--awb-bg-size:cover;width:50%;width:calc(50% - ( ( 4% ) * 0.5 ) );\"><div class=\"fusion-column-wrapper fusion-flex-column-wrapper-legacy\"><div class=\"fusion-text fusion-text-5\"><h3>Pacto de Medios en pro de los Objetivos de Desarrollo Sostenible<\/h3>\n<p>Lanzado por las Naciones Unidas en septiembre de 2018 y m\u00e1s de 30 organizaciones de medios de comunicaci\u00f3n fundadoras \u2014que abarcan m\u00e1s de 100 medios de comunicaci\u00f3n y entretenimiento\u2014, el <a href=\"https:\/\/www.un.org\/sustainabledevelopment\/sdg-media-compact-about\/\">SDG Media Compact<\/a> (Pacto de Medios en pro de los Objetivos de Desarrollo Sostenible) tiene como objetivo animar a los medios de comunicaci\u00f3n y a las empresas de entretenimiento de todo el mundo a aprovechar sus recursos y su talento creativo para promover los Objetivos.<\/p>\n<p>La consecuci\u00f3n de los ODS para 2030 requerir\u00e1 acciones concertadas por parte de la sociedad civil, las empresas, los organismos internacionales, las organizaciones religiosas y los particulares, entre otros agentes. Los medios de comunicaci\u00f3n desempe\u00f1an un papel especialmente importante en el apoyo al di\u00e1logo social y la mejora de los conocimientos sobre las formas de apoyar el desarrollo sostenible y alcanzar los Objetivos.<\/p>\n<p>En 2020, el Pacto de Medios en pro de los Objetivos de Desarrollo Sostenible dio la bienvenida a su miembro n\u00famero 100.<\/p>\n<\/div><div class=\"fusion-clearfix\"><\/div><\/div><\/div><\/div><\/div><div class=\"fusion-fullwidth fullwidth-box fusion-builder-row-6 nonhundred-percent-fullwidth non-hundred-percent-height-scrolling fusion-equal-height-columns\" style=\"--awb-border-radius-top-left:0px;--awb-border-radius-top-right:0px;--awb-border-radius-bottom-right:0px;--awb-border-radius-bottom-left:0px;--awb-flex-wrap:wrap;\" ><div class=\"fusion-builder-row fusion-row\"><div class=\"fusion-layout-column fusion_builder_column fusion-builder-column-9 fusion_builder_column_1_2 1_2 fusion-one-half fusion-column-first\" style=\"--awb-bg-size:cover;width:50%;width:calc(50% - ( ( 4% ) * 0.5 ) );margin-right: 4%;\"><div class=\"fusion-column-wrapper fusion-flex-column-wrapper-legacy\"><div class=\"fusion-column-content-centered\"><div class=\"fusion-column-content\"><div class=\"fusion-image-element in-legacy-container\" style=\"--awb-caption-title-font-family:var(--h2_typography-font-family);--awb-caption-title-font-weight:var(--h2_typography-font-weight);--awb-caption-title-font-style:var(--h2_typography-font-style);--awb-caption-title-size:var(--h2_typography-font-size);--awb-caption-title-transform:var(--h2_typography-text-transform);--awb-caption-title-line-height:var(--h2_typography-line-height);--awb-caption-title-letter-spacing:var(--h2_typography-letter-spacing);\"><span class=\" fusion-imageframe imageframe-none imageframe-5 hover-type-none\" style=\"border:1px solid #000000;border-radius:50%;\"><img decoding=\"async\" width=\"300\" height=\"300\" title=\"Thomas-the-Tank-Engine_150-600&#215;600\" src=\"https:\/\/www.un.org\/sustainabledevelopment\/wp-content\/uploads\/sites\/3\/2023\/09\/Thomas-the-Tank-Engine_150-600x600-1-300x300.jpg\" alt class=\"img-responsive wp-image-33079\" srcset=\"https:\/\/www.un.org\/sustainabledevelopment\/wp-content\/uploads\/sites\/3\/2023\/09\/Thomas-the-Tank-Engine_150-600x600-1-200x200.jpg 200w, https:\/\/www.un.org\/sustainabledevelopment\/wp-content\/uploads\/sites\/3\/2023\/09\/Thomas-the-Tank-Engine_150-600x600-1-400x400.jpg 400w, https:\/\/www.un.org\/sustainabledevelopment\/wp-content\/uploads\/sites\/3\/2023\/09\/Thomas-the-Tank-Engine_150-600x600-1.jpg 600w\" sizes=\"(max-width: 800px) 100vw, 300px\" \/><\/span><\/div><\/div><\/div><div class=\"fusion-clearfix\"><\/div><\/div><\/div><div class=\"fusion-layout-column fusion_builder_column fusion-builder-column-10 fusion_builder_column_1_2 1_2 fusion-one-half fusion-column-last fusion-column-no-min-height\" style=\"--awb-bg-size:cover;width:50%;width:calc(50% - ( ( 4% ) * 0.5 ) );\"><div class=\"fusion-column-wrapper fusion-flex-column-wrapper-legacy\"><div class=\"fusion-text fusion-text-6\"><h3>Comunidad creativa<\/h3>\n<p>Las Naciones Unidas se asocian y colaboran con industrias creativas como Sony Pictures Entertainment y Mattel para promover los Objetivos de Desarrollo Sostenible entre una amplia audiencia de pa\u00edses de todo el mundo.<br \/>\nGracias a campa\u00f1as enfocadas en la juventud como Thomas the Tank Engine (La locomotora Tom\u00e1s), Angry Birds for a Happy Planet <a class=\"en-link\" href=\"https:\/\/outreach.un.org\/specialevents\/content\/angry-birds-happy-planet-campaign-launch\">#AngryBirdsHappyPlanet<\/a> enojados por un planeta feliz, coincidiendo con el D\u00eda Internacional de la Felicidad) y <a href=\"https:\/\/www.un.org\/sustainabledevelopment\/es\/2017\/02\/ninos-los-pitufos-nos-cuentan-como-conseguir-el-desarrollo-sostenible\/\">Small Smurfs Big Goals<\/a> (Peque\u00f1os pitufos, grandes objetivos), millones de personas han aprendido y se han comprometido con los objetivos de una manera informativa y divertida.<\/p>\n<\/div><div class=\"fusion-clearfix\"><\/div><\/div><\/div><\/div><\/div><div class=\"fusion-fullwidth fullwidth-box fusion-builder-row-7 nonhundred-percent-fullwidth non-hundred-percent-height-scrolling\" style=\"--awb-border-radius-top-left:0px;--awb-border-radius-top-right:0px;--awb-border-radius-bottom-right:0px;--awb-border-radius-bottom-left:0px;--awb-flex-wrap:wrap;\" ><\/div><\/p>\n","protected":false},"excerpt":{"rendered":"","protected":false},"author":270,"featured_media":0,"parent":0,"menu_order":0,"comment_status":"closed","ping_status":"closed","template":"","meta":{"_et_pb_use_builder":"","_et_pb_old_content":"","_et_gb_content_width":"","footnotes":""},"class_list":["post-18067","page","type-page","status-publish","hentry"],"_links":{"self":[{"href":"https:\/\/www.un.org\/sustainabledevelopment\/es\/wp-json\/wp\/v2\/pages\/18067","targetHints":{"allow":["GET"]}}],"collection":[{"href":"https:\/\/www.un.org\/sustainabledevelopment\/es\/wp-json\/wp\/v2\/pages"}],"about":[{"href":"https:\/\/www.un.org\/sustainabledevelopment\/es\/wp-json\/wp\/v2\/types\/page"}],"author":[{"embeddable":true,"href":"https:\/\/www.un.org\/sustainabledevelopment\/es\/wp-json\/wp\/v2\/users\/270"}],"replies":[{"embeddable":true,"href":"https:\/\/www.un.org\/sustainabledevelopment\/es\/wp-json\/wp\/v2\/comments?post=18067"}],"version-history":[{"count":0,"href":"https:\/\/www.un.org\/sustainabledevelopment\/es\/wp-json\/wp\/v2\/pages\/18067\/revisions"}],"wp:attachment":[{"href":"https:\/\/www.un.org\/sustainabledevelopment\/es\/wp-json\/wp\/v2\/media?parent=18067"}],"curies":[{"name":"wp","href":"https:\/\/api.w.org\/{rel}","templated":true}]}}