  {"id":17833,"date":"2018-08-08T16:30:14","date_gmt":"2018-08-08T20:30:14","guid":{"rendered":"https:\/\/www.un.org\/sustainabledevelopment\/es\/?page_id=17833"},"modified":"2018-12-10T10:45:30","modified_gmt":"2018-12-10T15:45:30","slug":"be-the-change","status":"publish","type":"page","link":"https:\/\/www.un.org\/sustainabledevelopment\/es\/be-the-change\/","title":{"rendered":"Haz posible el cambio"},"content":{"rendered":"<p><div class=\"fusion-fullwidth fullwidth-box fusion-builder-row-1 nonhundred-percent-fullwidth non-hundred-percent-height-scrolling\" style=\"--awb-background-position:left top;--awb-border-radius-top-left:0px;--awb-border-radius-top-right:0px;--awb-border-radius-bottom-right:0px;--awb-border-radius-bottom-left:0px;--awb-padding-top:20px;--awb-padding-right:0px;--awb-padding-bottom:20px;--awb-padding-left:0px;--awb-border-sizes-top:0px;--awb-border-sizes-bottom:0px;--awb-flex-wrap:wrap;\" ><div class=\"fusion-builder-row fusion-row\"><div class=\"fusion-layout-column fusion_builder_column fusion-builder-column-0 fusion_builder_column_1_1 1_1 fusion-one-full fusion-column-first fusion-column-last fusion-column-no-min-height\" style=\"--awb-bg-size:cover;--awb-margin-bottom:0px;\"><div class=\"fusion-column-wrapper fusion-flex-column-wrapper-legacy\"><div class=\"fusion-text fusion-text-1\"><p><a href=\"https:\/\/www.un.org\/sustainabledevelopment\/es\/wp-content\/uploads\/sites\/3\/2018\/07\/Spanish-Be-the-Change-Thumb.png\"><img decoding=\"async\" class=\"alignleft wp-image-49174 size-medium\" src=\"https:\/\/www.un.org\/sustainabledevelopment\/es\/wp-content\/uploads\/sites\/3\/2018\/07\/Spanish-Be-the-Change-Thumb.png\" alt=\"Logo de Haz posible el cambio\" width=\"300\" height=\"167\" \/><\/a>A la vista de los 17 Objetivos para el Desarrollo Sostenible (<a href=\"https:\/\/www.un.org\/sustainabledevelopment\/es\/\">ODS<\/a>), plan maestro de la ONU para lograr un mundo m\u00e1s feliz y saludable para 2030, uno puede preguntarse: \u00bfc\u00f3mo puedo incorporar estos objetivos en mi d\u00eda a d\u00eda?<\/p>\n<p>La iniciativa <strong>Haz posible el cambio<\/strong> nos sirve para \u00abpredicar con el ejemplo\u00bb cuando hablamos de los Objetivos de Desarrollo Sostenible. Esta campa\u00f1a nos gu\u00eda y nos alienta a vivir de una manera m\u00e1s sostenible en el trabajo y en casa, cambiando nuestros patrones de consumo, usando medios de transporte m\u00e1s activos, como la bicicleta o el caminar, y comprando alimentos locales. Todo el mundo est\u00e1 invitado a participar. Cada peque\u00f1a aportaci\u00f3n ayuda, como hablar con tu familia, amigos y con las personas de tu comunidad sobre las acciones que todos podemos llevar a cabo en el d\u00eda a d\u00eda.<\/p>\n<p>\u00a1Una buena forma de empezar a formar parte del cambio es consultar <a href=\"http:\/\/www.un.org\/sustainabledevelopment\/takeaction\/\">La Gu\u00eda de los vagos para salvar el mundo<\/a> que te ayudar\u00e1 a vivir de manera sostenible todos los d\u00edas! Tambi\u00e9n puedes consultar las <a href=\"https:\/\/www.un.org\/sustainabledevelopment\/es\/wp-content\/uploads\/sites\/3\/2018\/08\/170Actions-web_Sp.pdf\">170 Acciones para transformar el mundo<\/a>.<\/p>\n<p>Es f\u00e1cil formar parte de este cambio. \u00a1Y te lo vamos a poner f\u00e1cil para que tus acciones tengan el mayor impacto posible! La ONU ha preparado un conjunto de herramientas que puedes usar para tu trabajo, escuela o universidad, y organizar bien tu propia iniciativa. Pueden ser cosas como un proyecto de reciclaje, un d\u00eda de ir en bicicleta al trabajo, o algo que afecte a tu comunidad, como ense\u00f1ar a los ni\u00f1os la importante que es tomar medidas para combatir el cambio clim\u00e1tico.<\/p>\n<p>\u00a1S\u00edguenos en\u00a0<a href=\"http:\/\/facebook.com\/globalgoalsUN\">Facebook<\/a>\u00a0y\u00a0<a href=\"http:\/\/twitter.com\/globalgoalsUN\">Twitter<\/a> y en <a href=\"https:\/\/twitter.com\/GlobalGoalsUN\">@GlobalGoalsUN<\/a> para enterarte de cu\u00e1ndo est\u00e1n disponibles nuestros paquetes de herramientas!<\/p>\n<p>\u00a1Hagamos posible el cambio juntos!<\/p>\n<blockquote>\n<p>Mira qu\u00e9 bien nos fue en la <a href=\"http:\/\/www.un.org\/sustainabledevelopment\/blog\/2017\/06\/be-the-change\/\">Semana de Haz posible el cambio<\/a> <img decoding=\"async\" style=\"border: none\" title=\"Disponible en ingl\u00e9s\" src=\"\/common\/images\/icons\/ico_en.gif\" alt=\"Disponible en ingl\u00e9s\" width=\"14\" height=\"14\" \/> que organizamos en la ONU en junio de 2017.<\/p>\n<p>Lee m\u00e1s sobre <a href=\"https:\/\/www.un.org\/sustainabledevelopment\/blog\/2018\/05\/join-us-2018-change-week-unhq\/\">Semana de Haz posible el cambio<\/a> <img decoding=\"async\" style=\"border: none\" title=\"Disponible en ingl\u00e9s\" src=\"\/common\/images\/icons\/ico_en.gif\" alt=\"Disponible en ingl\u00e9s\" width=\"14\" height=\"14\" \/> del pasado mes de junio.<\/p>\n<\/blockquote>\n<\/div><div class=\"fusion-clearfix\"><\/div><\/div><\/div><div class=\"fusion-layout-column fusion_builder_column fusion-builder-column-1 fusion_builder_column_1_1 1_1 fusion-one-full fusion-column-first fusion-column-last\" style=\"--awb-bg-size:cover;\"><div class=\"fusion-column-wrapper fusion-flex-column-wrapper-legacy\"><div class=\"fusion-clearfix\"><\/div><\/div><\/div><\/div><\/div><div class=\"fusion-fullwidth fullwidth-box fusion-builder-row-2 hundred-percent-fullwidth non-hundred-percent-height-scrolling\" style=\"--awb-border-radius-top-left:0px;--awb-border-radius-top-right:0px;--awb-border-radius-bottom-right:0px;--awb-border-radius-bottom-left:0px;--awb-overflow:visible;--awb-flex-wrap:wrap;\" ><div class=\"fusion-builder-row fusion-row\"><div class=\"fusion-layout-column fusion_builder_column fusion-builder-column-2 fusion_builder_column_1_1 1_1 fusion-one-full fusion-column-first fusion-column-last fusion-column-no-min-height\" style=\"--awb-bg-size:cover;--awb-margin-bottom:0px;\"><div class=\"fusion-column-wrapper fusion-flex-column-wrapper-legacy\"><div class=\"fusion-aligncenter\"><a class=\"fusion-button button-flat fusion-button-default-size button-default fusion-button-default button-1 fusion-button-default-span fusion-button-default-type\" target=\"_self\" href=\"\/sustainabledevelopment\/es\/takeaction\/\"><span class=\"fusion-button-text awb-button__text awb-button__text--default\">Gu\u00eda de los vagos para salvar el mundo<\/span><\/a><\/div><div class=\"fusion-image-element fusion-image-align-center in-legacy-container\" style=\"text-align:center;--awb-caption-title-font-family:var(--h2_typography-font-family);--awb-caption-title-font-weight:var(--h2_typography-font-weight);--awb-caption-title-font-style:var(--h2_typography-font-style);--awb-caption-title-size:var(--h2_typography-font-size);--awb-caption-title-transform:var(--h2_typography-text-transform);--awb-caption-title-line-height:var(--h2_typography-line-height);--awb-caption-title-letter-spacing:var(--h2_typography-letter-spacing);\"><div class=\"imageframe-align-center\"><span class=\" fusion-imageframe imageframe-none imageframe-1 hover-type-none imglink\"><a class=\"fusion-no-lightbox\" href=\"www\/un.org\/sustainabledevelopment\/takeaction\" target=\"_self\" aria-label=\"2018-Lazy-guide_all-characters_sp\"><img decoding=\"async\" width=\"1200\" height=\"516\" src=\"https:\/\/www.un.org\/sustainabledevelopment\/es\/wp-content\/uploads\/sites\/3\/2018\/08\/2018-Lazy-guide_all-characters_sp.jpg\" alt class=\"img-responsive wp-image-19261\" srcset=\"https:\/\/www.un.org\/sustainabledevelopment\/wp-content\/uploads\/sites\/3\/2018\/08\/2018-Lazy-guide_all-characters_sp-200x86.jpg 200w, https:\/\/www.un.org\/sustainabledevelopment\/wp-content\/uploads\/sites\/3\/2018\/08\/2018-Lazy-guide_all-characters_sp-400x172.jpg 400w, https:\/\/www.un.org\/sustainabledevelopment\/wp-content\/uploads\/sites\/3\/2018\/08\/2018-Lazy-guide_all-characters_sp-600x258.jpg 600w, https:\/\/www.un.org\/sustainabledevelopment\/wp-content\/uploads\/sites\/3\/2018\/08\/2018-Lazy-guide_all-characters_sp-800x344.jpg 800w, https:\/\/www.un.org\/sustainabledevelopment\/wp-content\/uploads\/sites\/3\/2018\/08\/2018-Lazy-guide_all-characters_sp.jpg 1200w\" sizes=\"(max-width: 800px) 100vw, 1200px\" \/><\/a><\/span><\/div><\/div><div class=\"fusion-clearfix\"><\/div><\/div><\/div><\/div><\/div><\/p>\n","protected":false},"excerpt":{"rendered":"","protected":false},"author":273,"featured_media":0,"parent":0,"menu_order":0,"comment_status":"closed","ping_status":"closed","template":"","meta":{"_et_pb_use_builder":"","_et_pb_old_content":"","_et_gb_content_width":"","footnotes":""},"class_list":["post-17833","page","type-page","status-publish","hentry"],"_links":{"self":[{"href":"https:\/\/www.un.org\/sustainabledevelopment\/es\/wp-json\/wp\/v2\/pages\/17833","targetHints":{"allow":["GET"]}}],"collection":[{"href":"https:\/\/www.un.org\/sustainabledevelopment\/es\/wp-json\/wp\/v2\/pages"}],"about":[{"href":"https:\/\/www.un.org\/sustainabledevelopment\/es\/wp-json\/wp\/v2\/types\/page"}],"author":[{"embeddable":true,"href":"https:\/\/www.un.org\/sustainabledevelopment\/es\/wp-json\/wp\/v2\/users\/273"}],"replies":[{"embeddable":true,"href":"https:\/\/www.un.org\/sustainabledevelopment\/es\/wp-json\/wp\/v2\/comments?post=17833"}],"version-history":[{"count":0,"href":"https:\/\/www.un.org\/sustainabledevelopment\/es\/wp-json\/wp\/v2\/pages\/17833\/revisions"}],"wp:attachment":[{"href":"https:\/\/www.un.org\/sustainabledevelopment\/es\/wp-json\/wp\/v2\/media?parent=17833"}],"curies":[{"name":"wp","href":"https:\/\/api.w.org\/{rel}","templated":true}]}}