  {"id":39635,"date":"2021-10-26T11:55:37","date_gmt":"2021-10-26T15:55:37","guid":{"rendered":"https:\/\/www.un.org\/sexualviolenceinconflict\/?page_id=39635"},"modified":"2022-03-03T15:06:22","modified_gmt":"2022-03-03T20:06:22","slug":"accion-de-las-naciones-unidas-contra-la-violencia-sexual-en-los-conflictos","status":"publish","type":"page","link":"https:\/\/www.un.org\/sexualviolenceinconflict\/es\/accion-de-las-naciones-unidas-contra-la-violencia-sexual-en-los-conflictos\/","title":{"rendered":"Acci\u00f3n de las Naciones Unidas contra la Violencia Sexual en los Conflictos"},"content":{"rendered":"<div class=\"fusion-fullwidth fullwidth-box fusion-builder-row-1 fusion-flex-container nonhundred-percent-fullwidth non-hundred-percent-height-scrolling\" style=\"--awb-border-radius-top-left:0px;--awb-border-radius-top-right:0px;--awb-border-radius-bottom-right:0px;--awb-border-radius-bottom-left:0px;--awb-flex-wrap:wrap;\" ><div class=\"fusion-builder-row fusion-row fusion-flex-align-items-flex-start fusion-flex-content-wrap\" style=\"max-width:1404px;margin-left: calc(-4% \/ 2 );margin-right: calc(-4% \/ 2 );\"><div class=\"fusion-layout-column fusion_builder_column fusion-builder-column-0 fusion_builder_column_1_1 1_1 fusion-flex-column\" style=\"--awb-bg-size:cover;--awb-width-large:100%;--awb-margin-top-large:0px;--awb-spacing-right-large:1.92%;--awb-margin-bottom-large:0px;--awb-spacing-left-large:1.92%;--awb-width-medium:100%;--awb-spacing-right-medium:1.92%;--awb-spacing-left-medium:1.92%;--awb-width-small:100%;--awb-spacing-right-small:1.92%;--awb-spacing-left-small:1.92%;\"><div class=\"fusion-column-wrapper fusion-flex-justify-content-flex-start fusion-content-layout-column\"><div class=\"fusion-text fusion-text-1\"><p><strong>\u00bfQu\u00e9 es la iniciativa Acci\u00f3n de las Naciones Unidas contra la Violencia Sexual en los Conflictos? <\/strong><\/p>\n<p>La iniciativa Acci\u00f3n de la ONU re\u00fane la experiencia colectiva y la capacidad institucional del sistema de las Naciones Unidas, y a lo largo de la \u00faltima d\u00e9cada ha colmado lagunas de conocimiento cr\u00edticas y ha elaborado pol\u00edticas, orientaciones y material de capacitaci\u00f3n para fundamentar la prevenci\u00f3n a la violencia sexual relacionada con los conflictos y la respuesta a esa violencia con base emp\u00edrica.La iniciativa Acci\u00f3n de las Naciones Unidas contra la Violencia Sexual en los Conflictos (iniciativa Acci\u00f3n de la ONU) es una red de 21 entidades de la Organizaci\u00f3n, unidas para acabar con la violencia sexual durante los conflictos armados y despu\u00e9s de estos. Trabajando como \u201cuna ONU\u201d, la iniciativa Acci\u00f3n de la ONU tiene los objetivos siguientes:<\/p>\n<p>La iniciativa Acci\u00f3n de la ONU se cre\u00f3 en 2007 en respuesta al \u201c<a href=\"https:\/\/documentation.lastradainternational.org\/lsidocs\/unfpa_report_sexual_violence_070402.pdf\">Llamamiento a la Acci\u00f3n<\/a>\u201d del simposio sobre la violencia sexual en los conflictos y despu\u00e9s de ellos, celebrado en junio de 2006 en Bruselas. El establecimiento de la iniciativa respondi\u00f3 a los llamamientos de las Naciones Unidas y las organizaciones de derechos de la mujer, las organizaciones no gubernamentales y los Estados Miembros para que la violencia sexual pasara a ser considerada como un desaf\u00edo para la paz y la seguridad a nivel pol\u00edtico y como una cuesti\u00f3n humanitaria, de derechos humanos, de g\u00e9nero y de desarrollo.<\/p>\n<p>En junio de 2007, el Comit\u00e9 de Pol\u00edticas del Secretario General refrend\u00f3 la iniciativa Acci\u00f3n de la ONU y la defini\u00f3 como una iniciativa conjunta fundamental de todo el sistema de las Naciones Unidas para orientar la promoci\u00f3n, la creaci\u00f3n de conocimientos, la movilizaci\u00f3n de recursos y la programaci\u00f3n conjunta en torno a la violencia sexual en los conflictos. En todas las resoluciones del Consejo de Seguridad pertinentes, en particular <a href=\"https:\/\/documents-dds-ny.un.org\/doc\/UNDOC\/GEN\/N08\/391\/47\/pdf\/N0839147.pdf?OpenElement\">1820 (2008)<\/a>, <a href=\"https:\/\/documents-dds-ny.un.org\/doc\/UNDOC\/GEN\/N09\/534\/49\/pdf\/N0953449.pdf?OpenElement\">1888\u00a0(2009)<\/a>, <a href=\"https:\/\/documents-dds-ny.un.org\/doc\/UNDOC\/GEN\/N10\/698\/37\/pdf\/N1069837.pdf?OpenElement\">1960 (2010)<\/a>, <a href=\"https:\/\/documents-dds-ny.un.org\/doc\/UNDOC\/GEN\/N13\/372\/18\/pdf\/N1337218.pdf?OpenElement\">2106 (2013)<\/a>, <a href=\"https:\/\/documents-dds-ny.un.org\/doc\/UNDOC\/GEN\/N16\/451\/63\/pdf\/N1645163.pdf?OpenElement\">2331 (2016)<\/a> y <a href=\"https:\/\/documents-dds-ny.un.org\/doc\/UNDOC\/GEN\/N19\/118\/32\/pdf\/N1911832.pdf?OpenElement\">2467 (2019)<\/a>, se destaca espec\u00edficamente que la iniciativa Acci\u00f3n de la ONU es el foro de coordinaci\u00f3n interinstitucional decisivo para hacer frente a la violencia sexual relacionada con los conflictos, mediante la promoci\u00f3n, la generaci\u00f3n de conocimientos y la programaci\u00f3n conjuntas.<\/p>\n<p>Tras la aprobaci\u00f3n de la m\u00e1s reciente de dichas resoluciones, la innovadora resoluci\u00f3n <a href=\"https:\/\/undocs.org\/es\/S\/RES\/2467(2019)\">2467 (2019)<\/a> del Consejo de Seguridad, la iniciativa Acci\u00f3n de la ONU elabor\u00f3 un nuevo <a href=\"https:\/\/stoprapenow.org\/wp-content\/uploads\/2021\/04\/UN-Action-Strategic-Framework-2020-2025-2021.pdf\">Marco Estrat\u00e9gico (2020-2025)<\/a> basado espec\u00edficamente en un enfoque amplio y centrado en los supervivientes de la violencia sexual relacionada con los conflictos, con un \u00e9nfasis renovado en la prevenci\u00f3n de ese tipo de violencia, incluido el tratamiento de sus causas estructurales profundas.<\/p>\n<p><strong>Estructura y composici\u00f3n<\/strong><\/p>\n<p><strong>\u00a0<\/strong>La iniciativa Acci\u00f3n de la ONU est\u00e1 presidida por la Representante Especial del Secretario General sobre la Violencia Sexual en los Conflictos con el apoyo de su secretar\u00eda, que est\u00e1 ubicada en la Oficina de la Representante, y est\u00e1 regida por un Comit\u00e9 Directivo integrado por los principales responsables de las 21 entidades que la componen. Entre los miembros actuales de la iniciativa se encuentran el Centro de Comercio Internacional (ITC), la Direcci\u00f3n Ejecutiva del Comit\u00e9 contra el Terrorismo, el Departamento de Asuntos Pol\u00edticos y de Consolidaci\u00f3n de la Paz, el Departamento de Operaciones de Paz, la Organizaci\u00f3n Internacional para las Migraciones (OIM), la Oficina de Coordinaci\u00f3n de Asuntos Humanitarios, la Oficina del Alto Comisionado de las Naciones Unidas para los Derechos Humanos, la Oficina de la Asesora Especial sobre la Prevenci\u00f3n del Genocidio, la Oficina de la Enviada del Secretario General para la Juventud, la Oficina de la Representante Especial del Secretario General para la Cuesti\u00f3n de los Ni\u00f1os y los Conflictos Armados, la Oficina de la Representante Especial del Secretario General sobre la Violencia contra los Ni\u00f1os, el Programa Conjunto de las Naciones Unidas sobre el VIH\/Sida (ONUSIDA), el Programa de las Naciones Unidas para el Desarrollo (PNUD), el Fondo de Poblaci\u00f3n de las Naciones Unidas (UNFPA), la Oficina del Alto Comisionado de las Naciones Unidas para los Refugiados (ACNUR), el Fondo de las Naciones Unidas para la Infancia (UNICEF), la Oficina de Asuntos de Desarme de las Naciones Unidas, la Oficina de las Naciones Unidas contra la Droga y el Delito, la Entidad de las Naciones Unidas para la Igualdad de G\u00e9nero y el Empoderamiento de las Mujeres (ONU-Mujeres), la Oficina de Lucha contra el Terrorismo, y la Organizaci\u00f3n Mundial de la Salud (OMS).<\/p>\n<p><strong>Esferas de trabajo <\/strong><\/p>\n<p><strong>1\/ Protecci\u00f3n y prevenci\u00f3n<\/strong>: apoyar y proteger a los supervivientes y a los grupos de riesgo, y prevenir y mitigar los riesgos de violencia sexual relacionada con los conflictos; garantizar la disponibilidad y accesibilidad de asistencia integral y multisectorial, incluidos servicios m\u00e9dicos, psicosociales, de seguridad y protecci\u00f3n, de subsistencia y de justicia; y aplicar las medidas de prevenci\u00f3n y mitigaci\u00f3n de los riesgos de violencia sexual relacionada con los conflictos con un enfoque centrado en los supervivientes, entre otras cosas, mediante estrategias y planes de aplicaci\u00f3n de l Comunicados Conjuntos.<\/p>\n<p><strong>2\/ Creaci\u00f3n de capacidad y colaboraci\u00f3n estrat\u00e9gica con los garantes de derechos<\/strong>: fortalecer la capacidad de los garantes de derechos y de los responsables de las decisiones para hacer frente a los riesgos y las causas profundas de la violencia sexual relacionada con los conflictos y para promover el cumplimiento y la rendici\u00f3n de cuentas (a\u00a0nivel mundial y nacional) mediante el aumento de la promoci\u00f3n conjunta y sostenida, y fortalecer los conocimientos t\u00e9cnicos de los agentes institucionales, operacionales y nacionales.<\/p>\n<p><strong>3\/ Orientaci\u00f3n, pol\u00edticas e instrumentos<\/strong>: promover la aplicaci\u00f3n de la agenda sobre las mujeres, la paz y la seguridad y la violencia sexual relacionada con los conflictos en la prevenci\u00f3n y resoluci\u00f3n de conflictos en los procesos de mantenimiento y consolidaci\u00f3n de la paz, ayuda humanitaria y desarrollo, mediante la elaboraci\u00f3n de orientaciones, pol\u00edticas e instrumentos para colmar lagunas de conocimiento, pr\u00e1ctica, promoci\u00f3n y experiencia t\u00e9cnica. Estas orientaciones, pol\u00edticas e instrumentos se comparten en el seno de la red de la iniciativa Acci\u00f3n de la ONU y con otros agentes pertinentes.<\/p>\n<p><strong>4\/ Datos<\/strong>: aumentar la disponibilidad de informaci\u00f3n fiable, oportuna y objetiva sobre las tendencias, los riesgos y los patrones de violencia sexual relacionada con los conflictos para: 1. respaldar actividades de promoci\u00f3n de alto nivel y con base emp\u00edrica; 2. aumentar la presi\u00f3n ejercida sobre las partes en conflicto y la colaboraci\u00f3n con ellas; 3. aportar soluciones contundentes y centradas en los supervivientes mediante el uso de m\u00e9todos de gesti\u00f3n y an\u00e1lisis de datos que sean seguros, \u00e9ticos y que respondan a las cuestiones de g\u00e9nero, el despliegue de Asesores de Protecci\u00f3n de las Mujeres, el fortalecimiento de las disposiciones de vigilancia, an\u00e1lisis y presentaci\u00f3n de informes, y la promoci\u00f3n de la coordinaci\u00f3n en todas las plataformas de gesti\u00f3n de la informaci\u00f3n sobre la violencia sexual relacionada con los conflictos.<\/p>\n<p><strong>5\/ Coordinaci\u00f3n<\/strong>: mejorar la coordinaci\u00f3n de las Naciones Unidas y la respuesta a las resoluciones del Consejo de Seguridad de las Naciones Unidas sobre la violencia sexual relacionada con los conflictos y su aplicaci\u00f3n en todo el sistema mediante el aumento de la capacidad de la red de la iniciativa Acci\u00f3n de la ONU para cumplir su funci\u00f3n de foro consultivo sobre este tipo de violencia y de plataforma para coordinar la promoci\u00f3n y llevar a cabo intervenciones conjuntas centradas en la violencia sexual relacionada con los conflictos y orientadas a colmar las lagunas.<\/p>\n<p><strong>Financiaci\u00f3n<\/strong><\/p>\n<p><strong>\u00a0<\/strong>La iniciativa Acci\u00f3n de la ONU se financia \u00edntegramente con las contribuciones voluntarias extrapresupuestarias de los donantes al Fondo Fiduciario de M\u00faltiples Asociados para la Violencia Sexual relacionada con los Conflictos. La financiaci\u00f3n del Fondo mantiene el funcionamiento de la red y tambi\u00e9n los proyectos conjuntos de la iniciativa Acci\u00f3n de la ONU, que benefician directamente a los supervivientes y a las personas que corren el riesgo de sufrir violencia sexual relacionada con los conflictos. Desde 2009, la iniciativa Acci\u00f3n de la ONU ha apoyado m\u00e1s de 50 proyectos en 17 pa\u00edses afectados por conflictos, as\u00ed como iniciativas a nivel regional y mundial.<\/p>\n<p>Canalizando la financiaci\u00f3n hacia el Fondo Fiduciario de M\u00faltiples Asociados para la Violencia Sexual relacionada con los Conflictos, la iniciativa Acci\u00f3n de la ONU puede emprender actividades en los \u00e1mbitos de prevenci\u00f3n de la violencia sexual relacionada con los conflictos (entre otras cosas, afrontando sus causas profundas), protecci\u00f3n y prestaci\u00f3n de servicios multisectoriales a los supervivientes, fomentando la capacidad de las instituciones nacionales, elaborando orientaciones y garantizando la recopilaci\u00f3n y el an\u00e1lisis de datos seguros y \u00e9ticos, todas ellas actividades contempladas en el marco estrat\u00e9gico de la iniciativa Acci\u00f3n de la ONU. La iniciativa Acci\u00f3n de la ONU y los supervivientes de la violencia sexual relacionada con los conflictos se benefician de una programaci\u00f3n simplificada, sistemas de gobernanza y de gesti\u00f3n financiera reforzados, y un modelo normalizado de presentaci\u00f3n de informes a los donantes. Los Estados Miembros y otros asociados pueden contribuir al Fondo Fiduciario.<\/p>\n<p><strong>Proyecto principal<\/strong><\/p>\n<p>El proyecto de la iniciativa Acci\u00f3n de la ONU \u201c<a href=\"https:\/\/stoprapenow.org\/our_projects\/somalia\/\">Aprovechamiento de la fortaleza de las mujeres en Somalia para mitigar la VSRC y prevenir el extremismo violento<\/a>\u201d brinda apoyo directo a los supervivientes de la violencia sexual relacionada con los conflictos cometida sistem\u00e1ticamente por Al-Shabaab como t\u00e1ctica de guerra. En concreto, el proyecto ayuda a las mujeres previamente vinculadas a Al-Shabaab y a las comunidades a las que regresan a reducir su vulnerabilidad y mejorar su seguridad humana en general utilizando enfoques centrados en las personas y orientados a la prevenci\u00f3n. El proyecto brinda servicios reforzados de salud mental y apoyo psicosocial, y presta asistencia en la reintegraci\u00f3n socioecon\u00f3mica de 100 mujeres previamente vinculadas a Al-Shabaab, entre las que se encuentran supervivientes de la violencia sexual relacionada con los conflictos. Adem\u00e1s crea capacidad local y nacional para responder a las complejas y delicadas necesidades de esas mujeres y fomentar su liderazgo con el fin de mitigar el riesgo de extremismo violento y violencia sexual relacionada con los conflictos. Este es un proyecto conjunto de la OIM y la UNSOM.<\/p>\n<p><strong>M\u00e1s informaci\u00f3n<\/strong>:<\/p>\n<p>Se puede encontrar m\u00e1s informaci\u00f3n completa y actualizada en el sitio web oficial de la Red de la iniciativa Acci\u00f3n de la ONU<\/p>\n<p><a href=\"http:\/\/twitter.com\/unaction\"><u>Acci\u00f3n de la ONU en Twitter<\/u><\/a><\/p>\n<p><a href=\"http:\/\/instagram.com\/un_action\"><u>Acci\u00f3n de la ONU en Instagram<\/u><\/a><\/p>\n<p><a href=\"http:\/\/facebook.com\/unaction\"><u>Acci\u00f3n de la ONU en Facebook<\/u><\/a><\/p>\n<\/div><div class=\"fusion-image-element \" style=\"--awb-caption-title-font-family:var(--h2_typography-font-family);--awb-caption-title-font-weight:var(--h2_typography-font-weight);--awb-caption-title-font-style:var(--h2_typography-font-style);--awb-caption-title-size:var(--h2_typography-font-size);--awb-caption-title-transform:var(--h2_typography-text-transform);--awb-caption-title-line-height:var(--h2_typography-line-height);--awb-caption-title-letter-spacing:var(--h2_typography-letter-spacing);\"><span class=\" fusion-imageframe imageframe-none imageframe-1 hover-type-none\"><img decoding=\"async\" width=\"416\" height=\"227\" title=\"UN Action Spanish\" src=\"https:\/\/www.un.org\/sexualviolenceinconflict\/wp-content\/uploads\/2021\/10\/accion-de-las-naciones-unidas-contra-la-violencia-sexual-en-los-conflictos\/UN-Action-Spanish-416x227.png\" alt class=\"img-responsive wp-image-43190\" srcset=\"https:\/\/www.un.org\/sexualviolenceinconflict\/wp-content\/uploads\/2021\/10\/accion-de-las-naciones-unidas-contra-la-violencia-sexual-en-los-conflictos\/UN-Action-Spanish-200x109.png 200w, https:\/\/www.un.org\/sexualviolenceinconflict\/wp-content\/uploads\/2021\/10\/accion-de-las-naciones-unidas-contra-la-violencia-sexual-en-los-conflictos\/UN-Action-Spanish-400x218.png 400w, https:\/\/www.un.org\/sexualviolenceinconflict\/wp-content\/uploads\/2021\/10\/accion-de-las-naciones-unidas-contra-la-violencia-sexual-en-los-conflictos\/UN-Action-Spanish-600x328.png 600w, https:\/\/www.un.org\/sexualviolenceinconflict\/wp-content\/uploads\/2021\/10\/accion-de-las-naciones-unidas-contra-la-violencia-sexual-en-los-conflictos\/UN-Action-Spanish.png 683w\" sizes=\"(max-width: 1024px) 100vw, (max-width: 640px) 100vw, 416px\" \/><\/span><\/div><\/div><\/div><\/div><\/div>\n","protected":false},"excerpt":{"rendered":"","protected":false},"author":57,"featured_media":0,"parent":0,"menu_order":0,"comment_status":"closed","ping_status":"closed","template":"","meta":{"footnotes":""},"class_list":["post-39635","page","type-page","status-publish","hentry"],"_links":{"self":[{"href":"https:\/\/www.un.org\/sexualviolenceinconflict\/es\/wp-json\/wp\/v2\/pages\/39635","targetHints":{"allow":["GET"]}}],"collection":[{"href":"https:\/\/www.un.org\/sexualviolenceinconflict\/es\/wp-json\/wp\/v2\/pages"}],"about":[{"href":"https:\/\/www.un.org\/sexualviolenceinconflict\/es\/wp-json\/wp\/v2\/types\/page"}],"author":[{"embeddable":true,"href":"https:\/\/www.un.org\/sexualviolenceinconflict\/es\/wp-json\/wp\/v2\/users\/57"}],"replies":[{"embeddable":true,"href":"https:\/\/www.un.org\/sexualviolenceinconflict\/es\/wp-json\/wp\/v2\/comments?post=39635"}],"version-history":[{"count":5,"href":"https:\/\/www.un.org\/sexualviolenceinconflict\/es\/wp-json\/wp\/v2\/pages\/39635\/revisions"}],"predecessor-version":[{"id":43223,"href":"https:\/\/www.un.org\/sexualviolenceinconflict\/es\/wp-json\/wp\/v2\/pages\/39635\/revisions\/43223"}],"wp:attachment":[{"href":"https:\/\/www.un.org\/sexualviolenceinconflict\/es\/wp-json\/wp\/v2\/media?parent=39635"}],"curies":[{"name":"wp","href":"https:\/\/api.w.org\/{rel}","templated":true}]}}