  {"id":272075,"date":"2023-09-04T12:09:30","date_gmt":"2023-09-04T16:09:30","guid":{"rendered":"https:\/\/www.un.org\/pga\/78-elect\/?page_id=272075"},"modified":"2023-09-04T22:01:27","modified_gmt":"2023-09-05T02:01:27","slug":"acceptance-speech","status":"publish","type":"page","link":"https:\/\/www.un.org\/pga\/78\/acceptance-speech\/","title":{"rendered":"Acceptance Speech"},"content":{"rendered":"<p>[et_pb_section fb_built=&#8221;1&#8243; _builder_version=&#8221;4.21.2&#8243; _module_preset=&#8221;default&#8221; global_colors_info=&#8221;{}&#8221;][et_pb_row use_custom_gutter=&#8221;on&#8221; gutter_width=&#8221;2&#8243; module_class=&#8221; et_pb_row_fullwidth&#8221; _builder_version=&#8221;4.16&#8243; width=&#8221;94%&#8221; width_tablet=&#8221;80%&#8221; width_phone=&#8221;80%&#8221; width_last_edited=&#8221;on|desktop&#8221; max_width=&#8221;94%&#8221; max_width_tablet=&#8221;80%&#8221; max_width_phone=&#8221;80%&#8221; max_width_last_edited=&#8221;on|desktop&#8221; custom_margin=&#8221;|5px||5px&#8221; custom_padding=&#8221;|5px||5px&#8221; make_fullwidth=&#8221;on&#8221; locked=&#8221;off&#8221; global_colors_info=&#8221;{}&#8221;][et_pb_column type=&#8221;4_4&#8243; _builder_version=&#8221;4.16&#8243; custom_padding=&#8221;|||&#8221; global_colors_info=&#8221;{}&#8221; custom_padding__hover=&#8221;|||&#8221;][et_pb_text _builder_version=&#8221;4.21.2&#8243; hover_enabled=&#8221;0&#8243; global_colors_info=&#8221;{}&#8221; sticky_enabled=&#8221;0&#8243;]<\/p>\n<h2>Acceptance speech by H.E. Dennis Francis upon his election on 1 June 2023<\/h2>\n<figure>\n<div id=\"attachment_164088\" style=\"width: 675px;\" class=\"wp-caption alignleft\"><div id=\"attachment_272077\" style=\"width: 660px\" class=\"wp-caption alignnone\"><img loading=\"lazy\" decoding=\"async\" aria-describedby=\"caption-attachment-272077\" src=\"https:\/\/www.un.org\/pga\/78-elect\/wp-content\/uploads\/sites\/108\/2023\/09\/UN7988335_20230601_LF_2668_-300x200.jpeg\" width=\"566\" height=\"377\" alt=\"\" class=\"wp-image-272077 size-medium\" style=\"margin-left: auto; margin-right: auto;\" srcset=\"https:\/\/www.un.org\/pga\/wp-content\/uploads\/sites\/108\/2023\/09\/UN7988335_20230601_LF_2668_-300x200.jpeg 300w, https:\/\/www.un.org\/pga\/wp-content\/uploads\/sites\/108\/2023\/09\/UN7988335_20230601_LF_2668_-1024x682.jpeg 1024w, https:\/\/www.un.org\/pga\/wp-content\/uploads\/sites\/108\/2023\/09\/UN7988335_20230601_LF_2668_-768x512.jpeg 768w, https:\/\/www.un.org\/pga\/wp-content\/uploads\/sites\/108\/2023\/09\/UN7988335_20230601_LF_2668_-1536x1024.jpeg 1536w, https:\/\/www.un.org\/pga\/wp-content\/uploads\/sites\/108\/2023\/09\/UN7988335_20230601_LF_2668_-1080x720.jpeg 1080w, https:\/\/www.un.org\/pga\/wp-content\/uploads\/sites\/108\/2023\/09\/UN7988335_20230601_LF_2668_.jpeg 2000w\" sizes=\"(max-width: 566px) 100vw, 566px\" \/><p id=\"caption-attachment-272077\" class=\"wp-caption-text\">Dennis Francis (at podium), President-elect of the seventy-eighth session of the Âé¶¹APP General Assembly and Permanent Representative of the Republic of Trinidad and Tobago to the Âé¶¹APP, addresses the 74th plenary meeting of the General Assembly. The Assembly elected Dennis Francis as President of the seventy-eighth session of the UN General Assembly by acclamation during the meeting. Seated at dais are, from left to right, Secretary-General Ant\u00f3nio Guterres; Csaba K\u0151r\u00f6si, President of the seventy-seventh session of the Âé¶¹APP General Assembly; and Movses Abelian, Under-Secretary-General for General Assembly and Conference Management.<\/p><\/div><\/div>\n<\/figure>\n<figure>Allow me, Mr. President, to congratulate you on your astute leadership and management of the General Assembly during the current session. Your calm demeanor and steady hands confer on our deliberations an aura of assurance and control which usually profits multilateral processes.<\/figure>\n<p>&nbsp;<\/p>\n<figure><\/figure>\n<figure><\/figure>\n<figure><\/figure>\n<figure>Today, I stand humbly before this august house of Plenipotentiaries, with immense gratitude to all 193 Member States for the confidence they have reposed in me as I prepare to serve as President of the seventy-eighth session of the General Assembly of the Âé¶¹APP, an undertaking that is both an honour and a privilege. I have been overwhelmed and yet, at the same time, buoyed by the extraordinary demonstrations of support, solidarity and goodwill that have consistently accompanied me on this journey over recent months. My heart is truly full, even as I remain keenly aware that being called to serve as President of the Assembly entails a weighty responsibility.<\/p>\n<p>&nbsp;<\/p>\n<p>&nbsp;<\/p>\n<p>It is often said that education is the great liberator, lifting people up the social and economic ladder and strengthening society in the process. Not only is that assessment valid. it is also a truism. I exemplify that pattern, having over the course of my career repeatedly found myself in places where I was called upon to assume onerous responsibilities.<\/p>\n<p>Such experiences would never have materialized had I not had great parents who appreciated the extraordinary power and potential of education and, further, had I not been part of a generation that benefited from an enlightened government policy which challenged and democratized the colonial practice whereby an education was, under State policy, reserved exclusively for the privileged, that is, only those with the means to acquire it.<\/p>\n<p>Therefore, when, in the context of the Sustainable Development Goals, we postpone or neglect to offer support to millions the world over who lack access to quality education, aren\u2019t we consigning them facelessly to an intergenerational cycle of poverty, degradation and misery, from which they are hardly likely to break free? It seems to me that the more pragmatic choice would be to do all that we can materially to save those children and young people from near certain defeat \u2013 a defeat of circumstance \u2013 by affording them, through education, the option of choice and thus the capacity to self-actualize, to their own benefit and that of their communities and societies.<\/p>\n<p>I find this to be a compelling argument for an all-out effort, come the forthcoming Sustainable Development Goals Summit, to recommit and re-energize action to complete and deliver the 2030 Agenda for Sustainable Development and the Sustainable Development Goals and the empowerment of people everywhere through the removal of the shackles that constrain their growth and independence and deny them any possibility of creating their own success. The pursuit of policies that support and encourage investing in people and therefore in the creation of social capital in the medium to long term is inarguably among the most effective strategies for promoting and achieving sustainable development.<\/p>\n<p>It is education that brought me to this place and, ultimately, to this podium and I am so proud and gratified to have been born in a country, Trinidad and Tobago, that for almost 70 years has assigned the highest value to education. Allow me, therefore, to express my profound appreciation to my Minister, Senator the Honourable Dr. Amery Browne, and through him to the Government and People of the Republic of Trinidad and Tobago, for believing me worthy of shouldering this awesome responsibility as President of the seventy-eighth session of the General Assembly.<\/p>\n<p>Over the 40 odd years of my career as a diplomat, it never once occurred to me that I would find myself seated as President of the General Assembly but as I look back, it was my good fortune to have been schooled by some of the finest and most accomplished diplomats that Trinidad and Tobago has ever produced. foremost among them being the late Mr. Lennox Fitzroy Ballah, former Head of the Foreign Service of Trinidad and Tobago, a brilliant international lawyer and former member of the International Tribunal for the Law of the Sea, who tutored and indeed mentored several generations of professional foreign service officers, insisting that the target must always be excellence. I pay tribute to him and to several other distinguished masters of diplomacy, whose dedication and work have left an indelible mark on Trinidad and Tobago.<\/p>\n<p>I am ever conscious of the sensitivity and weight of responsibility that serving as President of this General Assembly imposes on the incumbent. In this regard, I commit to discharge the responsibilities of the office with transparency, accountability, vigour and dedication, bearing in mind that all members have the same rights.<\/p>\n<p>Upon the admission of Trinidad and Tobagoto membership in the Âé¶¹APP in 1962, Sir Ellis Clarke, our first Permanent Representative, in making a comparison between our population and that of the international community, affirmed that \u201c[w]e have, however, developed in our society tolerance, camaraderie, respect for the rights of others, an unswerving opposition to oppression, injustice and racial discrimination, a love of liberty, a supreme faith in the dignity and worth of the human person, and belief in the value of co-operation\u201d. These principles will form the basis of my actions as President of the General Assembly.<\/p>\n<p>I will prioritize encouraging and facilitating meaningful dialogue, in various formats, in order to ensure that there is clarity of priorities and the strengthening of common purpose in the interest of coherence. It is my hope to bring forward, with your help and support, a renewed atmosphere of conciliation, cooperation and shared commitment in addressing the many challenges and seizing every opportunity, however inchoate, before the General Assembly. I will seek to enhance current approaches and adopt new ones with feasible solutions, as we endeavour to deliver, or at least to strengthen the bases for delivering, Peace, Prosperity, Progress and Sustainability.<\/p>\n<p>I count on your support during the impending session and call for your fulsome engagement, in good faith, as we purposively accelerate our action towards the achievement of sustainable development for the benefit of all.<\/p>\n<p>Permit me to end on a personal note by expressing my special thanks to my hardworking staff at the Mission whose exceptional devotion to duty and professionalism is a matter of great personal pride and satisfaction.<\/p>\n<p>I should also like to thank my six siblings for their unstinting love and loyalty, and who, I know, will say to me, \u201cDon\u2019t think you\u2019re the President here \u2013 you are still the last.\u201d I nevertheless thank them for a lifetime of support and for being here with me today, either in person or virtually, to share in this moment of jubilation. I thank also my lifelong friends from the Class of 1973 of Woodbrook Secondary School, whose genuine friendship and love I can never get too much of. And finally, my grateful thanks to my dear wife Joy, whose smile lights up my day, every day, and whose love, support and encouragement contributed in no small way to making this day possible.<\/p>\n<p>Finally, I share with you a recent discovery: the Latin translation of the words \u201cAll Glory to God\u201d is Soli Deo Gloria-SDG. Perhaps more than a coincidence.<\/p>\n<p>Thank you, Mr. President.<\/p>\n<\/figure>\n<p>[\/et_pb_text][\/et_pb_column][\/et_pb_row][\/et_pb_section]<\/p>\n","protected":false},"excerpt":{"rendered":"<p>Acceptance speech by H.E. Dennis Francis upon his election on 1 June 2023 Allow me, Mr. President, to congratulate you on your astute leadership and management of the General Assembly [&hellip;]<\/p>\n","protected":false},"author":361,"featured_media":0,"parent":0,"menu_order":0,"comment_status":"closed","ping_status":"closed","template":"","meta":{"_et_pb_use_builder":"on","_et_pb_old_content":"","_et_gb_content_width":"","footnotes":""},"class_list":["post-272075","page","type-page","status-publish","hentry"],"yoast_head":"<!-- This site is optimized with the Yoast SEO plugin v26.9 - https:\/\/yoast.com\/product\/yoast-seo-wordpress\/ -->\n<title>Acceptance Speech | General Assembly of the Âé¶¹APP<\/title>\n<meta name=\"robots\" content=\"noindex, follow, max-snippet:-1, max-image-preview:large, max-video-preview:-1\" \/>\n<meta property=\"og:locale\" content=\"en_US\" \/>\n<meta property=\"og:type\" content=\"article\" \/>\n<meta property=\"og:title\" content=\"Acceptance Speech | General Assembly of the Âé¶¹APP\" \/>\n<meta property=\"og:description\" content=\"Acceptance speech by H.E. Dennis Francis upon his election on 1 June 2023 Allow me, Mr. President, to congratulate you on your astute leadership and management of the General Assembly [&hellip;]\" \/>\n<meta property=\"og:url\" content=\"https:\/\/www.un.org\/pga\/78\/acceptance-speech\/\" \/>\n<meta property=\"og:site_name\" content=\"General Assembly of the Âé¶¹APP\" \/>\n<meta property=\"article:modified_time\" content=\"2023-09-05T02:01:27+00:00\" \/>\n<meta property=\"og:image\" content=\"https:\/\/www.un.org\/pga\/78-elect\/wp-content\/uploads\/sites\/108\/2023\/09\/UN7988335_20230601_LF_2668_-300x200.jpeg\" \/>\n<meta name=\"twitter:card\" content=\"summary_large_image\" \/>\n<meta name=\"twitter:site\" content=\"@UN_PGA\" \/>\n<meta name=\"twitter:label1\" content=\"Est. reading time\" \/>\n\t<meta name=\"twitter:data1\" content=\"7 minutes\" \/>\n<script type=\"application\/ld+json\" class=\"yoast-schema-graph\">{\"@context\":\"https:\/\/schema.org\",\"@graph\":[{\"@type\":\"WebPage\",\"@id\":\"https:\/\/www.un.org\/pga\/78\/acceptance-speech\/\",\"url\":\"https:\/\/www.un.org\/pga\/78\/acceptance-speech\/\",\"name\":\"Acceptance Speech | General Assembly of the Âé¶¹APP\",\"isPartOf\":{\"@id\":\"https:\/\/www.un.org\/pga\/78\/#website\"},\"primaryImageOfPage\":{\"@id\":\"https:\/\/www.un.org\/pga\/78\/acceptance-speech\/#primaryimage\"},\"image\":{\"@id\":\"https:\/\/www.un.org\/pga\/78\/acceptance-speech\/#primaryimage\"},\"thumbnailUrl\":\"https:\/\/www.un.org\/pga\/78-elect\/wp-content\/uploads\/sites\/108\/2023\/09\/UN7988335_20230601_LF_2668_-300x200.jpeg\",\"datePublished\":\"2023-09-04T16:09:30+00:00\",\"dateModified\":\"2023-09-05T02:01:27+00:00\",\"breadcrumb\":{\"@id\":\"https:\/\/www.un.org\/pga\/78\/acceptance-speech\/#breadcrumb\"},\"inLanguage\":\"en-US\",\"potentialAction\":[{\"@type\":\"ReadAction\",\"target\":[\"https:\/\/www.un.org\/pga\/78\/acceptance-speech\/\"]}]},{\"@type\":\"ImageObject\",\"inLanguage\":\"en-US\",\"@id\":\"https:\/\/www.un.org\/pga\/78\/acceptance-speech\/#primaryimage\",\"url\":\"https:\/\/www.un.org\/pga\/wp-content\/uploads\/sites\/108\/2023\/09\/UN7988335_20230601_LF_2668_.jpeg\",\"contentUrl\":\"https:\/\/www.un.org\/pga\/wp-content\/uploads\/sites\/108\/2023\/09\/UN7988335_20230601_LF_2668_.jpeg\",\"width\":2000,\"height\":1333,\"caption\":\"Dennis Francis (at podium), President-elect of the seventy-eighth session of the Âé¶¹APP General Assembly and Permanent Representative of the Republic of Trinidad and Tobago to the Âé¶¹APP, addresses the 74th plenary meeting of the General Assembly. The Assembly elected Dennis Francis as President of the seventy-eighth session of the UN General Assembly by acclamation during the meeting. Seated at dais are, from left to right, Secretary-General Ant\u00f3nio Guterres; Csaba K\u0151r\u00f6si, President of the seventy-seventh session of the Âé¶¹APP General Assembly; and Movses Abelian, Under-Secretary-General for General Assembly and Conference Management.\"},{\"@type\":\"BreadcrumbList\",\"@id\":\"https:\/\/www.un.org\/pga\/78\/acceptance-speech\/#breadcrumb\",\"itemListElement\":[{\"@type\":\"ListItem\",\"position\":1,\"name\":\"Home\",\"item\":\"https:\/\/www.un.org\/pga\/78\/\"},{\"@type\":\"ListItem\",\"position\":2,\"name\":\"Acceptance Speech\"}]},{\"@type\":\"WebSite\",\"@id\":\"https:\/\/www.un.org\/pga\/78\/#website\",\"url\":\"https:\/\/www.un.org\/pga\/78\/\",\"name\":\"General Assembly of the Âé¶¹APP President of the 75th session\",\"description\":\"President of the 78th session\",\"publisher\":{\"@id\":\"https:\/\/www.un.org\/pga\/78\/#organization\"},\"potentialAction\":[{\"@type\":\"SearchAction\",\"target\":{\"@type\":\"EntryPoint\",\"urlTemplate\":\"https:\/\/www.un.org\/pga\/78\/?s={search_term_string}\"},\"query-input\":{\"@type\":\"PropertyValueSpecification\",\"valueRequired\":true,\"valueName\":\"search_term_string\"}}],\"inLanguage\":\"en-US\"},{\"@type\":\"Organization\",\"@id\":\"https:\/\/www.un.org\/pga\/78\/#organization\",\"name\":\"President of the 75th session of the General Assembly of the Âé¶¹APP General Assembly of the Âé¶¹APP\",\"url\":\"https:\/\/www.un.org\/pga\/78\/\",\"logo\":{\"@type\":\"ImageObject\",\"inLanguage\":\"en-US\",\"@id\":\"https:\/\/www.un.org\/pga\/78\/#\/schema\/logo\/image\/\",\"url\":\"https:\/\/www.un.org\/pga\/wp-content\/uploads\/sites\/108\/2020\/09\/UNGA75_2020_REVERSED-01.png\",\"contentUrl\":\"https:\/\/www.un.org\/pga\/wp-content\/uploads\/sites\/108\/2020\/09\/UNGA75_2020_REVERSED-01.png\",\"width\":4397,\"height\":3221,\"caption\":\"President of the 75th session of the General Assembly of the Âé¶¹APP General Assembly of the Âé¶¹APP\"},\"image\":{\"@id\":\"https:\/\/www.un.org\/pga\/78\/#\/schema\/logo\/image\/\"},\"sameAs\":[\"https:\/\/x.com\/UN_PGA\"]}]}<\/script>\n<!-- \/ Yoast SEO plugin. -->","yoast_head_json":{"title":"Acceptance Speech | General Assembly of the Âé¶¹APP","robots":{"index":"noindex","follow":"follow","max-snippet":"max-snippet:-1","max-image-preview":"max-image-preview:large","max-video-preview":"max-video-preview:-1"},"og_locale":"en_US","og_type":"article","og_title":"Acceptance Speech | General Assembly of the Âé¶¹APP","og_description":"Acceptance speech by H.E. Dennis Francis upon his election on 1 June 2023 Allow me, Mr. President, to congratulate you on your astute leadership and management of the General Assembly [&hellip;]","og_url":"https:\/\/www.un.org\/pga\/78\/acceptance-speech\/","og_site_name":"General Assembly of the Âé¶¹APP","article_modified_time":"2023-09-05T02:01:27+00:00","og_image":[{"url":"https:\/\/www.un.org\/pga\/78-elect\/wp-content\/uploads\/sites\/108\/2023\/09\/UN7988335_20230601_LF_2668_-300x200.jpeg","type":"","width":"","height":""}],"twitter_card":"summary_large_image","twitter_site":"@UN_PGA","twitter_misc":{"Est. reading time":"7 minutes"},"schema":{"@context":"https:\/\/schema.org","@graph":[{"@type":"WebPage","@id":"https:\/\/www.un.org\/pga\/78\/acceptance-speech\/","url":"https:\/\/www.un.org\/pga\/78\/acceptance-speech\/","name":"Acceptance Speech | General Assembly of the Âé¶¹APP","isPartOf":{"@id":"https:\/\/www.un.org\/pga\/78\/#website"},"primaryImageOfPage":{"@id":"https:\/\/www.un.org\/pga\/78\/acceptance-speech\/#primaryimage"},"image":{"@id":"https:\/\/www.un.org\/pga\/78\/acceptance-speech\/#primaryimage"},"thumbnailUrl":"https:\/\/www.un.org\/pga\/78-elect\/wp-content\/uploads\/sites\/108\/2023\/09\/UN7988335_20230601_LF_2668_-300x200.jpeg","datePublished":"2023-09-04T16:09:30+00:00","dateModified":"2023-09-05T02:01:27+00:00","breadcrumb":{"@id":"https:\/\/www.un.org\/pga\/78\/acceptance-speech\/#breadcrumb"},"inLanguage":"en-US","potentialAction":[{"@type":"ReadAction","target":["https:\/\/www.un.org\/pga\/78\/acceptance-speech\/"]}]},{"@type":"ImageObject","inLanguage":"en-US","@id":"https:\/\/www.un.org\/pga\/78\/acceptance-speech\/#primaryimage","url":"https:\/\/www.un.org\/pga\/wp-content\/uploads\/sites\/108\/2023\/09\/UN7988335_20230601_LF_2668_.jpeg","contentUrl":"https:\/\/www.un.org\/pga\/wp-content\/uploads\/sites\/108\/2023\/09\/UN7988335_20230601_LF_2668_.jpeg","width":2000,"height":1333,"caption":"Dennis Francis (at podium), President-elect of the seventy-eighth session of the Âé¶¹APP General Assembly and Permanent Representative of the Republic of Trinidad and Tobago to the Âé¶¹APP, addresses the 74th plenary meeting of the General Assembly. The Assembly elected Dennis Francis as President of the seventy-eighth session of the UN General Assembly by acclamation during the meeting. Seated at dais are, from left to right, Secretary-General Ant\u00f3nio Guterres; Csaba K\u0151r\u00f6si, President of the seventy-seventh session of the Âé¶¹APP General Assembly; and Movses Abelian, Under-Secretary-General for General Assembly and Conference Management."},{"@type":"BreadcrumbList","@id":"https:\/\/www.un.org\/pga\/78\/acceptance-speech\/#breadcrumb","itemListElement":[{"@type":"ListItem","position":1,"name":"Home","item":"https:\/\/www.un.org\/pga\/78\/"},{"@type":"ListItem","position":2,"name":"Acceptance Speech"}]},{"@type":"WebSite","@id":"https:\/\/www.un.org\/pga\/78\/#website","url":"https:\/\/www.un.org\/pga\/78\/","name":"General Assembly of the Âé¶¹APP President of the 75th session","description":"President of the 78th session","publisher":{"@id":"https:\/\/www.un.org\/pga\/78\/#organization"},"potentialAction":[{"@type":"SearchAction","target":{"@type":"EntryPoint","urlTemplate":"https:\/\/www.un.org\/pga\/78\/?s={search_term_string}"},"query-input":{"@type":"PropertyValueSpecification","valueRequired":true,"valueName":"search_term_string"}}],"inLanguage":"en-US"},{"@type":"Organization","@id":"https:\/\/www.un.org\/pga\/78\/#organization","name":"President of the 75th session of the General Assembly of the Âé¶¹APP General Assembly of the Âé¶¹APP","url":"https:\/\/www.un.org\/pga\/78\/","logo":{"@type":"ImageObject","inLanguage":"en-US","@id":"https:\/\/www.un.org\/pga\/78\/#\/schema\/logo\/image\/","url":"https:\/\/www.un.org\/pga\/wp-content\/uploads\/sites\/108\/2020\/09\/UNGA75_2020_REVERSED-01.png","contentUrl":"https:\/\/www.un.org\/pga\/wp-content\/uploads\/sites\/108\/2020\/09\/UNGA75_2020_REVERSED-01.png","width":4397,"height":3221,"caption":"President of the 75th session of the General Assembly of the Âé¶¹APP General Assembly of the Âé¶¹APP"},"image":{"@id":"https:\/\/www.un.org\/pga\/78\/#\/schema\/logo\/image\/"},"sameAs":["https:\/\/x.com\/UN_PGA"]}]}},"_links":{"self":[{"href":"https:\/\/www.un.org\/pga\/78\/wp-json\/wp\/v2\/pages\/272075","targetHints":{"allow":["GET"]}}],"collection":[{"href":"https:\/\/www.un.org\/pga\/78\/wp-json\/wp\/v2\/pages"}],"about":[{"href":"https:\/\/www.un.org\/pga\/78\/wp-json\/wp\/v2\/types\/page"}],"author":[{"embeddable":true,"href":"https:\/\/www.un.org\/pga\/78\/wp-json\/wp\/v2\/users\/361"}],"replies":[{"embeddable":true,"href":"https:\/\/www.un.org\/pga\/78\/wp-json\/wp\/v2\/comments?post=272075"}],"version-history":[{"count":3,"href":"https:\/\/www.un.org\/pga\/78\/wp-json\/wp\/v2\/pages\/272075\/revisions"}],"predecessor-version":[{"id":272117,"href":"https:\/\/www.un.org\/pga\/78\/wp-json\/wp\/v2\/pages\/272075\/revisions\/272117"}],"wp:attachment":[{"href":"https:\/\/www.un.org\/pga\/78\/wp-json\/wp\/v2\/media?parent=272075"}],"curies":[{"name":"wp","href":"https:\/\/api.w.org\/{rel}","templated":true}]}}