  {"id":8191,"date":"2017-10-13T21:10:29","date_gmt":"2017-10-13T21:10:29","guid":{"rendered":"https:\/\/www.dev.un.org\/humansecurity\/?page_id=8191"},"modified":"2024-08-09T16:46:19","modified_gmt":"2024-08-09T20:46:19","slug":"publications-on-human-security","status":"publish","type":"page","link":"https:\/\/www.un.org\/humansecurity\/publications-on-human-security\/","title":{"rendered":"Publications on Human Security"},"content":{"rendered":"<div class=\"fusion-fullwidth fullwidth-box fusion-builder-row-1 fusion-flex-container nonhundred-percent-fullwidth non-hundred-percent-height-scrolling\" style=\"--awb-border-radius-top-left:0px;--awb-border-radius-top-right:0px;--awb-border-radius-bottom-right:0px;--awb-border-radius-bottom-left:0px;--awb-flex-wrap:wrap;\" ><div class=\"fusion-builder-row fusion-row fusion-flex-align-items-flex-start fusion-flex-content-wrap\" style=\"max-width:104%;margin-left: calc(-4% \/ 2 );margin-right: calc(-4% \/ 2 );\"><div class=\"fusion-layout-column fusion_builder_column fusion-builder-column-0 fusion_builder_column_1_1 1_1 fusion-flex-column\" style=\"--awb-bg-blend:overlay;--awb-bg-size:cover;--awb-width-large:100%;--awb-margin-top-large:0px;--awb-spacing-right-large:1.92%;--awb-margin-bottom-large:0px;--awb-spacing-left-large:1.92%;--awb-width-medium:100%;--awb-spacing-right-medium:1.92%;--awb-spacing-left-medium:1.92%;--awb-width-small:100%;--awb-spacing-right-small:1.92%;--awb-spacing-left-small:1.92%;\"><div class=\"fusion-column-wrapper fusion-flex-justify-content-flex-start fusion-content-layout-column\"><div class=\"fusion-text fusion-text-1\"><h2 class=\"\" style=\"--fontsize: 24; line-height: 1.5;\" data-fontsize=\"24\" data-lineheight=\"36px\">PUBLICATIONS ON HUMAN SECURITY<\/h2>\n<h3 class=\"\" style=\"--fontsize: 18; line-height: 1.5; --minfontsize: 18;\" data-fontsize=\"18\" data-lineheight=\"27px\"><b>ACADEMIC LITERATURE<\/b><\/h3>\n<p class=\"p1\"><span class=\"s1\">Center for Migration Studies, <a href=\"https:\/\/journals.sagepub.com\/home\/mhs\"><span class=\"s2\">Journal on Migration and Human Security<\/span><\/a>.<\/span><\/p>\n<p class=\"p3\">CeSI, <a href=\"https:\/\/www.un.org\/humansecurity\/wp-content\/uploads\/2021\/06\/Human_security_covid_CeSI_MAECI_May_2021_1.pdf\"><span class=\"s3\">The impact of Covid-19 on Human Security<\/span><\/a>, Centro Studi Internazionali, May 2021.<\/p>\n<p class=\"p3\">Hernandez, Carolina G., Eun Mee Kim, Yoichi Mine, Ren Xiao. <i>Human Security and Cross-Border Cooperation in East Asia<\/i>. Palgrave Macmillan. 2019.<\/p>\n<p class=\"p1\"><span class=\"s1\">Mahmoud, Youssef. <a href=\"https:\/\/drive.google.com\/open?id=1iqVy5xk1G9_-JSD_8WcM7BOYr4smMc0_\"><span class=\"s2\">Chapter 8: Fostering People-Centered peace and Security in the Atlantic Space<\/span><\/a>. In Hajouji, Nassim, and Skah, Maha (Eds.), <a href=\"http:\/\/www.policycenter.ma\/sites\/default\/files\/Rapport%20-%20Atalntic%20Current%20AD%202018%20(Web).pdf\"><span class=\"s2\"><i>Atlantic Currents, An Annual Report on Wider Atlantic Perspectives and Patterns, Overcoming the Choke Points (5th Edition)<\/i><\/span><\/a><i> <\/i>(pp. 85-98). Rabat, Morocco: The OCP Policy Center, December 2018.<\/span><\/p>\n<p class=\"p3\">Mhadeen, Barik. <a href=\"http:\/\/wanainstitute.org\/sites\/default\/files\/publications\/Publication_YouthAndSecurity_English.pdf\"><span class=\"s3\">\u201cReconceptualising Security: Why Now?\u201d<\/span><\/a> <i>West Asia-North Africa Institute (WANA)<\/i>. September 2018.<\/p>\n<p class=\"p3\">Andersen-Rodgers, David, and Kerry Crawford. <i>Human Security: Theory and Action<\/i>. Rowman &amp; Littlefield, 2018.<\/p>\n<p class=\"p3\">Salomon, Stefan, Lisa Heschl, Gerd Oberleitner and Wolfgang Benedek. Blurring Boundaries: Human Security and Forced Migration. Leiden, The Netherlands. Koninklijke Brill NV. 2017.<\/p>\n<p class=\"p3\">Picciotto, Robert. <i>Global Development and Human Security<\/i>. Routledge, 2017.<\/p>\n<p class=\"p1\"><span class=\"s1\">Jacobs, Garry. <a href=\"https:\/\/search.proquest.com\/openview\/3b4425775da51a49038867e9763764ac\/1?pq-origsite=gscholar&amp;cbl=1026370\"><span class=\"s2\">\u201cIntegrated Approach to Peace &amp; Human Security in the 21st Century.\u201d<\/span><\/a> <i>Cadmus<\/i> 3.1 (October, 2016): 48.<\/span><\/p>\n<p class=\"p3\">Newman, Edward. <span class=\"s3\"><a href=\"https:\/\/academic.oup.com\/bjc\/article-abstract\/56\/6\/1165\/2415309?redirectedFrom=fulltext\">\u201cHuman Security: Reconciling Critical Aspirations With Political \u2018Realities\u2019.\u201d<\/a> <\/span><i>British Journal of Criminology<\/i> 56.6 (February, 2016): 1165-1183.<\/p>\n<p class=\"p3\">Black, David R. <i>A Decade of Human Security: Global Governance and New Multilateralisms<\/i>. Routledge, 2016.<\/p>\n<p class=\"p3\">Estrada-Tanck, Dorothy, Human Security and Human Rights Under International Law: The Protections Offered to Persons Confronting Structural Vulnerability, Hart Publishing, 2016.<\/p>\n<p class=\"p3\">Hanlon, Robert J., and Kenneth Christie. <i>Freedom from Fear, Freedom from Want: An Introduction to Human Security<\/i>. University of Toronto Press, 2016.<\/p>\n<p class=\"p1\"><span class=\"s1\">Wibben, Annick TR. <a href=\"https:\/\/www.tandfonline.com\/doi\/abs\/10.1080\/13552074.2015.1053252?journalCode=cgde20\"><span class=\"s2\">\u201cThe Search for Lasting Peace: Critical Perspectives on Gender-Responsive Human Security.\u201d<\/span><\/a> <i>Gender and Development, 23.2. <\/i>(July 2015): 385-387.<\/span><\/p>\n<p class=\"p3\">Benedek, Wolfgang. <a href=\"https:\/\/link.springer.com\/chapter\/10.1007\/978-3-319-19087-7_10\"><span class=\"s3\">\u201cThe Role of the Human Security Perspective.\u201d<\/span><\/a> <i>From Cold War to Cyber War<\/i>. Springer, Cham, 2016. 139-148.<\/p>\n<p class=\"p3\">Olonisakin, Funmi. <a href=\"https:\/\/repository.up.ac.za\/bitstream\/handle\/2263\/52169\/Olonisakin_Human_2015.pdf?sequence=1&amp;isAllowed=y\"><span class=\"s3\">\u201cA Human Security Approach to Peacekeeping in Africa.\u201d<\/span><\/a>, <i>Strategic Review for Southern Africa<\/i>, 37.1 (2015).<\/p>\n<p class=\"p3\">Hobson, Christopher, Paul Bacon, and Robin Cameron. <i>Human Security and Natural Disasters<\/i>. Routledge, 2014.<\/p>\n<p class=\"p3\">Adger, W. Neil, et al. \u201cHuman Security.\u201d Cambridge University Press, 2014.<\/p>\n<p class=\"p3\">Kaji, Misako. \u201cHuman Security and Japan.\u201d <i>Human Security, Changing States and Global Responses: Institutions and Practices<\/i> (2015): 48-65.<\/p>\n<p class=\"p3\">Martin, Mary and Taylor Owen. Routledge Handbook of Human Security. Oxon, UK and New York, USA. Routledge. 2014.<\/p>\n<p class=\"p3\">Terpstra, Neils and Rens Willems, Georg Frerks and Gabriella Vogelaar, <span class=\"s3\"><a href=\"https:\/\/www.gppac.net\/files\/2018-11\/newdealhuman-small.pdf\">Briefing Note: What the New Deal can learn from the Human Security Approach<\/a><\/span>, Centre for Conflict Studies Utrecht University, UPEACE The Hague and the Global Partnership for the Prevention of Armed Conflict (GPPAC), 2014.<\/p>\n<p class=\"p1\"><span class=\"s1\">Koehler, Gabriel et al., <a href=\"http:\/\/www.networkideas.org\/alt\/may2012\/Human_Security.pdf\"><span class=\"s2\">Human Security and the Next Generation of Comprehensive Human Development Goals<\/span><\/a>, Institute of Development Studies, April, 2012.<\/span><\/p>\n<p class=\"p3\">Fukuda-Parr, Sakiko and Carol Messineo, <a href=\"http:\/\/soc.kuleuven.be\/web\/files\/12\/80\/wp11.pdf\"><span class=\"s3\">Human Security: A critical review of the literature<\/span><\/a>, Centre for Research on Peace and Development (CRPD), Working Paper No.11, January, 2012.<\/p>\n<p class=\"p3\">Acharya, Amitav, Subrat K. Singhdeo and M. Rajaretnam (Eds.), <a href=\"http:\/\/www.worldscientific.com\/worldscibooks\/10.1142\/7949\"><span class=\"s3\">Human Security: From Concept to Practice, Case Studies from Northeast India and Orissa<\/span><\/a>, Singapore: World Scientific Series on Human Security \u2013 Vol. 1, February 2011.<\/p>\n<p class=\"p3\">McIntosh, Malcolm and Alan Hunter (Eds.). New Perspectives on Human Security. Sheffield, UK: Greenleaf Publishing, 2010.<\/p>\n<p class=\"p3\">Gasper, Des, <span class=\"s3\"><a href=\"https:\/\/warwick.ac.uk\/fac\/soc\/pais\/research\/researchcentres\/csgr\/garnet\/workingpapers\/2808.pdf\">The Idea of Human Security<\/a><\/span>, Institute for Social Studies, GARNET Working Paper No.28, 2008.<\/p>\n<p class=\"p3\">Goucha, Moufida and John Crowley (Eds.), Rethinking Human Security, Wiley-Blackwell and UNESCO, October 2008.<\/p>\n<p class=\"p1\"><span class=\"s1\">Gasper, Des,<a href=\"http:\/\/www.tandfonline.com\/loi\/sfds20#.VW9dF89VhBc\"><span class=\"s2\"> Human Rights, Human Needs, Human Development, Human Security: Relationships between four international \u2018Human Discourses\u2019,<\/span><\/a> Forum for Development Studies No.1, 2007.<\/span><\/p>\n<p class=\"p3\">Kaldor, Mary, Human Security, Cambridge: Polity Press, 2007.<\/p>\n<p class=\"p3\">Liotta, P.H., Owen, Taylor, \u201cWhy Human Security?\u201d The Whitehead Journal of Diplomacy and International Relations, Seton Hall University, Winter\/Spring 2006.<\/p>\n<p class=\"p3\">MacFarlane, Neil S. and Yuen Foong-Khong, Human Security and the UN: A Critical History, Âé¶¹APP Intellectual History Project, 2006.<\/p>\n<p class=\"p3\">Nef, Jorge, Human Security, Mutual Vulnerability and Sustainability: A Critical View, The Whitehead Journal of Diplomacy and International Relations, Seton Hall University, Winter\/Spring 2006.<\/p>\n<p class=\"p3\">Tadjbakhsh, Sharbanou and Anuradha Chenoy, Human Security, Concepts and Implications, London: Routledge Advances in International Relations and Global Politics, 2006.<\/p>\n<p class=\"p3\">Owen, Taylor, \u201cHuman Security \u2013 Conflict, Critique and Consensus: Colloquium Remarks and a Proposal for a Threshold-Based Definition\u201d, Special Section: What is \u2018Human Security\u2019?, Security Dialogue, September, Vol.35, No.3, p.345-387, 2004.<\/p>\n<p class=\"p3\">Brauch, Hans-Gunter (Series Ed.) Hexagon Series on Human and Environmental Security and Peace, Volumes 1-9, Berlin: Springer, 2003 \u2013 2013.<\/p>\n<p class=\"p3\">Alkire, Sabina, <a href=\"https:\/\/assets.publishing.service.gov.uk\/media\/57a08cf740f0b652dd001694\/wp2.pdf\"><span class=\"s3\">A Conceptual Framework for Human Security<\/span><\/a>, Center for Research on Inequality, Human Security and Ethnicity (CRISE), Queen Elizabeth House, University of Oxford, Working Paper No.2, 2002.<\/p>\n<h3 class=\"\" style=\"--fontsize: 18; line-height: 1.5; --minfontsize: 18;\" data-fontsize=\"18\" data-lineheight=\"27px\"><b>UNITED NATIONS PUBLICATIONS<\/b><\/h3>\n<h4 class=\"\" style=\"--fontsize: 14.3; line-height: 1.5; --minfontsize: 14.3;\" data-fontsize=\"14.3\" data-lineheight=\"21.45px\"><b>Pan American Health Organization (PAHO\/WHO)<\/b><\/h4>\n<h4 class=\"\" style=\"--fontsize: 14.3; line-height: 1.5; --minfontsize: 14.3;\" data-fontsize=\"14.3\" data-lineheight=\"21.45px\"><span style=\"font-weight: 400;\">Pan-American Health Organization &#8211; <\/span><a href=\"http:\/\/new.paho.org\/hq\/index.php?option=com_content&amp;view=article&amp;id=7025&amp;Itemid=39540&amp;lang=en&amp;limitstart=3\"><span style=\"font-weight: 400;\">Human Security: Implications for Public Health<\/span><\/a><span style=\"font-weight: 400;\">, Washington D.C., 2012.<\/span><\/h4>\n<h4 class=\"\" style=\"--fontsize: 14.3; line-height: 1.5; --minfontsize: 14.3;\" data-fontsize=\"14.3\" data-lineheight=\"21.45px\"><b>Âé¶¹APP Development Programme (UNDP)<\/b><\/h4>\n<p>UNDP<b>, <\/b><span style=\"color: var(--awb-text-color); font-family: var(--awb-text-font-family); font-size: var(--awb-font-size); font-style: var(--awb-text-font-style); font-weight: var(--awb-text-font-weight); letter-spacing: var(--awb-letter-spacing); text-align: var(--awb-content-alignment); text-transform: var(--awb-text-transform); background-color: var(--awb-bg-color-hover);\"><a href=\"https:\/\/www.un.org\/humansecurity\/wp-content\/uploads\/2024\/08\/UN-System-wise-Guidelines-on-Safer-Cities-and-Human-Settlements_compressed.pdf\" target=\"_blank\" rel=\"noopener noreferrer\">Âé¶¹APP Human Settlements Programme<\/a>, 2019.<\/span><\/p>\n<p><span style=\"font-weight: 400;\">UNDP and Âé¶¹APP University, <\/span><span style=\"font-weight: 400;\"><a href=\"https:\/\/collections.unu.edu\/view\/UNU:7244#viewMetadata\">Delivering Human Security Through Multi-level Governance<\/a><\/span><span style=\"font-weight: 400;\">, 2009.<\/span><\/p>\n<p><span style=\"font-weight: 400;\">UNDP, <\/span><span style=\"font-weight: 400;\"><a href=\"https:\/\/hdr.undp.org\/content\/securite-humaine-et-developpement-humain-au-benin\">S\u00e9curit\u00e9 Humaine et D\u00e9veloppement Humain au B\u00e9nin<\/a><\/span><span style=\"font-weight: 400;\">, 2010, 2011.<\/span><\/p>\n<p><span style=\"font-weight: 400;\">UNDP, <\/span><span style=\"font-weight: 400;\"><a href=\"https:\/\/hdr.undp.org\/content\/investing-human-security-future-state\">Investing in Human Security for a Future State<\/a><\/span><span style=\"font-weight: 400;\"> (Occupied Palestinian Territory), 2009, 2010.<\/span><\/p>\n<p><span style=\"font-weight: 400;\">UNDP, <\/span><span style=\"font-weight: 400;\"><a href=\"https:\/\/hdr.undp.org\/content\/human-security-today-and-tomorrow\">Human Security, Today and Tomorrow<\/a><\/span><span style=\"font-weight: 400;\">, 2009 (Thailand).<\/span><\/p>\n<p><span style=\"font-weight: 400;\">UNDP, <\/span><span style=\"font-weight: 400;\"><a href=\"https:\/\/hdr.undp.org\/content\/challenges-human-security-arab-countries\">Challenges to Human Security in the Arab Countries<\/a><\/span><span style=\"font-weight: 400;\">, 2009.<\/span><\/p>\n<p><span style=\"font-weight: 400;\">UNDP, <a href=\"https:\/\/hdr.undp.org\/content\/human-security-framework-and-national-human-development-reports\">The Human Security Framework and National Human Development Reports<\/a>, Human Development Report Office (HDRO), National Human Development Series, NHDR Occasional Paper 5, by Richard Jolly and Deepayan Basu Ray, 2006.<\/span><\/p>\n<p><span style=\"font-weight: 400;\">UNDP, <\/span><span style=\"font-weight: 400;\"><a href=\"https:\/\/hdr.undp.org\/content\/kenya-national-human-development-report-2006\">Human Security and Human Development: A Deliberate Choice<\/a><\/span><span style=\"font-weight: 400;\">, 2006 (Kenya).<\/span><\/p>\n<p><span style=\"font-weight: 400;\">UNDP, <\/span><span style=\"font-weight: 400;\"><a href=\"https:\/\/hdr.undp.org\/content\/bringing-down-barriers\">Bringing down barriers: Regional cooperation for human development and human security<\/a><\/span><span style=\"font-weight: 400;\">, 2005.<\/span><\/p>\n<p><span style=\"font-weight: 400;\">UNDP, <\/span><a href=\"http:\/\/hdr.undp.org\/en\/reports\/national\/asiathepacific\/philippines\/name,3238,en.html\"><span style=\"font-weight: 400;\">Peace and Conflict Prevention: Human Security<\/span><\/a><span style=\"font-weight: 400;\">, 2005 (Philippines).<\/span><\/p>\n<p><span style=\"font-weight: 400;\">UNDP, <\/span><span style=\"font-weight: 400;\"><a href=\"https:\/\/hdr.undp.org\/content\/peace-and-conflict-prevention-human-security\">Human Security and Human Development<\/a><\/span><span style=\"font-weight: 400;\">, 2003 (Latvia).<\/span><\/p>\n<p><span style=\"font-weight: 400;\">UNDP, <\/span><a href=\"http:\/\/hdr.undp.org\/en\/reports\/national\/europethecis\/macedonia\/name,2888,en.html\"><span style=\"font-weight: 400;\">Social Exclusion and Human Insecurity in the FYR Macedonia<\/span><\/a><span style=\"font-weight: 400;\">, 2001.<\/span><\/p>\n<p><span style=\"font-weight: 400;\">UNDP, <\/span><span style=\"font-weight: 400;\"><a href=\"https:\/\/hdr.undp.org\/content\/transition-and-human-security-moldova-1999\">Transition and Human Security<\/a><\/span><span style=\"font-weight: 400;\">, 1999 (Moldova).<\/span><\/p>\n<p>UNDP, <a href=\"https:\/\/hdr.undp.org\/content\/human-development-report-1999\">Globalization with a human face,<\/a> 1999.<\/p>\n<p><span style=\"font-weight: 400;\">UNDP, <\/span><a href=\"http:\/\/hdr.undp.org\/en\/reports\/global\/hdr1994\/\"><span style=\"font-weight: 400;\">New dimensions of human security<\/span><\/a><span style=\"font-weight: 400;\">, 1994.<\/span><\/p>\n<h4 class=\"\" style=\"--fontsize: 14.3; line-height: 1.5; --minfontsize: 14.3;\" data-fontsize=\"14.3\" data-lineheight=\"21.45px\"><b>Âé¶¹APP Educational, Scientific and Cultural Organization (UNESCO)<\/b><\/h4>\n<p><span style=\"font-weight: 400;\">Acharya, Amitav, <\/span><a href=\"http:\/\/unesdoc.unesco.org\/images\/0015\/001518\/151821e.pdf\"><span style=\"font-weight: 400;\">Promoting Human Security: Ethical, Normative and Educational Frameworks in South-East Asia<\/span><\/a><span style=\"font-weight: 400;\">. Paris, UNESCO, 2007.<\/span><\/p>\n<p><span style=\"font-weight: 400;\">Burgess, J. Peter et al., <\/span><a href=\"http:\/\/unesdoc.unesco.org\/images\/0015\/001511\/151144e.pdf\"><span style=\"font-weight: 400;\">Promoting Human Security: Ethical, Normative and Educational Frameworks in Western Europe<\/span><\/a><span style=\"font-weight: 400;\">. Paris, UNESCO, 2007.<\/span><\/p>\n<p><span style=\"font-weight: 400;\">Chourou, Bechir, <\/span><a href=\"http:\/\/unesdoc.unesco.org\/images\/0014\/001405\/140513e.pdf\"><span style=\"font-weight: 400;\">Promoting Human Security: Ethical, Normative and Educational Frameworks in the Arab States<\/span><\/a><span style=\"font-weight: 400;\">. Paris, UNESCO, 2005.<\/span><\/p>\n<p><span style=\"font-weight: 400;\">Fuentes, Claudia and Francisco Rojas Aravena, <\/span><a href=\"http:\/\/unesdoc.unesco.org\/images\/0013\/001389\/138940e.pdf\"><span style=\"font-weight: 400;\">Promoting Human Security: Ethical, Normative and Educational Frameworks in Latin America and the Caribbean.<\/span><\/a><span style=\"font-weight: 400;\"> Paris, UNESCO, 2005.<\/span><\/p>\n<p><span style=\"font-weight: 400;\">Lee, Shin-wha, <\/span><a href=\"http:\/\/unesdoc.unesco.org\/images\/0013\/001388\/138892e.pdf\"><span style=\"font-weight: 400;\">Promoting Human Security: Ethical, Normative and Educational Frameworks in East Asia<\/span><\/a><span style=\"font-weight: 400;\">. Paris, UNESCO, 2004.<\/span><\/p>\n<p><span style=\"font-weight: 400;\">Tabyshalieva, Anara, <\/span><a href=\"http:\/\/unesdoc.unesco.org\/images\/0014\/001493\/149376e.pdf\"><span style=\"font-weight: 400;\">Promoting Human Security: Ethical, Normative and Educational Frameworks in Central Asia<\/span><\/a><span style=\"font-weight: 400;\">. Paris, UNESCO, 2006.<\/span><\/p>\n<p><span style=\"font-weight: 400;\">Tadjbakhsh, Shahrbanou and Odette Tomescu-Hatto (Eds). <\/span><span style=\"font-weight: 400;\"><a href=\"https:\/\/unesdoc.unesco.org\/ark:\/48223\/pf0000151145?posInSet=1&amp;queryId=a537972d-78ae-48cb-b8c5-75ae7dff1097\">Promoting Human Security: Ethical, Normative and Educational Frameworks in Eastern Europe<\/a><\/span><span style=\"font-weight: 400;\">. Paris, UNESCO, 2007.<\/span><\/p>\n<h4 class=\"\" style=\"--fontsize: 14.3; line-height: 1.5; --minfontsize: 14.3;\" data-fontsize=\"14.3\" data-lineheight=\"21.45px\"><strong>Âé¶¹APP Latin American Institute for the Prevention of Crime and the Treatment of Offenders (ILANUD)<\/strong><\/h4>\n<p>Oliveira, Edmundo. <a href=\"http:\/\/www.copladilanud.org\/\">The Universe of Human Security<\/a>. San Jos\u00e9, Costa Rica, COPLAD &#8211; ILANUD, 2020.<\/p>\n<\/div><\/div><\/div><\/div><\/div>\n","protected":false},"excerpt":{"rendered":"","protected":false},"author":2,"featured_media":0,"parent":0,"menu_order":0,"comment_status":"closed","ping_status":"closed","template":"100-width.php","meta":{"footnotes":""},"class_list":["post-8191","page","type-page","status-publish","hentry"],"_links":{"self":[{"href":"https:\/\/www.un.org\/humansecurity\/wp-json\/wp\/v2\/pages\/8191","targetHints":{"allow":["GET"]}}],"collection":[{"href":"https:\/\/www.un.org\/humansecurity\/wp-json\/wp\/v2\/pages"}],"about":[{"href":"https:\/\/www.un.org\/humansecurity\/wp-json\/wp\/v2\/types\/page"}],"author":[{"embeddable":true,"href":"https:\/\/www.un.org\/humansecurity\/wp-json\/wp\/v2\/users\/2"}],"replies":[{"embeddable":true,"href":"https:\/\/www.un.org\/humansecurity\/wp-json\/wp\/v2\/comments?post=8191"}],"version-history":[{"count":0,"href":"https:\/\/www.un.org\/humansecurity\/wp-json\/wp\/v2\/pages\/8191\/revisions"}],"wp:attachment":[{"href":"https:\/\/www.un.org\/humansecurity\/wp-json\/wp\/v2\/media?parent=8191"}],"curies":[{"name":"wp","href":"https:\/\/api.w.org\/{rel}","templated":true}]}}