  {"id":900,"date":"2017-02-18T16:28:12","date_gmt":"2017-02-18T16:28:12","guid":{"rendered":"https:\/\/www.dev.un.org\/humansecurity\/?page_id=900"},"modified":"2018-02-14T15:38:25","modified_gmt":"2018-02-14T15:38:25","slug":"advisory-board-on-hs","status":"publish","type":"page","link":"https:\/\/www.un.org\/humansecurity\/fr\/advisory-board-on-hs\/","title":{"rendered":"Conseil consultatif pour la s\u00e9curit\u00e9 humaine"},"content":{"rendered":"<h2>CONSEIL CONSULTATIF POUR LA S\u00c9CURIT\u00c9 HUMAINE<\/h2>\n<p>Le Conseil consultatif pour la s\u00e9curit\u00e9 humaine\u00a0 est un organe ind\u00e9pendant compos\u00e9 d&#8217;experts internationaux profond\u00e9ment engag\u00e9s en mati\u00e8re de s\u00e9curit\u00e9 humaine. Le Conseil consultatif a \u00e9t\u00e9 \u00e9tabli pour porter les recommandations de la Commission sur la s\u00e9curit\u00e9 humaine et pour conseiller le Secr\u00e9taire g\u00e9n\u00e9ral sur :<\/p>\n<ul>\n<li>l&#8217;orientation strat\u00e9gique du Fonds d&#8217;affectation sp\u00e9ciale des Nations Unies pour la s\u00e9curit\u00e9 humaine ;<\/li>\n<li>les m\u00e9thodes pour renforcer l&#8217;impact des programmes et des activit\u00e9s financ\u00e9es par le Fonds d&#8217;affectation sp\u00e9ciale ;<\/li>\n<li>les moyens de promouvoir et de communiquer sur l&#8217;approche en mati\u00e8re de s\u00e9curit\u00e9 humaine et de renforcer sa compr\u00e9hension et son acceptation dans le monde entier, notamment sa prise en compte dans les priorit\u00e9s mondiales.<\/li>\n<\/ul>\n<p>Le Conseil consultatif pour la s\u00e9curit\u00e9 humaine fournit \u00e9galement une vision strat\u00e9gique ainsi que des orientations au Groupe S\u00e9curit\u00e9 humaine dans la gestion du Fonds d&#8217;affectation sp\u00e9ciale.\u00a0\u00c0 ce titre, il :<\/p>\n<ul>\n<li>fournit des conseils sur les Principes directeurs du Fonds et les r\u00e9visions p\u00e9riodiques ;<\/li>\n<li>recommande des m\u00e9thodes pour promouvoir l&#8217;impact du Fonds, en assurer la transparence et am\u00e9liorer la visibilit\u00e9 de ses programmes et activit\u00e9s ;<\/li>\n<li>examine la performance et la gestion du Fonds, \u00e0 travers notamment une analyse et une \u00e9valuation des r\u00e9sultats atteints.<\/li>\n<\/ul>\n<p><a href=\"https:\/\/www.un.org\/humansecurity\/advisory-board-on-hs\/\">Membres actuels du Conseil consultatif pour la s\u00e9curit\u00e9 humaine.<\/a><\/p>\n","protected":false},"excerpt":{"rendered":"<p>CONSEIL CONSULTATIF POUR LA S\u00c9CURIT\u00c9 HUMAINE Le Conseil consultatif pour la s\u00e9curit\u00e9 humaine\u00a0 est un organe ind\u00e9pendant compos\u00e9 d&#8217;experts internationaux profond\u00e9ment engag\u00e9s en mati\u00e8re de s\u00e9curit\u00e9 humaine. Le Conseil consultatif a \u00e9t\u00e9 \u00e9tabli pour porter les recommandations de la Commission sur la s\u00e9curit\u00e9 humaine et pour conseiller le Secr\u00e9taire g\u00e9n\u00e9ral sur : l&#8217;orientation strat\u00e9gique du  [&#8230;]<\/p>\n","protected":false},"author":2,"featured_media":0,"parent":0,"menu_order":0,"comment_status":"closed","ping_status":"closed","template":"","meta":{"footnotes":""},"class_list":["post-900","page","type-page","status-publish","hentry"],"_links":{"self":[{"href":"https:\/\/www.un.org\/humansecurity\/fr\/wp-json\/wp\/v2\/pages\/900","targetHints":{"allow":["GET"]}}],"collection":[{"href":"https:\/\/www.un.org\/humansecurity\/fr\/wp-json\/wp\/v2\/pages"}],"about":[{"href":"https:\/\/www.un.org\/humansecurity\/fr\/wp-json\/wp\/v2\/types\/page"}],"author":[{"embeddable":true,"href":"https:\/\/www.un.org\/humansecurity\/fr\/wp-json\/wp\/v2\/users\/2"}],"replies":[{"embeddable":true,"href":"https:\/\/www.un.org\/humansecurity\/fr\/wp-json\/wp\/v2\/comments?post=900"}],"version-history":[{"count":0,"href":"https:\/\/www.un.org\/humansecurity\/fr\/wp-json\/wp\/v2\/pages\/900\/revisions"}],"wp:attachment":[{"href":"https:\/\/www.un.org\/humansecurity\/fr\/wp-json\/wp\/v2\/media?parent=900"}],"curies":[{"name":"wp","href":"https:\/\/api.w.org\/{rel}","templated":true}]}}