  {"id":897,"date":"2017-02-18T16:27:39","date_gmt":"2017-02-18T16:27:39","guid":{"rendered":"https:\/\/www.dev.un.org\/humansecurity\/?page_id=897"},"modified":"2017-10-06T14:51:52","modified_gmt":"2017-10-06T14:51:52","slug":"human-security-unit","status":"publish","type":"page","link":"https:\/\/www.un.org\/humansecurity\/fr\/human-security-unit\/","title":{"rendered":"Le Groupe S\u00e9curit\u00e9 humaine"},"content":{"rendered":"<div class=\"fusion-fullwidth fullwidth-box fusion-builder-row-1 nonhundred-percent-fullwidth non-hundred-percent-height-scrolling\" style=\"--awb-border-radius-top-left:0px;--awb-border-radius-top-right:0px;--awb-border-radius-bottom-right:0px;--awb-border-radius-bottom-left:0px;--awb-flex-wrap:wrap;\" ><div class=\"fusion-builder-row fusion-row\"><div class=\"fusion-layout-column fusion_builder_column fusion-builder-column-0 fusion_builder_column_1_1 1_1 fusion-one-full fusion-column-first fusion-column-last\" style=\"--awb-bg-size:cover;--awb-margin-bottom:0px;\"><div class=\"fusion-column-wrapper fusion-flex-column-wrapper-legacy\"><div class=\"fusion-text fusion-text-1\"><p>Le Groupe S\u00e9curit\u00e9 humaine a \u00e9t\u00e9 cr\u00e9\u00e9 en mai 2004. L&#8217;objectif global du groupe est d&#8217;int\u00e9grer le concept de s\u00e9curit\u00e9 humaine dans les activit\u00e9s des organismes des Nations Unies et de renforcer les moyens d\u2019action dont dispose l\u2019Organisation pour r\u00e9pondre \u00e0 des crises aussi nombreuses que complexes. Le Groupe, qui se charge \u00e0 la fois de la gestion du Fonds d&#8217;affectation sp\u00e9ciale des Nations Unies pour la s\u00e9curit\u00e9 humaine et de l&#8217;organisation d&#8217;activit\u00e9s de sensibilisation et d&#8217;information en la mati\u00e8re, joue un r\u00f4le central pour ce qui est de traduire le concept de s\u00e9curit\u00e9 humaine en r\u00e9sultats concrets. Aujourd&#8217;hui, les principes de la s\u00e9curit\u00e9 humaine font partie int\u00e9grante des grands programmes mondiaux.<\/p>\n<h3>D\u00e9velopper des outils<\/h3>\n<p>Le Groupe S\u00e9curit\u00e9 humaine \u00e9labore des cadres et des outils qui visent \u00e0 int\u00e9grer le concept de s\u00e9curit\u00e9 humaine dans les activit\u00e9s de l&#8217;ONU. Gr\u00e2ce \u00e0 ces outils, divers partenaires du syst\u00e8me des Nations Unies s&#8217;associent et collaborent avec les gouvernements, la soci\u00e9t\u00e9 civile et le secteur priv\u00e9 pour r\u00e9pondre aux besoins et rem\u00e9dier aux fragilit\u00e9s des communaut\u00e9s concern\u00e9es.<\/p>\n<h3>R\u00e9pondre aux situations d&#8217;ins\u00e9curit\u00e9 humaine<\/h3>\n<p>Gr\u00e2ce au Fonds d&#8217;affectation sp\u00e9ciale, le Groupe S\u00e9curit\u00e9 humaine contribue \u00e0 traduire le concept de s\u00e9curit\u00e9 humaine en activit\u00e9s concr\u00e8tes visant \u00e0 am\u00e9liorer la vie et les moyens de subsistance des populations confront\u00e9es \u00e0 une ins\u00e9curit\u00e9 complexe et multidimensionnelle. Les programmes financ\u00e9s au moyen du Fonds d&#8217;affectation sp\u00e9ciale s&#8217;appuient sur des strat\u00e9gies int\u00e9gr\u00e9es et ax\u00e9es sur la pr\u00e9vention des crises et la promotion d&#8217;une paix et d&#8217;un d\u00e9veloppement durables.<\/p>\n<h3>G\u00e9n\u00e9raliser l&#8217;application du principe de s\u00e9curit\u00e9 humaine \u00e0 l&#8217;ONU<\/h3>\n<p>Le Groupe S\u00e9curit\u00e9 humaine s&#8217;emploie \u00e0 int\u00e9grer le concept de s\u00e9curit\u00e9 humaine dans les activit\u00e9s de l&#8217;Organisation, au Si\u00e8ge comme sur le terrain. Gr\u00e2ce \u00e0 l&#8217;appui fourni au Conseiller sp\u00e9cial sur la s\u00e9curit\u00e9 humaine, des projets tels que Friends for Human Security et le R\u00e9seau S\u00e9curit\u00e9 humaine ont vu le jour en partenariat avec des \u00c9tats Membres, et d&#8217;autres en partenariat avec le syst\u00e8me des Nations Unies, par l&#8217;interm\u00e9diaire du Groupe de travail interinstitutions sur la s\u00e9curit\u00e9 humaine.<\/p>\n<p>\u00a0<\/p>\n<h3>Partager les enseignements tir\u00e9s de l&#8217;exp\u00e9rience et encourager la collaboration<\/h3>\n<p>Le Groupe S\u00e9curit\u00e9 humaine travaille avec des \u00e9tablissements universitaires, des organisations intergouvernementales r\u00e9gionales, des organisations non gouvernementales et les organisations communautaires, ainsi qu&#8217;avec des fondations et des acteurs du secteur priv\u00e9, en vue de promouvoir des initiatives concr\u00e8tes et novatrices \u00e0 l&#8217;appui des priorit\u00e9s de la communaut\u00e9 internationale.<\/p>\n<p>\u00a0<\/p>\n<p><strong>Contactez-nous<\/strong><\/p>\n<p>Par courrier : <br \/>Groupe S\u00e9curit\u00e9 humaine<br \/>Organisation des Nations Unies<br \/>405 East 42nd Street <br \/>New York, NY 10017 <br \/>\u00c9tats-Unis<\/p>\n<p>Par courriel : humansecurity@un.org<\/p>\n<p>\u00a0<\/p>\n<\/div><div class=\"fusion-clearfix\"><\/div><\/div><\/div><\/div><\/div>\n","protected":false},"excerpt":{"rendered":"","protected":false},"author":2,"featured_media":3199,"parent":0,"menu_order":0,"comment_status":"closed","ping_status":"closed","template":"","meta":{"footnotes":""},"class_list":["post-897","page","type-page","status-publish","has-post-thumbnail","hentry"],"_links":{"self":[{"href":"https:\/\/www.un.org\/humansecurity\/fr\/wp-json\/wp\/v2\/pages\/897","targetHints":{"allow":["GET"]}}],"collection":[{"href":"https:\/\/www.un.org\/humansecurity\/fr\/wp-json\/wp\/v2\/pages"}],"about":[{"href":"https:\/\/www.un.org\/humansecurity\/fr\/wp-json\/wp\/v2\/types\/page"}],"author":[{"embeddable":true,"href":"https:\/\/www.un.org\/humansecurity\/fr\/wp-json\/wp\/v2\/users\/2"}],"replies":[{"embeddable":true,"href":"https:\/\/www.un.org\/humansecurity\/fr\/wp-json\/wp\/v2\/comments?post=897"}],"version-history":[{"count":0,"href":"https:\/\/www.un.org\/humansecurity\/fr\/wp-json\/wp\/v2\/pages\/897\/revisions"}],"wp:featuredmedia":[{"embeddable":true,"href":"https:\/\/www.un.org\/humansecurity\/fr\/wp-json\/wp\/v2\/media\/3199"}],"wp:attachment":[{"href":"https:\/\/www.un.org\/humansecurity\/fr\/wp-json\/wp\/v2\/media?parent=897"}],"curies":[{"name":"wp","href":"https:\/\/api.w.org\/{rel}","templated":true}]}}