  {"id":888,"date":"2017-02-18T16:26:34","date_gmt":"2017-02-18T16:26:34","guid":{"rendered":"https:\/\/www.dev.un.org\/humansecurity\/?page_id=888"},"modified":"2021-01-04T18:18:13","modified_gmt":"2021-01-04T18:18:13","slug":"hs-tools","status":"publish","type":"page","link":"https:\/\/www.un.org\/humansecurity\/fr\/hs-tools\/","title":{"rendered":"Outils"},"content":{"rendered":"<div class=\"fusion-fullwidth fullwidth-box fusion-builder-row-1 nonhundred-percent-fullwidth non-hundred-percent-height-scrolling\" style=\"--awb-border-radius-top-left:0px;--awb-border-radius-top-right:0px;--awb-border-radius-bottom-right:0px;--awb-border-radius-bottom-left:0px;--awb-flex-wrap:wrap;\" ><div class=\"fusion-builder-row fusion-row\"><div class=\"fusion-layout-column fusion_builder_column fusion-builder-column-0 fusion_builder_column_1_1 1_1 fusion-one-full fusion-column-first fusion-column-last\" style=\"--awb-bg-size:cover;\"><div class=\"fusion-column-wrapper fusion-flex-column-wrapper-legacy\"><div class=\"fusion-content-boxes content-boxes columns row fusion-columns-1 fusion-columns-total-1 fusion-content-boxes-1 content-boxes-icon-with-title content-left\" style=\"--awb-hover-accent-color:#a0ce4e;--awb-circle-hover-accent-color:#a0ce4e;--awb-item-margin-bottom:40px;\" data-animationOffset=\"top-into-view\"><div style=\"--awb-backgroundcolor:rgba(255,255,255,0);\" class=\"fusion-column content-box-column content-box-column content-box-column-1 col-lg-12 col-md-12 col-sm-12 fusion-content-box-hover content-box-column-last content-box-column-last-in-row\"><div class=\"col content-box-wrapper content-wrapper link-area-link-icon icon-hover-animation-fade\" data-animationOffset=\"top-into-view\"><div class=\"heading icon-left\"><h2 class=\"content-box-heading\" style=\"--h2_typography-font-size:18px;line-height:23px;\">Ressources<\/h2><\/div><div class=\"fusion-clearfix\"><\/div><div class=\"content-container\">\n<div class=\"region region-content\">\n<section id=\"block-system-main\" class=\"block block-system clearfix\">\n<div id=\"page-page\" class=\"panel-display bryant-flipped clearfix container \">\n<div class=\"bryant-flipped-container bryant-flipped-content-container clearfix row-fluid\">\n<div class=\"bryant-flipped-content bryant-flipped-content-region panel-panel span9\">\n<div class=\"bryant-flipped-content-inner bryant-flipped-content-region-inner panel-panel-inner\">\n<div class=\"panel-pane pane-entity-field pane-node-body\">\n<div class=\"pane-content\">\n<div class=\"field field-name-body field-type-text-with-summary field-label-hidden\">\n<div class=\"field-items\">\n<div class=\"field-item even\">\n<ul>\n<li><a href=\"https:\/\/docs.unocha.org\/sites\/dms\/HSU\/Outreach\/12-41683_French_HUMAN%20SECURITY%20Brochure_web.pdf\">La S\u00e9curit\u00e9 humaine aux Nations Unies<\/a><\/li>\n<li><a href=\"https:\/\/docs.unocha.org\/sites\/dms\/HSU\/13-43002%20French%20Human%20Security%20booklet%20WEB.pdf\">Enseignements tir\u00e9s du terrain: Mise en pratique de l\u2019approche de la s\u00e9curit\u00e9 humaine par le Fonds d\u2019affectation sp\u00e9ciale des Nations Unies pour la s\u00e9curit\u00e9 humaine<\/a><\/li>\n<li><a href=\"https:\/\/docs.unocha.org\/sites\/dms\/HSU\/Publications%20and%20Products\/Human%20Security%20Tools\/Human%20Security%20in%20Theory%20and%20Practice%20French.pdf\">La Securite Humaine en Theorie et en Pratique: Application du Concept de S\u00e9curit\u00e9 Humaine et Fonds des Nations Unies pour la S\u00e9curit\u00e9 Humaine<\/a><\/li>\n<\/ul>\n<h2>Rapport du Secr\u00e9taire general<\/h2>\n<ul>\n<li><a href=\"http:\/\/undocs.org\/fr\/A\/68\/685\" target=\"_blank\" rel=\"noopener\">Suite donn\u00e9e \u00e0 la r\u00e9solution 66\/290 de l\u2019Assembl\u00e9e g\u00e9n\u00e9rale sur la s\u00e9curit\u00e9 humaine<\/a>\u00a0(A\/68\/685)<\/li>\n<li><a href=\"http:\/\/undocs.org\/fr\/A\/66\/763\" target=\"_blank\" rel=\"noopener\">Suite donn\u00e9e \u00e0 la r\u00e9solution 64\/291 de l\u2019Assembl\u00e9e g\u00e9n\u00e9rale sur la s\u00e9curit\u00e9 humaine<\/a>\u00a0(A\/66\/763)<\/li>\n<li><a href=\"http:\/\/undocs.org\/fr\/A\/64\/701\" target=\"_blank\" rel=\"noopener\">Suivi des textes issus du Sommet du Mill\u00e9naire &#8211; La s\u00e9curit\u00e9 humaine<\/a>\u00a0(A\/64\/701)<\/li>\n<\/ul>\n<h2>Assembl\u00e9e g\u00e9n\u00e9rale<\/h2>\n<ul>\n<li><a href=\"http:\/\/undocs.org\/fr\/A\/RES\/66\/290\" target=\"_blank\" rel=\"noopener\">Suite donn\u00e9e au paragraphe 143 sur la s\u00e9curit\u00e9 humaine du Document final du Sommet mondial de 2005\u00a0<\/a>(A\/RES\/66\/290)<\/li>\n<li><a href=\"http:\/\/undocs.org\/fr\/A\/RES\/64\/291\" target=\"_blank\" rel=\"noopener\">Suite donn\u00e9e au paragraphe 143 sur la s\u00e9curit\u00e9 humaine du Document final du Sommet mondial de 2005\u00a0<\/a>(A\/RES\/64\/291)<\/li>\n<\/ul>\n<p><a href=\"https:\/\/www.un.org\/humansecurity\/humansecurity-tools\/\">Plus d&#8217;outils sur le site en anglais.<\/a><\/p>\n<\/div>\n<\/div>\n<\/div>\n<\/div>\n<\/div>\n<\/div>\n<\/div>\n<\/div>\n<\/div>\n<\/section>\n<\/div>\n<\/div><\/div><\/div><div class=\"fusion-clearfix\"><\/div><\/div><div class=\"fusion-clearfix\"><\/div><\/div><\/div><\/div><\/div>\n","protected":false},"excerpt":{"rendered":"","protected":false},"author":2,"featured_media":0,"parent":0,"menu_order":0,"comment_status":"closed","ping_status":"closed","template":"","meta":{"footnotes":""},"class_list":["post-888","page","type-page","status-publish","hentry"],"_links":{"self":[{"href":"https:\/\/www.un.org\/humansecurity\/fr\/wp-json\/wp\/v2\/pages\/888","targetHints":{"allow":["GET"]}}],"collection":[{"href":"https:\/\/www.un.org\/humansecurity\/fr\/wp-json\/wp\/v2\/pages"}],"about":[{"href":"https:\/\/www.un.org\/humansecurity\/fr\/wp-json\/wp\/v2\/types\/page"}],"author":[{"embeddable":true,"href":"https:\/\/www.un.org\/humansecurity\/fr\/wp-json\/wp\/v2\/users\/2"}],"replies":[{"embeddable":true,"href":"https:\/\/www.un.org\/humansecurity\/fr\/wp-json\/wp\/v2\/comments?post=888"}],"version-history":[{"count":0,"href":"https:\/\/www.un.org\/humansecurity\/fr\/wp-json\/wp\/v2\/pages\/888\/revisions"}],"wp:attachment":[{"href":"https:\/\/www.un.org\/humansecurity\/fr\/wp-json\/wp\/v2\/media?parent=888"}],"curies":[{"name":"wp","href":"https:\/\/api.w.org\/{rel}","templated":true}]}}