  {"id":837,"date":"2017-02-18T16:24:07","date_gmt":"2017-02-18T16:24:07","guid":{"rendered":"https:\/\/www.dev.un.org\/humansecurity\/?page_id=837"},"modified":"2017-11-14T19:50:27","modified_gmt":"2017-11-14T19:50:27","slug":"climate-change","status":"publish","type":"page","link":"https:\/\/www.un.org\/humansecurity\/fr\/climate-change\/","title":{"rendered":"Changements climatiques"},"content":{"rendered":"<div class=\"fusion-fullwidth fullwidth-box fusion-builder-row-1 nonhundred-percent-fullwidth non-hundred-percent-height-scrolling\" style=\"--awb-border-radius-top-left:0px;--awb-border-radius-top-right:0px;--awb-border-radius-bottom-right:0px;--awb-border-radius-bottom-left:0px;--awb-padding-top:20px;--awb-padding-bottom:20px;--awb-flex-wrap:wrap;\" ><div class=\"fusion-builder-row fusion-row\"><div class=\"fusion-layout-column fusion_builder_column fusion-builder-column-0 fusion_builder_column_3_5 3_5 fusion-three-fifth fusion-column-first\" style=\"--awb-bg-size:cover;width:60%;width:calc(60% - ( ( 4% ) * 0.6 ) );margin-right: 4%;\"><div class=\"fusion-column-wrapper fusion-flex-column-wrapper-legacy\"><div class=\"fusion-sep-clear\"><\/div><div class=\"fusion-separator fusion-full-width-sep\" style=\"margin-left: auto;margin-right: auto;margin-top:-31px;width:100%;\"><\/div><div class=\"fusion-sep-clear\"><\/div><div class=\"fusion-text fusion-text-1\"><h2>CHANGEMENTS CLIMATIQUES<\/h2>\n<p>Les changements climatiques sont l&#8217;une des plus grandes pr\u00e9occupations de notre temps: ils repr\u00e9sentent une menace pour la vie et les moyens de subsistance de milliards de personnes. Les catastrophes naturelles, la d\u00e9gradation de l&#8217;envi-ronnement et les ph\u00e9nom\u00e8nes m\u00e9t\u00e9orologiques extr\u00eames perturbent les r\u00e9coltes, \u00e9puisent les zones de p\u00eache, affaiblissent les moyens de subsistance et favorisent la propagation de maladies infectieuses. Les tendances d\u00e9mographiques, les mi-grations et l&#8217;urbanisation rapide sont autant de facteurs qui, associ\u00e9s aux effets des changements climatiques, font peser une menace plus grande sur les populations les plus vuln\u00e9rables.<\/p>\n<p>Les changements climatiques sont \u00e9galement un \u00ab multiplicateur de risque \u00bb. La perte de terres et de moyens de subsis-tance, dans un contexte de pauvret\u00e9 chronique, les d\u00e9placements de population et d&#8217;autres formes d&#8217;ins\u00e9curit\u00e9, peuvent entra\u00eener des rivalit\u00e9s pour ce qui est de la ma\u00eetrise des ressources naturelles rares et alimenter les tensions sociales. Comme les causes et les cons\u00e9quences des changements climatiques sont complexes et intimement li\u00e9es, il importe d&#8217;ap-pliquer des strat\u00e9gies int\u00e9gr\u00e9es globales qui mettent en \u00e9vidence les angles d&#8217;attaque d&#8217;une action concert\u00e9e pour att\u00e9nuer leurs effets sur les populations et les communaut\u00e9s.<\/p>\n<h3>R\u00c9DUIRE LES EFFETS DES CHANGEMENTS CLIMATIQUES GR\u00c2CE \u00c0 UNE ACTION AX\u00c9E SUR L&#8217;\u00caTRE HUMAIN<\/h3>\n<p>En pla\u00e7ant l&#8217;\u00eatre humain au c\u0153ur de la strat\u00e9gie, la d\u00e9marche ax\u00e9e sur la s\u00e9curit\u00e9 humaine encourage une large participa-tion, ce qui permettra d&#8217;obtenir une id\u00e9e pr\u00e9cise des diverses difficult\u00e9s que rencontrent diff\u00e9rents groupes au sein des communaut\u00e9s et des r\u00e9gions. Cette d\u00e9marche favorise des solutions de proximit\u00e9 davantage cibl\u00e9es \u00e0 des situation de vuln\u00e9rabilit\u00e9 imm\u00e9diates tout en renfor\u00e7ant la r\u00e9silience et en prot\u00e9geant les moyens de subsistance \u00e0 long terme. En ap-puyant des mesures de proximit\u00e9, la d\u00e9marche ax\u00e9e sur la s\u00e9curit\u00e9 humaine vise \u00e0 r\u00e9duire les risques de catastrophes, \u00e0 faire en sorte que les ressources environnementales soient utilis\u00e9es durablement et \u00e9quitablement et \u00e0 favoriser des soci\u00e9-t\u00e9s pacifiques et prosp\u00e8res.<\/p>\n<p>Le cadre relatif \u00e0 la s\u00e9curit\u00e9 humaine aide les acteurs internationaux, nationaux et locaux \u00e0 mieux coordonner l&#8217;action qu&#8217;ils m\u00e8nent pour lutter contre les changements climatiques. Comme la plupart des facteurs responsables de ces change-ments d\u00e9passent la capacit\u00e9 d&#8217;action des individus ou des communaut\u00e9s, les partenariats sont essentiels pour att\u00e9nuer leurs effets, r\u00e9duire les vuln\u00e9rabilit\u00e9s et soutenir l&#8217;engagement politique. Les plans d&#8217;adaptation et d&#8217;att\u00e9nuation mis en \u0153uvre au niveau local peuvent \u00e9galement contribuer grandement \u00e0 l&#8217;application des strat\u00e9gies nationales et internatio-nales et appuyer les dispositifs d&#8217;alerte rapide sur lesquels reposent les mesures de pr\u00e9vention et les mesures proactives.<\/p>\n<h3>APPLIQUER LE CONCEPT DE S\u00c9CURIT\u00c9 HUMAINE \u00c0 LA QUESTION DES CHANGEMENTS CLIMATIQUES<\/h3>\n<p>Les programmes relatifs \u00e0 la s\u00e9curit\u00e9 humaine ont permis de progresser dans l&#8217;analyse approfondie du contexte local afin de comprendre les cons\u00e9quences multidimensionnelles des changements climatiques et leur effet sur la gravit\u00e9 et la r\u00e9par-tition des risques et des vuln\u00e9rabilit\u00e9s dans les pays. Ces programmes favorisent une action globale qui s&#8217;attaque aux in-cidences sociales, \u00e9conomiques et environnementales, aident \u00e0 adapter les strat\u00e9gies d&#8217;att\u00e9nuation des effets des catas-trophes en fonction des capacit\u00e9s et des ressources locales et veillent \u00e0 ce que les acteurs locaux participent aux activit\u00e9s de renforcement de la r\u00e9silience.<\/p>\n<\/div><div class=\"fusion-sep-clear\"><\/div><div class=\"fusion-separator fusion-full-width-sep\" style=\"margin-left: auto;margin-right: auto;width:100%;\"><\/div><div class=\"fusion-sep-clear\"><\/div><div class=\"fusion-text fusion-text-2\"><h3>RESSOURCES<\/h3>\n<p><span style=\"font-weight: 400\">Human Security: Building resilience to Climate Threats &#8211; Brief\u00a0<\/span><\/p>\n<p><span style=\"font-weight: 400\">Human Security and El Nino\/La Nina &#8211; Brief\u00a0<\/span><\/p>\n<p><span style=\"font-weight: 400\">Preventing El Nino Southern Oscillation Episodes from Becoming Disasters: A \u2018Blueprint for Action\u2019<\/span><\/p>\n<\/div><div class=\"fusion-clearfix\"><\/div><\/div><\/div><div class=\"fusion-layout-column fusion_builder_column fusion-builder-column-1 fusion_builder_column_2_5 2_5 fusion-two-fifth fusion-column-last\" style=\"--awb-padding-top:8px;--awb-padding-right:8px;--awb-padding-left:8px;--awb-bg-size:cover;--awb-border-color:#000000;--awb-border-top:4px;--awb-border-right:4px;--awb-border-bottom:4px;--awb-border-left:4px;--awb-border-style:solid;width:40%;width:calc(40% - ( ( 4% ) * 0.4 ) );\"><div class=\"fusion-column-wrapper fusion-flex-column-wrapper-legacy\"><div class=\"fusion-sep-clear\"><\/div><div class=\"fusion-separator fusion-full-width-sep\" style=\"margin-left: auto;margin-right: auto;margin-top:-31px;margin-bottom:28px;width:100%;\"><\/div><div class=\"fusion-sep-clear\"><\/div><div class=\"fusion-text fusion-text-3\"><h3>\u00c0 la une<\/h3>\n<h4><strong>Ouzb\u00e9kistan : assurer la subsistance de la population touch\u00e9e par la crise de la mer d\u2019Aral<\/strong><\/h4>\n<\/div><div class=\"fusion-sep-clear\"><\/div><div class=\"fusion-separator fusion-full-width-sep\" style=\"margin-left: auto;margin-right: auto;margin-top:-38px;width:100%;\"><\/div><div class=\"fusion-sep-clear\"><\/div><div class=\"fusion-image-element fusion-image-align-center in-legacy-container\" style=\"text-align:center;--awb-caption-title-font-family:var(--h2_typography-font-family);--awb-caption-title-font-weight:var(--h2_typography-font-weight);--awb-caption-title-font-style:var(--h2_typography-font-style);--awb-caption-title-size:var(--h2_typography-font-size);--awb-caption-title-transform:var(--h2_typography-text-transform);--awb-caption-title-line-height:var(--h2_typography-line-height);--awb-caption-title-letter-spacing:var(--h2_typography-letter-spacing);\"><div class=\"imageframe-align-center\"><span class=\" fusion-imageframe imageframe-none imageframe-1 hover-type-none\"><img decoding=\"async\" width=\"450\" height=\"300\" alt=\"Two ships lie stranded in a vast field. There are small houses and powerlines in the background. \" title=\"Uzbekistan-programme-page-photo\" src=\"https:\/\/www.un.org\/humansecurity\/fr\/wp-content\/uploads\/sites\/4\/2017\/08\/Uzbekistan-programme-page-photo-1.jpg\" class=\"img-responsive wp-image-3733\" srcset=\"https:\/\/www.un.org\/humansecurity\/fr\/wp-content\/uploads\/sites\/4\/2017\/08\/Uzbekistan-programme-page-photo-1-300x200.jpg 300w, https:\/\/www.un.org\/humansecurity\/fr\/wp-content\/uploads\/sites\/4\/2017\/08\/Uzbekistan-programme-page-photo-1.jpg 450w\" sizes=\"(max-width: 450px) 100vw, 450px\" \/><\/span><\/div><\/div><div class=\"fusion-sep-clear\"><\/div><div class=\"fusion-separator fusion-full-width-sep\" style=\"margin-left: auto;margin-right: auto;margin-top:-17px;width:100%;\"><\/div><div class=\"fusion-sep-clear\"><\/div><div class=\"fusion-text fusion-text-4\"><h6><span style=\"font-weight: 400\">Des navires abandonn\u00e9s et rouill\u00e9s \u00e0 Muynak, une ancienne ville portuaire d&#8217;Ouzb\u00e9kistan dont la population a soudainement d\u00e9clin\u00e9 apr\u00e8s le recul rapide du littoral en mer d&#8217;Aral. Photo ONU\/Eskinder Debebe<\/span><\/h6>\n<\/div><div class=\"fusion-sep-clear\"><\/div><div class=\"fusion-separator fusion-full-width-sep\" style=\"margin-left: auto;margin-right: auto;width:100%;\"><\/div><div class=\"fusion-sep-clear\"><\/div><div class=\"fusion-text fusion-text-5\"><p>L\u2019ass\u00e8chement de la mer d\u2019Aral, qui \u00e9tait autrefois le quatri\u00e8me plus grand lac de la plan\u00e8te, a eu des cons\u00e9quences d\u00e9vastatrices pour la vie et les moyens de subsistance des populations locales. La pauvret\u00e9 de revenu, la salinisation croissante des sols et de l\u2019eau, l\u2019absence de s\u00e9curit\u00e9 alimentaire et l\u2019exposition aux temp\u00eates de sable ont contraint de nombreux habitants de la r\u00e9gion \u00e0 s\u2019installer ailleurs. Les causes de la catastrophe \u00e9tant complexes et intimement li\u00e9es, le programme du Fonds d\u2019affectation sp\u00e9ciale des Nations Unies pour la s\u00e9curit\u00e9 humaine a r\u00e9uni de multiples organismes des Nations Unies et tir\u00e9 parti de l\u2019expertise de parties prenantes locales et nationales. Gr\u00e2ce \u00e0 ses strat\u00e9gies locales d\u2019att\u00e9nuation et d\u2019adaptation dans les domaines de l\u2019emploi, de la gestion de l\u2019environnement, de la s\u00e9curit\u00e9 alimentaire et des soins de sant\u00e9, il a permis de renforcer la r\u00e9silience des populations locales et d\u2019\u00e9largir les perspectives de d\u00e9veloppement.<\/p>\n<\/div><div class=\"fusion-clearfix\"><\/div><\/div><\/div><\/div><\/div>\n","protected":false},"excerpt":{"rendered":"","protected":false},"author":2,"featured_media":0,"parent":0,"menu_order":0,"comment_status":"closed","ping_status":"closed","template":"","meta":{"footnotes":""},"class_list":["post-837","page","type-page","status-publish","hentry"],"_links":{"self":[{"href":"https:\/\/www.un.org\/humansecurity\/fr\/wp-json\/wp\/v2\/pages\/837","targetHints":{"allow":["GET"]}}],"collection":[{"href":"https:\/\/www.un.org\/humansecurity\/fr\/wp-json\/wp\/v2\/pages"}],"about":[{"href":"https:\/\/www.un.org\/humansecurity\/fr\/wp-json\/wp\/v2\/types\/page"}],"author":[{"embeddable":true,"href":"https:\/\/www.un.org\/humansecurity\/fr\/wp-json\/wp\/v2\/users\/2"}],"replies":[{"embeddable":true,"href":"https:\/\/www.un.org\/humansecurity\/fr\/wp-json\/wp\/v2\/comments?post=837"}],"version-history":[{"count":0,"href":"https:\/\/www.un.org\/humansecurity\/fr\/wp-json\/wp\/v2\/pages\/837\/revisions"}],"wp:attachment":[{"href":"https:\/\/www.un.org\/humansecurity\/fr\/wp-json\/wp\/v2\/media?parent=837"}],"curies":[{"name":"wp","href":"https:\/\/api.w.org\/{rel}","templated":true}]}}