  {"id":825,"date":"2017-02-18T16:23:13","date_gmt":"2017-02-18T16:23:13","guid":{"rendered":"https:\/\/www.dev.un.org\/humansecurity\/?page_id=825"},"modified":"2017-11-14T19:19:10","modified_gmt":"2017-11-14T19:19:10","slug":"agenda-2030","status":"publish","type":"page","link":"https:\/\/www.un.org\/humansecurity\/fr\/agenda-2030\/","title":{"rendered":"Programme 2030"},"content":{"rendered":"<p><div class=\"fusion-fullwidth fullwidth-box fusion-builder-row-1 nonhundred-percent-fullwidth non-hundred-percent-height-scrolling\" style=\"--awb-border-radius-top-left:0px;--awb-border-radius-top-right:0px;--awb-border-radius-bottom-right:0px;--awb-border-radius-bottom-left:0px;--awb-padding-top:20px;--awb-padding-bottom:20px;--awb-flex-wrap:wrap;\" ><div class=\"fusion-builder-row fusion-row\"><div class=\"fusion-layout-column fusion_builder_column fusion-builder-column-0 fusion_builder_column_3_5 3_5 fusion-three-fifth fusion-column-first\" style=\"--awb-bg-size:cover;width:60%;width:calc(60% - ( ( 4% ) * 0.6 ) );margin-right: 4%;\"><div class=\"fusion-column-wrapper fusion-flex-column-wrapper-legacy\"><div class=\"fusion-text fusion-text-1\"><h2>Programme 2030<\/h2>\n<p>Faisant \u00e9cho aux principes de la s\u00e9curit\u00e9 humaine, le Programme de d\u00e9veloppement durable \u00e0 l&#8217;horizon 2030 met en avant \u00ab\u00a0un monde lib\u00e9r\u00e9 de la pauvret\u00e9, de la faim, de la maladie et du besoin [&#8230;] lib\u00e9r\u00e9 de la peur et de la violence [\u2026] o\u00f9 tous jouissent d\u2019un acc\u00e8s \u00e9quitable \u00e0 une \u00e9ducation de qualit\u00e9, aux soins de sant\u00e9 et \u00e0 la protection sociale [\u2026] \u00e0 l&#8217;eau potable et \u00e0 l&#8217;assainissement [\u2026]\u00a0 o\u00f9 il y ait des aliments en quantit\u00e9 suffisante pour tous et o\u00f9 chacun puisse se nourrir de mani\u00e8re saine et nutritive quels que soient ses moyens [\u2026]\u00a0 et o\u00f9 les \u00e9tablissements humains soient s\u00fbrs, r\u00e9silients et durables et o\u00f9 chacun ait acc\u00e8s \u00e0 des services \u00e9nerg\u00e9tiques fiables, durables et modernes \u00e0 un co\u00fbt abordable\u00a0\u00bb.<\/p>\n<p>Le Programme 2030 appelle l&#8217;\u00e9laboration de strat\u00e9gies de d\u00e9veloppement porteuses de soci\u00e9t\u00e9s r\u00e9silientes, o\u00f9 les personnes sont \u00e0 l&#8217;abri des menaces chroniques que sont la mis\u00e8re extr\u00eame, la faim, la maladie, la violence et la r\u00e9pression, et prot\u00e9g\u00e9s des bouleversements soudains et d\u00e9l\u00e9t\u00e8res dans leur vie quotidienne.<\/p>\n<h3><strong>POUR UN IMPACT DURABLE : UNE STRAT\u00c9GIE INT\u00c9GR\u00c9E<br \/>\nAU SERVICE DE LA R\u00c9ALISATION DU PROGRAMME 2030 <\/strong><\/h3>\n<p>Pour r\u00e9aliser sa promesse de transformation, le Programme 2030 requiert une strat\u00e9gie nouvelle, capable d&#8217;apporter des solutions \u00e0 la dimension interconnect\u00e9e des d\u00e9fis d&#8217;aujourd&#8217;hui. Le concept de la s\u00e9curit\u00e9 humaine offre en ce sens un angle d&#8217;analyse et un cadre de programmation pertinents. Les initiatives qui s&#8217;appuient sur ce concept impliquent d&#8217;aller \u00e0 la rencontre des populations et des besoins et fragilit\u00e9s qui leur sont propres et de promouvoir les politiques et les mesures qui r\u00e9pondent le mieux aux priorit\u00e9s. Cela aboutit \u00e0 un d\u00e9veloppement plus durable et plus inclusif.<\/p>\n<p>Parce qu&#8217;il est global et parce qu&#8217;il met \u00e0 profit l&#8217;expertise d&#8217;un vaste panel d&#8217;acteurs, le concept de s\u00e9curit\u00e9 humaine garantit la coh\u00e9rence de l&#8217;action, \u00e9liminie les redondances et promeut des solutions int\u00e9gr\u00e9es gr\u00e2ce auxquelles les populations concern\u00e9es voient leur vie quotidienne s&#8217;am\u00e9liorer de mani\u00e8re effective et concr\u00e8te.<\/p>\n<p>L&#8217;objectif premier du concept de s\u00e9curit\u00e9 humaine est de lib\u00e9rer les gens de la peur, du besoin et de l&#8217;indignit\u00e9. Il s&#8217;agit de s&#8217;attaquer aux difficult\u00e9s qui \u00e9manent des conflits persistants, de l&#8217;exclusion sociale ou de la mis\u00e8re extr\u00eame, ou qui y contribuent. Le concept met en avant la relation triangulaire entre paix et s\u00e9curit\u00e9, d\u00e9veloppement et droits de l&#8217;homme, met en \u00e9vidence les liens forts qui unissent ces trois variables et contribue ainsi \u00e0 acc\u00e9l\u00e9rer le mouvement vers un d\u00e9veloppement durable et inclusif.<\/p>\n<h3><strong>PROMOUVOIR LA MISE EN OEUVRE DU PROGRAMME 2030<\/strong><\/h3>\n<p>Si l&#8217;on en croit l&#8217;exp\u00e9rience accumul\u00e9e dans 90 pays, ainsi que dans le cadre d&#8217;initiatives r\u00e9gionales, les programmes appuy\u00e9s par le Fonds d&#8217;affectation sp\u00e9ciale ont contribu\u00e9 de mani\u00e8re non n\u00e9gligeable \u00e0 l&#8217;\u00e9laboration d&#8217;initiatives plus globales, contextuelles et ax\u00e9es sur la pr\u00e9vention en vue de r\u00e9aliser le Programme2030 et les objectifs de d\u00e9veloppement durable. Ces programmes s&#8217;appuient sur des strat\u00e9gies int\u00e9gr\u00e9es qui r\u00e9pondent \u00e0 des situations d&#8217;ins\u00e9curit\u00e9 humaine particuli\u00e8res, renforcent la paix sociale, et sont ax\u00e9es sur la pr\u00e9vention des crises et la promotion du d\u00e9veloppement \u00e0 long terme. Les partenariats avec les autorit\u00e9s nationales et locales et les communaut\u00e9s font partie int\u00e9grante de la conception et de la mise en \u0153uvre des programmes et des projets. La combinaison de mesures de protection et d&#8217;autonomisation permet par ailleurs de garantir leur durabilit\u00e9 et leur prise en main par les acteurs locaux.<\/p>\n<p><strong>RESSOURCES<\/strong><\/p>\n<p>Programme 2030<\/p>\n<p>Vid\u00e9o sur la s\u00e9curit\u00e9 humaine et le Programme 2030<\/p>\n<p>La s\u00e9curit\u00e9 humaine et les objectifs de d\u00e9veloppement durable<\/p>\n<p>Vid\u00e9o de l&#8217;\u00c9cole des cadres du syst\u00e8me des Nations Unies<\/p>\n<\/div><div class=\"fusion-clearfix\"><\/div><\/div><\/div><div class=\"fusion-layout-column fusion_builder_column fusion-builder-column-1 fusion_builder_column_2_5 2_5 fusion-two-fifth fusion-column-last highlighted-story\" style=\"--awb-bg-size:cover;width:40%;width:calc(40% - ( ( 4% ) * 0.4 ) );\"><div class=\"fusion-column-wrapper fusion-flex-column-wrapper-legacy\"><div class=\"fusion-sep-clear\"><\/div><div class=\"fusion-separator fusion-full-width-sep\" style=\"margin-left: auto;margin-right: auto;width:100%;\"><\/div><div class=\"fusion-sep-clear\"><\/div><div class=\"fusion-text fusion-text-2\"><h3>\u00c0 la une<\/h3>\n<p>\u00c9gypte : garantir la s\u00e9curit\u00e9 humaine gr\u00e2ce au d\u00e9veloppement socio-\u00e9conomique inclusif en Haute-\u00c9gypte<\/p>\n<\/div><div class=\"fusion-sep-clear\"><\/div><div class=\"fusion-separator fusion-full-width-sep\" style=\"margin-left: auto;margin-right: auto;width:100%;\"><\/div><div class=\"fusion-sep-clear\"><\/div><div class=\"fusion-image-element in-legacy-container\" style=\"--awb-caption-title-font-family:var(--h2_typography-font-family);--awb-caption-title-font-weight:var(--h2_typography-font-weight);--awb-caption-title-font-style:var(--h2_typography-font-style);--awb-caption-title-size:var(--h2_typography-font-size);--awb-caption-title-transform:var(--h2_typography-text-transform);--awb-caption-title-line-height:var(--h2_typography-line-height);--awb-caption-title-letter-spacing:var(--h2_typography-letter-spacing);\"><span class=\" fusion-imageframe imageframe-none imageframe-1 hover-type-none img-responsive\"><img decoding=\"async\" width=\"800\" height=\"500\" alt=\"A large crowd of men is gathered in a white room with red carpet. Each man has his own desk. A spokesperson dressed in black is situated in front of the crowd of people who have gathered before him. \" title=\"Egypt programme page photo\" src=\"https:\/\/www.un.org\/humansecurity\/wp-content\/uploads\/2017\/02\/Egypt-programme-page-photo.jpg\" class=\"img-responsive wp-image-4448\" srcset=\"https:\/\/www.un.org\/humansecurity\/fr\/wp-content\/uploads\/sites\/4\/2017\/02\/Egypt-programme-page-photo-300x188.jpg 300w, https:\/\/www.un.org\/humansecurity\/fr\/wp-content\/uploads\/sites\/4\/2017\/02\/Egypt-programme-page-photo-768x480.jpg 768w, https:\/\/www.un.org\/humansecurity\/fr\/wp-content\/uploads\/sites\/4\/2017\/02\/Egypt-programme-page-photo.jpg 800w\" sizes=\"(max-width: 800px) 100vw, 800px\" \/><\/span><\/div><div class=\"fusion-sep-clear\"><\/div><div class=\"fusion-separator fusion-full-width-sep\" style=\"margin-left: auto;margin-right: auto;width:100%;\"><\/div><div class=\"fusion-sep-clear\"><\/div><div class=\"fusion-text fusion-text-3\"><p><span style=\"font-weight: 400\">L&#8217;objectif de ce programme est d&#8217;am\u00e9liorer la s\u00e9curit\u00e9 humaine des m\u00e9nages les plus vuln\u00e9rables en Haute-\u00c9gypte \u00e0 travers le d\u00e9veloppement inclusif.<\/span><\/p>\n<\/div><div class=\"fusion-sep-clear\"><\/div><div class=\"fusion-separator fusion-full-width-sep\" style=\"margin-left: auto;margin-right: auto;width:100%;\"><\/div><div class=\"fusion-sep-clear\"><\/div><div class=\"fusion-text fusion-text-4\"><p>Dans le cadre d\u2019une \u00e9troite collaboration avec les responsables locaux et nationaux, le programme du Fonds d\u2019affectation sp\u00e9ciale des Nations Unies pour la s\u00e9curit\u00e9 humaine en Haute-\u00c9gypte a mis en \u00e9vidence l\u2019importance de la s\u00e9curit\u00e9 humaine pour le d\u00e9veloppement inclusif et localis\u00e9 en allant au-devant des plus vuln\u00e9rables sans faire de laiss\u00e9s-pour-compte. En s\u2019attaquant aux causes profondes de l\u2019exclusion et en favorisant les initiatives prioritaires locales, le programme a \u00e9tendu la port\u00e9e des activit\u00e9s g\u00e9n\u00e9ratrices de revenus et am\u00e9lior\u00e9 l\u2019acc\u00e8s des femmes et des m\u00e9nages d\u00e9favoris\u00e9s aux services de base, ce qui a r\u00e9duit les besoins et les vuln\u00e9rabilit\u00e9s des plus marginalis\u00e9s et renforc\u00e9 le capital social, ouvrant la voie au d\u00e9veloppement durable \u00e9quitable.<\/p>\n<\/div><div class=\"fusion-clearfix\"><\/div><\/div><\/div><\/div><\/div><div class=\"fusion-fullwidth fullwidth-box fusion-builder-row-2 nonhundred-percent-fullwidth non-hundred-percent-height-scrolling\" style=\"--awb-border-radius-top-left:0px;--awb-border-radius-top-right:0px;--awb-border-radius-bottom-right:0px;--awb-border-radius-bottom-left:0px;--awb-padding-top:20px;--awb-padding-bottom:20px;--awb-flex-wrap:wrap;\" ><div class=\"fusion-builder-row fusion-row\"><\/div><\/div><\/p>\n","protected":false},"excerpt":{"rendered":"","protected":false},"author":2,"featured_media":0,"parent":0,"menu_order":0,"comment_status":"closed","ping_status":"closed","template":"","meta":{"footnotes":""},"class_list":["post-825","page","type-page","status-publish","hentry"],"_links":{"self":[{"href":"https:\/\/www.un.org\/humansecurity\/fr\/wp-json\/wp\/v2\/pages\/825","targetHints":{"allow":["GET"]}}],"collection":[{"href":"https:\/\/www.un.org\/humansecurity\/fr\/wp-json\/wp\/v2\/pages"}],"about":[{"href":"https:\/\/www.un.org\/humansecurity\/fr\/wp-json\/wp\/v2\/types\/page"}],"author":[{"embeddable":true,"href":"https:\/\/www.un.org\/humansecurity\/fr\/wp-json\/wp\/v2\/users\/2"}],"replies":[{"embeddable":true,"href":"https:\/\/www.un.org\/humansecurity\/fr\/wp-json\/wp\/v2\/comments?post=825"}],"version-history":[{"count":0,"href":"https:\/\/www.un.org\/humansecurity\/fr\/wp-json\/wp\/v2\/pages\/825\/revisions"}],"wp:attachment":[{"href":"https:\/\/www.un.org\/humansecurity\/fr\/wp-json\/wp\/v2\/media?parent=825"}],"curies":[{"name":"wp","href":"https:\/\/api.w.org\/{rel}","templated":true}]}}