  {"id":274,"date":"2016-06-01T18:33:19","date_gmt":"2016-06-01T18:33:19","guid":{"rendered":"http:\/\/www.unhs2.com.php56-23.dfw3-2.websitetestlink.com\/humansecurity\/?page_id=274"},"modified":"2018-02-14T16:03:11","modified_gmt":"2018-02-14T16:03:11","slug":"index2","status":"publish","type":"page","link":"https:\/\/www.un.org\/humansecurity\/fr\/","title":{"rendered":"Accueil"},"content":{"rendered":"<p><div class=\"fusion-fullwidth fullwidth-box fusion-builder-row-1 nonhundred-percent-fullwidth non-hundred-percent-height-scrolling\" style=\"--awb-border-radius-top-left:0px;--awb-border-radius-top-right:0px;--awb-border-radius-bottom-right:0px;--awb-border-radius-bottom-left:0px;--awb-flex-wrap:wrap;\" ><div class=\"fusion-builder-row fusion-row\"><div class=\"fusion-layout-column fusion_builder_column fusion-builder-column-0 fusion_builder_column_1_3 1_3 fusion-one-third fusion-column-first\" style=\"--awb-bg-size:cover;width:33.333333333333%;width:calc(33.333333333333% - ( ( 4% + 4% ) * 0.33333333333333 ) );margin-right: 4%;\"><div class=\"fusion-column-wrapper fusion-flex-column-wrapper-legacy\"><div class=\"fusion-title title fusion-title-1 fusion-sep-none fusion-title-text fusion-title-size-one\"><h1 class=\"fusion-title-heading title-heading-left\" style=\"margin:0;\"><h3>ACTUALIT\u00c9S<\/h3><\/h1><\/div><div class=\"fusion-text fusion-text-1\"><p>Toute l&#8217;actualit\u00e9, les \u00e9v\u00e9nements et les programmes li\u00e9s \u00e0 la s\u00e9curit\u00e9 humaine et le travail du Fonds d&#8217;affectation sp\u00e9ciale des Nations Unies (en anglais).<\/p>\n<\/div><div class=\"fusion-text fusion-text-2\"><!- View not found ->\n<\/div><div class=\"fusion-button-wrapper\"><a class=\"fusion-button button-flat button-medium button-custom fusion-button-default button-1 fusion-button-span-no btn-more\" style=\"--button_accent_color:#003552;--button_accent_hover_color:#ffffff;--button_border_hover_color:#ffffff;--button_border_width-top:1px;--button_border_width-right:1px;--button_border_width-bottom:1px;--button_border_width-left:1px;--button-border-radius-top-left:0px;--button-border-radius-top-right:0px;--button-border-radius-bottom-right:0px;--button-border-radius-bottom-left:0px;--button_gradient_top_color:#ffffff;--button_gradient_bottom_color:#ffffff;--button_gradient_top_color_hover:#003552;--button_gradient_bottom_color_hover:#003552;\" target=\"_self\" href=\"\/humansecurity\/whats-new\"><span class=\"fusion-button-text awb-button__text awb-button__text--default\">En savoir plus<\/span><\/a><\/div><div class=\"fusion-clearfix\"><\/div><\/div><\/div><div class=\"fusion-layout-column fusion_builder_column fusion-builder-column-1 fusion_builder_column_1_3 1_3 fusion-one-third\" style=\"--awb-bg-size:cover;width:33.333333333333%;width:calc(33.333333333333% - ( ( 4% + 4% ) * 0.33333333333333 ) );margin-right: 4%;\"><div class=\"fusion-column-wrapper fusion-flex-column-wrapper-legacy\"><div class=\"fusion-title title fusion-title-2 fusion-sep-none fusion-title-text fusion-title-size-one\"><h1 class=\"fusion-title-heading title-heading-left\" style=\"margin:0;\"><h3>\u00c0 PROPOS DU FONDS D&#8217;AFFECTATION SP\u00c9CIALE<\/h3><\/h1><\/div><div class=\"fusion-text fusion-text-3\"><p>Le Fonds d&#8217;affectation sp\u00e9ciale des Nations Unies pour la s\u00e9curit\u00e9 humaine finance des programmes qui permettent de traduire le concept de s\u00e9curit\u00e9 humaine en mesures concr\u00e8tes et d&#8217;offrir des avantages concrets et durables aux personnes et collectivit\u00e9s vuln\u00e9rables dont la survie, les moyens d\u2019existence et la dignit\u00e9 sont menac\u00e9s.<\/p>\n<\/div><div class=\"fusion-button-wrapper\"><a class=\"fusion-button button-flat button-medium button-custom fusion-button-default button-2 fusion-button-span-no btn-more\" style=\"--button_accent_color:#003552;--button_accent_hover_color:#ffffff;--button_border_hover_color:#ffffff;--button_border_width-top:1px;--button_border_width-right:1px;--button_border_width-bottom:1px;--button_border_width-left:1px;--button-border-radius-top-left:0px;--button-border-radius-top-right:0px;--button-border-radius-bottom-right:0px;--button-border-radius-bottom-left:0px;--button_gradient_top_color:#ffffff;--button_gradient_bottom_color:#ffffff;--button_gradient_top_color_hover:#003552;--button_gradient_bottom_color_hover:#003552;\" target=\"_self\" href=\"https:\/\/www.un.org\/humansecurity\/untfhs\/\"><span class=\"fusion-button-text awb-button__text awb-button__text--default\">EN SAVOIR PLUS<\/span><\/a><\/div><div class=\"fusion-clearfix\"><\/div><\/div><\/div><div class=\"fusion-layout-column fusion_builder_column fusion-builder-column-2 fusion_builder_column_1_3 1_3 fusion-one-third fusion-column-last\" style=\"--awb-bg-size:cover;width:33.333333333333%;width:calc(33.333333333333% - ( ( 4% + 4% ) * 0.33333333333333 ) );\"><div class=\"fusion-column-wrapper fusion-flex-column-wrapper-legacy\"><div class=\"fusion-title title fusion-title-3 fusion-sep-none fusion-title-text fusion-title-size-one\"><h1 class=\"fusion-title-heading title-heading-left\" style=\"margin:0;\"><h3>QU&#8217;EST-CE QUE LA S\u00c9CURIT\u00c9 HUMAINE ?<\/h3><\/h1><\/div><div class=\"fusion-text fusion-text-4\"><p>\u00ab\u00a0La s\u00e9curit\u00e9 humaine a pour objet d\u2019aider les \u00c9tats Membres \u00e0 cerner les probl\u00e8mes communs et g\u00e9n\u00e9ralis\u00e9s qui compromettent la survie, les moyens de subsistance et la dignit\u00e9 de leurs populations et \u00e0 y rem\u00e9dier\u00a0\u00bb (r\u00e9solution <a href=\"https:\/\/undocs.org\/fr\/A\/RES\/66\/290\">66\/290<\/a> de l&#8217;Assembl\u00e9e g\u00e9n\u00e9rale).<\/p>\n<\/div><div class=\"fusion-section-separator section-separator triangle fusion-section-separator-1\" style=\"--awb-border-top:1px solid #f6f6f6;--awb-spacer-height:1px;--awb-svg-margin-left:0;--awb-svg-margin-right:0;--awb-icon-color:#ffffff;\"><div class=\"fusion-section-separator-svg\"><div class=\"divider-candy-arrow top\" style=\"bottom:0px;border-bottom-color: #f6f6f6;\"><\/div><div class=\"divider-candy top\" style=\"top:-21px;border-bottom:1px solid #f6f6f6;border-left:1px solid #f6f6f6;\"><\/div><\/div><div class=\"fusion-section-separator-spacer\"><div class=\"fusion-section-separator-spacer-height\"><\/div><\/div><\/div><div class=\"fusion-button-wrapper\"><a class=\"fusion-button button-flat button-medium button-custom fusion-button-default button-3 fusion-button-span-no btn-more\" style=\"--button_accent_color:#003552;--button_accent_hover_color:#ffffff;--button_border_hover_color:#ffffff;--button_border_width-top:1px;--button_border_width-right:1px;--button_border_width-bottom:1px;--button_border_width-left:1px;--button-border-radius-top-left:0px;--button-border-radius-top-right:0px;--button-border-radius-bottom-right:0px;--button-border-radius-bottom-left:0px;--button_gradient_top_color:#ffffff;--button_gradient_bottom_color:#ffffff;--button_gradient_top_color_hover:#003552;--button_gradient_bottom_color_hover:#003552;\" target=\"_self\" href=\"what-is-human-security\" id=\"HomeCont\"><span class=\"fusion-button-text awb-button__text awb-button__text--default\">En savoir plus<\/span><\/a><\/div><div class=\"fusion-clearfix\"><\/div><\/div><\/div><\/div><\/div><div class=\"fusion-fullwidth fullwidth-box fusion-builder-row-2 nonhundred-percent-fullwidth non-hundred-percent-height-scrolling\" style=\"--awb-border-radius-top-left:0px;--awb-border-radius-top-right:0px;--awb-border-radius-bottom-right:0px;--awb-border-radius-bottom-left:0px;--awb-flex-wrap:wrap;\" ><div class=\"fusion-builder-row fusion-row\"><div class=\"fusion-layout-column fusion_builder_column fusion-builder-column-3 fusion_builder_column_1_1 1_1 fusion-one-full fusion-column-first fusion-column-last\" style=\"--awb-bg-size:cover;\"><div class=\"fusion-column-wrapper fusion-flex-column-wrapper-legacy\"><div class=\"fusion-title title fusion-title-4 fusion-sep-none fusion-title-text fusion-title-size-one\"><h1 class=\"fusion-title-heading title-heading-left\" style=\"margin:0;\">QUESTIONS PRIORITAIRES<\/h1><\/div><div class=\"fusion-clearfix\"><\/div><\/div><\/div><div class=\"fusion-layout-column fusion_builder_column fusion-builder-column-4 fusion_builder_column_1_2 1_2 fusion-one-half fusion-column-first\" style=\"--awb-bg-size:cover;width:50%;width:calc(50% - ( ( 4% ) * 0.5 ) );margin-right: 4%;\"><div class=\"fusion-column-wrapper fusion-flex-column-wrapper-legacy\"><div class=\"fusion-widget-area awb-widget-area-element fusion-widget-area-1 fusion-content-widget-area\" style=\"--awb-title-size:13px;--awb-title-color:#333333;--awb-padding:0px 0px 0px 0px;\"><div id=\"layerslider_widget-2\" class=\"widget layerslider_widget\"><div class=\"heading\"><h4 class=\"widget-title\">PHOTOS DU TERRAIN<\/h4><\/div><script type=\"text\/javascript\">jQuery(function() { _initLayerSlider( '#layerslider_2_10jvzli2gi9xg', {createdWith: '6.5.5', sliderVersion: '6.6.4', allowFullscreen: true, autoStart: false, pauseOnHover: 'enabled', skin: 'v6', sliderFadeInDuration: 350, globalBGSize: 'cover', useSrcset: true, skinsPath: 'https:\/\/www.un.org\/humansecurity\/fr\/wp-content\/plugins\/LayerSlider\/assets\/static\/layerslider\/skins\/', performanceMode: true}); });<\/script><div id=\"layerslider_2_10jvzli2gi9xg\"  class=\"ls-wp-container fitvidsignore ls-selectable\" style=\"width:1280px;height:720px;margin:0 auto;margin-bottom: 0px;\"><div class=\"ls-slide\" ><img decoding=\"async\" width=\"749\" height=\"511\" src=\"https:\/\/www.un.org\/humansecurity\/fr\/wp-content\/uploads\/sites\/4\/layerslider\/Homepage-Photo-Slider\/Haiti.002.jpg\" class=\"ls-bg\" alt=\"\" srcset=\"https:\/\/www.un.org\/humansecurity\/fr\/wp-content\/uploads\/sites\/4\/layerslider\/Homepage-Photo-Slider\/Haiti.002-200x136.jpg 200w, https:\/\/www.un.org\/humansecurity\/fr\/wp-content\/uploads\/sites\/4\/layerslider\/Homepage-Photo-Slider\/Haiti.002-300x205.jpg 300w, https:\/\/www.un.org\/humansecurity\/fr\/wp-content\/uploads\/sites\/4\/layerslider\/Homepage-Photo-Slider\/Haiti.002-400x273.jpg 400w, https:\/\/www.un.org\/humansecurity\/fr\/wp-content\/uploads\/sites\/4\/layerslider\/Homepage-Photo-Slider\/Haiti.002-600x409.jpg 600w, https:\/\/www.un.org\/humansecurity\/fr\/wp-content\/uploads\/sites\/4\/layerslider\/Homepage-Photo-Slider\/Haiti.002.jpg 749w\" sizes=\"(max-width: 749px) 100vw, 749px\" \/><h1 style=\"top:560px;left:0px;text-align:left;font-weight:700;opacity:0.8;font-size:24px;line-height:39px;color:#ffffff;background:#615b5b;padding-top:10px;padding-bottom:10px;padding-left:25px;padding-right:25px;white-space:normal;\" class=\"ls-l ls-text-layer\" data-ls=\"position:relative;\">Le programme du Fonds des Nations Unies pour la s\u00e9curit\u00e9 humaine en Ha\u00efti vise \u00e0 autonomiser les communaut\u00e9s vuln\u00e9rables et \u00e0 renforcer les m\u00e9canismes locaux de r\u00e9duction des risques de catastrophe.<\/h1><\/div><div class=\"ls-slide\" ><img decoding=\"async\" width=\"1024\" height=\"683\" src=\"https:\/\/www.un.org\/humansecurity\/fr\/wp-content\/uploads\/sites\/4\/layerslider\/Homepage-Photo-Slider\/Indonesia.jpg\" class=\"ls-bg\" alt=\"\" srcset=\"https:\/\/www.un.org\/humansecurity\/fr\/wp-content\/uploads\/sites\/4\/layerslider\/Homepage-Photo-Slider\/Indonesia-200x133.jpg 200w, https:\/\/www.un.org\/humansecurity\/fr\/wp-content\/uploads\/sites\/4\/layerslider\/Homepage-Photo-Slider\/Indonesia-300x200.jpg 300w, https:\/\/www.un.org\/humansecurity\/fr\/wp-content\/uploads\/sites\/4\/layerslider\/Homepage-Photo-Slider\/Indonesia-400x267.jpg 400w, https:\/\/www.un.org\/humansecurity\/fr\/wp-content\/uploads\/sites\/4\/layerslider\/Homepage-Photo-Slider\/Indonesia-600x400.jpg 600w, https:\/\/www.un.org\/humansecurity\/fr\/wp-content\/uploads\/sites\/4\/layerslider\/Homepage-Photo-Slider\/Indonesia-768x512.jpg 768w, https:\/\/www.un.org\/humansecurity\/fr\/wp-content\/uploads\/sites\/4\/layerslider\/Homepage-Photo-Slider\/Indonesia-800x534.jpg 800w, https:\/\/www.un.org\/humansecurity\/fr\/wp-content\/uploads\/sites\/4\/layerslider\/Homepage-Photo-Slider\/Indonesia.jpg 1024w\" sizes=\"(max-width: 1024px) 100vw, 1024px\" \/><h1 style=\"top:560px;left:0px;text-align:left;font-weight:700;opacity:0.8;font-size:26px;color:#ffffff;background:#615b5b;padding-top:10px;padding-right:25px;padding-bottom:10px;padding-left:25px;line-height:42px;white-space:normal;\" class=\"ls-l ls-text-layer\" data-ls=\"position:relative;\">L'objectif principal du programme du Fonds des Nations Unies pour la s\u00e9curit\u00e9 humaine en Indon\u00e9sie \u00e9tait de promouvoir une r\u00e9conciliation entre les communaut\u00e9s.<\/h1><\/div><div class=\"ls-slide\" ><img decoding=\"async\" width=\"800\" height=\"500\" src=\"https:\/\/www.un.org\/humansecurity\/fr\/wp-content\/uploads\/sites\/4\/layerslider\/Homepage-Photo-Slider\/Kenya.jpg\" class=\"ls-bg\" alt=\"\" srcset=\"https:\/\/www.un.org\/humansecurity\/fr\/wp-content\/uploads\/sites\/4\/layerslider\/Homepage-Photo-Slider\/Kenya-200x125.jpg 200w, https:\/\/www.un.org\/humansecurity\/fr\/wp-content\/uploads\/sites\/4\/layerslider\/Homepage-Photo-Slider\/Kenya-300x188.jpg 300w, https:\/\/www.un.org\/humansecurity\/fr\/wp-content\/uploads\/sites\/4\/layerslider\/Homepage-Photo-Slider\/Kenya-400x250.jpg 400w, https:\/\/www.un.org\/humansecurity\/fr\/wp-content\/uploads\/sites\/4\/layerslider\/Homepage-Photo-Slider\/Kenya-600x375.jpg 600w, https:\/\/www.un.org\/humansecurity\/fr\/wp-content\/uploads\/sites\/4\/layerslider\/Homepage-Photo-Slider\/Kenya-768x480.jpg 768w, https:\/\/www.un.org\/humansecurity\/fr\/wp-content\/uploads\/sites\/4\/layerslider\/Homepage-Photo-Slider\/Kenya.jpg 800w\" sizes=\"(max-width: 800px) 100vw, 800px\" \/><h1 style=\"top:560px;left:0px;text-align:left;font-weight:700;opacity:0.8;font-size:27px;padding-top:10px;padding-right:25px;padding-bottom:10px;padding-left:25px;line-height:39px;color:#ffffff;background:#615b5b;white-space:normal;\" class=\"ls-l ls-text-layer\" data-ls=\"position:relative;\">Un b\u00e9n\u00e9ficiaire d'un programme du Fonds des Nations Unies pour la s\u00e9curit\u00e9 humaine au Kenya \u00e9l\u00e8ve des chameaux.<\/h1><\/div><div class=\"ls-slide\" ><img decoding=\"async\" width=\"920\" height=\"613\" src=\"https:\/\/www.un.org\/humansecurity\/fr\/wp-content\/uploads\/sites\/4\/layerslider\/Homepage-Photo-Slider\/Pakistan.jpg\" class=\"ls-bg\" alt=\"\" srcset=\"https:\/\/www.un.org\/humansecurity\/fr\/wp-content\/uploads\/sites\/4\/layerslider\/Homepage-Photo-Slider\/Pakistan-200x133.jpg 200w, https:\/\/www.un.org\/humansecurity\/fr\/wp-content\/uploads\/sites\/4\/layerslider\/Homepage-Photo-Slider\/Pakistan-300x200.jpg 300w, https:\/\/www.un.org\/humansecurity\/fr\/wp-content\/uploads\/sites\/4\/layerslider\/Homepage-Photo-Slider\/Pakistan-400x267.jpg 400w, https:\/\/www.un.org\/humansecurity\/fr\/wp-content\/uploads\/sites\/4\/layerslider\/Homepage-Photo-Slider\/Pakistan-600x400.jpg 600w, https:\/\/www.un.org\/humansecurity\/fr\/wp-content\/uploads\/sites\/4\/layerslider\/Homepage-Photo-Slider\/Pakistan-768x512.jpg 768w, https:\/\/www.un.org\/humansecurity\/fr\/wp-content\/uploads\/sites\/4\/layerslider\/Homepage-Photo-Slider\/Pakistan-800x533.jpg 800w, https:\/\/www.un.org\/humansecurity\/fr\/wp-content\/uploads\/sites\/4\/layerslider\/Homepage-Photo-Slider\/Pakistan.jpg 920w\" sizes=\"(max-width: 920px) 100vw, 920px\" \/><h1 style=\"top:560px;left:0px;text-align:left;font-weight:700;opacity:0.8;font-size:24px;padding-top:10px;padding-right:25px;padding-bottom:10px;padding-left:25px;line-height:39px;color:#ffffff;background:#615b5b;white-space:normal;\" class=\"ls-l ls-text-layer\" data-ls=\"position:relative;\">Un programme du Fonds des Nations Unies pour la s\u00e9curit\u00e9 humaine au Pakistan a permis d'aider les propri\u00e9taires de petites entreprises et de renforcer la productivit\u00e9 agricole.<\/h1><\/div><div class=\"ls-slide\" ><img decoding=\"async\" width=\"3724\" height=\"2476\" src=\"https:\/\/www.un.org\/humansecurity\/fr\/wp-content\/uploads\/sites\/4\/layerslider\/Homepage-Photo-Slider\/Tunisia-Mauritania.jpg\" class=\"ls-bg\" alt=\"\" srcset=\"https:\/\/www.un.org\/humansecurity\/fr\/wp-content\/uploads\/sites\/4\/layerslider\/Homepage-Photo-Slider\/Tunisia-Mauritania-200x133.jpg 200w, https:\/\/www.un.org\/humansecurity\/fr\/wp-content\/uploads\/sites\/4\/layerslider\/Homepage-Photo-Slider\/Tunisia-Mauritania-300x199.jpg 300w, https:\/\/www.un.org\/humansecurity\/fr\/wp-content\/uploads\/sites\/4\/layerslider\/Homepage-Photo-Slider\/Tunisia-Mauritania-400x266.jpg 400w, https:\/\/www.un.org\/humansecurity\/fr\/wp-content\/uploads\/sites\/4\/layerslider\/Homepage-Photo-Slider\/Tunisia-Mauritania-600x399.jpg 600w, https:\/\/www.un.org\/humansecurity\/fr\/wp-content\/uploads\/sites\/4\/layerslider\/Homepage-Photo-Slider\/Tunisia-Mauritania-768x511.jpg 768w, https:\/\/www.un.org\/humansecurity\/fr\/wp-content\/uploads\/sites\/4\/layerslider\/Homepage-Photo-Slider\/Tunisia-Mauritania-800x532.jpg 800w, https:\/\/www.un.org\/humansecurity\/fr\/wp-content\/uploads\/sites\/4\/layerslider\/Homepage-Photo-Slider\/Tunisia-Mauritania-1024x681.jpg 1024w, https:\/\/www.un.org\/humansecurity\/fr\/wp-content\/uploads\/sites\/4\/layerslider\/Homepage-Photo-Slider\/Tunisia-Mauritania-1200x798.jpg 1200w, https:\/\/www.un.org\/humansecurity\/fr\/wp-content\/uploads\/sites\/4\/layerslider\/Homepage-Photo-Slider\/Tunisia-Mauritania.jpg 3724w\" sizes=\"(max-width: 3724px) 100vw, 3724px\" \/><h1 style=\"top:560px;left:0px;text-align:left;font-weight:700;opacity:0.8;font-size:24px;padding-top:10px;padding-right:25px;padding-bottom:10px;padding-left:25px;line-height:39px;color:#ffffff;background:#615b5b;white-space:normal;\" class=\"ls-l ls-text-layer\" data-ls=\"position:relative;\">Le programme du Fonds des Nations Unies pour la s\u00e9curit\u00e9 humaine en Tunisie et en Mauritanie a permis de renforcer la r\u00e9silience des communaut\u00e9s et des autorit\u00e9s face aux catastrophes naturelles.<\/h1><\/div><\/div><\/div><div id=\"custom_html-4\" class=\"widget_text widget widget_custom_html\"><div class=\"textwidget custom-html-widget\"><a href=\"\/humansecurity\/photos-from-hs-programmes\/\" class=\"btn btn-default toggle-project-description\">En savoir plus<\/a><\/div><\/div><div class=\"fusion-additional-widget-content\"><\/div><\/div><div class=\"fusion-clearfix\"><\/div><\/div><\/div><div class=\"fusion-layout-column fusion_builder_column fusion-builder-column-5 fusion_builder_column_1_2 1_2 fusion-one-half fusion-column-last\" style=\"--awb-bg-size:cover;width:50%;width:calc(50% - ( ( 4% ) * 0.5 ) );\"><div class=\"fusion-column-wrapper fusion-flex-column-wrapper-legacy\"><div class=\"fusion-widget-area awb-widget-area-element fusion-widget-area-2 fusion-content-widget-area\" style=\"--awb-title-size:13px;--awb-title-color:#333333;--awb-padding:0px 0px 0px 0px;\"><div id=\"custom_html-2\" class=\"widget_text widget widget_custom_html\"><div class=\"heading\"><h4 class=\"widget-title\">La s\u00e9curit\u00e9 humaine et le Programme 2030<\/h4><\/div><div class=\"textwidget custom-html-widget\">https:\/\/youtu.be\/ekJ48qp_OoA<\/div><\/div><div id=\"custom_html-3\" class=\"widget_text widget widget_custom_html\"><div class=\"textwidget custom-html-widget\"><a href=\"\/humansecurity\/video-gallery\" class=\"btn btn-default toggle-project-description\">En savoir plus<\/a><\/div><\/div><div class=\"fusion-additional-widget-content\"><\/div><\/div><div class=\"fusion-clearfix\"><\/div><\/div><\/div><\/div><\/div><div class=\"fusion-fullwidth fullwidth-box fusion-builder-row-3 nonhundred-percent-fullwidth non-hundred-percent-height-scrolling\" style=\"--awb-border-radius-top-left:0px;--awb-border-radius-top-right:0px;--awb-border-radius-bottom-right:0px;--awb-border-radius-bottom-left:0px;--awb-padding-top:20px;--awb-padding-bottom:20px;--awb-flex-wrap:wrap;\" ><div class=\"fusion-builder-row fusion-row\"><\/div><\/div><\/p>\n","protected":false},"excerpt":{"rendered":"","protected":false},"author":2,"featured_media":63,"parent":0,"menu_order":4,"comment_status":"closed","ping_status":"closed","template":"100-width.php","meta":{"footnotes":""},"class_list":["post-274","page","type-page","status-publish","has-post-thumbnail","hentry"],"_links":{"self":[{"href":"https:\/\/www.un.org\/humansecurity\/fr\/wp-json\/wp\/v2\/pages\/274","targetHints":{"allow":["GET"]}}],"collection":[{"href":"https:\/\/www.un.org\/humansecurity\/fr\/wp-json\/wp\/v2\/pages"}],"about":[{"href":"https:\/\/www.un.org\/humansecurity\/fr\/wp-json\/wp\/v2\/types\/page"}],"author":[{"embeddable":true,"href":"https:\/\/www.un.org\/humansecurity\/fr\/wp-json\/wp\/v2\/users\/2"}],"replies":[{"embeddable":true,"href":"https:\/\/www.un.org\/humansecurity\/fr\/wp-json\/wp\/v2\/comments?post=274"}],"version-history":[{"count":0,"href":"https:\/\/www.un.org\/humansecurity\/fr\/wp-json\/wp\/v2\/pages\/274\/revisions"}],"wp:featuredmedia":[{"embeddable":true,"href":"https:\/\/www.un.org\/humansecurity\/fr\/wp-json\/wp\/v2\/media\/63"}],"wp:attachment":[{"href":"https:\/\/www.un.org\/humansecurity\/fr\/wp-json\/wp\/v2\/media?parent=274"}],"curies":[{"name":"wp","href":"https:\/\/api.w.org\/{rel}","templated":true}]}}