  {"id":900,"date":"2017-02-18T16:28:12","date_gmt":"2017-02-18T16:28:12","guid":{"rendered":"https:\/\/www.dev.un.org\/humansecurity\/?page_id=900"},"modified":"2017-11-28T21:31:14","modified_gmt":"2017-11-28T21:31:14","slug":"advisory-board-on-hs","status":"publish","type":"page","link":"https:\/\/www.un.org\/humansecurity\/es\/advisory-board-on-hs\/","title":{"rendered":"Junta Consultiva de Seguridad Humana"},"content":{"rendered":"<div class=\"fusion-fullwidth fullwidth-box fusion-builder-row-1 nonhundred-percent-fullwidth non-hundred-percent-height-scrolling\" style=\"--awb-border-radius-top-left:0px;--awb-border-radius-top-right:0px;--awb-border-radius-bottom-right:0px;--awb-border-radius-bottom-left:0px;--awb-flex-wrap:wrap;\" ><div class=\"fusion-builder-row fusion-row\"><div class=\"fusion-layout-column fusion_builder_column fusion-builder-column-0 fusion_builder_column_1_1 1_1 fusion-one-full fusion-column-first fusion-column-last\" style=\"--awb-bg-size:cover;--awb-margin-bottom:0px;\"><div class=\"fusion-column-wrapper fusion-flex-column-wrapper-legacy\"><div class=\"fusion-text fusion-text-1\"><h2>JUNTA CONSULTIVA DE SEGURIDAD HUMANA<\/h2>\n<p>La Junta Consultiva de Seguridad Humana es un organismo independiente compuesto por distinguidos expertos internacionales conocidos por su amplio conocimiento y profundo compromiso con la seguridad humana. La Junta se estableci\u00f3 para llevar adelante las recomendaciones de la Comisi\u00f3n sobre Seguridad Humana y asesorar al Secretario General de las Naciones Unidas sobre:<\/p>\n<ul>\n<li>La orientaci\u00f3n estrat\u00e9gica del Fondo Fiduciario de las Naciones Unidas para la Seguridad Humana (FFNUSH);<\/li>\n<li>Los m\u00e9todos para aumentar el impacto de los programas y las actividades financiados por el FFNUSH;<\/li>\n<li>las formas de promover y diseminar el enfoque de la seguridad humana y profundizar su comprensi\u00f3n y aceptaci\u00f3n en todo el mundo, incluida la aplicaci\u00f3n de la seguridad humana a las principales prioridades mundiales.<\/li>\n<\/ul>\n<p>La Junta tambi\u00e9n proporciona una visi\u00f3n estrat\u00e9gica y orientaci\u00f3n a la Dependencia de Seguridad Humana de la ONU en lo que respecta a la gesti\u00f3n del FFNUSH. En este sentido, la Junta:<\/p>\n<ul>\n<li>Ofrece asesoramiento sobre las Directrices del FFNUSH y revisiones peri\u00f3dicas;<\/li>\n<li>Recomienda m\u00e9todos para promover el impacto, garantizar la transparencia y aumentar la visibilidad de los programas del FFNUSH y otras actividades;<\/li>\n<li>Examina el desempe\u00f1o y la gesti\u00f3n del FFNUSH, incluida la presentaci\u00f3n de informes y la evaluaci\u00f3n de los resultados logrados.<\/li>\n<\/ul>\n<p><a href=\"https:\/\/www.un.org\/humansecurity\/advisory-board-on-hs\/\">Los miembros actuales de la Junta<\/a> <img decoding=\"async\" style=\"border: none\" title=\"Disponible en ingl\u00e9s\" src=\"\/common\/images\/icons\/ico_en.gif\" alt=\"Disponible en ingl\u00e9s\" width=\"14\" height=\"14\" \/><\/p>\n<\/div><div class=\"fusion-clearfix\"><\/div><\/div><\/div><\/div><\/div>\n","protected":false},"excerpt":{"rendered":"","protected":false},"author":2,"featured_media":0,"parent":0,"menu_order":0,"comment_status":"closed","ping_status":"closed","template":"","meta":{"footnotes":""},"class_list":["post-900","page","type-page","status-publish","hentry"],"_links":{"self":[{"href":"https:\/\/www.un.org\/humansecurity\/es\/wp-json\/wp\/v2\/pages\/900","targetHints":{"allow":["GET"]}}],"collection":[{"href":"https:\/\/www.un.org\/humansecurity\/es\/wp-json\/wp\/v2\/pages"}],"about":[{"href":"https:\/\/www.un.org\/humansecurity\/es\/wp-json\/wp\/v2\/types\/page"}],"author":[{"embeddable":true,"href":"https:\/\/www.un.org\/humansecurity\/es\/wp-json\/wp\/v2\/users\/2"}],"replies":[{"embeddable":true,"href":"https:\/\/www.un.org\/humansecurity\/es\/wp-json\/wp\/v2\/comments?post=900"}],"version-history":[{"count":0,"href":"https:\/\/www.un.org\/humansecurity\/es\/wp-json\/wp\/v2\/pages\/900\/revisions"}],"wp:attachment":[{"href":"https:\/\/www.un.org\/humansecurity\/es\/wp-json\/wp\/v2\/media?parent=900"}],"curies":[{"name":"wp","href":"https:\/\/api.w.org\/{rel}","templated":true}]}}