  {"id":897,"date":"2017-02-18T16:27:39","date_gmt":"2017-02-18T16:27:39","guid":{"rendered":"https:\/\/www.dev.un.org\/humansecurity\/?page_id=897"},"modified":"2017-11-28T20:35:11","modified_gmt":"2017-11-28T20:35:11","slug":"human-security-unit","status":"publish","type":"page","link":"https:\/\/www.un.org\/humansecurity\/es\/human-security-unit\/","title":{"rendered":"Dependencia de Seguridad Humana"},"content":{"rendered":"<div class=\"fusion-fullwidth fullwidth-box fusion-builder-row-1 nonhundred-percent-fullwidth non-hundred-percent-height-scrolling\" style=\"--awb-border-radius-top-left:0px;--awb-border-radius-top-right:0px;--awb-border-radius-bottom-right:0px;--awb-border-radius-bottom-left:0px;--awb-flex-wrap:wrap;\" ><div class=\"fusion-builder-row fusion-row\"><div class=\"fusion-layout-column fusion_builder_column fusion-builder-column-0 fusion_builder_column_1_3 1_3 fusion-one-third fusion-column-first\" style=\"--awb-bg-size:cover;width:33.333333333333%;width:calc(33.333333333333% - ( ( 4% ) * 0.33333333333333 ) );margin-right: 4%;\"><div class=\"fusion-column-wrapper fusion-flex-column-wrapper-legacy\"><div class=\"fusion-image-element in-legacy-container\" style=\"--awb-caption-title-font-family:var(--h2_typography-font-family);--awb-caption-title-font-weight:var(--h2_typography-font-weight);--awb-caption-title-font-style:var(--h2_typography-font-style);--awb-caption-title-size:var(--h2_typography-font-size);--awb-caption-title-transform:var(--h2_typography-text-transform);--awb-caption-title-line-height:var(--h2_typography-line-height);--awb-caption-title-letter-spacing:var(--h2_typography-letter-spacing);\"><span class=\" fusion-imageframe imageframe-none imageframe-1 hover-type-none\"><img decoding=\"async\" width=\"300\" height=\"188\" title=\"about-us_featured\" src=\"https:\/\/www.un.org\/humansecurity\/es\/wp-content\/uploads\/sites\/11\/2017\/02\/about-us_featured-300x188.jpg\" alt class=\"img-responsive wp-image-4888\" srcset=\"https:\/\/www.un.org\/humansecurity\/es\/wp-content\/uploads\/sites\/11\/2017\/02\/about-us_featured-200x125.jpg 200w, https:\/\/www.un.org\/humansecurity\/es\/wp-content\/uploads\/sites\/11\/2017\/02\/about-us_featured-400x250.jpg 400w, https:\/\/www.un.org\/humansecurity\/es\/wp-content\/uploads\/sites\/11\/2017\/02\/about-us_featured.jpg 550w\" sizes=\"(max-width: 800px) 100vw, 300px\" \/><\/span><\/div><div class=\"fusion-clearfix\"><\/div><\/div><\/div><div class=\"fusion-layout-column fusion_builder_column fusion-builder-column-1 fusion_builder_column_2_3 2_3 fusion-two-third fusion-column-last\" style=\"--awb-bg-size:cover;width:66.666666666667%;width:calc(66.666666666667% - ( ( 4% ) * 0.66666666666667 ) );\"><div class=\"fusion-column-wrapper fusion-flex-column-wrapper-legacy\"><div class=\"fusion-text fusion-text-1\"><h2>DEPENDENCIA DE SEGURIDAD HUMANA<\/h2>\n<p>La Dependencia de Seguridad Humana fue creada en mayo de 2004 con el objetivo principal de integrar el enfoque de la seguridad humana en la labor del sistema de las Naciones Unidas y fortalecer la respuesta de la Organizaci\u00f3n a m\u00faltiples y complejos problemas. La Dependencia combina la gesti\u00f3n del Fondo Fiduciario de las Naciones Unidas para la Seguridad Humana con actividades de divulgaci\u00f3n y promoci\u00f3n y contribuye as\u00ed de manera decisiva a que el enfoque de la seguridad humana se materialice en resultados concretos. Los principios de la seguridad humana ya se han incorporado en las principales agendas mundiales.<\/p>\n<h3>Elaborar instrumentos pr\u00e1cticos<\/h3>\n<p>La Dependencia de Seguridad Humana elabora marcos e instrumentos para adoptar el enfoque de seguridad humana en las actividades de las Naciones Unidas. Esos instrumentos pr\u00e1cticos establecen la colaboraci\u00f3n de asociados diversos de todas partes del sistema de las Naciones Unidas con los gobiernos, la sociedad civil y el sector privado con miras a atender las necesidades y encarar las vulnerabilidades de las comunidades.<\/p>\n<h3>Responder a las situaciones de inseguridad humana<\/h3>\n<p>Por intermedio del Fondo Fiduciario de las Naciones Unidas para la Seguridad Humana, la Dependencia de Seguridad Humana ayuda a que el enfoque de seguridad humana se materialice en actividades concretas para mejorar la vida y los medios de subsistencia de las personas que se encuentran en situaciones de inseguridad humana de car\u00e1cter complejo y multidimensional. Los programas financiados por el Fondo Fiduciario emplean estrategias integradas que est\u00e1n orientadas a la prevenci\u00f3n de crisis y a la promoci\u00f3n de la paz y el desarrollo sostenible a largo plazo.<\/p>\n<h3>Incorporar el concepto de seguridad humana en las Naciones Unidas<\/h3>\n<p>La Dependencia de Seguridad Humana trabaja para incorporar el concepto de seguridad humana en la labor de las Naciones Unidas, tanto en la Sede como a nivel de pa\u00eds. Mediante el apoyo al Asesor Especial sobre Seguridad Humana, se han establecido alianzas con Estados Miembros, entre ellas el grupo Amigos de la Seguridad Humana y la Red de Seguridad Humana, y con el sistema de las Naciones Unidas a trav\u00e9s del Grupo de Trabajo Interinstitucional sobre la Seguridad Humana.<\/p>\n<h3>Difundir la experiencia adquirida y promover la colaboraci\u00f3n<\/h3>\n<p>La Dependencia de Seguridad Humana colabora con instituciones acad\u00e9micas, organizaciones intergubernamentales regionales y organizaciones no gubernamentales y de base comunitaria, as\u00ed como con fundaciones y el sector privado, para impulsar iniciativas concretas e innovadoras que promuevan las prioridades de la comunidad internacional.<\/p>\n<h3>Direcci\u00f3n de contacto<\/h3>\n<p>Dependencia de Seguridad Humana<br \/>\nNaciones Unidas<br \/>\n405 East 42nd Street<br \/>\nNew York, NY 10017<br \/>\nEstados Unidos de Am\u00e9rica<\/p>\n<p>Correo electr\u00f3nico: <a href=\"mailto:humansecurity@un.org\">humansecurity@un.org <\/a><\/p>\n<\/div><div class=\"fusion-clearfix\"><\/div><\/div><\/div><\/div><\/div>\n","protected":false},"excerpt":{"rendered":"","protected":false},"author":2,"featured_media":0,"parent":0,"menu_order":0,"comment_status":"closed","ping_status":"closed","template":"","meta":{"footnotes":""},"class_list":["post-897","page","type-page","status-publish","hentry"],"_links":{"self":[{"href":"https:\/\/www.un.org\/humansecurity\/es\/wp-json\/wp\/v2\/pages\/897","targetHints":{"allow":["GET"]}}],"collection":[{"href":"https:\/\/www.un.org\/humansecurity\/es\/wp-json\/wp\/v2\/pages"}],"about":[{"href":"https:\/\/www.un.org\/humansecurity\/es\/wp-json\/wp\/v2\/types\/page"}],"author":[{"embeddable":true,"href":"https:\/\/www.un.org\/humansecurity\/es\/wp-json\/wp\/v2\/users\/2"}],"replies":[{"embeddable":true,"href":"https:\/\/www.un.org\/humansecurity\/es\/wp-json\/wp\/v2\/comments?post=897"}],"version-history":[{"count":0,"href":"https:\/\/www.un.org\/humansecurity\/es\/wp-json\/wp\/v2\/pages\/897\/revisions"}],"wp:attachment":[{"href":"https:\/\/www.un.org\/humansecurity\/es\/wp-json\/wp\/v2\/media?parent=897"}],"curies":[{"name":"wp","href":"https:\/\/api.w.org\/{rel}","templated":true}]}}