  {"id":837,"date":"2017-02-18T16:24:07","date_gmt":"2017-02-18T16:24:07","guid":{"rendered":"https:\/\/www.dev.un.org\/humansecurity\/?page_id=837"},"modified":"2017-11-14T17:38:54","modified_gmt":"2017-11-14T17:38:54","slug":"climate-change","status":"publish","type":"page","link":"https:\/\/www.un.org\/humansecurity\/es\/climate-change\/","title":{"rendered":"Cambio clim\u00e1tico"},"content":{"rendered":"<div class=\"fusion-fullwidth fullwidth-box fusion-builder-row-1 nonhundred-percent-fullwidth non-hundred-percent-height-scrolling\" style=\"--awb-border-radius-top-left:0px;--awb-border-radius-top-right:0px;--awb-border-radius-bottom-right:0px;--awb-border-radius-bottom-left:0px;--awb-padding-top:20px;--awb-padding-bottom:20px;--awb-flex-wrap:wrap;\" ><div class=\"fusion-builder-row fusion-row\"><div class=\"fusion-layout-column fusion_builder_column fusion-builder-column-0 fusion_builder_column_3_5 3_5 fusion-three-fifth fusion-column-first\" style=\"--awb-bg-size:cover;width:60%;width:calc(60% - ( ( 4% ) * 0.6 ) );margin-right: 4%;\"><div class=\"fusion-column-wrapper fusion-flex-column-wrapper-legacy\"><div class=\"fusion-sep-clear\"><\/div><div class=\"fusion-separator fusion-full-width-sep\" style=\"margin-left: auto;margin-right: auto;margin-top:-31px;width:100%;\"><\/div><div class=\"fusion-sep-clear\"><\/div><div class=\"fusion-text fusion-text-1\"><h2>CAMBIO CLIM\u00c1TICO<\/h2>\n<p><span style=\"font-weight: 400\">El cambio clim\u00e1tico, uno de los problemas m\u00e1s acuciantes de nuestra \u00e9poca, pone en peligro la vida y los medios de subsistencia de miles de millones de personas. Los desastres naturales, la degradaci\u00f3n del medio ambiente y los fen\u00f3menos meteorol\u00f3gicos extremos afectan las cosechas, agotan los recursos pesqueros, deterioran los medios de subsistencia y propagan enfermedades infecciosas. La convergencia entre las tendencias demogr\u00e1ficas, la migraci\u00f3n y la urbanizaci\u00f3n acelerada y el cambio clim\u00e1tico aumenta los riesgos a que se ven expuestos los m\u00e1s vulnerables.<\/span><\/p>\n<p><span style=\"font-weight: 400\">El cambio clim\u00e1tico es tambi\u00e9n un factor \u00abmultiplicador de amenazas\u00bb. La p\u00e9rdida de tierras y medios de subsistencia en situaciones de pobreza persistente, desplazamiento y otras formas de inseguridad puede desencadenar la competencia por recursos naturales escasos y alimentar las tensiones sociales. Las causas complejas e interrelacionadas del cambio clim\u00e1tico y sus consecuencias exigen estrategias amplias e integradas en las que se determinen puntos de partida para la colaboraci\u00f3n a fin de mitigar sus efectos en las personas y las comunidades.<\/span><\/p>\n<h3><span style=\"font-weight: 400\">REDUCIR EL IMPACTO MEDIANTE MEDIDAS CENTRADAS EN LAS PERSONAS<\/span><\/h3>\n<p><span style=\"font-weight: 400\">El enfoque de la seguridad humana, al centrarse en las personas, alienta la participaci\u00f3n amplia que aporta conocimientos detallados sobre los diversos desaf\u00edos que enfrentan los distintos grupos en las comunidades y las regiones. Ese tipo de enfoque permite encontrar soluciones m\u00e1s espec\u00edficas y orientadas a la comunidad, que encaran las vulnerabilidades inmediatas y al mismo tiempo crean resiliencia y protegen los medios de subsistencia a largo plazo. Mediante las actividades de apoyo a nivel comunitario, el enfoque de la seguridad humana procura reducir los riesgos de desastre, propiciar el uso sostenible y racional de los recursos ambientales y fomentar sociedades pac\u00edficas y pr\u00f3speras.<\/span><\/p>\n<p><span style=\"font-weight: 400\">El marco de seguridad humana ayuda a los agentes internacionales, nacionales y locales a coordinar mejor las respuestas al cambio clim\u00e1tico. Dado que los factores que lo causan sobrepasan la capacidad de respuesta de los particulares y las comunidades, las alianzas son indispensables para mitigar efectos, reducir vulnerabilidades y mantener el compromiso pol\u00edtico. Los planes de adaptaci\u00f3n y mitigaci\u00f3n de base comunitaria tambi\u00e9n pueden contribuir decisivamente a las estrategias nacionales e internacionales y apoyar los mecanismos de alerta temprana que permiten adoptar medidas proactivas y preventivas bien fundamentadas.<\/span><\/p>\n<h3><span style=\"font-weight: 400\">ADOPCI\u00d3N DEL ENFOQUE DE LA SEGURIDAD HUMANA CON RESPECTO AL CAMBIO CLIM\u00c1TICO<\/span><\/h3>\n<p><span style=\"font-weight: 400\">Los programas de seguridad humana realizan an\u00e1lisis profundos del contexto local para entender las consecuencias multidimensionales del cambio clim\u00e1tico y sus efectos en la gravedad y la distribuci\u00f3n de los riesgos y las vulnerabilidades en los pa\u00edses. Esos programas promueven respuestas integrales dirigidas a arrostrar los efectos sociales, econ\u00f3micos y ambientales, adaptar las estrategias de mitigaci\u00f3n de los efectos de los desastres a las capacidades y recursos locales y conseguir la participaci\u00f3n a nivel local en los esfuerzos por aumentar la resiliencia.<\/span><\/p>\n<\/div><div class=\"fusion-sep-clear\"><\/div><div class=\"fusion-separator fusion-full-width-sep\" style=\"margin-left: auto;margin-right: auto;width:100%;\"><\/div><div class=\"fusion-sep-clear\"><\/div><div class=\"fusion-text fusion-text-2\"><h3>RECURSOS<\/h3>\n<p><span style=\"font-weight: 400\">Seguridad humana: Fortalecimiento de la resistencia a las amenazas clim\u00e1ticas<br \/>\n<\/span><\/p>\n<p><span style=\"font-weight: 400\">La seguridad humana y El Ni\u00f1o \/ La Ni\u00f1a\u00a0<\/span><\/p>\n<p><span style=\"font-weight: 400\">Prevenci\u00f3n de episodios de oscilaci\u00f3n meridional de El Ni\u00f1o de convertirse en desastres: un \u00abplan de acci\u00f3n\u00bb<\/span><\/p>\n<\/div><div class=\"fusion-clearfix\"><\/div><\/div><\/div><div class=\"fusion-layout-column fusion_builder_column fusion-builder-column-1 fusion_builder_column_2_5 2_5 fusion-two-fifth fusion-column-last\" style=\"--awb-padding-top:8px;--awb-padding-right:8px;--awb-padding-left:8px;--awb-bg-size:cover;--awb-border-color:#000000;--awb-border-top:4px;--awb-border-right:4px;--awb-border-bottom:4px;--awb-border-left:4px;--awb-border-style:solid;width:40%;width:calc(40% - ( ( 4% ) * 0.4 ) );\"><div class=\"fusion-column-wrapper fusion-flex-column-wrapper-legacy\"><div class=\"fusion-sep-clear\"><\/div><div class=\"fusion-separator fusion-full-width-sep\" style=\"margin-left: auto;margin-right: auto;margin-top:-31px;margin-bottom:28px;width:100%;\"><\/div><div class=\"fusion-sep-clear\"><\/div><div class=\"fusion-text fusion-text-3\"><h3>Art\u00edculo destacado<\/h3>\n<h4><b>Uzbekist\u00e1n: mantener los medios de subsistencia afectados por el desastre del mar de Aral<\/b><\/h4>\n<h5><\/h5>\n<\/div><div class=\"fusion-sep-clear\"><\/div><div class=\"fusion-separator fusion-full-width-sep\" style=\"margin-left: auto;margin-right: auto;width:100%;\"><\/div><div class=\"fusion-sep-clear\"><\/div><div class=\"fusion-image-element in-legacy-container\" style=\"--awb-caption-title-font-family:var(--h2_typography-font-family);--awb-caption-title-font-weight:var(--h2_typography-font-weight);--awb-caption-title-font-style:var(--h2_typography-font-style);--awb-caption-title-size:var(--h2_typography-font-size);--awb-caption-title-transform:var(--h2_typography-text-transform);--awb-caption-title-line-height:var(--h2_typography-line-height);--awb-caption-title-letter-spacing:var(--h2_typography-letter-spacing);\"><span class=\" fusion-imageframe imageframe-none imageframe-1 hover-type-none img-responsive\"><img decoding=\"async\" alt=\"Dos naves se encuentran varadas en un vasto campo. Hay peque\u00f1as casas y l\u00edneas el\u00e9ctricas en el fondo.\" src=\"https:\/\/www.un.org\/humansecurity\/wp-content\/uploads\/2017\/08\/Uzbekistan-programme-page-photo-1.jpg\" class=\"img-responsive\"\/><\/span><\/div><div class=\"fusion-sep-clear\"><\/div><div class=\"fusion-separator fusion-full-width-sep\" style=\"margin-left: auto;margin-right: auto;margin-top:-17px;width:100%;\"><\/div><div class=\"fusion-sep-clear\"><\/div><div class=\"fusion-text fusion-text-4\"><h6><span style=\"font-weight: 400\">Unos barcos oxidados, abandonados en Muynak, Uzbekist\u00e1n, una antigua ciudad portuaria cuya poblaci\u00f3n ha declinado precipitadamente con la recesi\u00f3n r\u00e1pida del mar de Aral. Foto de la ONU\/Eskinder Debebe<\/span><\/h6>\n<\/div><div class=\"fusion-sep-clear\"><\/div><div class=\"fusion-separator fusion-full-width-sep\" style=\"margin-left: auto;margin-right: auto;width:100%;\"><\/div><div class=\"fusion-sep-clear\"><\/div><div class=\"fusion-text fusion-text-5\"><p>La degradaci\u00f3n del mar Aral, que lleg\u00f3 a ser el cuarto lago m\u00e1s grande del mundo, tuvo consecuencias devastadoras para la vida y los medios de subsistencia de las poblaciones locales. La pobreza econ\u00f3mica, el aumento de la salinizaci\u00f3n de la tierra y el agua, la falta de seguridad alimentaria y la exposici\u00f3n a las tormentas de polvo est\u00e1n obligando a muchos a trasladarse. Habida cuenta de que las causas del desastre son complejas y est\u00e1n interconectadas, el programa del FFNUSH cont\u00f3 con la participaci\u00f3n de m\u00faltiples entidades de las Naciones Unidas y aprovech\u00f3 los conocimientos de los interesados locales y nacionales. El programa logr\u00f3 promover comunidades m\u00e1s resilientes y mejorar las perspectivas de desarrollo a trav\u00e9s de estrategias de mitigaci\u00f3n y adaptaci\u00f3n acordes a las necesidades locales y relativas al empleo, la gesti\u00f3n ambiental, la seguridad alimentaria y la atenci\u00f3n de la salud.<\/p>\n<\/div><div class=\"fusion-clearfix\"><\/div><\/div><\/div><\/div><\/div>\n","protected":false},"excerpt":{"rendered":"","protected":false},"author":2,"featured_media":0,"parent":0,"menu_order":0,"comment_status":"closed","ping_status":"closed","template":"","meta":{"footnotes":""},"class_list":["post-837","page","type-page","status-publish","hentry"],"_links":{"self":[{"href":"https:\/\/www.un.org\/humansecurity\/es\/wp-json\/wp\/v2\/pages\/837","targetHints":{"allow":["GET"]}}],"collection":[{"href":"https:\/\/www.un.org\/humansecurity\/es\/wp-json\/wp\/v2\/pages"}],"about":[{"href":"https:\/\/www.un.org\/humansecurity\/es\/wp-json\/wp\/v2\/types\/page"}],"author":[{"embeddable":true,"href":"https:\/\/www.un.org\/humansecurity\/es\/wp-json\/wp\/v2\/users\/2"}],"replies":[{"embeddable":true,"href":"https:\/\/www.un.org\/humansecurity\/es\/wp-json\/wp\/v2\/comments?post=837"}],"version-history":[{"count":0,"href":"https:\/\/www.un.org\/humansecurity\/es\/wp-json\/wp\/v2\/pages\/837\/revisions"}],"wp:attachment":[{"href":"https:\/\/www.un.org\/humansecurity\/es\/wp-json\/wp\/v2\/media?parent=837"}],"curies":[{"name":"wp","href":"https:\/\/api.w.org\/{rel}","templated":true}]}}