  {"id":825,"date":"2017-02-18T16:23:13","date_gmt":"2017-02-18T16:23:13","guid":{"rendered":"https:\/\/www.dev.un.org\/humansecurity\/?page_id=825"},"modified":"2017-11-14T18:06:01","modified_gmt":"2017-11-14T18:06:01","slug":"agenda-2030","status":"publish","type":"page","link":"https:\/\/www.un.org\/humansecurity\/es\/agenda-2030\/","title":{"rendered":"Agenda 2030"},"content":{"rendered":"<p><div class=\"fusion-fullwidth fullwidth-box fusion-builder-row-1 nonhundred-percent-fullwidth non-hundred-percent-height-scrolling\" style=\"--awb-border-radius-top-left:0px;--awb-border-radius-top-right:0px;--awb-border-radius-bottom-right:0px;--awb-border-radius-bottom-left:0px;--awb-padding-top:20px;--awb-padding-bottom:20px;--awb-flex-wrap:wrap;\" ><div class=\"fusion-builder-row fusion-row\"><div class=\"fusion-layout-column fusion_builder_column fusion-builder-column-0 fusion_builder_column_3_5 3_5 fusion-three-fifth fusion-column-first\" style=\"--awb-bg-size:cover;width:60%;width:calc(60% - ( ( 4% ) * 0.6 ) );margin-right: 4%;\"><div class=\"fusion-column-wrapper fusion-flex-column-wrapper-legacy\"><div class=\"fusion-text fusion-text-1\"><h2>LA CONSECUCI\u00d3N DE LA AGENDA 2030<\/h2>\n<p>En la <i>Agenda 2030 para el Desarrollo Sostenible<\/i>, que se hace eco de los principios de la seguridad humana, se pone de relieve \u00abun mundo sin pobreza, hambre, enfermedades ni privaciones \u2026 un mundo sin temor ni violencia \u2026 un mundo [en el que haya] acceso equitativo y generalizado a una educaci\u00f3n de calidad en todos los niveles, a la atenci\u00f3n sanitaria y la protecci\u00f3n social \u2026 al agua potable y al saneamiento, donde \u2026 los alimentos sean suficientes, inocuos, asequibles y nutritivos \u2026 un mundo cuyos h\u00e1bitats humanos sean seguros, resilientes y sostenibles y donde haya acceso universal a un suministro de energ\u00eda asequible, fiable y sostenible\u00bb.<\/p>\n<p>Ello requiere estrategias de desarrollo que den lugar a sociedades resilientes en las que las personas est\u00e9n a salvo de amenazas cr\u00f3nicas como la pobreza extrema, el hambre, las enfermedades, la violencia y la represi\u00f3n y protegidas contra los problemas que causan trastornos repentinos y perjudiciales en su vida cotidiana.<\/p>\n<h3>\u00bfC\u00d3MO LOGRAR EFECTOS DURADEROS?: UN ENFOQUE INTEGRADO PARA HACER REALIDAD LA AGENDA 2030<\/h3>\n<p>Para hacer realidad las promesas de transformaci\u00f3n que contiene la Agenda 2030, en ella se pide que se adopte un nuevo enfoque para atender la interconexi\u00f3n entre los desaf\u00edos que se plantean en el mundo actual. A ese respecto, el enfoque de la seguridad humana proporciona un prisma anal\u00edtico y un marco de programaci\u00f3n eficaces. Las iniciativas que adoptan este enfoque establecen relaciones estrechas con las personas para descubrir sus necesidades y vulnerabilidades espec\u00edficas y promueven pol\u00edticas y medidas basadas en sus prioridades. Ese proceder conduce a un desarrollo m\u00e1s inclusivo y sostenible.<\/p>\n<p>La aplicaci\u00f3n del concepto de seguridad humana, por su amplio alcance y porque aprovecha los conocimientos especializados de agentes diversos, asegura la coherencia, elimina la duplicaci\u00f3n de esfuerzos e impulsa soluciones integradas que producen de manera efectiva mejoras tangibles en la vida diaria de las personas.<\/p>\n<p>El enfoque de la seguridad humana, cuyo ideal b\u00e1sico es lograr que las personas vivan sin temor, sin miseria y con dignidad, permite hacer frente a los problemas generados por los conflictos persistentes, la exclusi\u00f3n social y la pobreza extrema o que los provocan. Al poner de relieve la relaci\u00f3n triangular que existe entre la paz y la seguridad, el desarrollo y los derechos humanos, el enfoque resalta las conexiones esenciales entre estas variables y ayuda a acelerar el proceso hacia un desarrollo inclusivo y sostenible.<\/p>\n<h3>PROMOVER LA IMPLEMENTACI\u00d3N DE LA AGENDA 2030<\/h3>\n<p>Sobre la base de la abundante experiencia recogida en 90 pa\u00edses, incluidas las iniciativas regionales, los programas financiados por el Fondo Fiduciario de las Naciones Unidas para la Seguridad han hecho aportes importantes a iniciativas m\u00e1s integrales, orientadas a la prevenci\u00f3n y adaptadas a cada contexto para implementar la Agenda 2030 y los Objetivos de Desarrollo Sostenible. Esos programas emplean estrategias integradas que responden a situaciones concretas de inseguridad humana, consolidan la armon\u00eda social y est\u00e1n orientadas a prevenir crisis y promover el desarrollo a largo plazo. La creaci\u00f3n de alianzas con las autoridades nacionales y locales y con las comunidades tambi\u00e9n es una parte integral del dise\u00f1o y la ejecuci\u00f3n de los programas y proyectos. Combinar las medidas de protecci\u00f3n y empoderamiento contribuye a\u00fan m\u00e1s a asegurar la implicaci\u00f3n local y la sostenibilidad.<\/p>\n<p><strong>RECURSOS<\/strong><\/p>\n<p>Agenda 2030<\/p>\n<p>V\u00eddeo sobre la Seguridad Humana y la Agenda 2030<\/p>\n<p>Seguridad Humana y los ODS<\/p>\n<p>V\u00eddeo de la UNSSC<\/p>\n<\/div><div class=\"fusion-clearfix\"><\/div><\/div><\/div><div class=\"fusion-layout-column fusion_builder_column fusion-builder-column-1 fusion_builder_column_2_5 2_5 fusion-two-fifth fusion-column-last highlighted-story\" style=\"--awb-bg-size:cover;width:40%;width:calc(40% - ( ( 4% ) * 0.4 ) );\"><div class=\"fusion-column-wrapper fusion-flex-column-wrapper-legacy\"><div class=\"fusion-sep-clear\"><\/div><div class=\"fusion-separator fusion-full-width-sep\" style=\"margin-left: auto;margin-right: auto;width:100%;\"><\/div><div class=\"fusion-sep-clear\"><\/div><div class=\"fusion-text fusion-text-2\"><h3>Art\u00edculo destacado<\/h3>\n<h4><b>Egipto: seguridad humana mediante un desarrollo socioecon\u00f3mico inclusivo en el Alto Egipto<\/b><\/h4>\n<h5><\/h5>\n<\/div><div class=\"fusion-sep-clear\"><\/div><div class=\"fusion-separator fusion-full-width-sep\" style=\"margin-left: auto;margin-right: auto;width:100%;\"><\/div><div class=\"fusion-sep-clear\"><\/div><div class=\"fusion-image-element in-legacy-container\" style=\"--awb-caption-title-font-family:var(--h2_typography-font-family);--awb-caption-title-font-weight:var(--h2_typography-font-weight);--awb-caption-title-font-style:var(--h2_typography-font-style);--awb-caption-title-size:var(--h2_typography-font-size);--awb-caption-title-transform:var(--h2_typography-text-transform);--awb-caption-title-line-height:var(--h2_typography-line-height);--awb-caption-title-letter-spacing:var(--h2_typography-letter-spacing);\"><span class=\" fusion-imageframe imageframe-none imageframe-1 hover-type-none img-responsive\"><img decoding=\"async\" alt=\"Una gran multitud de hombres est\u00e1 reunida en una habitaci\u00f3n blanca con alfombra roja. Cada hombre tiene su propio escritorio. Un portavoz vestido de negro est\u00e1 situado frente a la multitud de personas que se han reunido antes que \u00e9l.\" src=\"https:\/\/www.un.org\/humansecurity\/wp-content\/uploads\/2017\/02\/Egypt-programme-page-photo.jpg\" class=\"img-responsive\"\/><\/span><\/div><div class=\"fusion-sep-clear\"><\/div><div class=\"fusion-separator fusion-full-width-sep\" style=\"margin-left: auto;margin-right: auto;margin-top:-17px;width:100%;\"><\/div><div class=\"fusion-sep-clear\"><\/div><div class=\"fusion-text fusion-text-3\"><h6><span style=\"font-weight: 400\">El objetivo general del programa es mejorar la seguridad humana de los hogares vulnerables en el Alto Egipto mediante la promoci\u00f3n de intervenciones prioritarias de propiedad comunitaria.<\/span><\/h6>\n<\/div><div class=\"fusion-sep-clear\"><\/div><div class=\"fusion-separator fusion-full-width-sep\" style=\"margin-left: auto;margin-right: auto;width:100%;\"><\/div><div class=\"fusion-sep-clear\"><\/div><div class=\"fusion-text fusion-text-4\"><p><span style=\"font-weight: 400\">El programa del FFNUSH en el Alto Egipto, desarrollado en estrecha colaboraci\u00f3n con funcionarios locales y nacionales, ilustra el valor de la seguridad humana para apoyar el desarrollo inclusivo y localizado buscando llegar a los m\u00e1s vulnerables y no dejar a nadie atr\u00e1s. Al abordar las causas fundamentales de la exclusi\u00f3n y promover intervenciones prioritarias que las comunidades puedan asumir como propias, el programa ampli\u00f3 las oportunidades de generaci\u00f3n de ingresos y mejor\u00f3 el acceso a servicios esenciales para las mujeres y los hogares econ\u00f3micamente desfavorecidos. Estas iniciativas redujeron las necesidades y vulnerabilidades de las personas m\u00e1s marginadas y fortalecieron el capital social con miras a trazar una senda equitativa hacia el desarrollo sostenible.<\/span><\/p>\n<\/div><div class=\"fusion-clearfix\"><\/div><\/div><\/div><\/div><\/div><div class=\"fusion-fullwidth fullwidth-box fusion-builder-row-2 nonhundred-percent-fullwidth non-hundred-percent-height-scrolling\" style=\"--awb-border-radius-top-left:0px;--awb-border-radius-top-right:0px;--awb-border-radius-bottom-right:0px;--awb-border-radius-bottom-left:0px;--awb-padding-top:20px;--awb-padding-bottom:20px;--awb-flex-wrap:wrap;\" ><div class=\"fusion-builder-row fusion-row\"><\/div><\/div><\/p>\n","protected":false},"excerpt":{"rendered":"","protected":false},"author":2,"featured_media":0,"parent":0,"menu_order":0,"comment_status":"closed","ping_status":"closed","template":"","meta":{"footnotes":""},"class_list":["post-825","page","type-page","status-publish","hentry"],"_links":{"self":[{"href":"https:\/\/www.un.org\/humansecurity\/es\/wp-json\/wp\/v2\/pages\/825","targetHints":{"allow":["GET"]}}],"collection":[{"href":"https:\/\/www.un.org\/humansecurity\/es\/wp-json\/wp\/v2\/pages"}],"about":[{"href":"https:\/\/www.un.org\/humansecurity\/es\/wp-json\/wp\/v2\/types\/page"}],"author":[{"embeddable":true,"href":"https:\/\/www.un.org\/humansecurity\/es\/wp-json\/wp\/v2\/users\/2"}],"replies":[{"embeddable":true,"href":"https:\/\/www.un.org\/humansecurity\/es\/wp-json\/wp\/v2\/comments?post=825"}],"version-history":[{"count":0,"href":"https:\/\/www.un.org\/humansecurity\/es\/wp-json\/wp\/v2\/pages\/825\/revisions"}],"wp:attachment":[{"href":"https:\/\/www.un.org\/humansecurity\/es\/wp-json\/wp\/v2\/media?parent=825"}],"curies":[{"name":"wp","href":"https:\/\/api.w.org\/{rel}","templated":true}]}}