  {"id":822,"date":"2017-02-18T16:22:57","date_gmt":"2017-02-18T16:22:57","guid":{"rendered":"https:\/\/www.dev.un.org\/humansecurity\/?page_id=822"},"modified":"2017-11-28T20:51:48","modified_gmt":"2017-11-28T20:51:48","slug":"inter-agency-working-group-on-hs","status":"publish","type":"page","link":"https:\/\/www.un.org\/humansecurity\/es\/inter-agency-working-group-on-hs\/","title":{"rendered":"Grupo de Trabajo Interinstitucional sobre la Seguridad Humana"},"content":{"rendered":"<div class=\"fusion-fullwidth fullwidth-box fusion-builder-row-1 nonhundred-percent-fullwidth non-hundred-percent-height-scrolling\" style=\"--awb-border-radius-top-left:0px;--awb-border-radius-top-right:0px;--awb-border-radius-bottom-right:0px;--awb-border-radius-bottom-left:0px;--awb-flex-wrap:wrap;\" ><div class=\"fusion-builder-row fusion-row\"><div class=\"fusion-layout-column fusion_builder_column fusion-builder-column-0 fusion_builder_column_1_3 1_3 fusion-one-third fusion-column-first\" style=\"--awb-bg-size:cover;width:33.333333333333%;width:calc(33.333333333333% - ( ( 4% ) * 0.33333333333333 ) );margin-right: 4%;\"><div class=\"fusion-column-wrapper fusion-flex-column-wrapper-legacy\"><div class=\"fusion-image-element in-legacy-container\" style=\"--awb-caption-title-font-family:var(--h2_typography-font-family);--awb-caption-title-font-weight:var(--h2_typography-font-weight);--awb-caption-title-font-style:var(--h2_typography-font-style);--awb-caption-title-size:var(--h2_typography-font-size);--awb-caption-title-transform:var(--h2_typography-text-transform);--awb-caption-title-line-height:var(--h2_typography-line-height);--awb-caption-title-letter-spacing:var(--h2_typography-letter-spacing);\"><span class=\" fusion-imageframe imageframe-none imageframe-1 hover-type-none\"><img decoding=\"async\" width=\"300\" height=\"188\" title=\"inter-agency_wg_featured\" src=\"https:\/\/www.un.org\/humansecurity\/es\/wp-content\/uploads\/sites\/11\/2017\/02\/inter-agency_wg_featured-300x188.jpg\" alt class=\"img-responsive wp-image-4900\" srcset=\"https:\/\/www.un.org\/humansecurity\/es\/wp-content\/uploads\/sites\/11\/2017\/02\/inter-agency_wg_featured-200x125.jpg 200w, https:\/\/www.un.org\/humansecurity\/es\/wp-content\/uploads\/sites\/11\/2017\/02\/inter-agency_wg_featured-400x250.jpg 400w, https:\/\/www.un.org\/humansecurity\/es\/wp-content\/uploads\/sites\/11\/2017\/02\/inter-agency_wg_featured.jpg 550w\" sizes=\"(max-width: 800px) 100vw, 300px\" \/><\/span><\/div><div class=\"fusion-content-boxes content-boxes columns row fusion-columns-1 fusion-columns-total-1 fusion-content-boxes-1 content-boxes-icon-with-title content-left side-block\" style=\"--awb-margin-top:20px;--awb-hover-accent-color:#a0ce4e;--awb-circle-hover-accent-color:#a0ce4e;--awb-item-margin-bottom:40px;\" data-animationOffset=\"top-into-view\"><div style=\"--awb-backgroundcolor:rgba(255,255,255,0);\" class=\"fusion-column content-box-column content-box-column content-box-column-1 col-lg-12 col-md-12 col-sm-12 fusion-content-box-hover content-box-column-last content-box-column-last-in-row\"><div class=\"col content-box-wrapper content-wrapper link-area-link-icon icon-hover-animation-fade\" data-animationOffset=\"top-into-view\"><div class=\"heading icon-left\"><h2 class=\"content-box-heading fusion-responsive-typography-calculated\" style=\"--h2_typography-font-size:18px;--fontSize:18;line-height:1.5;\">Recursos<\/h2><\/div><div class=\"fusion-clearfix\"><\/div><div class=\"content-container\"><a href=\"https:\/\/www.un.org\/humansecurity\/wp-content\/uploads\/2017\/10\/Framework-for-Cooperation-for-the-System-wide-Application-of-Human-Security.pdf\"><u>Marco de Cooperaci\u00f3n para Aplicar el Concepto de Seguridad Humana en todo el Sistema<\/u><\/a> <img decoding=\"async\" src=\"\/common\/images\/icons\/ico_pdf_en.gif\" alt=\"Documento PDF en ingl\u00e9s\" title=\"Documento PDF en ingl\u00e9s\" width=\"30\" height=\"14\" style=\"border:none\" \/><\/p>\n<p><a href=\"https:\/\/www.un.org\/humansecurity\/wp-content\/uploads\/2017\/10\/Human-Security-and-Delivering-as-One.pdf\"><u>La seguridad humana y Unidos en la acci\u00f3n<\/u><\/a> <img decoding=\"async\" src=\"\/common\/images\/icons\/ico_pdf_en.gif\" alt=\"Documento PDF en ingl\u00e9s\" title=\"Documento PDF en ingl\u00e9s\" width=\"30\" height=\"14\" style=\"border:none\" \/><\/div><\/div><\/div><div class=\"fusion-clearfix\"><\/div><\/div><div class=\"fusion-clearfix\"><\/div><\/div><\/div><div class=\"fusion-layout-column fusion_builder_column fusion-builder-column-1 fusion_builder_column_2_3 2_3 fusion-two-third fusion-column-last\" style=\"--awb-bg-size:cover;width:66.666666666667%;width:calc(66.666666666667% - ( ( 4% ) * 0.66666666666667 ) );\"><div class=\"fusion-column-wrapper fusion-flex-column-wrapper-legacy\"><div class=\"fusion-text fusion-text-1\"><h2>GRUPO DE TRABAJO INTERINSTITUCIONAL SOBRE LA SEGURIDAD HUMANA<\/h2>\n<p>El Grupo de Trabajo Interinstitucional sobre la Seguridad Humana est\u00e1 integrado por representantes de los tres pilares del sistema de las Naciones Unidas \u2013el desarrollo, la paz y la seguridad, y los derechos humanos\u2013 as\u00ed como por personas que tienen experiencia pr\u00e1ctica en la aplicaci\u00f3n del concepto de seguridad humana. El Grupo de Trabajo delibera sobre la mejor manera de emplear el enfoque de la seguridad humana en las respuestas que se formulan en las esferas prioritarias intersectoriales de la comunidad internacional y el sistema de las Naciones Unidas.<\/p>\n<h3><b>EN PRO DE UNA RESPUESTA M\u00c1S EN\u00c9RGICA DEL SISTEMA DE LAS NACIONES UNIDAS<\/b><\/h3>\n<p>El Grupo de Trabajo Interinstitucional sobre la Seguridad Humana contribuy\u00f3 a la elaboraci\u00f3n del <i>Marco de Cooperaci\u00f3n para Aplicar el Concepto de Seguridad Humana en todo el Sistema<\/i>, refrendado en septiembre de 2015. El planteamiento general del Marco consiste en una alianza voluntaria entre las entidades de las Naciones Unidas para aplicar con m\u00e1s eficacia, en la Sede y a nivel nacional, los principios combinados que sustentan el enfoque de la seguridad humana. Potenciar la seguridad humana fomenta as\u00ed una mayor colaboraci\u00f3n entre las distintas partes de las Naciones Unidas al ejecutar las actividades de respuesta a nivel de todo el sistema. El Marco contribuye a romper la compartimentaci\u00f3n institucional y permite que las entidades de las Naciones Unidas, sobre todo a nivel de pa\u00eds, trabajen juntas de manera m\u00e1s integrada, coherente y eficiente.<\/p>\n<h3><b>ENCARAR LOS DESAF\u00cdOS DEL SIGLO XXI<\/b><\/h3>\n<p>La mayor\u00eda de los desaf\u00edos humanitarios o de desarrollo que se plantean en la actualidad se derivan de factores m\u00faltiples que est\u00e1n interrelacionados y se refuerzan mutuamente. Para las personas que se encuentran en medio de una crisis, no basta con hacer frente a un solo problema. Es preciso que haya una mayor integraci\u00f3n de las actividades en todo el sistema de las Naciones Unidas y que se establezcan alianzas con otros agentes. La aplicaci\u00f3n del concepto de la seguridad humana en todo el sistema es a la vez oportuna e indispensable para atender las prioridades establecidas por el Secretario General con miras a lograr que el sistema de las Naciones Unidas General sea m\u00e1s integrado y que se haga m\u00e1s hincapi\u00e9 en la prevenci\u00f3n y la promesa de alcanzar una paz sostenible, de desarrollo y derechos humanos para todos.<\/p>\n<p>En el Marco se definen cuatro desaf\u00edos contempor\u00e1neos que exigen un marco amplio que sea a la vez universal y adaptable y que contemple la interacci\u00f3n entre la Sede y las actividades sobre el terreno. Se se\u00f1alan entre esos ejemplos: apoyar la Agenda 2030 para el Desarrollo Sostenible; mejorar la eficacia del sistema de las Naciones Unidas mediante la iniciativa \u201cUnidos en la acci\u00f3n\u201d; fortalecer las respuestas integradas y de transici\u00f3n en los entornos afectados por crisis; y reforzar la reducci\u00f3n del riesgo de desastres.<\/p>\n<p>En el Marco se esbozan tambi\u00e9n diversas medidas con las que se procura promover un enfoque unificado para incorporar el concepto de la seguridad humana en la labor del sistema de las Naciones Unidas. Se trata de iniciativas en la Sede y en los pa\u00edses para compartir informaci\u00f3n sobre las mejores pr\u00e1cticas y las lecciones aprendidas; desarrollar y fortalecer la capacidad del personal; y emprender ex\u00e1menes a nivel nacional para resaltar las esferas en que la seguridad humana podr\u00eda apoyar las prioridades nacionales, encarar problemas emergentes, mejorar las alianzas entre m\u00faltiples interesados y aumentar la eficacia de los programas.<\/p>\n<\/div><div class=\"fusion-clearfix\"><\/div><\/div><\/div><\/div><\/div>\n","protected":false},"excerpt":{"rendered":"","protected":false},"author":2,"featured_media":0,"parent":0,"menu_order":0,"comment_status":"closed","ping_status":"closed","template":"","meta":{"footnotes":""},"class_list":["post-822","page","type-page","status-publish","hentry"],"_links":{"self":[{"href":"https:\/\/www.un.org\/humansecurity\/es\/wp-json\/wp\/v2\/pages\/822","targetHints":{"allow":["GET"]}}],"collection":[{"href":"https:\/\/www.un.org\/humansecurity\/es\/wp-json\/wp\/v2\/pages"}],"about":[{"href":"https:\/\/www.un.org\/humansecurity\/es\/wp-json\/wp\/v2\/types\/page"}],"author":[{"embeddable":true,"href":"https:\/\/www.un.org\/humansecurity\/es\/wp-json\/wp\/v2\/users\/2"}],"replies":[{"embeddable":true,"href":"https:\/\/www.un.org\/humansecurity\/es\/wp-json\/wp\/v2\/comments?post=822"}],"version-history":[{"count":0,"href":"https:\/\/www.un.org\/humansecurity\/es\/wp-json\/wp\/v2\/pages\/822\/revisions"}],"wp:attachment":[{"href":"https:\/\/www.un.org\/humansecurity\/es\/wp-json\/wp\/v2\/media?parent=822"}],"curies":[{"name":"wp","href":"https:\/\/api.w.org\/{rel}","templated":true}]}}