  {"id":813,"date":"2017-02-18T16:21:44","date_gmt":"2017-02-18T16:21:44","guid":{"rendered":"https:\/\/www.dev.un.org\/humansecurity\/?page_id=813"},"modified":"2017-11-28T20:33:16","modified_gmt":"2017-11-28T20:33:16","slug":"what-is-human-security","status":"publish","type":"page","link":"https:\/\/www.un.org\/humansecurity\/es\/what-is-human-security\/","title":{"rendered":"\u00bfQu\u00e9 es la seguridad humana?"},"content":{"rendered":"<div class=\"fusion-fullwidth fullwidth-box fusion-builder-row-1 nonhundred-percent-fullwidth non-hundred-percent-height-scrolling\" style=\"--awb-border-radius-top-left:0px;--awb-border-radius-top-right:0px;--awb-border-radius-bottom-right:0px;--awb-border-radius-bottom-left:0px;--awb-flex-wrap:wrap;\" ><div class=\"fusion-builder-row fusion-row\"><div class=\"fusion-layout-column fusion_builder_column fusion-builder-column-0 fusion_builder_column_1_3 1_3 fusion-one-third fusion-column-first\" style=\"--awb-bg-size:cover;width:33.333333333333%;width:calc(33.333333333333% - ( ( 4% ) * 0.33333333333333 ) );margin-right: 4%;\"><div class=\"fusion-column-wrapper fusion-flex-column-wrapper-legacy\"><div class=\"fusion-image-element in-legacy-container\" style=\"--awb-caption-title-font-family:var(--h2_typography-font-family);--awb-caption-title-font-weight:var(--h2_typography-font-weight);--awb-caption-title-font-style:var(--h2_typography-font-style);--awb-caption-title-size:var(--h2_typography-font-size);--awb-caption-title-transform:var(--h2_typography-text-transform);--awb-caption-title-line-height:var(--h2_typography-line-height);--awb-caption-title-letter-spacing:var(--h2_typography-letter-spacing);\"><span class=\" fusion-imageframe imageframe-none imageframe-1 hover-type-none attachment-full size-full\"><img decoding=\"async\" width=\"300\" height=\"188\" title=\"Dominican Republic 2\" src=\"https:\/\/www.un.org\/humansecurity\/es\/wp-content\/uploads\/sites\/11\/2017\/09\/Dominican-Republic-2-300x188.jpg\" alt class=\"img-responsive wp-image-4196\" srcset=\"https:\/\/www.un.org\/humansecurity\/es\/wp-content\/uploads\/sites\/11\/2017\/09\/Dominican-Republic-2-200x125.jpg 200w, https:\/\/www.un.org\/humansecurity\/es\/wp-content\/uploads\/sites\/11\/2017\/09\/Dominican-Republic-2-400x250.jpg 400w, https:\/\/www.un.org\/humansecurity\/es\/wp-content\/uploads\/sites\/11\/2017\/09\/Dominican-Republic-2-600x375.jpg 600w, https:\/\/www.un.org\/humansecurity\/es\/wp-content\/uploads\/sites\/11\/2017\/09\/Dominican-Republic-2.jpg 800w\" sizes=\"(max-width: 800px) 100vw, 300px\" \/><\/span><\/div><div class=\"fusion-content-boxes content-boxes columns row fusion-columns-1 fusion-columns-total-1 fusion-content-boxes-1 content-boxes-icon-with-title content-left side-block\" style=\"--awb-margin-top:20px;--awb-hover-accent-color:#000000;--awb-circle-hover-accent-color:#000000;--awb-item-margin-bottom:40px;\" data-animationOffset=\"top-into-view\"><div style=\"--awb-backgroundcolor:rgba(0,0,0,0);\" class=\"fusion-column content-box-column content-box-column content-box-column-1 col-lg-12 col-md-12 col-sm-12 fusion-content-box-hover content-box-column-last content-box-column-last-in-row\"><div class=\"col content-box-wrapper content-wrapper link-area-link-icon content-icon-wrapper-yes icon-hover-animation-fade\" data-animationOffset=\"top-into-view\"><div class=\"heading icon-left\"><h2 class=\"content-box-heading fusion-responsive-typography-calculated\" style=\"--h2_typography-font-size:18px;--fontSize:18;line-height:1.5;\">Recursos<\/h2><\/div><div class=\"fusion-clearfix\"><\/div><div class=\"content-container\">\n<p><a href=\"http:\/\/www.un.org\/es\/comun\/docs\/?symbol=A\/RES\/66\/290\"><u>Resoluci\u00f3n 66\/290 de la Asamblea General<\/u><\/a> <img decoding=\"async\" style=\"border: none\" title=\"Documento PDF\" src=\"\/common\/images\/icons\/ico_pdf.gif\" alt=\"Documento PDF\" width=\"14\" height=\"14\" \/><\/p>\n<p><a href=\"\/humansecurity\/reports-resolutions\/es\/\"><u>Informe del Secretario General sobre Seguridad Humana (A\/64\/701)<\/u><\/a> <img decoding=\"async\" style=\"border: none\" title=\"Documento PDF\" src=\"\/common\/images\/icons\/ico_pdf.gif\" alt=\"Documento PDF\" width=\"14\" height=\"14\" \/><\/p>\n<p><a href=\"\/humansecurity\/human-security-milestones-and-history\/\"><u>El Fondo Fiduciario de las Naciones Unidas para la Seguridad<\/u><\/a><\/p>\n<\/div><\/div><\/div><div class=\"fusion-clearfix\"><\/div><\/div><div class=\"fusion-clearfix\"><\/div><\/div><\/div><div class=\"fusion-layout-column fusion_builder_column fusion-builder-column-1 fusion_builder_column_2_3 2_3 fusion-two-third fusion-column-last\" style=\"--awb-bg-size:cover;width:66.666666666667%;width:calc(66.666666666667% - ( ( 4% ) * 0.66666666666667 ) );\"><div class=\"fusion-column-wrapper fusion-flex-column-wrapper-legacy\"><div class=\"fusion-text fusion-text-1\"><h2>\u00bfQU\u00c9 ES LA SEGURIDAD HUMANA?<\/h2>\n<p>El mundo de hoy es para muchas personas un lugar inseguro, plagado de amenazas en m\u00faltiples frentes. Las crisis prolongadas, los conflictos violentos, los desastres naturales, la pobreza persistente, las epidemias y las recesiones econ\u00f3micas imponen privaciones y socavan las perspectivas de paz, estabilidad y desarrollo sostenible. Esas crisis son complejas y entra\u00f1an m\u00faltiples formas de inseguridad humana. Cuando esas formas se solapan, la inseguridad puede crecer de manera exponencial e invadir todos los aspectos de la vida de las personas, destruyendo comunidades enteras y cruzando las fronteras nacionales.<\/p>\n<p>Seg\u00fan se se\u00f1ala en la resoluci\u00f3n 66\/290 de la Asamblea General, \u00abla seguridad humana es un enfoque que ayuda a los Estados Miembros a determinar y superar las dificultades generalizadas e intersectoriales que afectan a la supervivencia, los medios de subsistencia y la dignidad de sus ciudadanos\u00bb. En la resoluci\u00f3n se exigen \u00abrespuestas centradas en las personas, exhaustivas, adaptadas a cada contexto y orientadas a la prevenci\u00f3n que refuercen la protecci\u00f3n y el empoderamiento de todas las personas\u00bb.<\/p>\n<h3>UN ENFOQUE S\u00d3LIDO<\/h3>\n<p>El enfoque de la seguridad humana es un marco de an\u00e1lisis y planificaci\u00f3n de valor comprobado que ayuda a las Naciones Unidas a formular respuestas m\u00e1s amplias y preventivas de car\u00e1cter intersectorial y a desarrollar soluciones contextualmente pertinentes y crear alianzas para contribuir a hacer realidad un mundo libre de temor, miseria y falta de dignidad.<\/p>\n<h4>Pasar de la coordinaci\u00f3n a la integraci\u00f3n<\/h4>\n<p>Al adoptar el enfoque de la seguridad humana se promueven respuestas amplias que encaran las causas multidimensionales y las consecuencias de los problemas complejos. El enfoque en s\u00ed mismo exige la adopci\u00f3n de medidas integradas por una red de partes interesadas para poder dar respuestas duraderas a las deficiencias de m\u00e1s dif\u00edcil soluci\u00f3n en los \u00e1mbitos de la paz y el desarrollo.<\/p>\n<h4>Promover las alianzas entre m\u00faltiples interesados<\/h4>\n<p>En torno al concepto de seguridad humana se agrupan los conocimientos especializados y los recursos de una amplia gama de agentes del sistema de las Naciones Unidas, los gobiernos, el sector privado, la sociedad civil y las comunidades locales, lo que permite aprovechar las sinergias derivadas de las ventajas comparativas de los distintos interesados.<\/p>\n<h4>Encontrar soluciones locales y \u2018no dejar a nadie atr\u00e1s\u2019<\/h4>\n<p>Dado que reconoce que las causas fundamentales y las manifestaciones de los problemas var\u00edan considerablemente entre los distintos pa\u00edses y comunidades, el concepto de seguridad humana alienta a dar respuestas basadas en la realidad local y ayuda a adaptar las agendas nacionales e internacionales al medio local para asegurar que nadie se quede atr\u00e1s.<\/p>\n<h3>Prevenci\u00f3n y resiliencia<\/h3>\n<p>La prevenci\u00f3n es el objetivo fundamental de la seguridad humana. Ayuda a desentra\u00f1ar las causas profundas de las vulnerabilidades, presta especial atenci\u00f3n a los riesgos incipientes y hace hincapi\u00e9 en la intervenci\u00f3n temprana. La prevenci\u00f3n refuerza la capacidad local para crear resiliencia y promueve soluciones que consolidan la cohesi\u00f3n social y hacen valer el respeto de los derechos humanos y la dignidad.<\/p>\n<h3>PROGRAMAS DE UTILIDAD COMPROBADA PARA IMPLEMENTAR LAS AGENDAS PRIORITARIAS<\/h3>\n<p>Los programas que adoptan el enfoque de la seguridad humana y son financiados por el Fondo Fiduciario de las Naciones Unidas para la Seguridad Humana tienen un historial reconocido y un valor comprobado. Esos programas han reforzado el apoyo que prestan las Naciones Unidas a los Estados Miembros para aumentar su resiliencia ante el cambio clim\u00e1tico y los desastres naturales; promover sociedades pac\u00edficas e inclusivas; desentra\u00f1ar las causas subyacentes de la pobreza persistente; y potenciar la transici\u00f3n de la crisis humanitaria al desarrollo sostenible a m\u00e1s largo plazo. Emplear el enfoque de la seguridad humana puede potenciar considerablemente las medidas adoptadas por las Naciones Unidas y sus asociados para cumplir plenamente la promesa de transformaci\u00f3n enunciada en la Agenda 2030 para el Desarrollo Sostenible, la Declaraci\u00f3n de Nueva York para los Refugiados y los Migrantes, el Marco de Sendai para la Reducci\u00f3n del Riesgo de Desastres y la agenda de sostenimiento de la paz.<\/p>\n<\/div><div class=\"fusion-clearfix\"><\/div><\/div><\/div><\/div><\/div>\n","protected":false},"excerpt":{"rendered":"","protected":false},"author":2,"featured_media":0,"parent":0,"menu_order":0,"comment_status":"closed","ping_status":"closed","template":"","meta":{"footnotes":""},"class_list":["post-813","page","type-page","status-publish","hentry"],"_links":{"self":[{"href":"https:\/\/www.un.org\/humansecurity\/es\/wp-json\/wp\/v2\/pages\/813","targetHints":{"allow":["GET"]}}],"collection":[{"href":"https:\/\/www.un.org\/humansecurity\/es\/wp-json\/wp\/v2\/pages"}],"about":[{"href":"https:\/\/www.un.org\/humansecurity\/es\/wp-json\/wp\/v2\/types\/page"}],"author":[{"embeddable":true,"href":"https:\/\/www.un.org\/humansecurity\/es\/wp-json\/wp\/v2\/users\/2"}],"replies":[{"embeddable":true,"href":"https:\/\/www.un.org\/humansecurity\/es\/wp-json\/wp\/v2\/comments?post=813"}],"version-history":[{"count":0,"href":"https:\/\/www.un.org\/humansecurity\/es\/wp-json\/wp\/v2\/pages\/813\/revisions"}],"wp:attachment":[{"href":"https:\/\/www.un.org\/humansecurity\/es\/wp-json\/wp\/v2\/media?parent=813"}],"curies":[{"name":"wp","href":"https:\/\/api.w.org\/{rel}","templated":true}]}}