  {"id":274,"date":"2016-06-01T18:33:19","date_gmt":"2016-06-01T18:33:19","guid":{"rendered":"http:\/\/www.unhs2.com.php56-23.dfw3-2.websitetestlink.com\/humansecurity\/?page_id=274"},"modified":"2017-11-14T19:24:37","modified_gmt":"2017-11-14T19:24:37","slug":"index2","status":"publish","type":"page","link":"https:\/\/www.un.org\/humansecurity\/es\/","title":{"rendered":"Portada"},"content":{"rendered":"<p><div class=\"fusion-fullwidth fullwidth-box fusion-builder-row-1 nonhundred-percent-fullwidth non-hundred-percent-height-scrolling\" style=\"--awb-border-radius-top-left:0px;--awb-border-radius-top-right:0px;--awb-border-radius-bottom-right:0px;--awb-border-radius-bottom-left:0px;--awb-flex-wrap:wrap;\" ><div class=\"fusion-builder-row fusion-row\"><div class=\"fusion-layout-column fusion_builder_column fusion-builder-column-0 fusion_builder_column_1_3 1_3 fusion-one-third fusion-column-first\" style=\"--awb-bg-size:cover;width:33.333333333333%;width:calc(33.333333333333% - ( ( 4% + 4% ) * 0.33333333333333 ) );margin-right: 4%;\"><div class=\"fusion-column-wrapper fusion-flex-column-wrapper-legacy\"><div class=\"fusion-title title fusion-title-1 fusion-title-text fusion-title-size-one\"><h1 class=\"fusion-title-heading title-heading-left fusion-responsive-typography-calculated\" style=\"margin:0;--fontSize:34;line-height:1.4;\"><h3 class=\"post-title\">NOVEDADES<\/h3><\/h1><span class=\"awb-title-spacer\"><\/span><div class=\"title-sep-container\"><div class=\"title-sep sep-double sep-solid\" style=\"border-color:#e0dede;\"><\/div><\/div><\/div><div class=\"fusion-text fusion-text-1\"><p>Obtenga las \u00faltimas noticias sobre actos, art\u00edculos, informes y programas relacionados con la seguridad humana y el trabajo del Fondo Fiduciario (disponible solo en ingl\u00e9s)<\/p>\n<\/div><div class=\"fusion-button-wrapper\"><a class=\"fusion-button button-flat button-medium button-custom fusion-button-default button-1 fusion-button-span-no btn-more\" style=\"--button_accent_color:#003552;--button_accent_hover_color:#ffffff;--button_border_hover_color:#ffffff;--button_border_width-top:1px;--button_border_width-right:1px;--button_border_width-bottom:1px;--button_border_width-left:1px;--button-border-radius-top-left:0px;--button-border-radius-top-right:0px;--button-border-radius-bottom-right:0px;--button-border-radius-bottom-left:0px;--button_gradient_top_color:#ffffff;--button_gradient_bottom_color:#ffffff;--button_gradient_top_color_hover:#003552;--button_gradient_bottom_color_hover:#003552;\" target=\"_self\" href=\"\/humansecurity\/whats-new\"><span class=\"fusion-button-text awb-button__text awb-button__text--default\">M\u00c1S INFORMACI\u00d3N (EN)<\/span><\/a><\/div><div class=\"fusion-clearfix\"><\/div><\/div><\/div><div class=\"fusion-layout-column fusion_builder_column fusion-builder-column-1 fusion_builder_column_1_3 1_3 fusion-one-third\" style=\"--awb-bg-size:cover;width:33.333333333333%;width:calc(33.333333333333% - ( ( 4% + 4% ) * 0.33333333333333 ) );margin-right: 4%;\"><div class=\"fusion-column-wrapper fusion-flex-column-wrapper-legacy\"><div class=\"fusion-title title fusion-title-2 fusion-title-text fusion-title-size-one\"><h1 class=\"fusion-title-heading title-heading-left fusion-responsive-typography-calculated\" style=\"margin:0;--fontSize:34;line-height:1.4;\"><h3>EL FONDO FIDUCIARIO<\/h3><\/h1><span class=\"awb-title-spacer\"><\/span><div class=\"title-sep-container\"><div class=\"title-sep sep-double sep-solid\" style=\"border-color:#e0dede;\"><\/div><\/div><\/div><div class=\"fusion-text fusion-text-2\"><p><span style=\"font-weight: 400\">El Fondo Fiduciario de las Naciones Unidas para la Seguridad Humana financia programas que llevan a la pr\u00e1ctica el enfoque de la seguridad humana y ofrecen beneficios concretos y sostenibles a las personas y comunidades vulnerables cuya supervivencia, medios de subsistencia y dignidad se ven amenazados.<\/span><\/p>\n<\/div><div class=\"fusion-button-wrapper\"><a class=\"fusion-button button-flat button-medium button-custom fusion-button-default button-2 fusion-button-span-no btn-more\" style=\"--button_accent_color:#003552;--button_accent_hover_color:#ffffff;--button_border_hover_color:#ffffff;--button_border_width-top:1px;--button_border_width-right:1px;--button_border_width-bottom:1px;--button_border_width-left:1px;--button-border-radius-top-left:0px;--button-border-radius-top-right:0px;--button-border-radius-bottom-right:0px;--button-border-radius-bottom-left:0px;--button_gradient_top_color:#ffffff;--button_gradient_bottom_color:#ffffff;--button_gradient_top_color_hover:#003552;--button_gradient_bottom_color_hover:#003552;\" target=\"_self\" href=\"\/humansecurity\/untfhs\/\"><span class=\"fusion-button-text awb-button__text awb-button__text--default\">M\u00c1S INFORMACI\u00d3N (EN)<\/span><\/a><\/div><div class=\"fusion-clearfix\"><\/div><\/div><\/div><div class=\"fusion-layout-column fusion_builder_column fusion-builder-column-2 fusion_builder_column_1_3 1_3 fusion-one-third fusion-column-last\" style=\"--awb-bg-size:cover;width:33.333333333333%;width:calc(33.333333333333% - ( ( 4% + 4% ) * 0.33333333333333 ) );\"><div class=\"fusion-column-wrapper fusion-flex-column-wrapper-legacy\"><div class=\"fusion-title title fusion-title-3 fusion-title-text fusion-title-size-one\"><h1 class=\"fusion-title-heading title-heading-left fusion-responsive-typography-calculated\" style=\"margin:0;--fontSize:34;line-height:1.4;\"><h3>\u00bfQU\u00c9 ES LA SEGURIDAD HUMANA?<\/h3><\/h1><span class=\"awb-title-spacer\"><\/span><div class=\"title-sep-container\"><div class=\"title-sep sep-double sep-solid\" style=\"border-color:#e0dede;\"><\/div><\/div><\/div><div class=\"fusion-text fusion-text-3\"><p><span style=\"font-weight: 400\">\u00abLa seguridad humana es un enfoque que ayuda a los Estados Miembros a determinar y superar las dificultades generalizadas e intersectoriales que afectan a la supervivencia, los medios de subsistencia y la dignidad de sus ciudadanos\u00bb. (resoluci\u00f3n 66\/290 de la Asamblea General)<\/span><\/p>\n<\/div><div class=\"fusion-section-separator section-separator triangle fusion-section-separator-1\" style=\"--awb-border-top:1px solid #f6f6f6;--awb-spacer-height:1px;--awb-svg-margin-left:0;--awb-svg-margin-right:0;--awb-icon-color:#ffffff;\"><div class=\"fusion-section-separator-svg\"><div class=\"divider-candy-arrow top\" style=\"bottom:0px;border-bottom-color: #f6f6f6;\"><\/div><div class=\"divider-candy top\" style=\"top:-21px;border-bottom:1px solid #f6f6f6;border-left:1px solid #f6f6f6;\"><\/div><\/div><div class=\"fusion-section-separator-spacer\"><div class=\"fusion-section-separator-spacer-height\"><\/div><\/div><\/div><div class=\"fusion-button-wrapper\"><a class=\"fusion-button button-flat button-medium button-custom fusion-button-default button-3 fusion-button-span-no btn-more\" style=\"--button_accent_color:#003552;--button_accent_hover_color:#ffffff;--button_border_hover_color:#ffffff;--button_border_width-top:1px;--button_border_width-right:1px;--button_border_width-bottom:1px;--button_border_width-left:1px;--button-border-radius-top-left:0px;--button-border-radius-top-right:0px;--button-border-radius-bottom-right:0px;--button-border-radius-bottom-left:0px;--button_gradient_top_color:#ffffff;--button_gradient_bottom_color:#ffffff;--button_gradient_top_color_hover:#003552;--button_gradient_bottom_color_hover:#003552;\" target=\"_self\" href=\"what-is-human-security\" id=\"HomeCont\"><span class=\"fusion-button-text awb-button__text awb-button__text--default\">M\u00c1S INFORMACI\u00d3N<\/span><\/a><\/div><div class=\"fusion-clearfix\"><\/div><\/div><\/div><\/div><\/div><div class=\"fusion-fullwidth fullwidth-box fusion-builder-row-2 nonhundred-percent-fullwidth non-hundred-percent-height-scrolling\" style=\"--awb-border-radius-top-left:0px;--awb-border-radius-top-right:0px;--awb-border-radius-bottom-right:0px;--awb-border-radius-bottom-left:0px;--awb-flex-wrap:wrap;\" ><div class=\"fusion-builder-row fusion-row\"><div class=\"fusion-layout-column fusion_builder_column fusion-builder-column-3 fusion_builder_column_1_1 1_1 fusion-one-full fusion-column-first fusion-column-last\" style=\"--awb-bg-size:cover;\"><div class=\"fusion-column-wrapper fusion-flex-column-wrapper-legacy\"><div class=\"fusion-title title fusion-title-4 fusion-title-text fusion-title-size-one\"><h1 class=\"fusion-title-heading title-heading-left fusion-responsive-typography-calculated\" style=\"margin:0;--fontSize:34;line-height:1.4;\"><h3 style=\"text-align: center;font-size: 24px\">TEMAS PRIORITARIOS<\/h3><\/h1><span class=\"awb-title-spacer\"><\/span><div class=\"title-sep-container\"><div class=\"title-sep sep-double sep-solid\" style=\"border-color:#e0dede;\"><\/div><\/div><\/div><div class=\"fusion-clearfix\"><\/div><\/div><\/div><div class=\"fusion-layout-column fusion_builder_column fusion-builder-column-4 fusion_builder_column_1_2 1_2 fusion-one-half fusion-column-first\" style=\"--awb-bg-size:cover;width:50%;width:calc(50% - ( ( 4% ) * 0.5 ) );margin-right: 4%;\"><div class=\"fusion-column-wrapper fusion-flex-column-wrapper-legacy\"><div class=\"fusion-widget-area awb-widget-area-element fusion-widget-area-1 fusion-content-widget-area\" style=\"--awb-title-size:13px;--awb-title-color:#333333;\"><div id=\"layerslider_widget-2\" class=\"widget layerslider_widget\"><div class=\"heading\"><h4 class=\"widget-title\">GALER\u00cdA DE FOTOS<\/h4><\/div><script type=\"text\/javascript\">jQuery(function() { _initLayerSlider( '#layerslider_2_1v3ll8k2woduk', {createdWith: '6.5.5', sliderVersion: '6.6.4', allowFullscreen: true, autoStart: false, pauseOnHover: 'enabled', skin: 'v6', sliderFadeInDuration: 350, globalBGSize: 'cover', useSrcset: true, skinsPath: 'https:\/\/www.un.org\/humansecurity\/es\/wp-content\/plugins\/LayerSlider\/assets\/static\/layerslider\/skins\/', performanceMode: true}); });<\/script><div id=\"layerslider_2_1v3ll8k2woduk\"  class=\"ls-wp-container fitvidsignore ls-selectable\" style=\"width:1280px;height:720px;margin:0 auto;margin-bottom: 0px;\"><div class=\"ls-slide\" ><img decoding=\"async\" width=\"749\" height=\"511\" src=\"https:\/\/www.un.org\/humansecurity\/es\/wp-content\/uploads\/sites\/11\/layerslider\/Homepage-Photo-Slider\/Haiti.002.jpg\" class=\"ls-bg\" alt=\"\" srcset=\"https:\/\/www.un.org\/humansecurity\/es\/wp-content\/uploads\/sites\/11\/layerslider\/Homepage-Photo-Slider\/Haiti.002-200x136.jpg 200w, https:\/\/www.un.org\/humansecurity\/es\/wp-content\/uploads\/sites\/11\/layerslider\/Homepage-Photo-Slider\/Haiti.002-300x205.jpg 300w, https:\/\/www.un.org\/humansecurity\/es\/wp-content\/uploads\/sites\/11\/layerslider\/Homepage-Photo-Slider\/Haiti.002-400x273.jpg 400w, https:\/\/www.un.org\/humansecurity\/es\/wp-content\/uploads\/sites\/11\/layerslider\/Homepage-Photo-Slider\/Haiti.002-600x409.jpg 600w, https:\/\/www.un.org\/humansecurity\/es\/wp-content\/uploads\/sites\/11\/layerslider\/Homepage-Photo-Slider\/Haiti.002.jpg 749w\" sizes=\"(max-width: 749px) 100vw, 749px\" \/><h1 style=\"top:560px;left:0px;text-align:left;font-weight:700;opacity:0.8;font-size:20px;padding-top:10px;padding-right:25px;padding-bottom:10px;padding-left:25px;line-height:39px;color:#ffffff;background:#615b5b;white-space:normal;\" class=\"ls-l ls-text-layer\" data-ls=\"position:relative;\">En Hait\u00ed, un proyecto del Fondo para la Seguridad Humana ten\u00eda por objetivo empoderar a las comunidades vulnerables y fortalecer los mecanismos locales de reducci\u00f3n del riesgo de \ndesastres.<\/h1><\/div><div class=\"ls-slide\" ><img decoding=\"async\" width=\"1024\" height=\"683\" src=\"https:\/\/www.un.org\/humansecurity\/es\/wp-content\/uploads\/sites\/11\/layerslider\/Homepage-Photo-Slider\/Indonesia.jpg\" class=\"ls-bg\" alt=\"\" srcset=\"https:\/\/www.un.org\/humansecurity\/es\/wp-content\/uploads\/sites\/11\/layerslider\/Homepage-Photo-Slider\/Indonesia-200x133.jpg 200w, https:\/\/www.un.org\/humansecurity\/es\/wp-content\/uploads\/sites\/11\/layerslider\/Homepage-Photo-Slider\/Indonesia-300x200.jpg 300w, https:\/\/www.un.org\/humansecurity\/es\/wp-content\/uploads\/sites\/11\/layerslider\/Homepage-Photo-Slider\/Indonesia-400x267.jpg 400w, https:\/\/www.un.org\/humansecurity\/es\/wp-content\/uploads\/sites\/11\/layerslider\/Homepage-Photo-Slider\/Indonesia-600x400.jpg 600w, https:\/\/www.un.org\/humansecurity\/es\/wp-content\/uploads\/sites\/11\/layerslider\/Homepage-Photo-Slider\/Indonesia-768x512.jpg 768w, https:\/\/www.un.org\/humansecurity\/es\/wp-content\/uploads\/sites\/11\/layerslider\/Homepage-Photo-Slider\/Indonesia-800x534.jpg 800w, https:\/\/www.un.org\/humansecurity\/es\/wp-content\/uploads\/sites\/11\/layerslider\/Homepage-Photo-Slider\/Indonesia.jpg 1024w\" sizes=\"(max-width: 1024px) 100vw, 1024px\" \/><h1 style=\"top:560px;left:0px;text-align:left;font-weight:700;opacity:0.8;font-size:20px;padding-top:10px;padding-right:25px;padding-bottom:10px;padding-left:25px;line-height:39px;color:#ffffff;background:#615b5b;white-space:normal;\" class=\"ls-l ls-text-layer\" data-ls=\"position:relative;\">El objetivo general del programa del Fondo para la Seguridad Humana en Indonesia era promover la reconciliaci\u00f3n dentro de las comunidades.<\/h1><\/div><div class=\"ls-slide\" ><img decoding=\"async\" width=\"800\" height=\"500\" src=\"https:\/\/www.un.org\/humansecurity\/es\/wp-content\/uploads\/sites\/11\/layerslider\/Homepage-Photo-Slider\/Kenya.jpg\" class=\"ls-bg\" alt=\"\" srcset=\"https:\/\/www.un.org\/humansecurity\/es\/wp-content\/uploads\/sites\/11\/layerslider\/Homepage-Photo-Slider\/Kenya-200x125.jpg 200w, https:\/\/www.un.org\/humansecurity\/es\/wp-content\/uploads\/sites\/11\/layerslider\/Homepage-Photo-Slider\/Kenya-300x188.jpg 300w, https:\/\/www.un.org\/humansecurity\/es\/wp-content\/uploads\/sites\/11\/layerslider\/Homepage-Photo-Slider\/Kenya-400x250.jpg 400w, https:\/\/www.un.org\/humansecurity\/es\/wp-content\/uploads\/sites\/11\/layerslider\/Homepage-Photo-Slider\/Kenya-600x375.jpg 600w, https:\/\/www.un.org\/humansecurity\/es\/wp-content\/uploads\/sites\/11\/layerslider\/Homepage-Photo-Slider\/Kenya-768x480.jpg 768w, https:\/\/www.un.org\/humansecurity\/es\/wp-content\/uploads\/sites\/11\/layerslider\/Homepage-Photo-Slider\/Kenya.jpg 800w\" sizes=\"(max-width: 800px) 100vw, 800px\" \/><h1 style=\"top:560px;left:0px;text-align:left;font-weight:700;opacity:0.8;font-size:20px;padding-top:10px;padding-right:25px;padding-bottom:10px;padding-left:25px;line-height:39px;color:#ffffff;background:#615b5b;white-space:normal;\" class=\"ls-l ls-text-layer\" data-ls=\"position:relative;\">Un beneficiario de un programa del Fondo Fiduciario de las Naciones Unidas para la Seguridad Humana en Kenia cuida sus camellos.<\/h1><\/div><div class=\"ls-slide\" ><img decoding=\"async\" width=\"920\" height=\"613\" src=\"https:\/\/www.un.org\/humansecurity\/es\/wp-content\/uploads\/sites\/11\/layerslider\/Homepage-Photo-Slider\/Pakistan.jpg\" class=\"ls-bg\" alt=\"\" srcset=\"https:\/\/www.un.org\/humansecurity\/es\/wp-content\/uploads\/sites\/11\/layerslider\/Homepage-Photo-Slider\/Pakistan-200x133.jpg 200w, https:\/\/www.un.org\/humansecurity\/es\/wp-content\/uploads\/sites\/11\/layerslider\/Homepage-Photo-Slider\/Pakistan-300x200.jpg 300w, https:\/\/www.un.org\/humansecurity\/es\/wp-content\/uploads\/sites\/11\/layerslider\/Homepage-Photo-Slider\/Pakistan-400x267.jpg 400w, https:\/\/www.un.org\/humansecurity\/es\/wp-content\/uploads\/sites\/11\/layerslider\/Homepage-Photo-Slider\/Pakistan-600x400.jpg 600w, https:\/\/www.un.org\/humansecurity\/es\/wp-content\/uploads\/sites\/11\/layerslider\/Homepage-Photo-Slider\/Pakistan-768x512.jpg 768w, https:\/\/www.un.org\/humansecurity\/es\/wp-content\/uploads\/sites\/11\/layerslider\/Homepage-Photo-Slider\/Pakistan-800x533.jpg 800w, https:\/\/www.un.org\/humansecurity\/es\/wp-content\/uploads\/sites\/11\/layerslider\/Homepage-Photo-Slider\/Pakistan.jpg 920w\" sizes=\"(max-width: 920px) 100vw, 920px\" \/><h1 style=\"top:560px;left:0px;text-align:left;font-weight:700;opacity:0.8;font-size:20px;padding-top:10px;padding-right:25px;padding-bottom:10px;padding-left:25px;line-height:39px;color:#ffffff;background:#615b5b;white-space:normal;\" class=\"ls-l ls-text-layer\" data-ls=\"position:relative;\">Un programa del Fondo para la Seguridad Humana en Pakist\u00e1n apoy\u00f3 a peque\u00f1os empresarios y reforz\u00f3 la productividad agr\u00edcola.<\/h1><\/div><div class=\"ls-slide\" ><img decoding=\"async\" width=\"3724\" height=\"2476\" src=\"https:\/\/www.un.org\/humansecurity\/es\/wp-content\/uploads\/sites\/11\/layerslider\/Homepage-Photo-Slider\/Tunisia-Mauritania.jpg\" class=\"ls-bg\" alt=\"\" srcset=\"https:\/\/www.un.org\/humansecurity\/es\/wp-content\/uploads\/sites\/11\/layerslider\/Homepage-Photo-Slider\/Tunisia-Mauritania-200x133.jpg 200w, https:\/\/www.un.org\/humansecurity\/es\/wp-content\/uploads\/sites\/11\/layerslider\/Homepage-Photo-Slider\/Tunisia-Mauritania-300x199.jpg 300w, https:\/\/www.un.org\/humansecurity\/es\/wp-content\/uploads\/sites\/11\/layerslider\/Homepage-Photo-Slider\/Tunisia-Mauritania-400x266.jpg 400w, https:\/\/www.un.org\/humansecurity\/es\/wp-content\/uploads\/sites\/11\/layerslider\/Homepage-Photo-Slider\/Tunisia-Mauritania-600x399.jpg 600w, https:\/\/www.un.org\/humansecurity\/es\/wp-content\/uploads\/sites\/11\/layerslider\/Homepage-Photo-Slider\/Tunisia-Mauritania-768x511.jpg 768w, https:\/\/www.un.org\/humansecurity\/es\/wp-content\/uploads\/sites\/11\/layerslider\/Homepage-Photo-Slider\/Tunisia-Mauritania-800x532.jpg 800w, https:\/\/www.un.org\/humansecurity\/es\/wp-content\/uploads\/sites\/11\/layerslider\/Homepage-Photo-Slider\/Tunisia-Mauritania-1024x681.jpg 1024w, https:\/\/www.un.org\/humansecurity\/es\/wp-content\/uploads\/sites\/11\/layerslider\/Homepage-Photo-Slider\/Tunisia-Mauritania-1200x798.jpg 1200w, https:\/\/www.un.org\/humansecurity\/es\/wp-content\/uploads\/sites\/11\/layerslider\/Homepage-Photo-Slider\/Tunisia-Mauritania.jpg 3724w\" sizes=\"(max-width: 3724px) 100vw, 3724px\" \/><h1 style=\"top:560px;left:0px;text-align:left;font-weight:700;opacity:0.8;font-size:20px;padding-top:10px;padding-right:25px;padding-bottom:10px;padding-left:25px;line-height:39px;color:#ffffff;background:#615b5b;white-space:normal;\" class=\"ls-l ls-text-layer\" data-ls=\"position:relative;\">El programa del Fondo para la Seguridad Humana en T\u00fanez y Mauritania mejor\u00f3 la resiliencia de las comunidades y las autoridades ante los desastres naturales.<\/h1><\/div><\/div><\/div><div id=\"custom_html-4\" class=\"widget_text widget widget_custom_html\"><div class=\"textwidget custom-html-widget\"><a href=\"\/humansecurity\/photos-from-hs-programmes\/\" class=\"btn btn-default toggle-project-description\">M\u00e1s fotos<\/a><\/div><\/div><div class=\"fusion-additional-widget-content\"><\/div><\/div><div class=\"fusion-clearfix\"><\/div><\/div><\/div><div class=\"fusion-layout-column fusion_builder_column fusion-builder-column-5 fusion_builder_column_1_2 1_2 fusion-one-half fusion-column-last\" style=\"--awb-bg-size:cover;width:50%;width:calc(50% - ( ( 4% ) * 0.5 ) );\"><div class=\"fusion-column-wrapper fusion-flex-column-wrapper-legacy\"><div class=\"fusion-widget-area awb-widget-area-element fusion-widget-area-2 fusion-content-widget-area\" style=\"--awb-title-size:13px;--awb-title-color:#333333;\"><div id=\"custom_html-3\" class=\"widget_text widget widget_custom_html\"><div class=\"heading\"><h4 class=\"widget-title\">MIRA NUESTRO \u00daLTIMO V\u00cdDEO<\/h4><\/div><div class=\"textwidget custom-html-widget\">https:\/\/youtu.be\/ekJ48qp_OoA<\/div><\/div><div id=\"custom_html-2\" class=\"widget_text widget widget_custom_html\"><div class=\"textwidget custom-html-widget\"><a href=\"\/humansecurity\/video-gallery\" class=\"btn btn-default toggle-project-description\">M\u00e1s v\u00eddeos<\/a><\/div><\/div><div class=\"fusion-additional-widget-content\"><\/div><\/div><div class=\"fusion-clearfix\"><\/div><\/div><\/div><\/div><\/div><div class=\"fusion-fullwidth fullwidth-box fusion-builder-row-3 nonhundred-percent-fullwidth non-hundred-percent-height-scrolling\" style=\"--awb-border-radius-top-left:0px;--awb-border-radius-top-right:0px;--awb-border-radius-bottom-right:0px;--awb-border-radius-bottom-left:0px;--awb-padding-top:20px;--awb-padding-bottom:20px;--awb-flex-wrap:wrap;\" ><div class=\"fusion-builder-row fusion-row\"><\/div><\/div><\/p>\n","protected":false},"excerpt":{"rendered":"","protected":false},"author":2,"featured_media":63,"parent":0,"menu_order":4,"comment_status":"closed","ping_status":"closed","template":"100-width.php","meta":{"footnotes":""},"class_list":["post-274","page","type-page","status-publish","has-post-thumbnail","hentry"],"_links":{"self":[{"href":"https:\/\/www.un.org\/humansecurity\/es\/wp-json\/wp\/v2\/pages\/274","targetHints":{"allow":["GET"]}}],"collection":[{"href":"https:\/\/www.un.org\/humansecurity\/es\/wp-json\/wp\/v2\/pages"}],"about":[{"href":"https:\/\/www.un.org\/humansecurity\/es\/wp-json\/wp\/v2\/types\/page"}],"author":[{"embeddable":true,"href":"https:\/\/www.un.org\/humansecurity\/es\/wp-json\/wp\/v2\/users\/2"}],"replies":[{"embeddable":true,"href":"https:\/\/www.un.org\/humansecurity\/es\/wp-json\/wp\/v2\/comments?post=274"}],"version-history":[{"count":0,"href":"https:\/\/www.un.org\/humansecurity\/es\/wp-json\/wp\/v2\/pages\/274\/revisions"}],"wp:featuredmedia":[{"embeddable":true,"href":"https:\/\/www.un.org\/humansecurity\/es\/wp-json\/wp\/v2\/media\/63"}],"wp:attachment":[{"href":"https:\/\/www.un.org\/humansecurity\/es\/wp-json\/wp\/v2\/media?parent=274"}],"curies":[{"name":"wp","href":"https:\/\/api.w.org\/{rel}","templated":true}]}}